{"id":23,"date":"2015-03-18T10:47:02","date_gmt":"2015-03-18T10:47:02","guid":{"rendered":"http:\/\/bibliotecas.unileon.es\/adquisiciones\/?page_id=23"},"modified":"2018-10-31T14:36:05","modified_gmt":"2018-10-31T13:36:05","slug":"nosotros-quienes-somos","status":"publish","type":"page","link":"https:\/\/bibliotecas.unileon.es\/adquisiciones\/nosotros-quienes-somos\/","title":{"rendered":"Nosotros: qui\u00e9nes somos y cu\u00e1l es nuestro trabajo."},"content":{"rendered":"<p style=\"text-align: justify;\">La Unidad de Adquisiciones est\u00e1 ubicada en la planta baja de la Biblioteca General San Isidoro. Puedes encontrarnos all\u00ed \u00a0en horario de ma\u00f1ana o ponerte en contacto con nosotros a trav\u00e9s del tel\u00e9fono o del correo electr\u00f3nico.<\/p>\n<p style=\"text-align: justify;\">Nuestro trabajo consiste en adquirir el material bibliogr\u00e1fico en cualquier soporte que la Comunidad Universitaria necesita para llevar a cabo sus tareas de docencia e investigaci\u00f3n; tambi\u00e9n recepcionamos y trabajamos con el fondo que llega a la Universidad por medio del Intercambio y de la Donaci\u00f3n.<\/p>\n<p style=\"text-align: justify;\">Gestionamos el presupuesto que la Biblioteca Universitaria tiene para comprar monograf\u00edas, publicaciones peri\u00f3dicas, bases de datos y otros recursos de inter\u00e9s para los miembros de la Universidad de Le\u00f3n y realizamos la compra del material bibliogr\u00e1fico que necesitan los Departamentos y dem\u00e1s Unidades funcionales de la ULE.<\/p>\n<p style=\"text-align: justify;\">Colaboramos con el proyecto cooperativo de la Fundaci\u00f3n Dialnet vaciando el contenido de las publicaciones de la ULE y de otras instituciones de Castilla y Le\u00f3n, asi como cualquier otra publicaci\u00f3n que acordemos con el servicio de Dialnet.<\/p>\n<p style=\"text-align: justify;\">Nuestros criterios a la hora de trabajar son: Eficacia, calidad y rapidez asi como una correcta gesti\u00f3n del presupuesto econ\u00f3mico.<\/p>\n<p>&nbsp;<\/p>\n<dl><\/dl>\n<p style=\"text-align: justify;\"><img loading=\"lazy\" decoding=\"async\" style=\"float: right; margin-right: 5px;\" src=\"http:\/\/bibliotecas.unileon.es\/adquisiciones\/files\/2015\/03\/1b812800aabe99608fa02937d3cb4519.jpg\" alt=\"1b812800aabe99608fa02937d3cb4519\" width=\"220\" height=\"300\" \/><\/p>\n<p><b>Correo general de la U. Adquisiciones:<br \/>\n<\/b><strong><a href=\"mailto:adquisiciones@unileon.es\">adquisiciones@unileon.es<\/a><\/strong><\/p>\n<dl>\n<dt><\/dt>\n<\/dl>\n<dl>\n<dt><b>Inmaculada Blanco Alonso<\/b>.<\/dt>\n<dt>Responsable de la U.Adquisiciones<\/dt>\n<dt><strong>Tel\u00e9fono 987 29 \u00a016 85<\/strong><br \/>\n<a href=\"mailto:buua@unileon.es\">buua@unileon.es<\/a><\/dt>\n<dt><\/dt>\n<dt><\/dt>\n<dt><\/dt>\n<dt><\/dt>\n<dt><\/dt>\n<\/dl>\n<p><b>Tom\u00e1s Cerezo Fern\u00e1ndez<\/b>. Ext. 35 79<br \/>\n<a href=\"mailto:buua3@unileon.es\">buua3@unileon.es<\/a><\/p>\n<p><b>Diana P\u00e9rez Gonz\u00e1lez<\/b>. Ext. 35 78<br \/>\n<a href=\"mailto:buupph1@unileon.es\">buupph1@unileon.es<\/a><\/p>\n<p><b>Ana M\u00aa Rodr\u00edguez Otero<\/b>. \u00a0Ext. 16 86<br \/>\n<a href=\"mailto:buua1@unileon.es\">buua1@unileon.es<\/a><\/p>\n","protected":false},"excerpt":{"rendered":"<p>La Unidad de Adquisiciones est\u00e1 ubicada en la planta baja de la Biblioteca General San Isidoro. Puedes encontrarnos all\u00ed \u00a0en horario de ma\u00f1ana o ponerte en contacto con nosotros a trav\u00e9s del tel\u00e9fono o del correo electr\u00f3nico. Nuestro trabajo consiste &hellip; <a href=\"https:\/\/bibliotecas.unileon.es\/adquisiciones\/nosotros-quienes-somos\/\">Sigue leyendo <span class=\"meta-nav\">&rarr;<\/span><\/a><\/p>\n","protected":false},"author":73,"featured_media":0,"parent":0,"menu_order":0,"comment_status":"open","ping_status":"open","template":"","meta":{"_bbp_topic_count":0,"_bbp_reply_count":0,"_bbp_total_topic_count":0,"_bbp_total_reply_count":0,"_bbp_voice_count":0,"_bbp_anonymous_reply_count":0,"_bbp_topic_count_hidden":0,"_bbp_reply_count_hidden":0,"_bbp_forum_subforum_count":0,"footnotes":""},"class_list":["post-23","page","type-page","status-publish","hentry"],"_links":{"self":[{"href":"https:\/\/bibliotecas.unileon.es\/adquisiciones\/wp-json\/wp\/v2\/pages\/23","targetHints":{"allow":["GET"]}}],"collection":[{"href":"https:\/\/bibliotecas.unileon.es\/adquisiciones\/wp-json\/wp\/v2\/pages"}],"about":[{"href":"https:\/\/bibliotecas.unileon.es\/adquisiciones\/wp-json\/wp\/v2\/types\/page"}],"author":[{"embeddable":true,"href":"https:\/\/bibliotecas.unileon.es\/adquisiciones\/wp-json\/wp\/v2\/users\/73"}],"replies":[{"embeddable":true,"href":"https:\/\/bibliotecas.unileon.es\/adquisiciones\/wp-json\/wp\/v2\/comments?post=23"}],"version-history":[{"count":2,"href":"https:\/\/bibliotecas.unileon.es\/adquisiciones\/wp-json\/wp\/v2\/pages\/23\/revisions"}],"predecessor-version":[{"id":96,"href":"https:\/\/bibliotecas.unileon.es\/adquisiciones\/wp-json\/wp\/v2\/pages\/23\/revisions\/96"}],"wp:attachment":[{"href":"https:\/\/bibliotecas.unileon.es\/adquisiciones\/wp-json\/wp\/v2\/media?parent=23"}],"curies":[{"name":"wp","href":"https:\/\/api.w.org\/{rel}","templated":true}]}}