{"id":25,"date":"2015-03-18T10:49:29","date_gmt":"2015-03-18T10:49:29","guid":{"rendered":"http:\/\/bibliotecas.unileon.es\/adquisiciones\/?page_id=25"},"modified":"2018-03-26T13:01:20","modified_gmt":"2018-03-26T11:01:20","slug":"peticionarios","status":"publish","type":"page","link":"https:\/\/bibliotecas.unileon.es\/adquisiciones\/peticionarios\/","title":{"rendered":"Normativa"},"content":{"rendered":"<h2 style=\"text-align: center;\"><\/h2>\n<ol>\n<li>General.<\/li>\n<li>Peticionarios.<\/li>\n<li>Material bibliogr\u00e1fico.<\/li>\n<li>Facturaci\u00f3n.<\/li>\n<li>Proyectos de investigaci\u00f3n.<\/li>\n<li>Cierre del ejercicio econ\u00f3mico.<\/li>\n<\/ol>\n<p>&nbsp;<\/p>\n<h2 style=\"text-align: justify;\">1. General<\/h2>\n<p style=\"text-align: justify;\">Para la compra de material bibliogr\u00e1fico de la Universidad de Le\u00f3n, la Unidad de Adquisiciones seguir\u00e1 los siguientes par\u00e1metros generales:<\/p>\n<ul>\n<li style=\"list-style-type: none;\">\n<ul>\n<li style=\"text-align: justify;\">Todo el material bibliogr\u00e1fico comprado en la Universidad de Le\u00f3n deber\u00e1 ingresar a trav\u00e9s de la U.A.<\/li>\n<li style=\"text-align: justify;\">La solicitud de compra de una obra se realizar\u00e1 a trav\u00e9s del <a href=\"http:\/\/biblioteca.unileon.es\/servicios\/servicios-para-profesores\/solicitar-la-compra-de-material-bibliogr%C3%A1fico\">formulario de compra de material bibliogr\u00e1fico<\/a>.<\/li>\n<li style=\"text-align: justify;\">No est\u00e1 permitida la compra directa por parte de los usuarios, a excepci\u00f3n de los Proyectos de investigaci\u00f3n<\/li>\n<li style=\"text-align: justify;\">Corresponde a la U.A. la adjudicaci\u00f3n del proveedor adecuado para cada compra, en raz\u00f3n de criterios de calidad, econom\u00eda y rapidez en el servicio.<\/li>\n<li style=\"text-align: justify;\">La U.A. no tramitar\u00e1 facturas cuyo material no se haya recibido f\u00edsicamente en la Unidad.<\/li>\n<\/ul>\n<\/li>\n<\/ul>\n<p>&nbsp;<\/p>\n<h2>2. Peticionarios<\/h2>\n<p>Pueden solicitar la compra de material bibliogr\u00e1fico:<\/p>\n<ul>\n<li style=\"text-align: justify;\">PDI: Los usuarios autorizados por su director de Departamento. La relaci\u00f3n de personal docente autorizado se actualiza cada a\u00f1o.<\/li>\n<li style=\"text-align: justify;\">PAS: El personal de administraci\u00f3n y servicios de la ULE podr\u00e1 solicitar la compra de material cuando sea necesario para el desarrollo de su trabajo y tenga un fondo econ\u00f3mico que le d\u00e9 cobertura.<\/li>\n<li style=\"text-align: justify;\">Estudiantes: Los estudiantes de la ULE formular\u00e1n sus solicitudes y sugerencias de compra a trav\u00e9s de las <a href=\"http:\/\/biblioteca.unileon.es\/servicios\/servicios-para-alumnos\/sugerir-compra-material-bibliografico\">desideratas<\/a> que gestionan las bibliotecas de cada centro.<\/li>\n<\/ul>\n<p>&nbsp;<\/p>\n<h2 style=\"text-align: justify;\">3. Material bibliogr\u00e1fico<\/h2>\n<p style=\"text-align: justify;\"><strong>\u00bfQu\u00e9 se puede comprar?<br \/>\n<\/strong>Se pueden adquirir documentos en todo tipo de soporte (libros y revistas, patentes, normas, discos compactos, material gr\u00e1fico y audiovisual, bases de datos, etc.)<\/p>\n<p style=\"text-align: justify;\"><strong>\u00bfQu\u00e9 materiales no se pueden comprar?<br \/>\n<\/strong>Est\u00e1n excluidos de compra \u00a0los n\u00fameros sueltos no monogr\u00e1ficos de publicaciones peri\u00f3dicas, las partes de documentos, los programas de ordenador o cualquier \u00a0tipo de software, \u00a0y los materiales electr\u00f3nicos que, por causas de los <a href=\"http:\/\/www.thinkepi.net\/libro-electronico-drm\" target=\"_blank\" rel=\"noopener\">DRM<\/a> (Digital Rights Management= Gesti\u00f3n de Derechos Digitales)que posean, no puedan ser adquiridos legalmente por la ULE.<\/p>\n<p style=\"text-align: justify;\">Para optimizar los recursos econ\u00f3micos y la vigencia del fondo bibliogr\u00e1fico de la ULE, la U.A.:<\/p>\n<ul>\n<li>Recomienda la compra de material actualizado.<\/li>\n<li>Se reserva la decisi\u00f3n de tramitar reiteradamente la petici\u00f3n de obras agotadas y\/o descatalogadas.<\/li>\n<li>No tramitar\u00e1 con cargo al presupuesto de la Biblioteca Universitaria ning\u00fan material que se ofrezca de forma gratuita y legal en la red.<\/li>\n<\/ul>\n<p>&nbsp;<\/p>\n<h2>4. Facturaci\u00f3n<\/h2>\n<p style=\"text-align: justify;\">Desde el 15 de enero de 2015, <a href=\"http:\/\/www.minhap.gob.es\/es-ES\/Servicios\/Paginas\/FAQdefacturaelectronica.aspx\" target=\"_blank\" rel=\"noopener\">los organismos oficiales estamos obligados por ley<\/a> a\u00a0<a href=\"https:\/\/face.gob.es\/es\/\" target=\"_blank\" rel=\"noopener\">procesar de forma electr\u00f3nica las facturas de importe igual o superior a 5000 \u20ac<\/a>. En el caso de las \u00a0facturas en papel de importe superior a 400 \u20ac, los proveedores deber\u00e1n ingresarlas a trav\u00e9s del\u00a0 Registro General de la ULE.<\/p>\n<p style=\"text-align: justify;\">En todas las facturas tienen que aparecer obligatoriamente una serie de datos normalizados con sus correspondientes <strong><a href=\"https:\/\/face.gob.es\/es\/directorio\/relaciones-por-administracion?filtro%5Badministracion_nombre%5D=U00900001-UNIVERSIDAD+DE+LE%C3%93N\" target=\"_blank\" rel=\"noopener\">c\u00f3digos<\/a><\/strong>:<\/p>\n<ol style=\"text-align: justify;\">\n<li>Universidad de Le\u00f3n\u00a0\u00a0 U00900001<\/li>\n<li>Servicio de Gesti\u00f3n Presupuestaria y Contable\u00a0\u00a0 GE0002288<\/li>\n<li>Unidad Tramitadora (<a href=\"https:\/\/face.gob.es\/es\/directorio\/relaciones-por-administracion?filtro%5Badministracion_nombre%5D=U00900001-UNIVERSIDAD+DE+LE%C3%93N\" target=\"_blank\" rel=\"noopener\">c\u00f3digo correspondiente<\/a>)<\/li>\n<\/ol>\n<p style=\"text-align: justify;\"><strong>Todas las facturas<\/strong>, independientemente de su cauce de entrada, se recibir\u00e1n en la U.A. <strong>junto con el material reflejado en ellas<\/strong>. Se comprobar\u00e1n, sellar\u00e1n, firmar\u00e1n y ser\u00e1n enviadas a las Bibliotecas de Centro, que las remitir\u00e1n a la Unidad Tramitadora \u00a0correspondiente.<\/p>\n<p style=\"text-align: justify;\">Estas facturas deber\u00e1n ser abonadas lo antes posible para evitar tanto las reclamaciones de pago por parte de los proveedores como la solicitud de nuevas facturas con fecha actualizada, lo que adem\u00e1s de suponer trabajo a\u00f1adido para todo el personal \u00a0implicado, da\u00f1a la \u00a0imagen interna y externa de la ULE.<\/p>\n<p style=\"text-align: justify;\">Para ayudar al buen funcionamiento de esta tarea, la U.A. enviar\u00e1 semestralmente la especificaci\u00f3n de gasto y los datos de facturaci\u00f3n a las diferentes Bibliotecas y Unidades pagadoras de la ULE<\/p>\n<p style=\"text-align: justify;\">Las facturas tramitadas por la Unidad de Adquisiciones en tiempo y forma que sean reclamadas por los proveedores por no haber sido abonadas dentro de un plazo razonable, pasar\u00e1n a ser responsabilidad (en lo concerniente a la nueva petici\u00f3n de originales) de la Unidad pagadora responsable.<\/p>\n<p>&nbsp;<\/p>\n<h2>5. Proyectos de Investigaci\u00f3n<\/h2>\n<p style=\"text-align: justify;\">\u00danicamente en el caso de los proyectos de Investigaci\u00f3n \u00a0los profesores investigadores tendr\u00e1n la doble \u00a0posibilidad \u00a0de realizar la compra\u00a0 de material bibliogr\u00e1fico de forma directa o, siguiendo el cauce habitual,\u00a0 a trav\u00e9s de la U.A.<\/p>\n<p style=\"text-align: justify;\">En el caso de compra directa, el profesor investigador deber\u00e1 presentar en la U.A. la factura con la <strong>totalidad<\/strong> del material incluido en ella.\u00a0 La U.A. proceder\u00e1 al sellado y firma de la misma.<\/p>\n<p>&nbsp;<\/p>\n<h2>6. Cierre del ejercicio econ\u00f3mico<\/h2>\n<p style=\"text-align: justify;\">La unidad de Adquisiciones tendr\u00e1 como referencia para el cierre presupuestario\u00a0 anual la fecha establecida por la Gerencia.<\/p>\n<p style=\"text-align: justify;\">No podemos garantizar que las facturas lleguen antes de la fecha establecida por Gerencia para el cierre del ejercicio si las peticiones de compra no se realizan con un plazo de antelaci\u00f3n previamente establecido (30 d\u00edas para los fondos extranjeros y 15 d\u00edas para los nacionales).<\/p>\n<p style=\"text-align: justify;\">Sugerimos que se anticipen las peticiones previstas para saldar el cierre del ejercicio y, en su caso, soliciten la facturaci\u00f3n para el a\u00f1o siguiente de aquellas cantidades que rebasen el presupuesto.<\/p>\n<p style=\"text-align: justify;\"><strong>No se tramitar\u00e1n facturas adelantadas<\/strong> para que las distintas Unidades pagadoras puedan gastar los saldos positivos de sus ejercicios econ\u00f3micos<\/p>\n<p style=\"text-align: justify;\">Las facturas tramitadas por la U.A.\u00a0dentro del plazo establecido por la Gerencia que no puedan ser \u00a0abonadas dentro del ejercicio econ\u00f3mico de a\u00f1o pasar\u00e1n a ser responsabilidad de la Unidad pagadora correspondiente.<\/p>\n<p>&nbsp;<\/p>\n","protected":false},"excerpt":{"rendered":"<p>General. Peticionarios. Material bibliogr\u00e1fico. Facturaci\u00f3n. Proyectos de investigaci\u00f3n. Cierre del ejercicio econ\u00f3mico. &nbsp; 1. General Para la compra de material bibliogr\u00e1fico de la Universidad de Le\u00f3n, la Unidad de Adquisiciones seguir\u00e1 los siguientes par\u00e1metros generales: Todo el material bibliogr\u00e1fico comprado &hellip; <a href=\"https:\/\/bibliotecas.unileon.es\/adquisiciones\/peticionarios\/\">Sigue leyendo <span class=\"meta-nav\">&rarr;<\/span><\/a><\/p>\n","protected":false},"author":73,"featured_media":0,"parent":0,"menu_order":0,"comment_status":"open","ping_status":"open","template":"","meta":{"_bbp_topic_count":0,"_bbp_reply_count":0,"_bbp_total_topic_count":0,"_bbp_total_reply_count":0,"_bbp_voice_count":0,"_bbp_anonymous_reply_count":0,"_bbp_topic_count_hidden":0,"_bbp_reply_count_hidden":0,"_bbp_forum_subforum_count":0,"footnotes":""},"class_list":["post-25","page","type-page","status-publish","hentry"],"_links":{"self":[{"href":"https:\/\/bibliotecas.unileon.es\/adquisiciones\/wp-json\/wp\/v2\/pages\/25","targetHints":{"allow":["GET"]}}],"collection":[{"href":"https:\/\/bibliotecas.unileon.es\/adquisiciones\/wp-json\/wp\/v2\/pages"}],"about":[{"href":"https:\/\/bibliotecas.unileon.es\/adquisiciones\/wp-json\/wp\/v2\/types\/page"}],"author":[{"embeddable":true,"href":"https:\/\/bibliotecas.unileon.es\/adquisiciones\/wp-json\/wp\/v2\/users\/73"}],"replies":[{"embeddable":true,"href":"https:\/\/bibliotecas.unileon.es\/adquisiciones\/wp-json\/wp\/v2\/comments?post=25"}],"version-history":[{"count":2,"href":"https:\/\/bibliotecas.unileon.es\/adquisiciones\/wp-json\/wp\/v2\/pages\/25\/revisions"}],"predecessor-version":[{"id":68,"href":"https:\/\/bibliotecas.unileon.es\/adquisiciones\/wp-json\/wp\/v2\/pages\/25\/revisions\/68"}],"wp:attachment":[{"href":"https:\/\/bibliotecas.unileon.es\/adquisiciones\/wp-json\/wp\/v2\/media?parent=25"}],"curies":[{"name":"wp","href":"https:\/\/api.w.org\/{rel}","templated":true}]}}