{"id":56,"date":"2015-03-23T10:13:37","date_gmt":"2015-03-23T10:13:37","guid":{"rendered":"http:\/\/bibliotecas.unileon.es\/adquisiciones\/?page_id=56"},"modified":"2018-09-11T13:03:54","modified_gmt":"2018-09-11T11:03:54","slug":"monografias","status":"publish","type":"page","link":"https:\/\/bibliotecas.unileon.es\/adquisiciones\/monografias\/","title":{"rendered":"Monograf\u00edas"},"content":{"rendered":"<p>Normativa sobre la selecci\u00f3n y adquisici\u00f3n de monograf\u00edas.<\/p>\n<ol>\n<li style=\"text-align: justify;\">Todas las adquisiciones se llevar\u00e1n a cabo desde la unidad de Adquisiciones de la Biblioteca. No est\u00e1 autorizada la compra directa de monograf\u00edas.<\/li>\n<li style=\"text-align: justify;\">La\u00a0 Unidad de Adquisiciones gestiona la compra de\u00a0 libros\u00a0 y publicaciones peri\u00f3dicas en diferentes formatos y cualquier otro documento que conforme el patrimonio bibliogr\u00e1fico y documental de la Universidad de Le\u00f3n. Quedan\u00a0 excluidos los n\u00fameros sueltos de publicaciones peri\u00f3dicas, las partes de documentos y los materiales electr\u00f3nicos que, por causa de los DRM que posean, no puedan ser adquiridos por la Ule de manera legal.<\/li>\n<li style=\"text-align: justify;\">\u00danicamente pueden solicitar la compra de material bibliogr\u00e1fico los usuarios autorizados por su Departamento. En el caso de las\u00a0 compras con cargo a Proyectos, los investigadores incluidos en el mismo.<\/li>\n<li style=\"text-align: justify;\">La Biblioteca tiene como criterio general no duplicar ejemplares; si en la ULE ya existe un ejemplar, justifique la necesidad de adquirir otro<\/li>\n<li style=\"text-align: justify;\">Si no se indica expresamente lo contrario, siempre se adquirir\u00e1 un ejemplar, la \u00faltima edici\u00f3n en papel, y la de menor precio<\/li>\n<li style=\"text-align: justify;\">El presupuesto que la Biblioteca Universitaria reparte entre las Bibliotecas de Centro se utilizar\u00e1 para comprar fondos a criterio del bibliotecario del Centro en coordinaci\u00f3n con el profesorado correspondiente (bibliograf\u00eda recomendada, <em>desideratas<\/em> de alumnos, renovaci\u00f3n de del fondo, etc.) siguiendo los criterios de actualidad, tem\u00e1tica y uso. La informaci\u00f3n que est\u00e9 gratuita en la red de una forma legal no ser\u00e1 financiada con el presupuesto de la B.U.<\/li>\n<li style=\"text-align: justify;\">Aquellos fondos cuya compra se haya realizado al menos dos veces y no haya sido posible su adquisici\u00f3n por ning\u00fan medio disponible, no volver\u00e1n a ser tramitados\u00a0 en un tiempo minimo de tres a\u00f1os.<\/li>\n<\/ol>\n","protected":false},"excerpt":{"rendered":"<p>Normativa sobre la selecci\u00f3n y adquisici\u00f3n de monograf\u00edas. Todas las adquisiciones se llevar\u00e1n a cabo desde la unidad de Adquisiciones de la Biblioteca. No est\u00e1 autorizada la compra directa de monograf\u00edas. La\u00a0 Unidad de Adquisiciones gestiona la compra de\u00a0 libros\u00a0 &hellip; <a href=\"https:\/\/bibliotecas.unileon.es\/adquisiciones\/monografias\/\">Sigue leyendo <span class=\"meta-nav\">&rarr;<\/span><\/a><\/p>\n","protected":false},"author":73,"featured_media":0,"parent":0,"menu_order":0,"comment_status":"open","ping_status":"open","template":"","meta":{"_bbp_topic_count":0,"_bbp_reply_count":0,"_bbp_total_topic_count":0,"_bbp_total_reply_count":0,"_bbp_voice_count":0,"_bbp_anonymous_reply_count":0,"_bbp_topic_count_hidden":0,"_bbp_reply_count_hidden":0,"_bbp_forum_subforum_count":0,"footnotes":""},"class_list":["post-56","page","type-page","status-publish","hentry"],"_links":{"self":[{"href":"https:\/\/bibliotecas.unileon.es\/adquisiciones\/wp-json\/wp\/v2\/pages\/56","targetHints":{"allow":["GET"]}}],"collection":[{"href":"https:\/\/bibliotecas.unileon.es\/adquisiciones\/wp-json\/wp\/v2\/pages"}],"about":[{"href":"https:\/\/bibliotecas.unileon.es\/adquisiciones\/wp-json\/wp\/v2\/types\/page"}],"author":[{"embeddable":true,"href":"https:\/\/bibliotecas.unileon.es\/adquisiciones\/wp-json\/wp\/v2\/users\/73"}],"replies":[{"embeddable":true,"href":"https:\/\/bibliotecas.unileon.es\/adquisiciones\/wp-json\/wp\/v2\/comments?post=56"}],"version-history":[{"count":1,"href":"https:\/\/bibliotecas.unileon.es\/adquisiciones\/wp-json\/wp\/v2\/pages\/56\/revisions"}],"predecessor-version":[{"id":106,"href":"https:\/\/bibliotecas.unileon.es\/adquisiciones\/wp-json\/wp\/v2\/pages\/56\/revisions\/106"}],"wp:attachment":[{"href":"https:\/\/bibliotecas.unileon.es\/adquisiciones\/wp-json\/wp\/v2\/media?parent=56"}],"curies":[{"name":"wp","href":"https:\/\/api.w.org\/{rel}","templated":true}]}}