{"id":73,"date":"2015-04-10T06:47:54","date_gmt":"2015-04-10T06:47:54","guid":{"rendered":"http:\/\/bibliotecas.unileon.es\/adquisiciones\/?page_id=73"},"modified":"2018-04-20T09:27:03","modified_gmt":"2018-04-20T07:27:03","slug":"informacion-general","status":"publish","type":"page","link":"https:\/\/bibliotecas.unileon.es\/adquisiciones\/informacion-general\/","title":{"rendered":"Informaci\u00f3n general en Dialnet"},"content":{"rendered":"<p style=\"text-align: justify;\"><img loading=\"lazy\" decoding=\"async\" class=\"alignleft wp-image-203\" src=\"http:\/\/bibliotecas.unileon.es\/adquisiciones\/files\/2018\/04\/Logo-dialnet-300x122.png\" alt=\"\" width=\"210\" height=\"85\" srcset=\"https:\/\/bibliotecas.unileon.es\/adquisiciones\/files\/2018\/04\/Logo-dialnet-300x122.png 300w, https:\/\/bibliotecas.unileon.es\/adquisiciones\/files\/2018\/04\/Logo-dialnet.png 351w\" sizes=\"auto, (max-width: 210px) 100vw, 210px\" \/><\/p>\n<p style=\"text-align: justify;\">Dialnet es uno de los mayores portales bibliogr\u00e1ficos del mundo, cuyo principal cometido es dar mayor visibilidad a la literatura cient\u00edfica hispana. Integra distintos recursos y servicios documentales (base de datos, hemeroteca virtual, servicios de alertas bibliogr\u00e1ficas \u2026).<\/p>\n<p style=\"text-align: justify;\">Dialnet es un proyecto de cooperaci\u00f3n al que se encuentra vinculada la Universidad de Le\u00f3n desde el a\u00f1o 2006. La coordinaci\u00f3n para el cumplimiento de dicho convenio le corresponde a la Unidad de Publicaciones Peri\u00f3dicas-Adquisiciones de la Biblioteca General San Isidoro de la Universidad de Le\u00f3n.<\/p>\n<p><a href=\"http:\/\/bibliotecas.unileon.es\/adquisiciones\/files\/2018\/04\/Logo-Dialnet-plus.png\"><img loading=\"lazy\" decoding=\"async\" class=\" wp-image-202\" src=\"http:\/\/bibliotecas.unileon.es\/adquisiciones\/files\/2018\/04\/Logo-Dialnet-plus-300x118.png\" alt=\"\" width=\"219\" height=\"86\" srcset=\"https:\/\/bibliotecas.unileon.es\/adquisiciones\/files\/2018\/04\/Logo-Dialnet-plus-300x118.png 300w, https:\/\/bibliotecas.unileon.es\/adquisiciones\/files\/2018\/04\/Logo-Dialnet-plus.png 344w\" sizes=\"auto, (max-width: 219px) 100vw, 219px\" \/><\/a><\/p>\n<p>Los usuarios de la Universidad de Le\u00f3n tienen acceso a <span style=\"color: #993300;\"><strong>Dialnet Plus<\/strong><\/span>, versi\u00f3n avanzada de Dialnet, que proporciona una serie de servicios de valor a\u00f1adido, ofreciendo todas las herramientas necesarias para optimizar las b\u00fasquedas y trabajar con los fondos disponibles.<\/p>\n<p style=\"text-align: justify;\">La informaci\u00f3n precisa de c\u00f3mo acceder a Dialnet Plus y de c\u00f3mo utilizar el servicio es ofrecida a la Comunidad Universitaria desde las bibliotecas de los centros y desde la Biblioteca General\u00a0 San Isidoro.<\/p>\n","protected":false},"excerpt":{"rendered":"<p>Dialnet es uno de los mayores portales bibliogr\u00e1ficos del mundo, cuyo principal cometido es dar mayor visibilidad a la literatura cient\u00edfica hispana. Integra distintos recursos y servicios documentales (base de datos, hemeroteca virtual, servicios de alertas bibliogr\u00e1ficas \u2026). Dialnet es &hellip; <a href=\"https:\/\/bibliotecas.unileon.es\/adquisiciones\/informacion-general\/\">Sigue leyendo <span class=\"meta-nav\">&rarr;<\/span><\/a><\/p>\n","protected":false},"author":73,"featured_media":0,"parent":0,"menu_order":0,"comment_status":"open","ping_status":"open","template":"","meta":{"_bbp_topic_count":0,"_bbp_reply_count":0,"_bbp_total_topic_count":0,"_bbp_total_reply_count":0,"_bbp_voice_count":0,"_bbp_anonymous_reply_count":0,"_bbp_topic_count_hidden":0,"_bbp_reply_count_hidden":0,"_bbp_forum_subforum_count":0,"footnotes":""},"class_list":["post-73","page","type-page","status-publish","hentry"],"_links":{"self":[{"href":"https:\/\/bibliotecas.unileon.es\/adquisiciones\/wp-json\/wp\/v2\/pages\/73","targetHints":{"allow":["GET"]}}],"collection":[{"href":"https:\/\/bibliotecas.unileon.es\/adquisiciones\/wp-json\/wp\/v2\/pages"}],"about":[{"href":"https:\/\/bibliotecas.unileon.es\/adquisiciones\/wp-json\/wp\/v2\/types\/page"}],"author":[{"embeddable":true,"href":"https:\/\/bibliotecas.unileon.es\/adquisiciones\/wp-json\/wp\/v2\/users\/73"}],"replies":[{"embeddable":true,"href":"https:\/\/bibliotecas.unileon.es\/adquisiciones\/wp-json\/wp\/v2\/comments?post=73"}],"version-history":[{"count":1,"href":"https:\/\/bibliotecas.unileon.es\/adquisiciones\/wp-json\/wp\/v2\/pages\/73\/revisions"}],"predecessor-version":[{"id":201,"href":"https:\/\/bibliotecas.unileon.es\/adquisiciones\/wp-json\/wp\/v2\/pages\/73\/revisions\/201"}],"wp:attachment":[{"href":"https:\/\/bibliotecas.unileon.es\/adquisiciones\/wp-json\/wp\/v2\/media?parent=73"}],"curies":[{"name":"wp","href":"https:\/\/api.w.org\/{rel}","templated":true}]}}