{"id":75,"date":"2015-04-10T06:49:43","date_gmt":"2015-04-10T06:49:43","guid":{"rendered":"http:\/\/bibliotecas.unileon.es\/adquisiciones\/?page_id=75"},"modified":"2020-05-12T14:27:42","modified_gmt":"2020-05-12T12:27:42","slug":"funciones","status":"publish","type":"page","link":"https:\/\/bibliotecas.unileon.es\/adquisiciones\/funciones\/","title":{"rendered":"Funciones y servicios de Dialnet"},"content":{"rendered":"<p><img loading=\"lazy\" decoding=\"async\" class=\"aligncenter size-full wp-image-204\" src=\"https:\/\/bibliotecas.unileon.es\/adquisiciones\/files\/2018\/04\/BANER-ULE.jpg\" alt=\"\" width=\"199\" height=\"71\" \/><\/p>\n<p style=\"text-align: justify;\">La Unidad de Adquisiciones ofrece a los autores que depositen sus publicaciones en Dialnet las siguientes funciones y servicios:<\/p>\n<ol>\n<li style=\"text-align: justify;\">Mantener la\u00a0<a title=\"Dialnet -p\u00e1gina institucional UNILE\u00d3N\" href=\"https:\/\/dialnet.unirioja.es\/institucion\/unileon\" target=\"_blank\" rel=\"noopener noreferrer\">p\u00e1gina institucional de la Universidad de Le\u00f3n en Dialnet<\/a>\u00a0donde se recogen los autores y fondos vinculados a la Universidad presentes en la base de datos.<\/li>\n<li style=\"text-align: justify;\">Solucionar los problemas que nuestros usuarios tengan con su\u00a0<a title=\"Dialnet - registro de usuarios\" href=\"https:\/\/dialnet.unirioja.es\/servlet\/alta\" target=\"_blank\" rel=\"noopener noreferrer\">registro en Dialnet<\/a>.\n<ul>\n<li>Actuar de enlace entre los usuarios de la Universidad de Le\u00f3n y la Fundaci\u00f3n Dialnet.<\/li>\n<\/ul>\n<\/li>\n<li style=\"text-align: justify;\">Conectar la Base de Datos Dialnet con nuestro\u00a0<a title=\"Biblioteca UNILE\u00d3N - Cat\u00e1logo\" href=\"http:\/\/catoute.unileon.es\/\" target=\"_blank\" rel=\"noopener noreferrer\">cat\u00e1logo<\/a>\u00a0y nuestro\u00a0<a title=\"Biblioteca UNILE\u00d3N - Buler\u00eda, repositorio institucional\" href=\"http:\/\/buleria.unileon.es\/\" target=\"_blank\" rel=\"noopener noreferrer\">repositorio instituciona<\/a>l.<\/li>\n<li style=\"text-align: justify;\">Facilitar la visibilidad de los autores cient\u00edfico-acad\u00e9micos vinculados a la ULE presentes en Dialnet a trav\u00e9s del enriquecimiento de su p\u00e1gina de autor.\n<ul>\n<li>Unificar las obras dispersas de un mismo autor en una sola p\u00e1gina y bajo una \u00fanica denominaci\u00f3n.<\/li>\n<li>Adaptar la denominaci\u00f3n de cada autor a la forma internacionalmente reconocida del mismo.<\/li>\n<li>Vincular a nuestros autores con la Universidad de Le\u00f3n, especificando el \u00e1rea de conocimiento del que son expertos.<\/li>\n<li>Enlazar cada p\u00e1gina de autor con\u00a0<a title=\"Biblioteca UNILE\u00d3N - Perfil del investigador\" href=\"http:\/\/biblioteca.unileon.es\/servicios\/servicios-para-profesores\/acreditacion-y-sexenios\/perfil-investigador\">otras p\u00e1ginas de autor<\/a>\u00a0presentes en reconocidas bases de datos (Biblioteca Nacional, Scopus, WOS, Google Scholar, ORCID, &#8230;).<\/li>\n<li>Enlazar cada p\u00e1gina de autor con webs que aporten informaci\u00f3n valiosa sobre la bibliograf\u00eda o la trayectoria profesional de los autores (ResearchGate, Wikipedia, grupos de investigaci\u00f3n, \u2026)<\/li>\n<\/ul>\n<\/li>\n<li style=\"text-align: justify;\">Coordinar el vaciado de las publicaciones de la Universidad de Le\u00f3n (monograf\u00edas, publicaciones peri\u00f3dicas, tesis y congresos) y de aquellas que la\u00a0<a title=\"Fundaci\u00f3n Dialnet\" href=\"https:\/\/fundaciondialnet.unirioja.es\/\" target=\"_blank\" rel=\"noopener noreferrer\">Fundaci\u00f3n Dialnet<\/a>\u00a0asigne a nuestra universidad.<\/li>\n<li style=\"text-align: justify;\">Atender a las peticiones de vaciado de obras realizadas por nuestros usuarios. Los usuarios deben dirigirse a la\u00a0<a title=\"Biblioteca UNILE\u00d3N - Bibliotecas de Centro\" href=\"http:\/\/biblioteca.unileon.es\/biblioteca\/directorio-de-personal-de-la-biblioteca-universitaria#tab_3\">Biblioteca de Centro<\/a>\u00a0a la que se encuentren vinculados para tramitar la solicitud.<\/li>\n<li style=\"text-align: justify;\">Los\u00a0<a title=\"Dialnet Institucional UNLE\u00d3N - Autores \" href=\"https:\/\/dialnet.unirioja.es\/institucion\/unileon\" target=\"_blank\" rel=\"noopener noreferrer\">autores vinculados a la ULE<\/a>\u00a0pueden donar aquellas obras no presentes en Dialnet ni en la Biblioteca de la Universidad de Le\u00f3n indicando su inter\u00e9s en que sean vaciadas en Dialnet. Ser\u00e1 la Unidad de Publicaciones Peri\u00f3dicas-Adquisiciones la que decida si una obra cumple o no los requisitos para que una publicaci\u00f3n sea vaciada y que, de forma general, se resumen en:\n<ul>\n<li>La obra debe pertenecer a una de las tipolog\u00edas documentales presentes en la base de datos: monograf\u00eda, publicaci\u00f3n peri\u00f3dica, tesis y monograf\u00edas colectivas (congresos, monogr\u00e1ficos\u2026)<\/li>\n<li>El contenido de la obra debe ser cient\u00edfico-acad\u00e9mico.<\/li>\n<li>La obra debe:\n<ul>\n<li>estar catalogada,<\/li>\n<li>localizarse en el cat\u00e1logo de la Biblioteca de la Universidad de Le\u00f3n y<\/li>\n<li>ubicarse en una biblioteca de centro o en la Biblioteca General San Isidoro de la Universidad de Le\u00f3n.<\/li>\n<\/ul>\n<\/li>\n<li>Para poder incluir un art\u00edculo de revista, el t\u00edtulo debe estar presente en Dialnet.<\/li>\n<li>Para poder incluir una colaboraci\u00f3n en una obra colectiva, la obra debe incluirse en su totalidad.<\/li>\n<li>Para poder incluir un libro electr\u00f3nico, \u00e9ste debe estar adquirido en propiedad (nunca por suscripci\u00f3n) o estar publicado en la web del editor con una licencia Open Access.<\/li>\n<\/ul>\n<\/li>\n<li style=\"text-align: justify;\">Gestionar el acceso a los textos completos de las obras vaciadas en Dialnet por la ULE.\n<ul>\n<li>Las\u00a0<a title=\"UNILE\u00d3N - Revistas editadas por la Universidad de Le\u00f3n\" href=\"http:\/\/revpubli.unileon.es\/\" target=\"_blank\" rel=\"noopener noreferrer\">revistas editadas por la ULE<\/a>\u00a0ser\u00e1n enlazadas al\u00a0<a title=\"Open Journal Systems\" href=\"https:\/\/pkp.sfu.ca\/ojs\/\" target=\"_blank\" rel=\"noopener noreferrer\">OJS\u00a0<\/a>(edici\u00f3n electr\u00f3nica de la revista) o al repositorio\u00a0<a title=\"Biblioteca UNILE\u00d3N - BULERIA Repositorio institucional\" href=\"http:\/\/buleria.unileon.es\/\" target=\"_blank\" rel=\"noopener noreferrer\">BULERIA\u00a0<\/a>en el caso de que no exista versi\u00f3n OJS.<\/li>\n<li>Las revistas vaciadas por la ULE, pero editadas por otros editores distintos a la Universidad de Le\u00f3n, s\u00f3lo ser\u00e1n alojadas en el servidor de Dialnet si previamente han firmado la\u00a0<a title=\"Dialnet - autorizaciones\" href=\"https:\/\/dialnet.unirioja.es\/info\/ayuda\/autorizaciones\" target=\"_blank\" rel=\"noopener noreferrer\">autorizaci\u00f3n<\/a>\u00a0 que pueden encontrar en la web de la\u00a0<a title=\"Fundaci\u00f3n Dialnet\" href=\"https:\/\/fundaciondialnet.unirioja.es\/\" target=\"_blank\" rel=\"noopener noreferrer\">Fundaci\u00f3n Dialnet<\/a>. Si la revista tiene disponibles los textos completos en una p\u00e1gina web oficial, los art\u00edculos podr\u00e1n ser enlazados a la misma.<\/li>\n<li>Las tesis defendidas en la ULE ser\u00e1n enlazadas al repositorio\u00a0<a title=\"Biblioteca UNILE\u00d3N - BULERIA Repositorio institucional\" href=\"http:\/\/buleria.unileon.es\/\" target=\"_blank\" rel=\"noopener noreferrer\">BULERIA\u00a0<\/a>(repositorio institucional de la Universidad de Le\u00f3n) donde se encuentran alojadas en cumplimiento de la\u00a0<a title=\"BOE -https:\/\/www.boe.es\/buscar\/act.php?id=BOE-A-2011-9617\" href=\"https:\/\/www.boe.es\/buscar\/act.php?id=BOE-A-2011-9617\" target=\"_blank\" rel=\"noopener noreferrer\">Ley 14\/2011, de 1 de junio, de la Ciencia, la Tecnolog\u00eda y la Innovaci\u00f3n<\/a>.<\/li>\n<li>Las monograf\u00edas, cap\u00edtulos de monograf\u00edas, tesis anteriores a la Ley de la Ciencia, art\u00edculos de revista, comunicaciones a congresos\u2026 ser\u00e1n enlazados con nuestro repositorio\u00a0<a title=\"Biblioteca UNILE\u00d3N - BULER\u00edA Repositorio institucional\" href=\"http:\/\/buleria.unileon.es\/\" target=\"_blank\" rel=\"noopener noreferrer\">BULERIA<\/a>. Por ello, invitamos a nuestros usuarios a alojar dichos documentos en BULERIA, siempre que legalmente se encuentren en disposici\u00f3n de hacerlo.<\/li>\n<\/ul>\n<\/li>\n<li style=\"text-align: justify;\">Establecer el protocolo de actuaci\u00f3n para que las obras vaciadas en Dialnet por la ULE no sean expurgadas y se encuentren siempre disponibles.<\/li>\n<li style=\"text-align: justify;\">Facilitar\u00a0<a title=\"Dialnet - estad\u00edsticas\" href=\"https:\/\/dialnet.unirioja.es\/info\/ayuda\/estadisticasuso\" target=\"_blank\" rel=\"noopener noreferrer\">estad\u00edsticas\u00a0<\/a>de visibilidad a los editores de las revistas vaciadas por la Universidad de Le\u00f3n.<\/li>\n<\/ol>\n","protected":false},"excerpt":{"rendered":"<p>La Unidad de Adquisiciones ofrece a los autores que depositen sus publicaciones en Dialnet las siguientes funciones y servicios: Mantener la\u00a0p\u00e1gina institucional de la Universidad de Le\u00f3n en Dialnet\u00a0donde se recogen los autores y fondos vinculados a la Universidad presentes &hellip; <a href=\"https:\/\/bibliotecas.unileon.es\/adquisiciones\/funciones\/\">Sigue leyendo <span class=\"meta-nav\">&rarr;<\/span><\/a><\/p>\n","protected":false},"author":73,"featured_media":0,"parent":0,"menu_order":0,"comment_status":"open","ping_status":"open","template":"","meta":{"_bbp_topic_count":0,"_bbp_reply_count":0,"_bbp_total_topic_count":0,"_bbp_total_reply_count":0,"_bbp_voice_count":0,"_bbp_anonymous_reply_count":0,"_bbp_topic_count_hidden":0,"_bbp_reply_count_hidden":0,"_bbp_forum_subforum_count":0,"footnotes":""},"class_list":["post-75","page","type-page","status-publish","hentry"],"_links":{"self":[{"href":"https:\/\/bibliotecas.unileon.es\/adquisiciones\/wp-json\/wp\/v2\/pages\/75","targetHints":{"allow":["GET"]}}],"collection":[{"href":"https:\/\/bibliotecas.unileon.es\/adquisiciones\/wp-json\/wp\/v2\/pages"}],"about":[{"href":"https:\/\/bibliotecas.unileon.es\/adquisiciones\/wp-json\/wp\/v2\/types\/page"}],"author":[{"embeddable":true,"href":"https:\/\/bibliotecas.unileon.es\/adquisiciones\/wp-json\/wp\/v2\/users\/73"}],"replies":[{"embeddable":true,"href":"https:\/\/bibliotecas.unileon.es\/adquisiciones\/wp-json\/wp\/v2\/comments?post=75"}],"version-history":[{"count":2,"href":"https:\/\/bibliotecas.unileon.es\/adquisiciones\/wp-json\/wp\/v2\/pages\/75\/revisions"}],"predecessor-version":[{"id":285,"href":"https:\/\/bibliotecas.unileon.es\/adquisiciones\/wp-json\/wp\/v2\/pages\/75\/revisions\/285"}],"wp:attachment":[{"href":"https:\/\/bibliotecas.unileon.es\/adquisiciones\/wp-json\/wp\/v2\/media?parent=75"}],"curies":[{"name":"wp","href":"https:\/\/api.w.org\/{rel}","templated":true}]}}