{"id":12,"date":"2012-02-16T08:44:59","date_gmt":"2012-02-16T06:44:59","guid":{"rendered":"http:\/\/bibliotecas.unileon.es\/agronomos\/?page_id=12"},"modified":"2021-01-18T09:53:04","modified_gmt":"2021-01-18T07:53:04","slug":"la-biblioteca-en-cifras","status":"publish","type":"page","link":"https:\/\/bibliotecas.unileon.es\/agronomos\/la-biblioteca-en-cifras\/","title":{"rendered":"La biblioteca en cifras"},"content":{"rendered":"<p style=\"text-align: center;\"><strong><span style=\"color: #006600;\">Datos correspondientes al a\u00f1o 2020<\/span><\/strong><\/p>\n<table style=\"height: 1272px; width: 101.052%;\" border=\"1\" width=\"639\" cellspacing=\"0\" cellpadding=\"0\">\n<tbody>\n<tr style=\"height: 64px;\">\n<td style=\"height: 10px; width: 49.5313%;\" valign=\"top\" width=\"288\"><span style=\"color: #006600;\">SUPERFICIE<\/span><\/td>\n<td style=\"height: 10px; width: 51.8268%;\" valign=\"top\" width=\"288\">\n<ul>\n<li>505 m2<\/li>\n<\/ul>\n<\/td>\n<\/tr>\n<tr style=\"height: 136px;\">\n<td style=\"height: 118px; width: 49.5313%;\" valign=\"top\" width=\"288\"><span style=\"color: #006600;\">INSTALACIONES<\/span><\/td>\n<td style=\"height: 118px; width: 51.8268%;\" valign=\"top\" width=\"288\">\n<ul>\n<li>Dos salas de lectura<\/li>\n<li>Una sala de estudio<\/li>\n<li>Hemeroteca<\/li>\n<li>Dos dep\u00f3sitos<\/li>\n<li>Despacho<\/li>\n<\/ul>\n<\/td>\n<\/tr>\n<tr style=\"height: 50px;\">\n<td style=\"height: 23px; width: 49.5313%;\" valign=\"top\" width=\"288\"><span style=\"color: #006600;\">ESTANTER\u00cdAS (M. LINEALES)<br \/>\n<\/span><\/td>\n<td style=\"height: 23px; width: 51.8268%;\" valign=\"top\" width=\"288\">\n<ul>\n<li>Libre acceso: 249,65<\/li>\n<li>Dep\u00f3sito: 425,39<\/li>\n<li>Total: 675,04<\/li>\n<\/ul>\n<\/td>\n<\/tr>\n<tr style=\"height: 86px;\">\n<td style=\"height: 62px; width: 49.5313%;\" valign=\"top\" width=\"288\"><span style=\"color: #006600;\">PUESTOS DE LECTURA<br \/>\n<\/span><\/td>\n<td style=\"height: 62px; width: 51.8268%;\" valign=\"top\" width=\"288\">\n<ul>\n<li>Planta baja: 47<\/li>\n<li>Planta primera: 50<\/li>\n<li>Sala de Estudio: 70<\/li>\n<li>Total: 167<\/li>\n<\/ul>\n<\/td>\n<\/tr>\n<tr style=\"height: 103px;\">\n<td style=\"height: 103px; width: 49.5313%;\" valign=\"top\" width=\"288\"><span style=\"color: #006600;\">EQUIPAMIENTO INFORM\u00c1TICO<br \/>\n<\/span><\/td>\n<td style=\"height: 103px; width: 51.8268%;\" valign=\"top\" width=\"288\">\n<ul>\n<li>4 ordenadores para consulta<\/li>\n<li>7 port\u00e1tiles y 1 netbook para pr\u00e9stamo<\/li>\n<li>4 calculadoras para pr\u00e9stamo<\/li>\n<li>2 ratones<\/li>\n<\/ul>\n<\/td>\n<\/tr>\n<tr style=\"height: 192px;\">\n<td style=\"width: 49.5313%; height: 192px;\"><span style=\"color: #006600;\">FONDO<br \/>\n<\/span><\/p>\n<ul>\n<li>Fondo en biblioteca: 9422<\/li>\n<li>Fondo en dep\u00f3sito: 9760<\/li>\n<\/ul>\n<p>&nbsp;<\/td>\n<td style=\"width: 51.8268%; height: 192px;\">\n<ul style=\"list-style-type: square;\">\n<li>3834 manuales<\/li>\n<li>5375 monograf\u00edas<\/li>\n<li>2211 mapas<\/li>\n<li>299 normas t\u00e9cnicas<\/li>\n<li>213 obras de referencia<\/li>\n<li>2773 proyectos fin de carrera, trabajos fin de grado y m\u00e1ster<\/li>\n<li>44 t\u00edtulos de revistas en curso<\/li>\n<li>266 t\u00edtulos revistas cerradas<\/li>\n<\/ul>\n<\/td>\n<\/tr>\n<tr style=\"height: 270px;\">\n<td style=\"height: 270px; width: 49.5313%; text-align: left;\" valign=\"top\" width=\"288\"><span style=\"color: #006600;\">PR\u00c9STAMOS <\/span><span style=\"color: #006600;\"><br \/>\n<\/span><\/td>\n<td style=\"height: 270px; width: 51.8268%;\" valign=\"top\" width=\"288\">\n<ul>\n<li>657 manuales<\/li>\n<li>66 monograf\u00edas<\/li>\n<li>47 proyectos fin de carrera (consulta en sala)<\/li>\n<li>2 mapas<\/li>\n<li>1 normas t\u00e9cnicas<\/li>\n<li>34 fasc\u00edculos de revistas<\/li>\n<li>14 ordenadores<\/li>\n<li>6 calculadoras<\/li>\n<li>10 ratones\u00a0 \u00a0 \u00a0 \u00a0 \u00a0 \u00a0 \u00a0 \u00a0 \u00a0 \u00a0 \u00a0 \u00a0 \u00a0 \u00a0 \u00a0 \u00a0 \u00a0 \u00a0 \u00a0 \u00a0 \u00a0 \u00a0 \u00a0 \u00a0 \u00a0 \u00a0 \u00a0 \u00a0 \u00a0 \u00a0 \u00a0 \u00a0 <strong><span style=\"color: #008000;\">TOTAL: 837<\/span><br \/>\n<\/strong><\/li>\n<\/ul>\n<\/td>\n<\/tr>\n<tr style=\"height: 10px;\">\n<td style=\"height: 10px; width: 49.5313%;\" valign=\"top\" width=\"288\"><span style=\"color: #006600;\">ACCESO DE USUARIOS<\/span><\/td>\n<td style=\"height: 10px; width: 51.8268%;\" valign=\"top\" width=\"288\">\n<ul>\n<li>\u00a0 9.153 entradas<\/li>\n<\/ul>\n<\/td>\n<\/tr>\n<tr style=\"height: 19px;\">\n<td style=\"height: 10px; width: 49.5313%;\" valign=\"top\" width=\"288\"><span style=\"color: #006600;\">PRESUPUESTO<\/span><\/td>\n<td style=\"height: 10px; width: 51.8268%;\" valign=\"top\" width=\"288\">\n<ul>\n<li>Libros:\u00a0 \u00a04.300 euros<\/li>\n<li>Revistas:\u00a0 1.700 euros<\/li>\n<\/ul>\n<\/td>\n<\/tr>\n<\/tbody>\n<\/table>\n","protected":false},"excerpt":{"rendered":"<p>Datos correspondientes al a\u00f1o 2020 SUPERFICIE 505 m2 INSTALACIONES Dos salas de lectura Una sala de estudio Hemeroteca Dos dep\u00f3sitos Despacho ESTANTER\u00cdAS (M. LINEALES) Libre acceso: 249,65 Dep\u00f3sito: 425,39 Total: 675,04 PUESTOS DE LECTURA Planta baja: 47 Planta primera: 50 &hellip; <a href=\"https:\/\/bibliotecas.unileon.es\/agronomos\/la-biblioteca-en-cifras\/\">Sigue leyendo <span class=\"meta-nav\">&rarr;<\/span><\/a><\/p>\n","protected":false},"author":3,"featured_media":0,"parent":0,"menu_order":0,"comment_status":"closed","ping_status":"closed","template":"","meta":{"_bbp_topic_count":0,"_bbp_reply_count":0,"_bbp_total_topic_count":0,"_bbp_total_reply_count":0,"_bbp_voice_count":0,"_bbp_anonymous_reply_count":0,"_bbp_topic_count_hidden":0,"_bbp_reply_count_hidden":0,"_bbp_forum_subforum_count":0,"footnotes":""},"class_list":["post-12","page","type-page","status-publish","hentry"],"_links":{"self":[{"href":"https:\/\/bibliotecas.unileon.es\/agronomos\/wp-json\/wp\/v2\/pages\/12","targetHints":{"allow":["GET"]}}],"collection":[{"href":"https:\/\/bibliotecas.unileon.es\/agronomos\/wp-json\/wp\/v2\/pages"}],"about":[{"href":"https:\/\/bibliotecas.unileon.es\/agronomos\/wp-json\/wp\/v2\/types\/page"}],"author":[{"embeddable":true,"href":"https:\/\/bibliotecas.unileon.es\/agronomos\/wp-json\/wp\/v2\/users\/3"}],"replies":[{"embeddable":true,"href":"https:\/\/bibliotecas.unileon.es\/agronomos\/wp-json\/wp\/v2\/comments?post=12"}],"version-history":[{"count":24,"href":"https:\/\/bibliotecas.unileon.es\/agronomos\/wp-json\/wp\/v2\/pages\/12\/revisions"}],"predecessor-version":[{"id":606,"href":"https:\/\/bibliotecas.unileon.es\/agronomos\/wp-json\/wp\/v2\/pages\/12\/revisions\/606"}],"wp:attachment":[{"href":"https:\/\/bibliotecas.unileon.es\/agronomos\/wp-json\/wp\/v2\/media?parent=12"}],"curies":[{"name":"wp","href":"https:\/\/api.w.org\/{rel}","templated":true}]}}