{"id":260,"date":"2013-02-04T12:11:49","date_gmt":"2013-02-04T10:11:49","guid":{"rendered":"http:\/\/bibliotecas.unileon.es\/agronomos\/?page_id=260"},"modified":"2020-02-10T09:41:20","modified_gmt":"2020-02-10T07:41:20","slug":"instalaciones","status":"publish","type":"page","link":"https:\/\/bibliotecas.unileon.es\/agronomos\/instalaciones\/","title":{"rendered":"Instalaciones"},"content":{"rendered":"<p style=\"text-align: justify;\">La Biblioteca de Ingenier\u00eda Agraria y Forestal se encuentra en la planta de acceso de la Escuela. La superficie total de la misma es de 505 metros cuadrados, incluidos el despacho y el dep\u00f3sito<\/p>\n<p style=\"text-align: justify;\">En total dispone de 90 puestos de lectura distribuidos en dos plantas, y 70 puestos de lectura en una sala de estudio anexa a la biblioteca.<\/p>\n<p style=\"text-align: justify;\"><span style=\"color: #333333;\"><strong style=\"color: #000000;\">La plant<\/strong><\/span><span style=\"color: #333333;\"><strong style=\"color: #000000;\">a baja<\/strong> <\/span>cuenta con 40 puestos de lectura. En ella se sit\u00faa el mostrador de pr\u00e9stamo e informaci\u00f3n, el despacho del bibliotecario y el dep\u00f3sito, as\u00ed como tambi\u00e9n los fondos en libre acceso, la fotocopiadora, y los ordenadores de consulta al cat\u00e1logo.<\/p>\n<p style=\"text-align: justify;\">Los diferentes fondos de libre acceso se encuentran en zonas diferenciadas:<\/p>\n<ul>\n<li>Manuales y monograf\u00edas. Ocupan una zona de la sala de lectura, con 3 pasillos de estanter\u00edas. Est\u00e1n ordenados seg\u00fan la \u00a0Clasificaci\u00f3n Decimal Universal<\/li>\n<\/ul>\n<ul>\n<li>Publicaciones Peri\u00f3dicas (Revistas). La hemeroteca alberga en sus expositores los a\u00f1os m\u00e1s recientes. Est\u00e1n colocadas por orden alfab\u00e9tico de los t\u00edtulos<\/li>\n<\/ul>\n<ul>\n<li>Secci\u00f3n de Referencia: gu\u00edas, enciclopedias generales y tem\u00e1ticas, atlas, diccionarios\u2026<\/li>\n<\/ul>\n<ul>\n<li>Mapas: mapas de cultivos y aprovechamientos, mapas de clases agrol\u00f3gicas, mapas geol\u00f3gicos de Espa\u00f1a\u2026<\/li>\n<\/ul>\n<p style=\"text-align: justify;\">La fotocopiadora de autoservicio, puesta a disposici\u00f3n de los usuarios de la biblioteca, funciona con tarjeta, la cual se puede adquirir en la m\u00e1quina expendedora de tarjetas ubicada en el hall de la Escuela.<\/p>\n<p style=\"text-align: justify;\"><span style=\"color: #000000;\"><strong>La planta de arriba <\/strong><\/span>cuenta con 50 puestos de lectura distribuidos en dos zonas.<\/p>\n<p style=\"text-align: justify;\">La Sala de Estudio anexa a la Biblioteca, dispone de 70 puestos de lectura.<\/p>\n<p style=\"text-align: justify;\">Todos los espacios de la biblioteca ofrecen conexi\u00f3n a la red inal\u00e1mbrica de la universidad<\/p>\n<p style=\"text-align: justify;\">\u00a0<a href=\"http:\/\/bibliotecas.unileon.es\/agronomos\/files\/2013\/02\/Planta.jpg\"><img loading=\"lazy\" decoding=\"async\" class=\"alignleft size-thumbnail wp-image-296\" src=\"http:\/\/bibliotecas.unileon.es\/agronomos\/files\/2013\/02\/Planta-150x150.jpg\" alt=\"Planta\" width=\"123\" height=\"123\" \/><\/a><a href=\"http:\/\/bibliotecas.unileon.es\/agronomos\/files\/2013\/02\/SNC00150.jpg\"><img loading=\"lazy\" decoding=\"async\" class=\"alignnone wp-image-292\" style=\"margin-left: 14px; margin-right: 14px;\" src=\"http:\/\/bibliotecas.unileon.es\/agronomos\/files\/2013\/02\/SNC00150-150x150.jpg\" alt=\"SNC00150\" width=\"124\" height=\"124\" \/><\/a><a href=\"http:\/\/bibliotecas.unileon.es\/agronomos\/files\/2013\/02\/Fotos.jpg\"><img loading=\"lazy\" decoding=\"async\" class=\"alignleft size-thumbnail wp-image-300\" src=\"http:\/\/bibliotecas.unileon.es\/agronomos\/files\/2013\/02\/Fotos-150x150.jpg\" alt=\"Fotos\" width=\"123\" height=\"123\" \/><\/a><a href=\"http:\/\/bibliotecas.unileon.es\/agronomos\/files\/2013\/02\/movil-002.jpg\"><img loading=\"lazy\" decoding=\"async\" class=\"alignnone wp-image-485\" style=\"margin-left: 14px; margin-right: 14px;\" src=\"http:\/\/bibliotecas.unileon.es\/agronomos\/files\/2013\/02\/movil-002-150x150.jpg\" alt=\"movil 002\" width=\"124\" height=\"124\" \/><\/a><\/p>\n","protected":false},"excerpt":{"rendered":"<p>La Biblioteca de Ingenier\u00eda Agraria y Forestal se encuentra en la planta de acceso de la Escuela. La superficie total de la misma es de 505 metros cuadrados, incluidos el despacho y el dep\u00f3sito En total dispone de 90 puestos &hellip; <a href=\"https:\/\/bibliotecas.unileon.es\/agronomos\/instalaciones\/\">Sigue leyendo <span class=\"meta-nav\">&rarr;<\/span><\/a><\/p>\n","protected":false},"author":19,"featured_media":0,"parent":0,"menu_order":0,"comment_status":"closed","ping_status":"closed","template":"","meta":{"_bbp_topic_count":0,"_bbp_reply_count":0,"_bbp_total_topic_count":0,"_bbp_total_reply_count":0,"_bbp_voice_count":0,"_bbp_anonymous_reply_count":0,"_bbp_topic_count_hidden":0,"_bbp_reply_count_hidden":0,"_bbp_forum_subforum_count":0,"footnotes":""},"class_list":["post-260","page","type-page","status-publish","hentry"],"_links":{"self":[{"href":"https:\/\/bibliotecas.unileon.es\/agronomos\/wp-json\/wp\/v2\/pages\/260","targetHints":{"allow":["GET"]}}],"collection":[{"href":"https:\/\/bibliotecas.unileon.es\/agronomos\/wp-json\/wp\/v2\/pages"}],"about":[{"href":"https:\/\/bibliotecas.unileon.es\/agronomos\/wp-json\/wp\/v2\/types\/page"}],"author":[{"embeddable":true,"href":"https:\/\/bibliotecas.unileon.es\/agronomos\/wp-json\/wp\/v2\/users\/19"}],"replies":[{"embeddable":true,"href":"https:\/\/bibliotecas.unileon.es\/agronomos\/wp-json\/wp\/v2\/comments?post=260"}],"version-history":[{"count":63,"href":"https:\/\/bibliotecas.unileon.es\/agronomos\/wp-json\/wp\/v2\/pages\/260\/revisions"}],"predecessor-version":[{"id":611,"href":"https:\/\/bibliotecas.unileon.es\/agronomos\/wp-json\/wp\/v2\/pages\/260\/revisions\/611"}],"wp:attachment":[{"href":"https:\/\/bibliotecas.unileon.es\/agronomos\/wp-json\/wp\/v2\/media?parent=260"}],"curies":[{"name":"wp","href":"https:\/\/api.w.org\/{rel}","templated":true}]}}