{"id":370,"date":"2013-05-08T11:39:00","date_gmt":"2013-05-08T09:39:00","guid":{"rendered":"http:\/\/bibliotecas.unileon.es\/agronomos\/?page_id=370"},"modified":"2020-10-27T13:26:16","modified_gmt":"2020-10-27T11:26:16","slug":"guia-tematica-de-ingenieria-agraria","status":"publish","type":"page","link":"https:\/\/bibliotecas.unileon.es\/agronomos\/guia-tematica-de-ingenieria-agraria\/","title":{"rendered":"Gu\u00eda tem\u00e1tica de Ingenier\u00eda Agraria"},"content":{"rendered":"<p><strong>SEDES WEB<\/strong><\/p>\n<p><strong>&#8212; Institucionales<\/strong><\/p>\n<ul>\n<li><a title=\"Biblioteca\" href=\"https:\/\/www.agronomy.org\/\" target=\"_blank\" rel=\"noopener noreferrer\">ASA<\/a>: American Society of Agronomy.<\/li>\n<li><a title=\"Biblioteca\" href=\"http:\/\/www.a-s-f.org\/\" target=\"_blank\" rel=\"noopener noreferrer\">ASF<\/a>: Agronomic Science Foundation.<\/li>\n<li><a href=\"http:\/\/ingenierosagronomos.es\/\" target=\"_blank\" rel=\"noopener noreferrer\">Asociaci\u00f3n Nacional de Ingenieros Agr\u00f3nomos<\/a>.<\/li>\n<li><a href=\"http:\/\/www.coag.org\/\" target=\"_blank\" rel=\"noopener noreferrer\">COAG:<\/a> Coordinadora de Organizaciones de Agricultores y Ganaderos.<\/li>\n<li><a href=\"http:\/\/selvicultor.net\/\" target=\"_blank\" rel=\"noopener noreferrer\">Confederaci\u00f3n de Organizaciones de Selvicultores de Espa\u00f1a.<\/a><\/li>\n<li><a title=\"Biblioteca\" href=\"http:\/\/www.agricolas.org\/\" target=\"_blank\" rel=\"noopener noreferrer\">Consejo General de Colegios de Ingenieros T\u00e9cnicos Agr\u00edcolas.<\/a><\/li>\n<li><a title=\"Biblioteca\" href=\"http:\/\/ec.europa.eu\/agriculture\/index_es.htm\" target=\"_blank\" rel=\"noopener noreferrer\">Direcci\u00f3n General de Agricultura de la Comisi\u00f3n Europea.<\/a><\/li>\n<li><a href=\"https:\/\/www.mapa.gob.es\/es\/enesa\/\" target=\"_blank\" rel=\"noopener noreferrer\">ENESA<\/a>: Entidad Estatal de Seguros Agrarios.<\/li>\n<li><a title=\"European Society fro Agronomy\" href=\"http:\/\/www.european-agronomy.org\/\" target=\"_blank\" rel=\"noopener noreferrer\">ESA<\/a>: European Society for Agronomy.<\/li>\n<li><a href=\"http:\/\/www.fao.org\/home\/es\/\" target=\"_blank\" rel=\"noopener noreferrer\">FAO:<\/a> Organizaci\u00f3n de las Naciones Unidad para la Agricultura y la Alimentaci\u00f3n<\/li>\n<li><a title=\"Biblioteca\" href=\"http:\/\/hispagua.cedex.es\/\" target=\"_blank\" rel=\"noopener noreferrer\">HISPAGUA<\/a>: Sistema Espa\u00f1ol de Informaci\u00f3n sobre el agua.<\/li>\n<li><a title=\"Instituto de Ciencias Naturales\" href=\"http:\/\/www.ica.csic.es\/\" target=\"_blank\" rel=\"noopener noreferrer\">ICA<\/a>: Instituto de Ciencias Agrarias<\/li>\n<li><a title=\"Biblioteca\" href=\"http:\/\/www.irta.es\/\" target=\"_blank\" rel=\"noopener noreferrer\">IRTA<\/a>: Institut de Recerca i Tecnologia Agroaliment\u00e0ries.<\/li>\n<li><a title=\"INIA\" href=\"http:\/\/www.inia.es\/IniaPortal\/verPresentacion.action\" target=\"_blank\" rel=\"noopener noreferrer\">INIA<\/a>: Instituto Nacional de Investigaci\u00f3n y Tecnolog\u00eda Agraria y Alimentaria.<\/li>\n<li><a href=\"http:\/\/www.aemet.es\/es\/portada\" target=\"_blank\" rel=\"noopener noreferrer\">AEMET<\/a>: Agencia Estatal de Meteorolog\u00eda.<\/li>\n<li><a href=\"https:\/\/www.mapa.gob.es\/es\/\" target=\"_blank\" rel=\"noopener noreferrer\">MAPA<\/a>: Ministerio de Agricultura, Pesca y Alimentaci\u00f3n<\/li>\n<li><a href=\"https:\/\/www.miteco.gob.es\/es\/\" target=\"_blank\" rel=\"noopener noreferrer\">MITICO:<\/a> Ministerio para la Transaci\u00f3n Ecol\u00f3gica y el Reto Demogr\u00e1fico.<\/li>\n<li><a title=\"Biblioteca\" href=\"http:\/\/www.semh.net\/\" target=\"_blank\" rel=\"noopener noreferrer\">Sociedad Espa\u00f1ola de Malherbolog\u00eda.<\/a><\/li>\n<\/ul>\n<p><strong>OBRAS DE REFERENCIA<\/strong><\/p>\n<p><strong>&#8212; Atlas y mapas<\/strong><\/p>\n<ul>\n<li><a title=\"Biblioteca\" href=\"http:\/\/cvc.cervantes.es\/obref\/atlas\/\" target=\"_blank\" rel=\"noopener noreferrer\">Centro Virtual Cervantes<\/a>: Atlas ambiental del Mediterr\u00e1neo.<\/li>\n<li><a href=\"http:\/\/www6.uniovi.es\/links\/carto.html\" target=\"_blank\" rel=\"noopener noreferrer\">Universidad de Oviedo<\/a>: Cartograf\u00eda \/ Mapas \/ Gis<\/li>\n<li><a href=\"http:\/\/www.aemet.es\/es\/portada\" target=\"_blank\" rel=\"noopener noreferrer\">AEMET<\/a>: Agencia Estatal de Meteorolog\u00eda.<\/li>\n<li><a href=\"http:\/\/sis.agr.gc.ca\/cansis\/\" target=\"_blank\" rel=\"noopener noreferrer\">Canadian Soil Information Service:<\/a> National Soil DataBase.<\/li>\n<\/ul>\n<p><strong>&#8212; Diccionarios y glosarios<\/strong><\/p>\n<ul>\n<li><a href=\"http:\/\/www.kamous.com\/site\/references-glossary-justinmc-82442\" target=\"_blank\" rel=\"noopener noreferrer\">A+ Materials Science and Engineering Glossary<\/a><\/li>\n<li>\u00a0<a href=\"http:\/\/digital.csic.es\/handle\/10261\/32474\" target=\"_blank\" rel=\"noopener noreferrer\">M\u00e1quinas-herramienta: Terminolog\u00eda multiling\u00fce (CINDOC)<\/a><\/li>\n<li><a title=\"Biblioteca\" href=\"http:\/\/www.fao.org\/docrep\/W3587E\/w3587e03.htm\" target=\"_blank\" rel=\"noopener noreferrer\">Glosario de t\u00e9rminos fitosanitarios.<\/a><\/li>\n<li><a title=\"Biblioteca\" href=\"https:\/\/www.soils.org\/publications\/soils-glossary\" target=\"_blank\" rel=\"noopener noreferrer\">Glossary of Soil Science Terms (Soil Science Society of America)<\/a><\/li>\n<li><a href=\"https:\/\/hydrologie.org\/glu\/aglo.htm\" target=\"_blank\" rel=\"noopener noreferrer\">International Glossary of Hydrology<\/a><\/li>\n<\/ul>\n<p><strong>&#8212; Enciclopedias<\/strong><\/p>\n<ul>\n<li><a title=\"Biblioteca\" href=\"http:\/\/encyclopedia.thefreedictionary.com\/Agriculture\" target=\"_blank\" rel=\"noopener noreferrer\">Agriculture<\/a><\/li>\n<\/ul>\n<p><strong>&#8212; Tesauros<\/strong><\/p>\n<ul>\n<li><a href=\"http:\/\/aims.fao.org\/es\/agrovoc\" target=\"_blank\" rel=\"noopener noreferrer\">Agrovoc (FAO)<\/a>: Tesauro de agricultura que permite hacer b\u00fasquedas en ingl\u00e9s, franc\u00e9s, espa\u00f1ol y portugu\u00e9s.<\/li>\n<li><a title=\"Tesauro de ingenier\u00eda hidr\u00e1ulica\" href=\"http:\/\/hispagua.cedex.es\/documentacion\/tesauro\" target=\"_blank\" rel=\"noopener noreferrer\">Tesauro de ingenier\u00eda hidr\u00e1ulica (CEDEX)<\/a><\/li>\n<li><a title=\"Biblioteca\" href=\"http:\/\/www.webdirectory.com\/Science\/Agriculture\/\" target=\"_blank\" rel=\"noopener noreferrer\">Environmental Organization WebDirectory \u2013 Science<\/a>: Agricultura.<\/li>\n<\/ul>\n<p><strong>BASES DE DATOS<\/strong><\/p>\n<ul>\n<li><a title=\"Biblioteca\" href=\"http:\/\/croplife.intraspin.com\/BioTech\/\" target=\"_blank\" rel=\"noopener noreferrer\">Biotech Crop Database<\/a>: Base de datos sobre modificaciones gen\u00e9ticas en cultivos, plantas y cosechas.<\/li>\n<li><a title=\"Biblioteca\" href=\"http:\/\/agricola.nal.usda.gov\/\" target=\"_blank\" rel=\"noopener noreferrer\">AGR\u00cdCOLA (Nacional Agricultural Library)<\/a>: Base de datos que contiene referencias bibliogr\u00e1ficas relacionadas con la agricultura.<\/li>\n<li><a title=\"Biblioteca\" href=\"http:\/\/www.fao.org\/agris\/centre.asp?Language=ES&amp;Content=DB&amp;Menu_1ID=DB&amp;Menu_2ID=DB1\" target=\"_blank\" rel=\"noopener noreferrer\">AGRIS &#8211; CARIS (FAO)<\/a>: Bases de datos que facilitan la gesti\u00f3n de la informaci\u00f3n para la gesti\u00f3n agraria internacional.<\/li>\n<li><a title=\"Biblioteca\" href=\"http:\/\/orton.catie.ac.cr\/\" target=\"_blank\" rel=\"noopener noreferrer\">Agri2000 \/ SIDALC<\/a>: Sistema de Informaci\u00f3n y Documentaci\u00f3n Agropecuario de las Am\u00e9ricas. MegaBase de datos Agropecuaria.<\/li>\n<li><a href=\"http:\/\/libros.inia.es\/libros\/index.php?cPath=9\" target=\"_blank\" rel=\"noopener noreferrer\">BIBLIOGRAF\u00cdA AGRARIA ESPA\u00d1OLA (INIA)<\/a>: Recoge las referencias de publicaciones relevantes editadas en Espa\u00f1a sobre agricultura y tem\u00e1ticas relacionadas.<\/li>\n<li><a href=\"https:\/\/www.etde.org\/etdeweb\/\" target=\"_blank\" rel=\"noopener noreferrer\">ETDEWEB (Agencia Internacional de la Energ\u00eda)<\/a>: Base de datos de literatura cient\u00edfica y t\u00e9cnica internacional en el campo de la energ\u00eda y materias relacionadas (1987-2014)<\/li>\n<li><a href=\"http:\/\/www.eu-vitis.de\/\" target=\"_blank\" rel=\"noopener noreferrer\">European Vitis database (German Centre for Documentation and Information in Agricultura)<\/a>: Base de datos de recursos gen\u00e9ticos de la vid.<\/li>\n<li><a title=\"Biblioteca\" href=\"http:\/\/faolex.fao.org\/faolex_spa\/index.htm\" target=\"_blank\" rel=\"noopener noreferrer\">FAOLEX (FAO)<\/a>: Base de datos sobre legislaci\u00f3n alimentaria y agr\u00edcola.<\/li>\n<li><a href=\"http:\/\/www.fao.org\/faostat\/es\/#home\" target=\"_blank\" rel=\"noopener noreferrer\">FAOSTAT (FAO)<\/a>: Contiene diferentes bases de datos de estad\u00edsticas.<\/li>\n<li><a href=\"http:\/\/www.oleohispana.com\/sigo.htm\" target=\"_blank\" rel=\"noopener noreferrer\">Sistema de Informaci\u00f3n Geogr\u00e1fica Ole\u00edcola Espa\u00f1ol<\/a><\/li>\n<li><a title=\"Biblioteca\" href=\"http:\/\/www.vitis-vea.de\/Englisch\/eindex.php\" target=\"_blank\" rel=\"noopener noreferrer\">VITIS-VEA<\/a>: Abstracts sobre viticultura y enolog\u00eda.<\/li>\n<\/ul>\n<p><strong>RECURSOS WEB EN ABIERTO<\/strong><\/p>\n<p><strong>&#8212; Repositorios tem\u00e1ticos<\/strong><\/p>\n<ul>\n<li><a title=\"Biblioteca\" href=\"http:\/\/digital.csic.es\/\" target=\"_blank\" rel=\"noopener noreferrer\">Digital CSIC<\/a><\/li>\n<\/ul>\n<p><strong>&#8212; Revistas electr\u00f3nicas\u00a0en acceso abierto.<\/strong><\/p>\n<p><img loading=\"lazy\" decoding=\"async\" class=\"irc_mi alignleft\" src=\"http:\/\/digital.csic.es\/bitstream\/10261\/132016\/1\/red_bibliotecas_archivos_csic_logo.jpg\" alt=\"Resultado de imagen de biblioteca virtual csic\" width=\"75\" height=\"71\" \/><a href=\"http:\/\/bibliotecas.csic.es\/biblioteca-virtual\" target=\"_blank\" rel=\"noopener noreferrer\">Biblioteca Virtual del CSIC<\/a>. Acceso a todas las colecciones de la Red de Bibliotecas y Archivos del CSIC, tanto impresas como electr\u00f3nicas, as\u00ed como los recursos de acceso gratuito de inter\u00e9s para los usuarios del CSIC.<\/p>\n<p style=\"text-align: justify;\"><img loading=\"lazy\" decoding=\"async\" class=\"alignleft\" src=\"http:\/\/biblioteca.ua.es\/es\/imagenes\/logos-revistas-en-abierto\/r-csic.jpg\" alt=\"r-CSIC\" width=\"155\" height=\"47\" \/><span style=\"color: #000000;\">Plataforma de acceso a <a href=\"http:\/\/revistas.csic.es\/\" target=\"_blank\" rel=\"noopener noreferrer\"><span style=\"color: #000000;\">Revistas Cient\u00edficas del CSIC<\/span><\/a>. Multidisciplinar.\u00a0<\/span>En el \u00e1mbito de Ciencia y Tecnolog\u00eda se encuentran 10 revistas<\/p>\n<p><img loading=\"lazy\" decoding=\"async\" class=\"alignleft\" src=\"http:\/\/biblioteca.ua.es\/es\/imagenes\/logos-revistas-en-abierto\/doaj.jpg\" alt=\"DOAJ\" width=\"155\" height=\"47\" \/><a href=\"http:\/\/doaj.org\/search?source={%22query%22:{%22match_all%22:{}}}#.U1-VR9K-2So\" target=\"_blank\" rel=\"noopener noreferrer\">Directory of Open Access Journals<\/a>. Directorio de m\u00e1s de 1.200 publicaciones cient\u00edficas y acad\u00e9micas.<\/p>\n<ul>\n<li><a href=\"http:\/\/doaj.org\/search?source={%22query%22:{%22query_string%22:{%22query%22:%22agriculture%22,%22default_operator%22:%22AND%22}}}\" target=\"_blank\" rel=\"noopener noreferrer\">Selecci\u00f3n de revistas de Agricultura, Ciencia de las plantas<\/a><\/li>\n<li><a href=\"http:\/\/doaj.org\/search?source={%22query%22:{%22filtered%22:{%22query%22:{%22query_string%22:{%22query%22:%22ambient%22,%22default_operator%22:%22AND%22}},%22filter%22:{%22bool%22:{%22must%22:[{%22term%22:{%22index.classification.exact%22:%22Environmental%20Sciences%22}}]}}}}}\" target=\"_blank\" rel=\"noopener noreferrer\">Selecci\u00f3n de revistas de Ciencias de la Tierra, Medio Ambiente<\/a><\/li>\n<\/ul>\n<p style=\"text-align: justify;\"><img loading=\"lazy\" decoding=\"async\" class=\"alignleft\" src=\"http:\/\/biblioteca.ua.es\/es\/imagenes\/logos-revistas-en-abierto\/open-science.jpg\" alt=\"open science\" width=\"155\" height=\"47\" \/><\/p>\n<p style=\"text-align: justify;\"><span style=\"color: #000000;\"><a href=\"http:\/\/www.opensciencedirectory.net\/\" target=\"_blank\" rel=\"noopener noreferrer\">Open Science Directory<\/a>. Directorio de revistas de acceso abierto que ofrece actualmente m\u00e1s de 13.000 t\u00edtulos de revistas.\u00a0<\/span><\/p>\n<ul>\n<li><a href=\"http:\/\/atoz.ebsco.com\/Subjects\/8623#26206\" target=\"_blank\" rel=\"noopener noreferrer\">Selecci\u00f3n de revistas de Agricultura y ciencias t\u00e9cnicas relacionadas<\/a><\/li>\n<li><a href=\"http:\/\/atoz.ebsco.com\/Subjects\/8623#26224\" target=\"_blank\" rel=\"noopener noreferrer\">Selecci\u00f3n de revistas de Ciencias<\/a><\/li>\n<li><a href=\"http:\/\/atoz.ebsco.com\/Subjects\/8623#26226\" target=\"_blank\" rel=\"noopener noreferrer\">Selecci\u00f3n de revistas de Tecnolog\u00eda<\/a><\/li>\n<\/ul>\n<ul>\n<li><a title=\"Biblioteca\" href=\"http:\/\/dialnet.unirioja.es\/servlet\/revista?tipo_busqueda=CODIGO&amp;clave_revista=6706\" target=\"_blank\" rel=\"noopener noreferrer\">AC<\/a>: revista de enolog\u00eda.<\/li>\n<li><a href=\"http:\/\/www.actualidadjuridicaambiental.com\/calidad\/\" target=\"_blank\" rel=\"noopener noreferrer\">Actualidad jur\u00eddica-ambiental (suscripci\u00f3n gratuita por email)<\/a><\/li>\n<li><a href=\"http:\/\/www.agricolae.es\/es\/portada\/\" target=\"_blank\" rel=\"noopener noreferrer\">Agricolae:<\/a> la revista de la Ingenier\u00eda del Medio Rural<\/li>\n<li><a title=\"Biblioteca\" href=\"http:\/\/dialnet.unirioja.es\/servlet\/revista?clave_revista=5797&amp;tipo_busqueda=CODIGO\" target=\"_blank\" rel=\"noopener noreferrer\">Aquatic<\/a>: revista electr\u00f3nica de acuicultura.<\/li>\n<li><a title=\"Biblioteca\" href=\"http:\/\/dialnet.unirioja.es\/servlet\/revista?tipo_busqueda=CODIGO&amp;clave_revista=1820\" target=\"_blank\" rel=\"noopener noreferrer\">Ambienta<\/a>: la revista del medio ambiente.<\/li>\n<li><a title=\"Biblioteca\" href=\"http:\/\/dialnet.unirioja.es\/servlet\/revista?tipo_busqueda=CODIGO&amp;clave_revista=4525\" target=\"_blank\" rel=\"noopener noreferrer\">Agricultura t\u00e9cnica.<\/a><\/li>\n<li><a href=\"http:\/\/www.agroquimica.es\/\" target=\"_blank\" rel=\"noopener noreferrer\">Agroqu\u00edmica sostenible<\/a>.<\/li>\n<li><a href=\"https:\/\/dialnet.unirioja.es\/servlet\/revista?codigo=6572\" target=\"_blank\" rel=\"noopener noreferrer\">Bioagro.<\/a><\/li>\n<li><a title=\"Biblioteca\" href=\"http:\/\/dialnet.unirioja.es\/servlet\/revista?tipo_busqueda=CODIGO&amp;clave_revista=341\" target=\"_blank\" rel=\"noopener noreferrer\">CT<\/a>: catastro.<\/li>\n<li><a title=\"Biblioteca\" href=\"http:\/\/dialnet.unirioja.es\/servlet\/revista?tipo_busqueda=CODIGO&amp;clave_revista=6560\" target=\"_blank\" rel=\"noopener noreferrer\">Ciencia e investigaci\u00f3n agraria.<\/a><\/li>\n<li><a href=\"http:\/\/citarea.cita-aragon.es\/citarea\/handle\/10532\/2798\/browse?type=dateissued&amp;submit_browse=Fecha+Publicaci%C3%B3n\" target=\"_blank\" rel=\"noopener noreferrer\">Cita2 <\/a>: la actualidad del CITA en dos minutos<\/li>\n<li><a title=\"Biblioteca\" href=\"http:\/\/dialnet.unirioja.es\/servlet\/revista?tipo_busqueda=CODIGO&amp;clave_revista=351\" target=\"_blank\" rel=\"noopener noreferrer\">Cuaderno de campo.<\/a><\/li>\n<li><a title=\"Biblioteca\" href=\"http:\/\/dialnet.unirioja.es\/servlet\/revista?tipo_busqueda=CODIGO&amp;clave_revista=3465\" target=\"_blank\" rel=\"noopener noreferrer\">Edafolog\u00eda.<\/a><\/li>\n<li><a title=\"Biblioteca\" href=\"http:\/\/dialnet.unirioja.es\/servlet\/revista?tipo_busqueda=CODIGO&amp;clave_revista=543\" target=\"_blank\" rel=\"noopener noreferrer\">Estudios geol\u00f3gicos.<\/a><\/li>\n<li><a title=\"Biblioteca\" href=\"http:\/\/dialnet.unirioja.es\/servlet\/revista?tipo_busqueda=CODIGO&amp;clave_revista=1519\" target=\"_blank\" rel=\"noopener noreferrer\">F\u00edsica de la tierra.<\/a><\/li>\n<li><a href=\"http:\/\/revistas.inia.es\/index.php\/fs\" target=\"_blank\" rel=\"noopener noreferrer\">Forest Systems.<\/a><\/li>\n<li><a title=\"Biblioteca\" href=\"http:\/\/dialnet.unirioja.es\/servlet\/revista?tipo_busqueda=CODIGO&amp;clave_revista=2871\" target=\"_blank\" rel=\"noopener noreferrer\">Geol\u00f3gica acta.<\/a><\/li>\n<li><a title=\"Biblioteca\" href=\"http:\/\/dialnet.unirioja.es\/servlet\/revista?tipo_busqueda=CODIGO&amp;clave_revista=2142\" target=\"_blank\" rel=\"noopener noreferrer\">Informes de la construcci\u00f3n.<\/a><\/li>\n<li><a title=\"Biblioteca\" href=\"http:\/\/dialnet.unirioja.es\/servlet\/revista?tipo_busqueda=CODIGO&amp;clave_revista=2743\" target=\"_blank\" rel=\"noopener noreferrer\">Ingenier\u00eda y territorio.<\/a><\/li>\n<li><a title=\"Biblioteca\" href=\"http:\/\/dialnet.unirioja.es\/servlet\/revista?tipo_busqueda=CODIGO&amp;clave_revista=2734\" target=\"_blank\" rel=\"noopener noreferrer\">Materiales de construcci\u00f3n.<\/a><\/li>\n<li><a title=\"Biblioteca\" href=\"http:\/\/dialnet.unirioja.es\/servlet\/revista?tipo_busqueda=CODIGO&amp;clave_revista=6625\" target=\"_blank\" rel=\"noopener noreferrer\">Revista agroalimentaria.<\/a><\/li>\n<li><a href=\"http:\/\/lechedeoveja.com\/index.php\/es\/\" target=\"_blank\" rel=\"noopener noreferrer\">Revista del Consorcio de Promoci\u00f3n del Ovino<\/a><\/li>\n<li><a title=\"Biblioteca\" href=\"http:\/\/dialnet.unirioja.es\/servlet\/revista?tipo_busqueda=CODIGO&amp;clave_revista=1211\" target=\"_blank\" rel=\"noopener noreferrer\">Revista del Ministerio de Fomento.<\/a><\/li>\n<li><a title=\"Biblioteca\" href=\"http:\/\/www.scielo.cl\/scielo.php?script=sci_serial&amp;pid=0718-5073&amp;lng=es&amp;nrm=iso\" target=\"_blank\" rel=\"noopener noreferrer\">Revista ingenier\u00eda de construcci\u00f3n.<\/a><\/li>\n<li><a href=\"http:\/\/seleccionesavicolas.com\/\" target=\"_blank\" rel=\"noopener noreferrer\">Selecciones av\u00edcolas<\/a><\/li>\n<li><a href=\"http:\/\/revistas.inia.es\/index.php\/sjar\" target=\"_blank\" rel=\"noopener noreferrer\">Spanish Journal of Agricultural Research<\/a><\/li>\n<li><a title=\"Biblioteca\" href=\"http:\/\/www.intute.ac.uk\/sciences\/ejournals.html\" target=\"_blank\" rel=\"noopener noreferrer\">INTUTE (Science, Engineering and Technology)<\/a><\/li>\n<\/ul>\n<p><strong>BLOGS Y WIKIS<\/strong><\/p>\n<ul>\n<li><a title=\"Biblioteca\" href=\"http:\/\/www.facingyconst.blogspot.com\/2007\/09\/diseo-de-canales.html\" target=\"_blank\" rel=\"noopener noreferrer\">Ingenier\u00eda y construcci\u00f3n.<\/a><\/li>\n<\/ul>\n<p><strong>PORTALES TEM\u00c1TICOS<\/strong><\/p>\n<ul>\n<li><a title=\"Biblioteca\" href=\"http:\/\/www.agroinformacion.com\/\" target=\"_blank\" rel=\"noopener noreferrer\">Agroinformaci\u00f3n.<\/a><\/li>\n<li><a href=\"http:\/\/www.agroterra.com\/\" target=\"_blank\" rel=\"noopener noreferrer\">Agroterra<\/a><\/li>\n<li><a href=\"http:\/\/www.infoagro.com\/\" target=\"_blank\" rel=\"noopener noreferrer\">Infoagro.<\/a><\/li>\n<li><a title=\"Biblioteca\" href=\"http:\/\/www.infolivo.com\/\" target=\"_blank\" rel=\"noopener noreferrer\">Infolivo.<\/a><\/li>\n<li><a href=\"https:\/\/www.idae.es\/\" target=\"_blank\" rel=\"noopener noreferrer\">Energ\u00edas renovables &#8211; IDAE<\/a><\/li>\n<li><a href=\"http:\/\/www.magrama.gob.es\/es\/agricultura\/temas\/sistema-de-informacion-geografica-de-datos-agrarios\/\" target=\"_blank\" rel=\"noopener noreferrer\">SIGA:<\/a> Sistema de Informaci\u00f3n Geogr\u00e1fica de Datos Agrarios<\/li>\n<\/ul>\n<p><strong>LISTAS DE DISTRIBUCI\u00d3N<\/strong><\/p>\n<ul>\n<li><a title=\"Biblioteca\" href=\"http:\/\/listserv.rediris.es\/archives\/agricprecision.html\" target=\"_blank\" rel=\"noopener noreferrer\">AGRIPRECISI\u00d3N<\/a>: Agricultura de precisi\u00f3n y tecnolog\u00edas de la informaci\u00f3n.<\/li>\n<li><a href=\"http:\/\/listserv.rediris.es\/cgi-bin\/wa?A0=AGUA-ES\" target=\"_blank\" rel=\"noopener noreferrer\">AGUA-ES<\/a>: Politicas del Agua. Recursos Hidricos.<\/li>\n<li><a title=\"Biblioteca\" href=\"https:\/\/www.fnca.eu\/guia-nueva-cultura-del-agua\/la-economia-del-agua\" target=\"_blank\" rel=\"noopener noreferrer\">AGUA-ECONOM\u00cdA<\/a>: Econom\u00eda del agua.<\/li>\n<li><a title=\"Biblioteca\" href=\"http:\/\/listserv.rediris.es\/archives\/aquatic-l.html\" target=\"_blank\" rel=\"noopener noreferrer\">AQUATIC-L<\/a>: Foro de Acuicultura.<\/li>\n<li><a title=\"Biblioteca\" href=\"http:\/\/www.rediris.es\/list\/info\/ammt.html\" target=\"_blank\" rel=\"noopener noreferrer\">AMMT<\/a>: Foro de m\u00e1quinas y motores t\u00e9rmicos.<\/li>\n<li><a title=\"Biblioteca\" href=\"http:\/\/listserv.rediris.es\/archives\/ecoagra.html\" target=\"_blank\" rel=\"noopener noreferrer\">ECOAGRA<\/a>: Foro sobre econom\u00eda agraria y de los recursos naturales.<\/li>\n<li><a title=\"Biblioteca\" href=\"http:\/\/listserv.rediris.es\/archives\/gienol.html\" target=\"_blank\" rel=\"noopener noreferrer\">GIENOL<\/a>: Lista de los Grupos de Investigaci\u00f3n Enol\u00f3gica.<\/li>\n<li><a title=\"Biblioteca\" href=\"https:\/\/www.rediris.es\/list\/info\/gievitis.html\" target=\"_blank\" rel=\"noopener noreferrer\">GIEVITIS<\/a>: Foro cient\u00edfico sobre la vid.<\/li>\n<li><a title=\"Biblioteca\" href=\"http:\/\/listserv.rediris.es\/archives\/gis-rs.html\" target=\"_blank\" rel=\"noopener noreferrer\">GIS-RS<\/a>: Teledetecci\u00f3n, Gis, y otras disciplinas.<\/li>\n<li><a title=\"Biblioteca\" href=\"http:\/\/www.rediris.es\/list\/info\/hac.html\" target=\"_blank\" rel=\"noopener noreferrer\">HAC<\/a>: Normativa sobre hormig\u00f3n autocompactable.<\/li>\n<li><a title=\"Biblioteca\" href=\"http:\/\/listserv.rediris.es\/archives\/meteoclim.html\" target=\"_blank\" rel=\"noopener noreferrer\">METEOCLIM<\/a>: Foro multidisciplinar en cuestiones meteorol\u00f3gicas y clim\u00e1ticas.<\/li>\n<li><a title=\"Biblioteca\" href=\"http:\/\/listserv.rediris.es\/archives\/mercator.html\" target=\"_blank\" rel=\"noopener noreferrer\">MERCATOR<\/a>. Geom\u00e1tica: cartograf\u00eda, fotogrametr\u00eda, topograf\u00eda, teledetecci\u00f3n, GPS.<\/li>\n<li><a title=\"Biblioteca\" href=\"https:\/\/www.rediris.es\/list\/info\/ordeno-mec.html\" target=\"_blank\" rel=\"noopener noreferrer\">ORDENO.ME<\/a>: Foro sobre orde\u00f1o mec\u00e1nico.<\/li>\n<li><a title=\"Biblioteca\" href=\"https:\/\/www.rediris.es\/list\/info\/ovejas-l.html\" target=\"_blank\" rel=\"noopener noreferrer\">OVEJAS-L<\/a>: Producci\u00f3n animal en el campo de los peque\u00f1os rumiantes.<\/li>\n<li><a title=\"Biblioteca\" href=\"http:\/\/www.rediris.es\/list\/info\/redalan-l.html\" target=\"_blank\" rel=\"noopener noreferrer\">REDALAN-L<\/a>: Red tem\u00e1tica sobre la alimentaci\u00f3n animal.<\/li>\n<li><a title=\"Biblioteca\" href=\"http:\/\/www.rediris.es\/list\/info\/sea-estructuras.html\" target=\"_blank\" rel=\"noopener noreferrer\">SEA-ESTRUCTURAS<\/a>: Grupo de trabajo de Estructuras de la S.E.A.<\/li>\n<li><a href=\"http:\/\/www.rediris.es\/list\/info\/tecnolac.html\" target=\"_blank\" rel=\"noopener noreferrer\">TECNOLAC<\/a>: Tecnolog\u00eda de la leche y los productos l\u00e1cteos.<\/li>\n<li><a title=\"Biblioteca\" href=\"http:\/\/listserv.rediris.es\/archives\/teledeteccion.html\" target=\"_blank\" rel=\"noopener noreferrer\">TELEDETECCI\u00d3N<\/a>: Teledetecci\u00f3n espacial, aeroportada y sensores remotos.<\/li>\n<li><a title=\"Biblioteca\" href=\"http:\/\/listserv.rediris.es\/archives\/test2.html\" target=\"_blank\" rel=\"noopener noreferrer\">TEST2<\/a>: Como OVEJAS-L.<\/li>\n<li><a title=\"Biblioteca\" href=\"https:\/\/www.rediris.es\/list\/info\/vacas-l.html\" target=\"_blank\" rel=\"noopener noreferrer\">VACAS-L<\/a>: Producci\u00f3n de ganado bovino de leche y carne.<\/li>\n<\/ul>\n<p>Fecha de actualizaci\u00f3n: 6 de mayo de 2013<\/p>\n","protected":false},"excerpt":{"rendered":"<p>SEDES WEB &#8212; Institucionales ASA: American Society of Agronomy. ASF: Agronomic Science Foundation. Asociaci\u00f3n Nacional de Ingenieros Agr\u00f3nomos. COAG: Coordinadora de Organizaciones de Agricultores y Ganaderos. Confederaci\u00f3n de Organizaciones de Selvicultores de Espa\u00f1a. Consejo General de Colegios de Ingenieros T\u00e9cnicos &hellip; <a href=\"https:\/\/bibliotecas.unileon.es\/agronomos\/guia-tematica-de-ingenieria-agraria\/\">Sigue leyendo <span class=\"meta-nav\">&rarr;<\/span><\/a><\/p>\n","protected":false},"author":19,"featured_media":0,"parent":0,"menu_order":0,"comment_status":"open","ping_status":"open","template":"","meta":{"_bbp_topic_count":0,"_bbp_reply_count":0,"_bbp_total_topic_count":0,"_bbp_total_reply_count":0,"_bbp_voice_count":0,"_bbp_anonymous_reply_count":0,"_bbp_topic_count_hidden":0,"_bbp_reply_count_hidden":0,"_bbp_forum_subforum_count":0,"footnotes":""},"class_list":["post-370","page","type-page","status-publish","hentry"],"_links":{"self":[{"href":"https:\/\/bibliotecas.unileon.es\/agronomos\/wp-json\/wp\/v2\/pages\/370","targetHints":{"allow":["GET"]}}],"collection":[{"href":"https:\/\/bibliotecas.unileon.es\/agronomos\/wp-json\/wp\/v2\/pages"}],"about":[{"href":"https:\/\/bibliotecas.unileon.es\/agronomos\/wp-json\/wp\/v2\/types\/page"}],"author":[{"embeddable":true,"href":"https:\/\/bibliotecas.unileon.es\/agronomos\/wp-json\/wp\/v2\/users\/19"}],"replies":[{"embeddable":true,"href":"https:\/\/bibliotecas.unileon.es\/agronomos\/wp-json\/wp\/v2\/comments?post=370"}],"version-history":[{"count":8,"href":"https:\/\/bibliotecas.unileon.es\/agronomos\/wp-json\/wp\/v2\/pages\/370\/revisions"}],"predecessor-version":[{"id":377,"href":"https:\/\/bibliotecas.unileon.es\/agronomos\/wp-json\/wp\/v2\/pages\/370\/revisions\/377"}],"wp:attachment":[{"href":"https:\/\/bibliotecas.unileon.es\/agronomos\/wp-json\/wp\/v2\/media?parent=370"}],"curies":[{"name":"wp","href":"https:\/\/api.w.org\/{rel}","templated":true}]}}