{"id":627,"date":"2014-06-10T09:40:03","date_gmt":"2014-06-10T07:40:03","guid":{"rendered":"http:\/\/bibliotecas.unileon.es\/agronomos\/?page_id=627"},"modified":"2024-09-04T13:31:41","modified_gmt":"2024-09-04T11:31:41","slug":"folletos-y-guias-de-la-biblioteca","status":"publish","type":"page","link":"https:\/\/bibliotecas.unileon.es\/agronomos\/folletos-y-guias-de-la-biblioteca\/","title":{"rendered":"Folletos y gu\u00edas de la biblioteca"},"content":{"rendered":"<h3>\u00a0<strong><span style=\"color: #808080;\">Gu\u00eda de Bienvenida a\u00a0la Biblioteca<\/span><\/strong><\/h3>\n<p style=\"text-align: justify;\"><a href=\"http:\/\/bibliotecas.unileon.es\/agronomos\/files\/2014\/06\/abrazo-biblioteca.jpg\"><img loading=\"lazy\" decoding=\"async\" class=\" wp-image-311 alignleft\" style=\"margin-left: 12px; margin-right: 12px; float: left;\" src=\"http:\/\/bibliotecas.unileon.es\/agronomos\/files\/2014\/06\/abrazo-biblioteca-150x150.jpg\" alt=\"Bienvenido\" width=\"75\" height=\"75\" \/><\/a><\/p>\n<p style=\"text-align: justify;\"><a href=\"https:\/\/drive.google.com\/file\/d\/1-0T-oUlY6K73jqWkXhMOhqAUhJfN7cw-\/view?usp=drive_link\" target=\"_blank\" rel=\"noopener\">Primeros pasos en la Biblioteca.<\/a>\u00a0Folleto elaborado por la Biblioteca con una descripci\u00f3n general de los servicios y normas de uso. Orientado a los alumnos que utilizan por primera vez\u00a0la Biblioteca<\/p>\n<h3 style=\"text-align: justify;\"><\/h3>\n<h3><\/h3>\n<h3 style=\"text-align: justify;\"><strong><span style=\"color: #808080;\">Gu\u00eda de Pr\u00e9stamo de los libros electr\u00f3nicos<\/span><\/strong><\/h3>\n<p><a href=\"http:\/\/bibliotecas.unileon.es\/agronomos\/files\/2014\/06\/e-book1.jpg\"><img loading=\"lazy\" decoding=\"async\" class=\"alignnone wp-image-666 \" style=\"margin-left: 12px; margin-right: 12px; float: left;\" src=\"http:\/\/bibliotecas.unileon.es\/agronomos\/files\/2014\/06\/e-book1-150x150.jpg\" alt=\"\" width=\"74\" height=\"74\" \/><\/a><\/p>\n<p><a href=\"http:\/\/bibliotecas.unileon.es\/agronomos\/files\/2014\/06\/GuiaBcaESTIA-Pr\u00e9stamo-Libros-electr\u00f3nicos.pdf\" class=\"mtli_attachment mtli_pdf\">Gu\u00eda de funcionamiento<\/a>. Folleto explicativo del pr\u00e9stamo\u00a0de libros electr\u00f3nicos en la <a href=\"http:\/\/grial.unileon.es\/\" target=\"_blank\" rel=\"noopener\">plataforma GRIAL<\/a><\/p>\n","protected":false},"excerpt":{"rendered":"<p>\u00a0Gu\u00eda de Bienvenida a\u00a0la Biblioteca Primeros pasos en la Biblioteca.\u00a0Folleto elaborado por la Biblioteca con una descripci\u00f3n general de los servicios y normas de uso. Orientado a los alumnos que utilizan por primera vez\u00a0la Biblioteca Gu\u00eda de Pr\u00e9stamo de los &hellip; <a href=\"https:\/\/bibliotecas.unileon.es\/agronomos\/folletos-y-guias-de-la-biblioteca\/\">Sigue leyendo <span class=\"meta-nav\">&rarr;<\/span><\/a><\/p>\n","protected":false},"author":19,"featured_media":0,"parent":0,"menu_order":0,"comment_status":"closed","ping_status":"closed","template":"","meta":{"_bbp_topic_count":0,"_bbp_reply_count":0,"_bbp_total_topic_count":0,"_bbp_total_reply_count":0,"_bbp_voice_count":0,"_bbp_anonymous_reply_count":0,"_bbp_topic_count_hidden":0,"_bbp_reply_count_hidden":0,"_bbp_forum_subforum_count":0,"footnotes":""},"class_list":["post-627","page","type-page","status-publish","hentry"],"_links":{"self":[{"href":"https:\/\/bibliotecas.unileon.es\/agronomos\/wp-json\/wp\/v2\/pages\/627","targetHints":{"allow":["GET"]}}],"collection":[{"href":"https:\/\/bibliotecas.unileon.es\/agronomos\/wp-json\/wp\/v2\/pages"}],"about":[{"href":"https:\/\/bibliotecas.unileon.es\/agronomos\/wp-json\/wp\/v2\/types\/page"}],"author":[{"embeddable":true,"href":"https:\/\/bibliotecas.unileon.es\/agronomos\/wp-json\/wp\/v2\/users\/19"}],"replies":[{"embeddable":true,"href":"https:\/\/bibliotecas.unileon.es\/agronomos\/wp-json\/wp\/v2\/comments?post=627"}],"version-history":[{"count":1,"href":"https:\/\/bibliotecas.unileon.es\/agronomos\/wp-json\/wp\/v2\/pages\/627\/revisions"}],"predecessor-version":[{"id":633,"href":"https:\/\/bibliotecas.unileon.es\/agronomos\/wp-json\/wp\/v2\/pages\/627\/revisions\/633"}],"wp:attachment":[{"href":"https:\/\/bibliotecas.unileon.es\/agronomos\/wp-json\/wp\/v2\/media?parent=627"}],"curies":[{"name":"wp","href":"https:\/\/api.w.org\/{rel}","templated":true}]}}