{"id":702,"date":"2015-10-27T11:32:48","date_gmt":"2015-10-27T09:32:48","guid":{"rendered":"http:\/\/bibliotecas.unileon.es\/agronomos\/?page_id=702"},"modified":"2024-09-03T12:38:56","modified_gmt":"2024-09-03T10:38:56","slug":"bases-de-datos-suscritas","status":"publish","type":"page","link":"https:\/\/bibliotecas.unileon.es\/agronomos\/bases-de-datos-suscritas\/","title":{"rendered":"Bases de datos"},"content":{"rendered":"<p>De inter\u00e9s para la\u00a0Ingenier\u00eda Agraria, la Biblioteca de la ULE tiene suscripci\u00f3n a los siguientes productos. Su uso es exclusivo para miembros de la comunidad universitaria.<\/p>\n<p><strong><span style=\"color: #003300;\">BASES DE DATOS BIBLIOGR\u00c1FICAS<\/span><br \/>\n<\/strong><\/p>\n<p style=\"text-align: justify;\">Las bases de datos bibliogr\u00e1ficas contienen art\u00edculos publicados en revistas de tem\u00e1tica variada (multidisciplinares) o relacionadas con un tema concreto (especializadas). Por otra parte, pueden permitir el acceso al texto completo del documento o contener s\u00f3lo la referencia bibliogr\u00e1fica del mismo.<br \/>\nSi la base de datos s\u00f3lo proporciona la referencia bibliogr\u00e1fica del documento consulte <a href=\"http:\/\/catoute.unileon.es\/\" target=\"_blank\" rel=\"noopener noreferrer\">el cat\u00e1logo de la Biblioteca\u00a0<\/a> para comprobar si la revista en la que se ha publicado el art\u00edculo est\u00e1 disponible en la ULE. Puede estar en formato impreso o como revista electr\u00f3nica dentro de cualquiera de las colecciones suscritas. (Recuerde que en el cat\u00e1logo de la Biblioteca ha de buscar el t\u00edtulo de la revista, no el t\u00edtulo del art\u00edculo).<br \/>\nSi la revista no estuviera disponible entre nuestros fondos (impresos o\u00a0electr\u00f3nicos)\u00a0solicite el documento mediante <a href=\"https:\/\/biblioteca.unileon.es\/prestamointerbib\" target=\"_blank\" rel=\"noopener noreferrer\">pr\u00e9stamo interbibliotecario\u00a0<\/a>\u00a0(servicio restringido a usuarios de la Universidad de Le\u00f3n).<\/p>\n<table class=\"aligncenter\" style=\"width: 102.524%; height: 1646px;\" border=\"1\" cellspacing=\"0\" cellpadding=\"0\">\n<tbody>\n<tr style=\"height: 13px;\">\n<td style=\"width: 24.3111%; height: 13px;\" valign=\"top\">\n<p align=\"center\"><strong><span style=\"color: #003300;\">Nombre<br \/>\n(pinchar para acceder)<\/span><\/strong><\/p>\n<\/td>\n<td style=\"width: 47.8725%; height: 13px;\" valign=\"top\">\n<p align=\"center\"><strong><span style=\"color: #003300;\">Productor<\/span><\/strong><\/p>\n<p align=\"center\"><strong><span style=\"color: #003300;\">Contenido<\/span><\/strong><\/p>\n<\/td>\n<td style=\"width: 29.5283%; height: 13px;\" valign=\"top\">\n<p align=\"center\"><strong><span style=\"color: #003300;\">Acceso y<\/span><\/strong><\/p>\n<p align=\"center\"><strong><span style=\"color: #003300;\">Gu\u00edas de uso<\/span><\/strong><\/p>\n<\/td>\n<\/tr>\n<tr style=\"height: 101px;\">\n<td style=\"width: 24.3111%; height: 64px;\" valign=\"top\">\n<p align=\"center\"><b>\u00a0 \u00a0 \u00a0<a href=\"https:\/\/buc-ule.primo.exlibrisgroup.com\/discovery\/fulldisplay?docid=alma991001521049705772&amp;context=L&amp;vid=34BUC_ULE:VU1&amp;search_scope=MyInst_and_CI&amp;tab=Everything&amp;lang=es\" target=\"_blank\" rel=\"noopener noreferrer\"><img loading=\"lazy\" decoding=\"async\" class=\"alignleft\" src=\"http:\/\/www.infoconstruccion.es\/media\/uploads\/noticias\/Logo_AENOR_MA%CC%81S_color.jpg\" alt=\"\" width=\"140\" height=\"74\" \/><\/a>\u00a0 \u00a0 \u00a0 \u00a0 \u00a0 \u00a0 \u00a0\u00a0<\/b><\/p>\n<\/td>\n<td style=\"width: 47.8725%; text-align: justify; height: 64px;\" valign=\"top\">\n<p style=\"text-align: justify;\">AENOR. Acceso al texto completo de todas las normas UNE elaboradas y adoptadas por AENOR.<\/p>\n<\/td>\n<td style=\"width: 29.5283%; height: 64px;\" valign=\"top\">\n<p style=\"text-align: justify;\" align=\"center\"><a href=\"https:\/\/biblioteca.unileon.es\/files\/AENORmas.pdf#overlay-context=content\/gu%25C3%25ADas-de-recursos-e\" class=\"mtli_attachment mtli_pdf\" target=\"_blank\" rel=\"noopener noreferrer\">Acceso desde fuera de la ULE<\/a><\/p>\n<p align=\"center\">(a trav\u00e9s de datos del carn\u00e9 universitario)<\/p>\n<\/td>\n<\/tr>\n<tr style=\"height: 231px;\">\n<td style=\"width: 24.3111%; height: 231px;\"><a href=\"https:\/\/catoute.unileon.es\/permalink\/34BUC_ULE\/1ekdeev\/alma991008753889805772\" target=\"_blank\" rel=\"noopener noreferrer\"><img loading=\"lazy\" decoding=\"async\" class=\"\" src=\"https:\/\/www.accessengineeringlibrary.com\/sites\/default\/files\/2018-06\/mhe-ae-header-logo-accessengineering%402x.png\" alt=\"Access Engineering\" width=\"213\" height=\"34\" \/><\/a><b><\/b><\/td>\n<td style=\"width: 47.8725%; text-align: justify; height: 231px;\">\n<p style=\"text-align: justify;\">MacGraw-Hill. Plataforma interactiva de referencia y aprendizaje de contenidos online con las referencias de ingenier\u00eda m\u00e1s importantes del mundo<\/p>\n<\/td>\n<td style=\"width: 29.5283%; height: 231px;\">\n<p style=\"text-align: center;\" align=\"center\">Acceso desde fuera de la ULE<\/p>\n<p align=\"center\">(cuenta institucional de correo))<\/p>\n<\/td>\n<\/tr>\n<tr style=\"height: 207px;\">\n<td style=\"width: 24.3111%; height: 207px;\"><a href=\"https:\/\/buc-ule.primo.exlibrisgroup.com\/discovery\/dbfulldisplay?docid=alma991007888199705772&amp;context=L&amp;vid=34BUC_ULE:VU1&amp;lang=es\" target=\"_blank\" rel=\"noopener noreferrer\"><img loading=\"lazy\" decoding=\"async\" class=\"alignleft wp-image-1044\" src=\"http:\/\/bibliotecas.unileon.es\/agronomos\/files\/2019\/03\/agricola.gif\" alt=\"\" width=\"125\" height=\"63\" \/><\/a><\/td>\n<td style=\"width: 47.8725%; text-align: justify; height: 207px;\">\n<p style=\"text-align: justify;\">Biblioteca Nacional de Agricultura. Proveedor: Ebsco.\u00a0Base de datos con registros bibliogr\u00e1ficos de la Biblioteca Nacional de Agricultura de EEUU. Cobertura desde 1970<\/p>\n<\/td>\n<td style=\"width: 29.5283%; height: 207px;\">\n<p align=\"center\"><a href=\"https:\/\/biblioteca.unileon.es\/files\/Agr%C3%ADcola_0.pdf#overlay-context=content\/gu%25C3%25ADas-de-recursos-e\" class=\"mtli_attachment mtli_pdf\" target=\"_blank\" rel=\"noopener noreferrer\">Acceso desde fuera de la ULE<\/a><\/p>\n<p align=\"center\">(cuenta institucional de correo)<\/p>\n<\/td>\n<\/tr>\n<tr style=\"height: 171px;\">\n<td style=\"width: 24.3111%; height: 171px;\" valign=\"top\">\n<h6 align=\"center\"><\/h6>\n<h6 align=\"center\"><\/h6>\n<h6 align=\"center\"><\/h6>\n<h6 align=\"center\"><a href=\"https:\/\/buc-ule.primo.exlibrisgroup.com\/discovery\/dbfulldisplay?docid=alma991004569129705772&amp;context=L&amp;vid=34BUC_ULE:VU1&amp;lang=es\" target=\"_blank\" rel=\"noopener noreferrer\"><img loading=\"lazy\" decoding=\"async\" class=\"wp-image-1043 alignleft\" src=\"http:\/\/bibliotecas.unileon.es\/agronomos\/files\/2019\/03\/INDICES-300x125.png\" alt=\"\" width=\"134\" height=\"56\" srcset=\"https:\/\/bibliotecas.unileon.es\/agronomos\/files\/2019\/03\/INDICES-300x125.png 300w, https:\/\/bibliotecas.unileon.es\/agronomos\/files\/2019\/03\/INDICES.png 348w\" sizes=\"auto, (max-width: 134px) 100vw, 134px\" \/><\/a><\/h6>\n<p>&nbsp;<\/p>\n<p>&nbsp;<\/td>\n<td style=\"width: 47.8725%; text-align: justify; height: 171px;\" valign=\"top\">\n<p style=\"text-align: justify;\">CSIC. Informaci\u00f3n y Documentaci\u00f3n de la Ciencia en Espa\u00f1a (\u00cdnDICEs-CSIC) es un recurso bibliogr\u00e1fico multidisciplinar que recopila y difunde principalmente art\u00edculos de investigaci\u00f3n publicados en revistas cient\u00edficas espa\u00f1olas.<\/p>\n<\/td>\n<td style=\"width: 29.5283%; height: 171px;\" valign=\"top\">\n<p style=\"text-align: center;\" align=\"center\">Acceso desde fuera de la ULE\u00a0(a trav\u00e9s de datos del carnet universitario)<\/p>\n<p style=\"text-align: center;\" align=\"center\"><a href=\"http:\/\/biblioteca.unileon.es\/files\/%C3%8DnDICEs_Guia%20de%20registro.pdf#overlay-context=content\/gu%25C3%25ADas-de-recursos-e\" class=\"mtli_attachment mtli_pdf\" target=\"_blank\" rel=\"noopener noreferrer\">Gu\u00eda para el registro<\/a><\/p>\n<\/td>\n<\/tr>\n<tr style=\"height: 190px;\">\n<td style=\"width: 24.3111%; height: 190px;\" valign=\"top\">\n<p align=\"center\"><a href=\"https:\/\/buc-ule.primo.exlibrisgroup.com\/discovery\/dbfulldisplay?docid=alma991001023209705772&amp;context=L&amp;vid=34BUC_ULE:VU1&amp;lang=es\" target=\"_blank\" rel=\"noopener noreferrer\"><img loading=\"lazy\" decoding=\"async\" class=\"alignleft\" src=\"https:\/\/www.ebscohost.com\/prod-mastheads\/CABAbstract_Masthead_Web.png\" width=\"181\" height=\"44\" \/><\/a><\/p>\n<\/td>\n<td style=\"width: 47.8725%; text-align: justify; height: 190px;\" valign=\"top\">Cabi Publishing. Proveedor: Ebsco. Base de datos bibliogr\u00e1fica de investigaci\u00f3n sobre agricultura, ciencias forestales, medio ambiente y disciplinas afines&#8230;<\/td>\n<td style=\"width: 29.5283%; height: 190px;\" valign=\"top\">\n<p align=\"center\"><a href=\"http:\/\/biblioteca.unileon.es\/files\/CAB-Abstracts_Acceso-fuera-de-la-ULE.pdf#overlay-context=content\/gu%25C3%25ADas-de-recursos-e\" class=\"mtli_attachment mtli_pdf\" target=\"_blank\" rel=\"noopener noreferrer\">Acceso desde fuera de la ULE<\/a><\/p>\n<p align=\"center\">(cuenta institucional de correo)<\/p>\n<\/td>\n<\/tr>\n<tr style=\"height: 190px;\">\n<td style=\"width: 24.3111%; height: 190px;\" valign=\"top\">\n<p align=\"center\"><a href=\"https:\/\/buc-ule.primo.exlibrisgroup.com\/discovery\/dbfulldisplay?docid=alma99265679006036&amp;context=L&amp;vid=34BUC_ULE:VU1&amp;lang=es\" target=\"_blank\" rel=\"noopener noreferrer\"><img loading=\"lazy\" decoding=\"async\" class=\"alignleft\" src=\"http:\/\/bibliotecas.unileon.es\/ciencias-economicas-empresariales\/files\/2015\/03\/DIALNET-PLUS.jpg\" width=\"149\" height=\"39\" \/><\/a><\/p>\n<\/td>\n<td style=\"width: 47.8725%; text-align: justify; height: 190px;\" valign=\"top\">Universidad de La Rioja. Sumarios de m\u00e1s de 9.000 revistas, mayoritariamente en espa\u00f1ol, casi 3.000 de ellas a texto completo.<\/p>\n<p>De acceso gratuito pero con grandes ventajas para usuarios de la ULE y registrados<\/td>\n<td style=\"width: 29.5283%; height: 190px;\" valign=\"top\">\n<p align=\"center\"><a href=\"http:\/\/dialnet.unirioja.es\/info\/ayuda\/indice\" target=\"_blank\" rel=\"noopener noreferrer\">Tutoriales en la web del editor<\/a><\/p>\n<p align=\"center\"><a class=\"mtli_attachment mtli_pdf mtli_attachment mtli_pdf\" href=\"http:\/\/dialnet.unirioja.es\/publico\/anexos\/info_Dialnet_Plus.pdf\" target=\"_blank\" rel=\"noopener noreferrer\">DialnetPlus<\/a><\/p>\n<\/td>\n<\/tr>\n<tr style=\"height: 65px;\">\n<td style=\"width: 24.3111%; height: 65px;\"><a href=\"https:\/\/buc-ule.primo.exlibrisgroup.com\/discovery\/dbfulldisplay?docid=alma99314894906036&amp;context=L&amp;vid=34BUC_ULE:VU1&amp;lang=es\" target=\"_blank\" rel=\"noopener noreferrer\"><img loading=\"lazy\" decoding=\"async\" class=\"alignleft wp-image-1046\" src=\"http:\/\/bibliotecas.unileon.es\/agronomos\/files\/2019\/03\/Environment-300x146.jpg\" alt=\"\" width=\"142\" height=\"69\" srcset=\"https:\/\/bibliotecas.unileon.es\/agronomos\/files\/2019\/03\/Environment-300x146.jpg 300w, https:\/\/bibliotecas.unileon.es\/agronomos\/files\/2019\/03\/Environment.jpg 313w\" sizes=\"auto, (max-width: 142px) 100vw, 142px\" \/><\/a><\/td>\n<td style=\"width: 47.8725%; text-align: justify; height: 65px;\">Proveedor: Ebsco. Base de datos sobre agricultura, ecolog\u00eda de sistemas, energ\u00eda y \u00e1reas de estudio afiliadas. Ofrece texto completo<\/td>\n<td style=\"width: 29.5283%; height: 65px;\">\n<p align=\"center\">Acceso desde fuera de la ULE<\/p>\n<p align=\"center\">(cuenta institucional de correo)<\/p>\n<\/td>\n<\/tr>\n<tr style=\"height: 190px;\">\n<td style=\"width: 24.3111%; height: 190px;\" valign=\"top\">&nbsp;<\/p>\n<p>&nbsp;<\/p>\n<p><a href=\"https:\/\/buc-ule.primo.exlibrisgroup.com\/discovery\/fulldisplay?docid=alma99314896206036&amp;context=L&amp;vid=34BUC_ULE:VU1&amp;search_scope=MyInst_and_CI&amp;tab=Everything&amp;lang=es\" target=\"_blank\" rel=\"noopener noreferrer\"><img loading=\"lazy\" decoding=\"async\" class=\"alignleft wp-image-1102\" src=\"https:\/\/bibliotecas.unileon.es\/agronomos\/files\/2019\/10\/food-Science-Source.jpg\" alt=\"\" width=\"178\" height=\"50\" \/><\/a><\/td>\n<td style=\"width: 47.8725%; text-align: justify; height: 190px;\" valign=\"top\">Cabi Publishing. Proveedor: Ebsco. Base de datos a texto completo sobre la\u00a0Industria alimentaria. Ofrece acceso a m\u00e1s de 800 revistas, monograf\u00edas, publicaciones comerciales, y proporciona gran cantidad de informes clave de la industria alimentaria y del mercado.<\/td>\n<td style=\"width: 29.5283%; height: 190px;\" valign=\"top\">\n<p align=\"center\"><a href=\"http:\/\/biblioteca.unileon.es\/files\/Food%20Science%20Source%20%28Ebsco%29_Acceso-fuera-de-la-ULE%20-%20copia.pdf#overlay-context=content\/gu%25C3%25ADas-de-recursos-e\" class=\"mtli_attachment mtli_pdf\" target=\"_blank\" rel=\"noopener noreferrer\">Acceso desde fuera de la ULE<\/a><\/p>\n<p align=\"center\">(cuenta institucional de correo)<\/p>\n<\/td>\n<\/tr>\n<tr style=\"height: 1px;\">\n<td style=\"width: 24.3111%; height: 1px;\" valign=\"top\"><strong>\u00a0 \u00a0 \u00a0 \u00a0<\/strong><\/p>\n<p><strong>\u00a0 \u00a0 \u00a0 \u00a0 \u00a0 \u00a0\u00a0<a href=\"https:\/\/catoute.unileon.es\/discovery\/fulldisplay?docid=alma991003656549705772&amp;context=L&amp;vid=34BUC_ULE:VU1&amp;search_scope=MyInst_and_CI&amp;tab=Everything&amp;lang=es\" target=\"_blank\" rel=\"noopener noreferrer\"><img loading=\"lazy\" decoding=\"async\" class=\"alignleft\" src=\"http:\/\/asset06.scoot.co.uk\/P\/21\/20151104105926ae870cd13af457d969bea67bc0727ec4.jpg\" width=\"100\" height=\"59\" \/><\/a><\/strong><\/p>\n<h4 align=\"center\"><\/h4>\n<\/td>\n<td style=\"width: 47.8725%; height: 1px;\" valign=\"top\">\n<p style=\"text-align: justify;\">FSTA. Proveedor: Ovid Base de datos bibliogr\u00e1fica sobre ciencia de los alimentos, tecnolog\u00eda de la alimentaci\u00f3n y nutrici\u00f3n. Cobertura desde 1990<\/p>\n<\/td>\n<td style=\"width: 29.5283%; height: 1px;\" valign=\"top\">\n<p align=\"center\"><a href=\"http:\/\/biblioteca.unileon.es\/files\/FSTA_2.pdf#overlay-context=content\/gu%25C3%25ADas-de-recursos-e\" class=\"mtli_attachment mtli_pdf\" target=\"_blank\" rel=\"noopener noreferrer\">Acceso desde fuera de la ULE<\/a><\/p>\n<p align=\"center\">(cuenta institucional de correo)<\/p>\n<\/td>\n<\/tr>\n<tr style=\"height: 88px;\">\n<td style=\"width: 24.3111%; height: 88px;\" valign=\"top\">\n<h6 style=\"text-align: center;\"><\/h6>\n<p style=\"text-align: center;\"><a href=\"https:\/\/catoute.unileon.es\/discovery\/fulldisplay?docid=alma991000073539705772&amp;context=L&amp;vid=34BUC_ULE:VU1&amp;search_scope=MyInst_and_CI&amp;tab=Everything&amp;lang=es\" target=\"_blank\" rel=\"noopener noreferrer\"><img loading=\"lazy\" decoding=\"async\" class=\"alignleft\" src=\"https:\/\/www.elsevier.com\/?a=98887\" width=\"108\" height=\"31\" \/><\/a><\/p>\n<\/td>\n<td style=\"width: 47.8725%; height: 88px; text-align: justify;\" valign=\"top\">Elsevier. Licencia nacional (FECYT). Referencias bibliogr\u00e1ficas y res\u00famenes de m\u00e1s de 17.000 revistas. Sirve de base para elaborar el indicador SJR (Scimago Journal and Country Rank).<\/td>\n<td style=\"width: 29.5283%; height: 88px;\" valign=\"top\">\n<p align=\"center\"><a href=\"http:\/\/biblioteca.unileon.es\/files\/Scopus.ACCESO%20DESDE%20FUERA%20DE%20LA%20ULE.pdf#overlay-context=content\/gu%25C3%25ADas-de-recursos-e\" class=\"mtli_attachment mtli_pdf\" target=\"_blank\" rel=\"noopener noreferrer\">Acceso desde fuera de la ULE<\/a><br \/>\n(mediante cuenta personal y\/o cuenta institucional de correo)<\/p>\n<\/td>\n<\/tr>\n<tr style=\"height: 236px;\">\n<td style=\"width: 24.3111%; height: 236px;\" valign=\"top\"><a href=\"https:\/\/catoute.unileon.es\/discovery\/fulldisplay?docid=alma991005804089705772&amp;context=L&amp;vid=34BUC_ULE:VU1&amp;search_scope=MyInst_and_CI&amp;tab=Everything&amp;lang=es\" target=\"_blank\" rel=\"noopener noreferrer\"><img loading=\"lazy\" decoding=\"async\" class=\"alignnone\" src=\"https:\/\/upload.wikimedia.org\/wikipedia\/en\/f\/f3\/Web_of_Science_Logo.png\" alt=\"Resultado de imagen de web of science clarivate\" width=\"161\" height=\"82\" \/><\/a><\/td>\n<td style=\"width: 47.8725%; height: 236px; text-align: justify;\" valign=\"top\">Clarivate Analytics. Licencia nacional (FECYT).<br \/>\n\u00cdndice de citas elaborado sobre publicaciones de alto impacto.Tres series: Science Citation Index, Social Sciences Citation Index y Arts &amp; Humanities Citation Index.<\/td>\n<td style=\"width: 29.5283%; height: 236px;\" valign=\"top\">\n<p align=\"center\"><a href=\"http:\/\/biblioteca.unileon.es\/files\/WoS.pdf#overlay-context=content\/gu%25C3%25ADas-de-recursos-e\" class=\"mtli_attachment mtli_pdf\" target=\"_blank\" rel=\"noopener noreferrer\">Acceso desde fuera de la ULE<\/a><br \/>\n(cuenta institucional de correo)<\/p>\n<p align=\"center\">Gu\u00eda r\u00e1pida<\/p>\n<p align=\"center\">Tutoriales y formaciones<br \/>\ngrabadas.<\/p>\n<\/td>\n<\/tr>\n<\/tbody>\n<\/table>\n<p><strong>\u00a0<\/strong><\/p>\n<p>&nbsp;<\/p>\n<p>&nbsp;<\/p>\n<p>&nbsp;<\/p>\n<p align=\"center\">\n","protected":false},"excerpt":{"rendered":"<p>De inter\u00e9s para la\u00a0Ingenier\u00eda Agraria, la Biblioteca de la ULE tiene suscripci\u00f3n a los siguientes productos. Su uso es exclusivo para miembros de la comunidad universitaria. BASES DE DATOS BIBLIOGR\u00c1FICAS Las bases de datos bibliogr\u00e1ficas contienen art\u00edculos publicados en revistas &hellip; <a href=\"https:\/\/bibliotecas.unileon.es\/agronomos\/bases-de-datos-suscritas\/\">Sigue leyendo <span class=\"meta-nav\">&rarr;<\/span><\/a><\/p>\n","protected":false},"author":19,"featured_media":0,"parent":0,"menu_order":0,"comment_status":"closed","ping_status":"closed","template":"","meta":{"_bbp_topic_count":0,"_bbp_reply_count":0,"_bbp_total_topic_count":0,"_bbp_total_reply_count":0,"_bbp_voice_count":0,"_bbp_anonymous_reply_count":0,"_bbp_topic_count_hidden":0,"_bbp_reply_count_hidden":0,"_bbp_forum_subforum_count":0,"footnotes":""},"class_list":["post-702","page","type-page","status-publish","hentry"],"_links":{"self":[{"href":"https:\/\/bibliotecas.unileon.es\/agronomos\/wp-json\/wp\/v2\/pages\/702","targetHints":{"allow":["GET"]}}],"collection":[{"href":"https:\/\/bibliotecas.unileon.es\/agronomos\/wp-json\/wp\/v2\/pages"}],"about":[{"href":"https:\/\/bibliotecas.unileon.es\/agronomos\/wp-json\/wp\/v2\/types\/page"}],"author":[{"embeddable":true,"href":"https:\/\/bibliotecas.unileon.es\/agronomos\/wp-json\/wp\/v2\/users\/19"}],"replies":[{"embeddable":true,"href":"https:\/\/bibliotecas.unileon.es\/agronomos\/wp-json\/wp\/v2\/comments?post=702"}],"version-history":[{"count":4,"href":"https:\/\/bibliotecas.unileon.es\/agronomos\/wp-json\/wp\/v2\/pages\/702\/revisions"}],"predecessor-version":[{"id":1301,"href":"https:\/\/bibliotecas.unileon.es\/agronomos\/wp-json\/wp\/v2\/pages\/702\/revisions\/1301"}],"wp:attachment":[{"href":"https:\/\/bibliotecas.unileon.es\/agronomos\/wp-json\/wp\/v2\/media?parent=702"}],"curies":[{"name":"wp","href":"https:\/\/api.w.org\/{rel}","templated":true}]}}