{"id":703,"date":"2015-10-27T11:35:05","date_gmt":"2015-10-27T09:35:05","guid":{"rendered":"http:\/\/bibliotecas.unileon.es\/agronomos\/?page_id=703"},"modified":"2021-12-16T15:20:56","modified_gmt":"2021-12-16T13:20:56","slug":"revistas-electronicas-colecciones-y-titulos","status":"publish","type":"page","link":"https:\/\/bibliotecas.unileon.es\/agronomos\/revistas-electronicas-colecciones-y-titulos\/","title":{"rendered":"Revistas electr\u00f3nicas"},"content":{"rendered":"<p style=\"text-align: justify;\">Todas las revistas electr\u00f3nicas suscritas por la Biblioteca pueden ser buscadas por su t\u00edtulo en el <a href=\"http:\/\/catoute.unileon.es\/\" target=\"_blank\" rel=\"noopener noreferrer\">Cat\u00e1logo bibliogr\u00e1fico<\/a>, bien en el \u201cCat\u00e1logo general\u201d o en la opci\u00f3n espec\u00edfica de \u201cRevistas electr\u00f3nicas\u201d, tanto si forman parte de una colecci\u00f3n como si han sido adquiridos individualmente.<\/p>\n<p style=\"text-align: justify;\">Una vez localizado el registro se debe prestar especial atenci\u00f3n a la pesta\u00f1a \u201cFondos\/ejemplares\u201d donde podr\u00e1 encontrar informaci\u00f3n sobre los a\u00f1os disponibles as\u00ed como un enlace que le llevar\u00e1 a la colecci\u00f3n de revistas o base de datos en la que este t\u00edtulo est\u00e9 incluido.<br \/>\nTenga en cuenta que el editor impone en ocasiones restricciones de acceso a algunos a\u00f1os. Si esto sucede y la Biblioteca no dispone de versi\u00f3n impresa de la revista\u00a0puede conseguir el texto del art\u00edculo mediante <a href=\"https:\/\/biblioteca.unileon.es\/prestamointerbib\" target=\"_blank\" rel=\"noopener noreferrer\">pr\u00e9stamo interbibliotecario<\/a>.<\/p>\n<p>&nbsp;<\/p>\n<p><strong><span style=\"color: #003300;\">COLECCIONES DE REVISTAS ELECTR\u00d3NICAS<\/span><\/strong><\/p>\n<p>&nbsp;<\/p>\n<table style=\"height: 993px; width: 639px;\" border=\"1\" cellspacing=\"0\" cellpadding=\"0\">\n<tbody>\n<tr style=\"height: 112px;\">\n<td style=\"width: 174px; height: 112px;\" valign=\"top\">\n<p align=\"center\"><strong><span style=\"color: #008000;\">T\u00edtulo<\/span><\/strong><\/p>\n<p align=\"center\"><strong><span style=\"color: #008000;\">(pinchar para acceder)<\/span><\/strong><\/p>\n<\/td>\n<td style=\"width: 175px; height: 112px;\" valign=\"top\">\n<p align=\"center\"><strong><span style=\"color: #008000;\">Productor<\/span><\/strong><\/p>\n<p align=\"center\"><strong><span style=\"color: #008000;\">Contenido<\/span><\/strong><\/p>\n<\/td>\n<td style=\"width: 145px; height: 112px;\" valign=\"top\">\n<p align=\"center\"><strong><span style=\"color: #008000;\">Acceso y<br \/>\nGu\u00edas de uso<\/span><\/strong><\/p>\n<\/td>\n<\/tr>\n<tr style=\"height: 78px;\">\n<td style=\"width: 174px; height: 78px; text-align: center; vertical-align: middle;\" valign=\"top\">\n<p align=\"center\">\u00a0<img loading=\"lazy\" decoding=\"async\" class=\"aligncenter\" src=\"https:\/\/www.dynapubli.com\/Recursos\/img\/logoPubli.png\" alt=\"PUBLICACIONES DYNA\" width=\"94\" height=\"61\" \/><\/p>\n<\/td>\n<td style=\"width: 175px; height: 78px; text-align: center; vertical-align: middle;\" valign=\"top\">Revistas de la Editorial Dyna<\/p>\n<p style=\"text-align: left;\"><a href=\"https:\/\/catoute.unileon.es\/discovery\/fulldisplay?docid=alma991003129479705772&amp;context=L&amp;vid=34BUC_ULE:VU1&amp;search_scope=MyInst_and_CI&amp;tab=Everything&amp;lang=es\" target=\"_blank\" rel=\"noopener noreferrer\"><span class=\"m_9077416920307176344gmail-m_5672574117075976921gmail-m_-4604490868153770072gmail-m_5826242580833486816gmail-m_-1416518526115666209gmail-il\"><span class=\"il\">DYNA Ingenier\u00eda e Industria<\/span><\/span><\/a><\/p>\n<p style=\"text-align: left;\"><a href=\"https:\/\/catoute.unileon.es\/discovery\/fulldisplay?docid=alma991006527459705772&amp;context=L&amp;vid=34BUC_ULE:VU1&amp;search_scope=MyInst_and_CI&amp;tab=Everything&amp;lang=es\" target=\"_blank\" rel=\"noopener noreferrer\"><span class=\"m_9077416920307176344gmail-m_5672574117075976921gmail-m_-4604490868153770072gmail-m_5826242580833486816gmail-m_-1416518526115666209gmail-il\"><span class=\"il\">DYNA<\/span><\/span>\u00a0Energ\u00eda y Sostenibilidad<\/a><\/p>\n<p style=\"text-align: left;\"><a href=\"https:\/\/catoute.unileon.es\/discovery\/fulldisplay?docid=alma991006527339705772&amp;context=L&amp;vid=34BUC_ULE:VU1&amp;search_scope=MyInst_and_CI&amp;tab=Everything&amp;lang=es\" target=\"_blank\" rel=\"noopener noreferrer\"><span class=\"m_9077416920307176344gmail-m_5672574117075976921gmail-m_-4604490868153770072gmail-m_5826242580833486816gmail-m_-1416518526115666209gmail-il\"><span class=\"il\">DYNA<\/span><\/span>\u00a0Management<\/a><\/p>\n<p style=\"text-align: left;\"><a href=\"https:\/\/catoute.unileon.es\/discovery\/fulldisplay?docid=alma991006527579705772&amp;context=L&amp;vid=34BUC_ULE:VU1&amp;search_scope=MyInst_and_CI&amp;tab=Everything&amp;lang=es\" target=\"_blank\" rel=\"noopener noreferrer\"><span class=\"m_9077416920307176344gmail-m_5672574117075976921gmail-m_-4604490868153770072gmail-m_5826242580833486816gmail-m_-1416518526115666209gmail-il\"><span class=\"il\">DYNA<\/span><\/span>\u00a0New Technologies<\/a><\/p>\n<\/td>\n<td style=\"width: 145px; height: 78px; text-align: center; vertical-align: middle;\" valign=\"top\">\n<p align=\"center\">\u00a0Acceso desde fuera de la ULE<\/p>\n<p align=\"center\">(a trav\u00e9s de unas claves. Pregunta en tu Biblioteca)<\/p>\n<\/td>\n<\/tr>\n<tr style=\"height: 208px;\">\n<td style=\"width: 174px; height: 208px; text-align: center; vertical-align: middle;\" valign=\"top\">\n<p align=\"center\"><a href=\"https:\/\/catoute.unileon.es\/discovery\/dbfulldisplay?docid=alma99307950006036&amp;context=L&amp;vid=34BUC_ULE:VU1&amp;lang=es\" target=\"_blank\" rel=\"noopener noreferrer\"><img loading=\"lazy\" decoding=\"async\" src=\"http:\/\/bibliotecas.unileon.es\/ciencias-economicas-empresariales\/files\/2015\/03\/sciencedirect-logo.jpg\" alt=\"\" width=\"194\" height=\"43\" \/><\/a><\/p>\n<\/td>\n<td style=\"width: 175px; height: 208px; vertical-align: middle; text-align: center;\" valign=\"top\">Elsevier. Texto completo, sumarios y res\u00famenes de casi 2.000 revistas de las editoriales Elsevier, Pergamon y Northolland (multidisciplinar)<\/td>\n<td style=\"width: 145px; height: 208px; text-align: center; vertical-align: middle;\" valign=\"top\">\n<p align=\"center\"><a class=\"mtli_attachment mtli_pdf mtli_attachment mtli_pdf\" href=\"http:\/\/bibliotecas.unileon.es\/agronomos\/files\/2015\/10\/ScienceDirect_-Acceso-fuera-de-la-ULE.pdf\" target=\"_blank\" rel=\"noopener noreferrer\">Acceso desde fuera de la ULE<\/a><br \/>\n(con los datos del correo-e)<\/p>\n<p align=\"center\"><a href=\"http:\/\/help.sciencedirect.com\/Content\/tutorials\/sd_menu.html\" target=\"_blank\" rel=\"noopener noreferrer\">Videotutoriales en ingl\u00e9s<\/a><\/p>\n<\/td>\n<\/tr>\n<tr style=\"height: 239px;\">\n<td style=\"width: 174px; height: 239px; text-align: center; vertical-align: middle;\" valign=\"top\">\n<p align=\"center\"><a href=\"https:\/\/catoute.unileon.es\/discovery\/dbfulldisplay?docid=alma991005735329705772&amp;context=L&amp;vid=34BUC_ULE:VU1&amp;lang=es\" target=\"_blank\" rel=\"noopener noreferrer\"><img loading=\"lazy\" decoding=\"async\" src=\"http:\/\/bibliotecas.unileon.es\/ciencias-economicas-empresariales\/files\/2015\/03\/logo-springer.jpg\" alt=\"\" width=\"196\" height=\"56\" \/><\/a><\/p>\n<\/td>\n<td style=\"width: 175px; height: 239px; text-align: center; vertical-align: middle;\" valign=\"top\">\u00a0M\u00e1s de 1.500 t\u00edtulos a texto completo de los grupos editoriales Springer y Kluwer (multidisciplinar)<\/td>\n<td style=\"width: 145px; height: 239px; text-align: center; vertical-align: middle;\" valign=\"top\">\n<p align=\"center\"><a class=\"mtli_attachment mtli_pdf mtli_attachment mtli_pdf\" href=\"http:\/\/biblioteca.unileon.es\/files\/SPRINGER_0.pdf#overlay-context=ayuda-formacion\/guias-de-recusos-e\" target=\"_blank\" rel=\"noopener noreferrer\">Acceso desde fuera de la ULE<\/a><br \/>\n(con los datos del correo-e)<\/p>\n<p align=\"center\"><a href=\"http:\/\/www.springer.com\/librarians\/training?SGWID=0-1719713-12-974634-0\" target=\"_blank\" rel=\"noopener noreferrer\">Videotutoriales en ingl\u00e9s<\/a><\/p>\n<p align=\"center\"><a class=\"mtli_attachment mtli_pdf mtli_attachment mtli_pdf\" href=\"http:\/\/bibliotecas.unileon.es\/ciencias-economicas-empresariales\/files\/2013\/02\/springerlink.pdf\" target=\"_blank\" rel=\"noopener noreferrer\">Gu\u00eda r\u00e1pida en ingl\u00e9s<\/a><\/p>\n<\/td>\n<\/tr>\n<tr style=\"height: 304px;\">\n<td style=\"width: 174px; height: 304px; text-align: center; vertical-align: middle;\" valign=\"top\">\n<p align=\"center\"><a href=\"https:\/\/catoute.unileon.es\/discovery\/dbfulldisplay?docid=alma991005738169705772&amp;context=L&amp;vid=34BUC_ULE:VU1&amp;lang=es\" target=\"_blank\" rel=\"noopener noreferrer\"><img loading=\"lazy\" decoding=\"async\" src=\"http:\/\/bibliotecas.unileon.es\/ciencias-economicas-empresariales\/files\/2015\/03\/logo-wiley.png\" alt=\"\" width=\"162\" height=\"57\" \/><\/a><\/p>\n<p align=\"center\"><b>\u00a0<\/b><\/p>\n<\/td>\n<td style=\"width: 175px; height: 304px; text-align: center; vertical-align: middle;\" valign=\"top\">\u00a0Texto completo de m\u00e1s de 1.000 revistas del grupo Wiley &amp; Sons (multidisciplinar)<\/td>\n<td style=\"width: 145px; height: 304px; text-align: center; vertical-align: middle;\" valign=\"top\">\n<p align=\"center\"><a href=\"http:\/\/bibliotecas.unileon.es\/agronomos\/files\/2018\/06\/Wiley_-Acceso-fuera-de-la-ULE.pdf\" class=\"mtli_attachment mtli_pdf\" target=\"_blank\" rel=\"noopener noreferrer\">Acceso desde fuera de la ULE<\/a><br \/>\n(con los datos del correo-e)<\/p>\n<p align=\"center\"><a href=\"http:\/\/olabout.wiley.com\/WileyCDA\/Section\/id-397512.html#WOL\" target=\"_blank\" rel=\"noopener noreferrer\">Videotutoriales en ingl\u00e9s<\/a><\/p>\n<p align=\"center\"><a class=\"mtli_attachment mtli_pdf mtli_attachment mtli_pdf\" href=\"http:\/\/bibliotecas.unileon.es\/ciencias-economicas-empresariales\/files\/2013\/02\/wiley-onlinelibrary-guia-rapida-ingles.pdf\" target=\"_blank\" rel=\"noopener noreferrer\">Gu\u00eda r\u00e1pida en ingl\u00e9s<\/a><\/p>\n<\/td>\n<\/tr>\n<\/tbody>\n<\/table>\n<p><strong><span style=\"color: #003300;\">REVISTAS ELECTR\u00d3NICAS POR MATERIAS (T\u00cdTULOS)<\/span><\/strong><\/p>\n<p><a href=\"http:\/\/catoute.unileon.es\/search~S5*spi\/?searchtype=X&amp;searcharg=plantas+or+plants&amp;searchscope=5&amp;sortdropdown=-&amp;SORT=DX&amp;extended=0&amp;SUBMIT=Buscar&amp;searchlimits=&amp;searchorigarg=Xagricultur*%26SORT%3DDY\" target=\"_blank\" rel=\"noopener noreferrer\">Agricultura\u00a0 <\/a><br \/>\n<a href=\"http:\/\/catoute.unileon.es\/search~S5*spi\/X?cultivo*+or+crop*&amp;searchscope=5&amp;SORT=DXZ\" target=\"_blank\" rel=\"noopener noreferrer\">Cultivos<\/a><br \/>\n<a href=\"http:\/\/catoute.unileon.es\/search~S5*spi\/X?edafolog*+or+climatolog*&amp;searchscope=5&amp;SORT=DXZ\" target=\"_blank\" rel=\"noopener noreferrer\">Edafolog\u00eda y climatolog\u00eda<\/a><br \/>\n<a href=\"http:\/\/catoute.unileon.es\/search~S5*spi\/?searchtype=X&amp;searcharg=%22economia+ambiental%22+or+%22environmental+economic%22&amp;searchscope=5&amp;sortdropdown=-&amp;SORT=DX&amp;extended=0&amp;SUBMIT=Buscar&amp;searchlimits=&amp;searchorigarg=Xhidraulica+or+riegos+or+hydraulics%26SORT%3DDX\" target=\"_blank\" rel=\"noopener noreferrer\">Econom\u00eda ambiental<\/a><br \/>\n<a href=\"http:\/\/catoute.unileon.es\/search~S5*spi\/?searchtype=X&amp;searcharg=hidraulica+or+riegos+or+hydraulics&amp;searchscope=5&amp;sortdropdown=-&amp;SORT=DX&amp;extended=0&amp;SUBMIT=Buscar&amp;searchlimits=&amp;searchorigarg=Xmotor*+or+maquina*+or+engines%26SORT%3DDX\" target=\"_blank\" rel=\"noopener noreferrer\">Hidraulica y riegos<\/a><br \/>\n<a href=\"http:\/\/catoute.unileon.es\/search~S5*spi\/?searchtype=X&amp;searcharg=%22informacion+geografica%22+or+%22geographic+information%22&amp;searchscope=5&amp;sortdropdown=-&amp;SORT=DX&amp;extended=0&amp;SUBMIT=Buscar&amp;searchlimits=&amp;searchorigarg=Xjardines+or+gardens%26SORT%3DDY\" target=\"_blank\" rel=\"noopener noreferrer\">Informaci\u00f3n geogr\u00e1fica<\/a><br \/>\n<a href=\"http:\/\/catoute.unileon.es\/search~S5*spi\/?searchtype=X&amp;searcharg=%22medio+ambiente%22+or+environment&amp;searchscope=5&amp;sortdropdown=-&amp;SORT=DX&amp;extended=0&amp;SUBMIT=Buscar&amp;searchlimits=&amp;searchorigarg=Xcultivo*+or+crop*%26SORT%3DDXZ\" target=\"_blank\" rel=\"noopener noreferrer\">Medio Ambiente<\/a><br \/>\n<a href=\"http:\/\/catoute.unileon.es\/search~S5*spi\/?searchtype=X&amp;searcharg=motor*+or+maquina*+or+engines&amp;searchscope=5&amp;sortdropdown=-&amp;SORT=DX&amp;extended=0&amp;SUBMIT=Buscar&amp;searchlimits=&amp;searchorigarg=Xmotor*+or+maquina*+or+engine*%26SORT%3DDX\" target=\"_blank\" rel=\"noopener noreferrer\">Motores y m\u00e1quinas<\/a><br \/>\n<a href=\"http:\/\/catoute.unileon.es\/search~S5*spi\/?searchtype=X&amp;searcharg=plantas+or+plants&amp;searchscope=5&amp;sortdropdown=-&amp;SORT=DX&amp;extended=0&amp;SUBMIT=Buscar&amp;searchlimits=&amp;searchorigarg=Xagricultur*%26SORT%3DDY\" target=\"_blank\" rel=\"noopener noreferrer\">Plantas<\/a><br \/>\n<a href=\"http:\/\/catoute.unileon.es\/search~S5*spi\/?searchtype=X&amp;searcharg=suelos+or+soils&amp;searchscope=5&amp;sortdropdown=-&amp;SORT=DZ&amp;extended=0&amp;SUBMIT=Buscar&amp;searchlimits=&amp;searchorigarg=Xfisica+or+fisics%26SORT%3DDZ\" target=\"_blank\" rel=\"noopener noreferrer\">Suelos<\/a><\/p>\n<p>&nbsp;<\/p>\n<p>&nbsp;<\/p>\n","protected":false},"excerpt":{"rendered":"<p>Todas las revistas electr\u00f3nicas suscritas por la Biblioteca pueden ser buscadas por su t\u00edtulo en el Cat\u00e1logo bibliogr\u00e1fico, bien en el \u201cCat\u00e1logo general\u201d o en la opci\u00f3n espec\u00edfica de \u201cRevistas electr\u00f3nicas\u201d, tanto si forman parte de una colecci\u00f3n como si &hellip; <a href=\"https:\/\/bibliotecas.unileon.es\/agronomos\/revistas-electronicas-colecciones-y-titulos\/\">Sigue leyendo <span class=\"meta-nav\">&rarr;<\/span><\/a><\/p>\n","protected":false},"author":19,"featured_media":0,"parent":0,"menu_order":0,"comment_status":"closed","ping_status":"closed","template":"","meta":{"_bbp_topic_count":0,"_bbp_reply_count":0,"_bbp_total_topic_count":0,"_bbp_total_reply_count":0,"_bbp_voice_count":0,"_bbp_anonymous_reply_count":0,"_bbp_topic_count_hidden":0,"_bbp_reply_count_hidden":0,"_bbp_forum_subforum_count":0,"footnotes":""},"class_list":["post-703","page","type-page","status-publish","hentry"],"_links":{"self":[{"href":"https:\/\/bibliotecas.unileon.es\/agronomos\/wp-json\/wp\/v2\/pages\/703","targetHints":{"allow":["GET"]}}],"collection":[{"href":"https:\/\/bibliotecas.unileon.es\/agronomos\/wp-json\/wp\/v2\/pages"}],"about":[{"href":"https:\/\/bibliotecas.unileon.es\/agronomos\/wp-json\/wp\/v2\/types\/page"}],"author":[{"embeddable":true,"href":"https:\/\/bibliotecas.unileon.es\/agronomos\/wp-json\/wp\/v2\/users\/19"}],"replies":[{"embeddable":true,"href":"https:\/\/bibliotecas.unileon.es\/agronomos\/wp-json\/wp\/v2\/comments?post=703"}],"version-history":[{"count":1,"href":"https:\/\/bibliotecas.unileon.es\/agronomos\/wp-json\/wp\/v2\/pages\/703\/revisions"}],"predecessor-version":[{"id":718,"href":"https:\/\/bibliotecas.unileon.es\/agronomos\/wp-json\/wp\/v2\/pages\/703\/revisions\/718"}],"wp:attachment":[{"href":"https:\/\/bibliotecas.unileon.es\/agronomos\/wp-json\/wp\/v2\/media?parent=703"}],"curies":[{"name":"wp","href":"https:\/\/api.w.org\/{rel}","templated":true}]}}