{"id":704,"date":"2015-10-27T11:34:01","date_gmt":"2015-10-27T09:34:01","guid":{"rendered":"http:\/\/bibliotecas.unileon.es\/agronomos\/?page_id=704"},"modified":"2021-04-30T11:58:34","modified_gmt":"2021-04-30T09:58:34","slug":"libros-electronicos","status":"publish","type":"page","link":"https:\/\/bibliotecas.unileon.es\/agronomos\/libros-electronicos\/","title":{"rendered":"Libros electr\u00f3nicos"},"content":{"rendered":"<h3 style=\"text-align: left;\"><strong><span style=\"color: #003300;\"><span style=\"color: #993300;\">Plataforma de pr\u00e9stamo de libros electr\u00f3nicos GRIAL<\/span><br \/>\n<\/span><\/strong><\/h3>\n<p style=\"text-align: justify;\"><strong><span style=\"color: #808080;\">Gu\u00eda de Pr\u00e9stamo de los libros electr\u00f3nicos<\/span><\/strong><\/p>\n<p><a href=\"http:\/\/bibliotecas.unileon.es\/agronomos\/files\/2015\/10\/e-books.jpg\"><img loading=\"lazy\" decoding=\"async\" class=\"alignleft wp-image-934\" style=\"float: left; margin-left: 12px; margin-right: 12px;\" src=\"http:\/\/bibliotecas.unileon.es\/agronomos\/files\/2015\/10\/e-books-300x193.jpg\" alt=\"\" width=\"143\" height=\"92\" srcset=\"https:\/\/bibliotecas.unileon.es\/agronomos\/files\/2015\/10\/e-books-300x193.jpg 300w, https:\/\/bibliotecas.unileon.es\/agronomos\/files\/2015\/10\/e-books-768x494.jpg 768w, https:\/\/bibliotecas.unileon.es\/agronomos\/files\/2015\/10\/e-books.jpg 960w\" sizes=\"auto, (max-width: 143px) 100vw, 143px\" \/><\/a><\/p>\n<p>&nbsp;<\/p>\n<p><strong><span style=\"color: #808080;\"><span style=\"color: #003366;\"><a href=\"http:\/\/bibliotecas.unileon.es\/agronomos\/files\/2015\/03\/GuiaBcaESTIA-Pr\u00e9stamo-Libros-electr\u00f3nicos.pdf\" class=\"mtli_attachment mtli_pdf\">Gu\u00eda de funcionamiento<\/a>. Folleto explicativo del pr\u00e9stamo de libros electr\u00f3nicos en la<\/span> <a href=\"http:\/\/grial.unileon.es\/\" target=\"_blank\" rel=\"noopener noreferrer\">plataforma GRIAL<\/a><\/span><\/strong><\/p>\n<p>&nbsp;<\/p>\n<p><strong><span style=\"color: #003300;\">Libros electr\u00f3nicos de Ingenier\u00eda Agraria en Grial<\/span><\/strong><\/p>\n<table style=\"height: 100px;\" width=\"539\">\n<tbody>\n<tr>\n<td rowspan=\"5\" width=\"323\">\u00a0<a href=\"http:\/\/grial.unileon.es\/\" target=\"_blank\" rel=\"noopener noreferrer\"><img loading=\"lazy\" decoding=\"async\" class=\" aligncenter\" src=\"http:\/\/bibliotecas.unileon.es\/ciencias-economicas-empresariales\/files\/2015\/03\/grial.png\" alt=\"\" width=\"93\" height=\"97\" \/><\/a><\/p>\n<h6><\/h6>\n<\/td>\n<td width=\"542\"><a href=\"http:\/\/grial.unileon.es\/Search\/Results?join=AND&amp;bool0%5B%5D=AND&amp;lookfor0%5B%5D=63*&amp;type0%5B%5D=cdu-full&amp;sort=year\" target=\"_blank\" rel=\"noopener noreferrer\">Agricultura<\/a><\/td>\n<\/tr>\n<tr>\n<td width=\"542\"><a href=\"http:\/\/grial.unileon.es\/Search\/Results?join=AND&amp;bool0%5B%5D=OR&amp;lookfor0%5B%5D=hormigon&amp;type0%5B%5D=AllFields&amp;lookfor0%5B%5D=acero&amp;type0%5B%5D=AllFields&amp;lookfor0%5B%5D=edificacion&amp;type0%5B%5D=AllFields&amp;submit=Buscar\" target=\"_blank\" rel=\"noopener noreferrer\">Ingenier\u00eda civil y de la construcci\u00f3n<\/a><\/td>\n<\/tr>\n<tr>\n<td width=\"542\"><a href=\"http:\/\/grial.unileon.es\/Search\/Results?join=AND&amp;bool0%5B%5D=OR&amp;lookfor0%5B%5D=fisica&amp;type0%5B%5D=AllFields&amp;lookfor0%5B%5D=quimica&amp;type0%5B%5D=AllFields&amp;lookfor0%5B%5D=matematicas&amp;type0%5B%5D=AllFields&amp;filter%5B%5D=topic_facet%3A%22MATEM%C3%81TICAS%22&amp;view=list\" target=\"_blank\" rel=\"noopener noreferrer\">Matem\u00e1ticas<\/a><\/td>\n<\/tr>\n<tr>\n<td width=\"542\"><a href=\"http:\/\/grial.unileon.es\/Search\/Results?join=AND&amp;bool0%5B%5D=AND&amp;lookfor0%5B%5D=alimentos&amp;type0%5B%5D=AllFields&amp;filter%5B%5D=topic_facet%3A%22Tecnolog%C3%ADa+de+alimentos+y+bebidas%22&amp;view=list\" target=\"_blank\" rel=\"noopener noreferrer\">Tecnolog\u00eda de los alimentos<\/a><\/td>\n<\/tr>\n<tr>\n<td width=\"542\"><a href=\"http:\/\/grial.unileon.es\/Search\/Results?join=AND&amp;bool0%5B%5D=OR&amp;lookfor0%5B%5D=ingenieria+electrica&amp;type0%5B%5D=AllFields&amp;lookfor0%5B%5D=tecnologia+electrica&amp;type0%5B%5D=AllFields&amp;lookfor0%5B%5D=&amp;type0%5B%5D=AllFields&amp;submit=Buscar\" target=\"_blank\" rel=\"noopener noreferrer\">Tecnolog\u00eda el\u00e9ctrica<\/a><\/td>\n<\/tr>\n<\/tbody>\n<\/table>\n<p>&nbsp;<\/p>\n<h3><\/h3>\n<h3><strong><span style=\"color: #993300;\">Plataforma de lectura pr\u00e9stamo y descarga de libros electr\u00f3nicos E-Libro<\/span><\/strong><\/h3>\n<div>\n<p><strong><span style=\"color: #003300;\">La mayor plataforma de libros electr\u00f3nicos en espa\u00f1ol (tambi\u00e9n dispone de colecciones en ingl\u00e9s) para bibliotecas universitarias<\/span><\/strong><\/p>\n<\/div>\n<p style=\"text-align: justify;\"><a href=\"https:\/\/buc-ule.primo.exlibrisgroup.com\/permalink\/34BUC_ULE\/cpikm1\/alma991008791789805772\" target=\"_blank\" rel=\"noopener noreferrer\"><img loading=\"lazy\" decoding=\"async\" class=\" alignnone\" style=\"margin-left: 12px; margin-right: 12px; float: left;\" src=\"https:\/\/bibliotecas.unileon.es\/agronomos\/files\/2019\/10\/e-libro.png\" alt=\"\" width=\"147\" height=\"70\" \/><\/a><span style=\"font-size: 16px;\"><a href=\"https:\/\/buc-ule.primo.exlibrisgroup.com\/permalink\/34BUC_ULE\/cpikm1\/alma991008791789805772\" target=\"_blank\" rel=\"noopener noreferrer\">Acceso<\/a> a m\u00e1s de 86.000 t\u00edtulos digitales, fundamentalmente manuales y bibliograf\u00eda recomendada de ayuda a docentes y estudiantes en todas las titulaciones y \u00e1reas, publicados por unas 500 editoriales de Espa\u00f1a, Portugal e Hispanoam\u00e9rica. Adem\u00e1s, tambi\u00e9n ofrece acceso a revistas y tesis doctorales.<\/span><\/p>\n<div style=\"text-align: justify;\"><span style=\"font-size: 16px;\">Si necesitas m\u00e1s informaci\u00f3n, puedes consultar la <a href=\"http:\/\/www.e-libro.com\/SistemaArchivos\/descargas\/e-libro_GUIA_RAPIDA.pdf\" class=\"mtli_attachment mtli_pdf\" target=\"_blank\" rel=\"noopener noreferrer\">gu\u00eda r\u00e1pida de uso<\/a> y el <a href=\"http:\/\/www.e-libro.com\/SistemaArchivos\/descargas\/ayuda_elibro.pdf\" class=\"mtli_attachment mtli_pdf\" target=\"_blank\" rel=\"noopener noreferrer\">manual de ayuda<\/a><\/span><\/div>\n<p><span style=\"color: #800000;\">Importante!!!<\/span> hay que crearse una cuenta para poder descargar tanto los cap\u00edtulos como el libro completo. Una vez que entres en la plataforma, localiza el apartado \u00abRegistrarse\u00bb arriba a la derecha, y cr\u00e9ate una cuenta.<\/p>\n<p>Si accedes desde casa, se te solicitar\u00e1 que te identifiques con tu correo institucional para poder acceder a la plataforma.<\/p>\n<h3><strong><span style=\"color: #993300;\">Plataforma de lectura de libros electr\u00f3nicos INGeBOOK<\/span><\/strong><\/h3>\n<p><strong><span style=\"color: #003300;\">Libros electr\u00f3nicos en espa\u00f1ol para estudiantes de Ciencias e Ingenier\u00edas<\/span><\/strong>. M\u00e1s de 1500 libros accesibles desde cualquier lugar y sin restricciones de horarios<\/p>\n<p style=\"text-align: justify;\"><a href=\"https:\/\/buc-ule.primo.exlibrisgroup.com\/discovery\/fulldisplay?docid=alma991006333289705772&amp;context=L&amp;vid=34BUC_ULE:VU1&amp;search_scope=MyInst_and_CI&amp;tab=Everything&amp;lang=es\" target=\"_blank\" rel=\"noopener noreferrer\"><img loading=\"lazy\" decoding=\"async\" class=\" \" style=\"margin-left: 12px; margin-right: 12px; float: left;\" src=\"https:\/\/bibliotecas.unileon.es\/agronomos\/files\/2019\/10\/Ingebook.jpg\" alt=\"\" width=\"129\" height=\"68\" \/><\/a><a href=\"https:\/\/buc-ule.primo.exlibrisgroup.com\/discovery\/fulldisplay?docid=alma991006333289705772&amp;context=L&amp;vid=34BUC_ULE:VU1&amp;search_scope=MyInst_and_CI&amp;tab=Everything&amp;lang=es\" target=\"_blank\" rel=\"noopener noreferrer\">Acceso<\/a> a todo el fondo editorial de las editoriales <strong><span style=\"color: #003300;\">Pearson, MacGraw-Hill, Garc\u00eda-Maroto Editores, Revert\u00e9<\/span><\/strong>, as\u00ed como 5 t\u00edtulos de Cinter Divulgaci\u00f3n y 31 t\u00edtulos de Aenor Ediciones<\/p>\n<p style=\"text-align: justify;\">Tan simple como acceder, buscar un libro y comenzar a estudiar. Consulta <a href=\"http:\/\/bibliotecas.unileon.es\/agronomos\/files\/2015\/10\/INGeBOOD_Gu\u00eda-de-uso.pdf\" class=\"mtli_attachment mtli_pdf\" target=\"_blank\" rel=\"noopener noreferrer\">la gu\u00eda de uso<\/a> y comienza a utilizar INGeBOOK<\/p>\n<ul>\n<li>Varios usuarios simult\u00e1neamente pueden consultar el mismo libro.<\/li>\n<li>No permite descargas, s\u00f3lo lectura<\/li>\n<\/ul>\n<h3><strong><span style=\"color: #993300;\">Plataforma interactiva de referencia y aprendizaje Access Engineering<br \/>\n<\/span><\/strong><\/h3>\n<p><span dir=\"auto\">Plataforma de McGraw-Hill que proporciona acceso a una variada selecci\u00f3n de informaci\u00f3n actualizada sobre temas de Ingenier\u00eda<\/span><\/p>\n<p style=\"text-align: justify;\"><a href=\"https:\/\/catoute.unileon.es\/permalink\/34BUC_ULE\/ar7q83\/alma991008753889805772\" target=\"_blank\" rel=\"noopener noreferrer\"><img loading=\"lazy\" decoding=\"async\" class=\"alignleft\" src=\"https:\/\/www.accessengineeringlibrary.com\/sites\/default\/files\/2018-06\/mhe-ae-header-logo-accessengineering%402x.png\" alt=\"Access Engineering\" width=\"213\" height=\"34\" \/><\/a> <a href=\"https:\/\/catoute.unileon.es\/permalink\/34BUC_ULE\/ar7q83\/alma991008753889805772\" target=\"_blank\" rel=\"noopener noreferrer\">Acceso<\/a> a m\u00e1s de 700 manuales (en ingl\u00e9s) a texto completo. <span dir=\"auto\">Contiene manuales de referencia (como el Manual del ingeniero qu\u00edmico de Perry o el Manual del ingeniero mec\u00e1nico de Marks), y m\u00e1s de 700 t\u00edtulos de libros especializados en Ingenier\u00eda Electr\u00f3nica, Ambiental, Industrial, Sistemas y Biom\u00e9dica.<br \/>\n<\/span><\/p>\n<h3><strong><span style=\"color: #993300;\">Acceso temporal a colecciones editoriales.\u00a0 NOVEDAD!!!<\/span><br \/>\n<\/strong><\/h3>\n<p style=\"text-align: justify;\"><a href=\"https:\/\/link.springer.com\/search?facet-content-type=Book&amp;showAll=false&amp;query=&amp;date-facet-mode=between&amp;facet-start-year=2019&amp;previous-start-year=1969&amp;facet-end-year=2019&amp;previous-end-year=2020\" target=\"_blank\" rel=\"noopener noreferrer\"><img loading=\"lazy\" decoding=\"async\" class=\"alignleft\" src=\"https:\/\/biblioteca.unileon.es\/files\/files\/images\/Springer_1.png\" alt=\"\" width=\"152\" height=\"94\" \/><\/a>Hasta el 24 de julio de 2020, se puede consultar m\u00e1s de <span style=\"color: #333399;\">250<\/span> libros electr\u00f3nicos disponibles para la lectura y decarga (en ingl\u00e9s) de la editorial Springer\u00a0<a href=\"https:\/\/rd.springer.com\/search?previous-start-year=1864&amp;previous-end-year=2020&amp;facet-content-type=%22Book%22&amp;date-facet-mode=between&amp;facet-language=%22En%22&amp;showAll=false&amp;facet-end-year=2019&amp;facet-start-year=2019\" target=\"_blank\" rel=\"noopener noreferrer\"> publicados en 2019<\/a><\/p>\n<p>Consulta y descarga <a href=\"https:\/\/rd.springer.com\/search?facet-content-type=%22Book%22&amp;showAll=false\" target=\"_blank\" rel=\"noopener noreferrer\">m\u00e1s de 1400 libros a texto completo publicados desde 1981<\/a><\/p>\n<h3 style=\"text-align: justify;\"><strong><span style=\"color: #993300;\">Libros electr\u00f3nicos de ingenier\u00eda agraria\u00a0en otras plataformas<\/span><br \/>\n<\/strong><\/h3>\n<ul>\n<li style=\"text-align: justify;\">La consulta se hace en l\u00ednea desde cualquier ordenador de la red local.<\/li>\n<li style=\"text-align: justify;\">Desde fuera del campus es necesario identificarse con los datos del correo-e\u00a0(ScienceDirect, Springer Link, Wiley Online Library&#8230;)<\/li>\n<li style=\"text-align: justify;\">Varios usuarios simult\u00e1neamente pueden consultar el mismo libro.<\/li>\n<li style=\"text-align: justify;\">Contenido parcial puede ser descargado en el ordenador personal. Las licencias de uso prohiben las descargas masivas.<\/li>\n<\/ul>\n<table style=\"height: 576px; width: 100%;\" width=\"639\">\n<tbody>\n<tr style=\"height: 24px;\">\n<td style=\"width: 45.7813%; height: 24px;\" width=\"323\"><strong><span style=\"color: #003300;\">Plataforma<\/span><\/strong><\/td>\n<td style=\"width: 54.0625%; height: 24px;\" width=\"542\"><strong><span style=\"color: #003300;\">Materias<\/span><\/strong><\/td>\n<\/tr>\n<tr style=\"height: 24px;\">\n<td style=\"width: 45.7813%; height: 168px;\" rowspan=\"7\" width=\"323\">\u00a0<a href=\"https:\/\/buc-ule.primo.exlibrisgroup.com\/discovery\/dbfulldisplay?docid=alma99307950006036&amp;context=L&amp;vid=34BUC_ULE:VU1&amp;lang=es\" target=\"_blank\" rel=\"noopener noreferrer\"><img loading=\"lazy\" decoding=\"async\" class=\"aligncenter\" src=\"http:\/\/bibliotecas.unileon.es\/ciencias-economicas-empresariales\/files\/2015\/03\/sciencedirect-logo.jpg\" alt=\"\" width=\"185\" height=\"41\" \/><\/a><\/td>\n<td style=\"width: 54.0625%; height: 24px;\" width=\"542\"><a href=\"https:\/\/www.sciencedirect.com\/browse\/journals-and-books?contentType=BK&amp;subject=agricultural-and-biological-sciences\" target=\"_blank\" rel=\"noopener noreferrer\">Agricultural and Biological Sciences<\/a><\/td>\n<\/tr>\n<tr style=\"height: 24px;\">\n<td style=\"width: 54.0625%; height: 24px;\" width=\"542\"><a href=\"https:\/\/www.sciencedirect.com\/browse\/journals-and-books?contentType=BK&amp;subject=earth-and-planetary-sciences\" target=\"_blank\" rel=\"noopener noreferrer\">Earth Sciences<\/a><\/td>\n<\/tr>\n<tr style=\"height: 24px;\">\n<td style=\"width: 54.0625%; height: 24px;\" width=\"542\"><a href=\"https:\/\/www.sciencedirect.com\/browse\/journals-and-books?contentType=BK&amp;subject=energy\" target=\"_blank\" rel=\"noopener noreferrer\">Energy<\/a><\/td>\n<\/tr>\n<tr style=\"height: 24px;\">\n<td style=\"width: 54.0625%; height: 24px;\" width=\"542\"><a href=\"https:\/\/www.sciencedirect.com\/browse\/journals-and-books?contentType=BK&amp;subject=environmental-science\" target=\"_blank\" rel=\"noopener noreferrer\">Environmental Science<\/a><\/td>\n<\/tr>\n<tr style=\"height: 24px;\">\n<td style=\"width: 54.0625%; height: 24px;\" width=\"542\"><a href=\"https:\/\/www.sciencedirect.com\/browse\/journals-and-books?contentType=BK&amp;subject=chemical-engineering\" target=\"_blank\" rel=\"noopener noreferrer\">Chemical Engineering<\/a><\/td>\n<\/tr>\n<tr style=\"height: 24px;\">\n<td style=\"width: 54.0625%; height: 24px;\" width=\"542\"><a href=\"https:\/\/www.sciencedirect.com\/browse\/journals-and-books?contentType=BK&amp;subject=materials-science\" target=\"_blank\" rel=\"noopener noreferrer\">Materials Science<\/a><\/td>\n<\/tr>\n<tr style=\"height: 24px;\">\n<td style=\"width: 54.0625%; height: 24px;\" width=\"542\"><a href=\"https:\/\/www.sciencedirect.com\/browse\/journals-and-books?contentType=BK&amp;subject=mathematics\" target=\"_blank\" rel=\"noopener noreferrer\">Mathematics<\/a><\/td>\n<\/tr>\n<tr style=\"height: 24px;\">\n<td style=\"width: 45.7813%; height: 192px;\" rowspan=\"8\" width=\"323\"><a href=\"https:\/\/buc-ule.primo.exlibrisgroup.com\/discovery\/fulldisplay?docid=alma991005738169705772&amp;context=L&amp;vid=34BUC_ULE:VU1&amp;search_scope=MyInst_and_CI&amp;tab=Everything&amp;lang=es\" target=\"_blank\" rel=\"noopener noreferrer\"><img loading=\"lazy\" decoding=\"async\" class=\"aligncenter\" src=\"http:\/\/bibliotecas.unileon.es\/ciencias-economicas-empresariales\/files\/2015\/03\/logo-wiley.png\" alt=\"\" width=\"160\" height=\"56\" \/><\/a><\/p>\n<h6><\/h6>\n<\/td>\n<td style=\"width: 54.0625%; height: 24px;\" width=\"542\"><a href=\"https:\/\/onlinelibrary.wiley.com\/topic\/browse\/000018\" target=\"_blank\" rel=\"noopener noreferrer\">Agriculture<\/a><\/td>\n<\/tr>\n<tr style=\"height: 24px;\">\n<td style=\"width: 54.0625%; height: 24px;\" width=\"542\"><a href=\"https:\/\/onlinelibrary.wiley.com\/topic\/browse\/000052\" target=\"_blank\" rel=\"noopener noreferrer\">Environmental Studies<\/a><\/td>\n<\/tr>\n<tr style=\"height: 24px;\">\n<td style=\"width: 54.0625%; height: 24px;\" width=\"542\"><a href=\"https:\/\/onlinelibrary.wiley.com\/topic\/browse\/000046\" target=\"_blank\" rel=\"noopener noreferrer\">Ecology<\/a><\/td>\n<\/tr>\n<tr style=\"height: 24px;\">\n<td style=\"width: 54.0625%; height: 24px;\" width=\"542\"><a href=\"https:\/\/onlinelibrary.wiley.com\/topic\/browse\/000142\" target=\"_blank\" rel=\"noopener noreferrer\">Energy<\/a><\/td>\n<\/tr>\n<tr style=\"height: 24px;\">\n<td style=\"width: 54.0625%; height: 24px;\" width=\"542\"><a href=\"https:\/\/onlinelibrary.wiley.com\/topic\/browse\/000078\" target=\"_blank\" rel=\"noopener noreferrer\">Material Science<\/a><\/td>\n<\/tr>\n<tr style=\"height: 24px;\">\n<td style=\"width: 54.0625%; height: 24px;\" width=\"542\"><a href=\"https:\/\/onlinelibrary.wiley.com\/topic\/browse\/000079\" target=\"_blank\" rel=\"noopener noreferrer\">Mathematics<\/a><\/td>\n<\/tr>\n<tr style=\"height: 24px;\">\n<td style=\"width: 54.0625%; height: 24px;\" width=\"542\"><a href=\"https:\/\/onlinelibrary.wiley.com\/topic\/browse\/000100\" target=\"_blank\" rel=\"noopener noreferrer\">Plant Science<\/a><\/td>\n<\/tr>\n<tr style=\"height: 24px;\">\n<td style=\"width: 54.0625%; height: 24px;\" width=\"542\"><a href=\"https:\/\/onlinelibrary.wiley.com\/topic\/browse\/000120\" target=\"_blank\" rel=\"noopener noreferrer\">Zoology &amp; Animal Science<\/a><\/td>\n<\/tr>\n<tr style=\"height: 24px;\">\n<td style=\"width: 45.7813%; height: 192px;\" rowspan=\"8\" width=\"323\">\n<p style=\"text-align: center;\">\u00a0<a href=\"https:\/\/catoute.unileon.es\/permalink\/34BUC_ULE\/1ekdeev\/alma991005735329705772\" target=\"_blank\" rel=\"noopener noreferrer\"><img loading=\"lazy\" decoding=\"async\" class=\"alignleft\" src=\"http:\/\/bibliotecas.unileon.es\/ciencias-economicas-empresariales\/files\/2015\/03\/logo-springer.jpg\" alt=\"\" width=\"200\" height=\"57\" \/><\/a><\/p>\n<p>&nbsp;<\/td>\n<td style=\"width: 54.0625%; height: 24px;\" width=\"542\"><a href=\"http:\/\/link.springer.com\/search?facet-discipline=%22Life+Sciences%22&amp;facet-content-type=%22Book%22&amp;showAll=false&amp;facet-sub-discipline=%22Agriculture%22\" target=\"_blank\" rel=\"noopener noreferrer\">Agriculture<\/a><\/td>\n<\/tr>\n<tr style=\"height: 24px;\">\n<td style=\"width: 54.0625%; height: 24px;\" width=\"542\"><a href=\"https:\/\/link.springer.com\/search?facet-content-type=%22Book%22&amp;just-selected-from-overlay=facet-discipline&amp;showAll=false&amp;just-selected-from-overlay-value=%22Earth+Sciences%22&amp;query=earth+sciences&amp;facet-discipline=%22Earth+Sciences%22\" target=\"_blank\" rel=\"noopener noreferrer\">Earth Sciences<\/a><\/td>\n<\/tr>\n<tr style=\"height: 24px;\">\n<td style=\"width: 54.0625%; height: 24px;\" width=\"542\"><a href=\"http:\/\/link.springer.com\/search?showAll=false&amp;facet-discipline=%22Life+Sciences%22&amp;facet-content-type=%22Book%22&amp;facet-sub-discipline=%22Ecology%22\" target=\"_blank\" rel=\"noopener noreferrer\">Ecology<\/a><\/td>\n<\/tr>\n<tr style=\"height: 24px;\">\n<td style=\"width: 54.0625%; height: 24px;\" width=\"542\"><a href=\"http:\/\/link.springer.com\/search?facet-discipline=%22Energy%22&amp;showAll=false&amp;facet-content-type=%22Book%22\" target=\"_blank\" rel=\"noopener noreferrer\">Energy<\/a><\/td>\n<\/tr>\n<tr style=\"height: 24px;\">\n<td style=\"width: 54.0625%; height: 24px;\" width=\"542\"><a href=\"https:\/\/link.springer.com\/search?facet-content-type=%22Book%22&amp;just-selected-from-overlay=facet-discipline&amp;facet-discipline=%22Environment%22&amp;showAll=false&amp;just-selected-from-overlay-value=%22Environment%22\" target=\"_blank\" rel=\"noopener noreferrer\">Environment<\/a><\/td>\n<\/tr>\n<tr style=\"height: 24px;\">\n<td style=\"width: 54.0625%; height: 24px;\" width=\"542\"><a href=\"http:\/\/link.springer.com\/search?facet-discipline=%22Life+Sciences%22&amp;showAll=false&amp;facet-content-type=%22Book%22\" target=\"_blank\" rel=\"noopener noreferrer\">Life Sciences<\/a><\/td>\n<\/tr>\n<tr style=\"height: 24px;\">\n<td style=\"width: 54.0625%; height: 24px;\" width=\"542\"><a href=\"http:\/\/link.springer.com\/search?facet-discipline=%22Mathematics%22&amp;showAll=false\" target=\"_blank\" rel=\"noopener noreferrer\">Mathematics<\/a><\/td>\n<\/tr>\n<tr style=\"height: 24px;\">\n<td style=\"width: 54.0625%; height: 24px;\" width=\"542\"><a href=\"http:\/\/link.springer.com\/search?showAll=false&amp;facet-discipline=%22Life+Sciences%22&amp;facet-content-type=%22Book%22&amp;facet-sub-discipline=%22Plant+Sciences%22\" target=\"_blank\" rel=\"noopener noreferrer\">Plant Sciences<\/a><\/td>\n<\/tr>\n<\/tbody>\n<\/table>\n<p>&nbsp;<\/p>\n","protected":false},"excerpt":{"rendered":"<p>Plataforma de pr\u00e9stamo de libros electr\u00f3nicos GRIAL Gu\u00eda de Pr\u00e9stamo de los libros electr\u00f3nicos &nbsp; Gu\u00eda de funcionamiento. Folleto explicativo del pr\u00e9stamo de libros electr\u00f3nicos en la plataforma GRIAL &nbsp; Libros electr\u00f3nicos de Ingenier\u00eda Agraria en Grial \u00a0 Agricultura Ingenier\u00eda &hellip; <a href=\"https:\/\/bibliotecas.unileon.es\/agronomos\/libros-electronicos\/\">Sigue leyendo <span class=\"meta-nav\">&rarr;<\/span><\/a><\/p>\n","protected":false},"author":19,"featured_media":0,"parent":0,"menu_order":0,"comment_status":"closed","ping_status":"closed","template":"","meta":{"_bbp_topic_count":0,"_bbp_reply_count":0,"_bbp_total_topic_count":0,"_bbp_total_reply_count":0,"_bbp_voice_count":0,"_bbp_anonymous_reply_count":0,"_bbp_topic_count_hidden":0,"_bbp_reply_count_hidden":0,"_bbp_forum_subforum_count":0,"footnotes":""},"class_list":["post-704","page","type-page","status-publish","hentry"],"_links":{"self":[{"href":"https:\/\/bibliotecas.unileon.es\/agronomos\/wp-json\/wp\/v2\/pages\/704","targetHints":{"allow":["GET"]}}],"collection":[{"href":"https:\/\/bibliotecas.unileon.es\/agronomos\/wp-json\/wp\/v2\/pages"}],"about":[{"href":"https:\/\/bibliotecas.unileon.es\/agronomos\/wp-json\/wp\/v2\/types\/page"}],"author":[{"embeddable":true,"href":"https:\/\/bibliotecas.unileon.es\/agronomos\/wp-json\/wp\/v2\/users\/19"}],"replies":[{"embeddable":true,"href":"https:\/\/bibliotecas.unileon.es\/agronomos\/wp-json\/wp\/v2\/comments?post=704"}],"version-history":[{"count":1,"href":"https:\/\/bibliotecas.unileon.es\/agronomos\/wp-json\/wp\/v2\/pages\/704\/revisions"}],"predecessor-version":[{"id":719,"href":"https:\/\/bibliotecas.unileon.es\/agronomos\/wp-json\/wp\/v2\/pages\/704\/revisions\/719"}],"wp:attachment":[{"href":"https:\/\/bibliotecas.unileon.es\/agronomos\/wp-json\/wp\/v2\/media?parent=704"}],"curies":[{"name":"wp","href":"https:\/\/api.w.org\/{rel}","templated":true}]}}