{"id":780,"date":"2016-04-07T10:46:07","date_gmt":"2016-04-07T08:46:07","guid":{"rendered":"http:\/\/bibliotecas.unileon.es\/agronomos\/?page_id=780"},"modified":"2021-02-09T18:07:14","modified_gmt":"2021-02-09T16:07:14","slug":"acceso-desde-fuera-de-la-ule","status":"publish","type":"page","link":"https:\/\/bibliotecas.unileon.es\/agronomos\/acceso-desde-fuera-de-la-ule\/","title":{"rendered":"Acceso desde fuera de la ULE"},"content":{"rendered":"<p style=\"text-align: justify;\">Cuando se\u00a0consultan los recursos electr\u00f3nicos desde un ordenador de la ULE (tanto desde la red fija como Wi-Fi) el acceso es inmediato. El proveedor reconoce la IP del equipo y permite la\u00a0consulta al identificarla como procedente de un usuario autorizado.<br \/>\nNo obstante, cuando el acceso se hace desde casa es imprescindible identificarse. Este proceso de identificaci\u00f3n var\u00eda en funci\u00f3n de las bases de datos.<br \/>\nEl objetivo de la Biblioteca Universitaria es implantar en los pr\u00f3ximos meses un modo de acceso \u00fanico desde fuera del Campus para todos los recursos electr\u00f3nicos mediante\u00a0los datos de usuario y contrase\u00f1a de la cuenta institucional de correo electr\u00f3nico. No obstante, en estos momentos todav\u00eda conviven diferentes sistemas e\u00a0incluso el acceso a un mismo recurso puede hacerse por distintas v\u00edas.<\/p>\n<p style=\"text-align: justify;\"><strong><span style=\"color: #008000;\"><span style=\"color: #003300;\">1. Identificaci\u00f3n mediante los datos de la CUENTA DE CORREO (Usuario y contrase\u00f1a) a trav\u00e9s de la RedIris.<\/span><br \/>\n<\/span><\/strong>En las bases de datos que utilizan este sistema de identificaci\u00f3n remota, el usuario simplemente tendr\u00e1 que elegir, entre un desplegable de instituciones, aquella a la que pertenece (Universidad de Le\u00f3n) e identificarse con el usuario y contrase\u00f1a de su cuenta de correo electr\u00f3nico institucional. En estos momentos, esta identifiaci\u00f3n es v\u00e1lida para acceder a:<\/p>\n<ul>\n<li><a href=\"https:\/\/buc-ule.primo.exlibrisgroup.com\/permalink\/34BUC_ULE\/cpikm1\/alma991001023209705772\" target=\"_blank\" rel=\"noopener noreferrer\">CAB Abstracts<\/a><\/li>\n<li><a href=\"https:\/\/catoute.unileon.es\/permalink\/34BUC_ULE\/1ekdeev\/alma991003656549705772\" target=\"_blank\" rel=\"noopener noreferrer\">FSTA<\/a><\/li>\n<li><a href=\"https:\/\/catoute.unileon.es\/permalink\/34BUC_ULE\/cpikm1\/alma991008727977205772\" target=\"_blank\" rel=\"noopener noreferrer\">ScienceDirect<\/a><\/li>\n<li><a href=\"https:\/\/catoute.unileon.es\/permalink\/34BUC_ULE\/1ekdeev\/alma991000073539705772\" target=\"_blank\" rel=\"noopener noreferrer\">Scopus<\/a><\/li>\n<li><a href=\"https:\/\/catoute.unileon.es\/permalink\/34BUC_ULE\/cpikm1\/alma991005735329705772\" target=\"_blank\" rel=\"noopener noreferrer\">SpringerLink<\/a><\/li>\n<li><a href=\"https:\/\/catoute.unileon.es\/permalink\/34BUC_ULE\/1ekdeev\/alma991005804089705772\" target=\"_blank\" rel=\"noopener noreferrer\">Web of Science<\/a><\/li>\n<li><a href=\"https:\/\/catoute.unileon.es\/permalink\/34BUC_ULE\/cpikm1\/alma991005738169705772\" target=\"_blank\" rel=\"noopener noreferrer\">Wiley Online Library<\/a><\/li>\n<\/ul>\n<p style=\"text-align: justify;\"><strong><span style=\"color: #003300;\">2. Identificaci\u00f3n realizada por la Biblioteca a trav\u00e9s de los datos del CARNET UNIVERSITARIO (WAM, Web Access Management)<\/span><\/strong><br \/>\nEl sistema solicita nombre de usuario (apelidos + nombre)\u00a0y n\u00famero que figura encima del c\u00f3digo de barras del carnet universitario.\u00a0Esta forma de identificaci\u00f3n es v\u00e1lida para las siguientes bases de datos y colecciones de revistas electr\u00f3nicas de inter\u00e9s ingenier\u00eda agraria:<\/p>\n<ul>\n<li><a href=\"https:\/\/catoute.unileon.es\/permalink\/34BUC_ULE\/cpikm1\/alma991004569129705772\" target=\"_blank\" rel=\"noopener noreferrer\">ICYT<\/a><\/li>\n<li>Publicaciones Dyna: <a href=\"https:\/\/catoute.unileon.es\/permalink\/34BUC_ULE\/1ekdeev\/alma991003129479705772\" target=\"_blank\" rel=\"noopener noreferrer\">Dyna Ingenier\u00eda e Industria<\/a>, <a href=\"https:\/\/catoute.unileon.es\/permalink\/34BUC_ULE\/1ekdeev\/alma991006527459705772\" target=\"_blank\" rel=\"noopener noreferrer\">Dyna Energ\u00eda y Sostenibilidad<\/a>, <a href=\"https:\/\/catoute.unileon.es\/permalink\/34BUC_ULE\/1ekdeev\/alma991006527339705772\" target=\"_blank\" rel=\"noopener noreferrer\">Dyna Management<\/a>, <a href=\"https:\/\/catoute.unileon.es\/permalink\/34BUC_ULE\/1ekdeev\/alma991006527579705772\" target=\"_blank\" rel=\"noopener noreferrer\">Dyna New Technologies<\/a><\/li>\n<\/ul>\n<p><em>Es muy importante que el carnet universitario est\u00e9 vigente para que la identificaci\u00f3n sea correcta.<\/em><\/p>\n<p style=\"text-align: justify;\">En\u00a0los apartados<a href=\"http:\/\/bibliotecas.unileon.es\/agronomos\/bases-de-datos-suscritas\/\" target=\"_blank\" rel=\"noopener noreferrer\"> \u201cBases de datos suscritas\u201d<\/a> y <a href=\"http:\/\/bibliotecas.unileon.es\/agronomos\/revistas-electronicas-colecciones-y-titulos\/\" target=\"_blank\" rel=\"noopener noreferrer\">\u201cRevistas electr\u00f3nicas (colecciones y t\u00edtulos) <\/a>de este blog se puede consultar una gu\u00eda con todos los pasos a seguir para realizar el acceso desde casa a cada uno de los recursos contratados por cualquiera de estos m\u00e9todos.<br \/>\nIgualmente, desde el registro en el cat\u00e1logo bibliogr\u00e1fico, en\u00a0el apartado \u201cDescripci\u00f3n del recurso, gu\u00edas\u2026\u201d se accede a esta informaci\u00f3n.<\/p>\n","protected":false},"excerpt":{"rendered":"<p>Cuando se\u00a0consultan los recursos electr\u00f3nicos desde un ordenador de la ULE (tanto desde la red fija como Wi-Fi) el acceso es inmediato. El proveedor reconoce la IP del equipo y permite la\u00a0consulta al identificarla como procedente de un usuario autorizado. &hellip; <a href=\"https:\/\/bibliotecas.unileon.es\/agronomos\/acceso-desde-fuera-de-la-ule\/\">Sigue leyendo <span class=\"meta-nav\">&rarr;<\/span><\/a><\/p>\n","protected":false},"author":19,"featured_media":0,"parent":0,"menu_order":0,"comment_status":"closed","ping_status":"closed","template":"","meta":{"_bbp_topic_count":0,"_bbp_reply_count":0,"_bbp_total_topic_count":0,"_bbp_total_reply_count":0,"_bbp_voice_count":0,"_bbp_anonymous_reply_count":0,"_bbp_topic_count_hidden":0,"_bbp_reply_count_hidden":0,"_bbp_forum_subforum_count":0,"footnotes":""},"class_list":["post-780","page","type-page","status-publish","hentry"],"_links":{"self":[{"href":"https:\/\/bibliotecas.unileon.es\/agronomos\/wp-json\/wp\/v2\/pages\/780","targetHints":{"allow":["GET"]}}],"collection":[{"href":"https:\/\/bibliotecas.unileon.es\/agronomos\/wp-json\/wp\/v2\/pages"}],"about":[{"href":"https:\/\/bibliotecas.unileon.es\/agronomos\/wp-json\/wp\/v2\/types\/page"}],"author":[{"embeddable":true,"href":"https:\/\/bibliotecas.unileon.es\/agronomos\/wp-json\/wp\/v2\/users\/19"}],"replies":[{"embeddable":true,"href":"https:\/\/bibliotecas.unileon.es\/agronomos\/wp-json\/wp\/v2\/comments?post=780"}],"version-history":[{"count":1,"href":"https:\/\/bibliotecas.unileon.es\/agronomos\/wp-json\/wp\/v2\/pages\/780\/revisions"}],"predecessor-version":[{"id":783,"href":"https:\/\/bibliotecas.unileon.es\/agronomos\/wp-json\/wp\/v2\/pages\/780\/revisions\/783"}],"wp:attachment":[{"href":"https:\/\/bibliotecas.unileon.es\/agronomos\/wp-json\/wp\/v2\/media?parent=780"}],"curies":[{"name":"wp","href":"https:\/\/api.w.org\/{rel}","templated":true}]}}