{"id":8,"date":"2012-10-16T08:44:27","date_gmt":"2012-10-16T06:44:27","guid":{"rendered":"http:\/\/bibliotecas.unileon.es\/agronomos\/?page_id=8"},"modified":"2024-09-03T09:18:46","modified_gmt":"2024-09-03T07:18:46","slug":"horario","status":"publish","type":"page","link":"https:\/\/bibliotecas.unileon.es\/agronomos\/horario\/","title":{"rendered":"Horario"},"content":{"rendered":"<p style=\"text-align: justify;\"><span style=\"color: #808080;\">Durante el Curso Acad\u00e9mico la Biblioteca de Agr\u00f3nomos est\u00e1 abierta de<strong><span style=\"color: #808000;\"> 8:00 a 20:00 horas, <\/span><\/strong><span style=\"color: #808000;\"><span style=\"color: #808080;\">de lunes a viernes.<\/span><\/span><\/span><\/p>\n<p class=\"destacado\" style=\"color: #857f07;\"><span style=\"color: #808080;\">Los horarios de Navidad, Semana Santa y fiestas locales, as\u00ed como otros horarios especiales, se comunicar\u00e1n con la debida antelaci\u00f3n.<\/span><\/p>\n<p style=\"text-align: justify;\">\n","protected":false},"excerpt":{"rendered":"<p>Durante el Curso Acad\u00e9mico la Biblioteca de Agr\u00f3nomos est\u00e1 abierta de 8:00 a 20:00 horas, de lunes a viernes. Los horarios de Navidad, Semana Santa y fiestas locales, as\u00ed como otros horarios especiales, se comunicar\u00e1n con la debida antelaci\u00f3n.<\/p>\n","protected":false},"author":3,"featured_media":0,"parent":0,"menu_order":0,"comment_status":"closed","ping_status":"closed","template":"","meta":{"_bbp_topic_count":0,"_bbp_reply_count":0,"_bbp_total_topic_count":0,"_bbp_total_reply_count":0,"_bbp_voice_count":0,"_bbp_anonymous_reply_count":0,"_bbp_topic_count_hidden":0,"_bbp_reply_count_hidden":0,"_bbp_forum_subforum_count":0,"footnotes":""},"class_list":["post-8","page","type-page","status-publish","hentry"],"_links":{"self":[{"href":"https:\/\/bibliotecas.unileon.es\/agronomos\/wp-json\/wp\/v2\/pages\/8","targetHints":{"allow":["GET"]}}],"collection":[{"href":"https:\/\/bibliotecas.unileon.es\/agronomos\/wp-json\/wp\/v2\/pages"}],"about":[{"href":"https:\/\/bibliotecas.unileon.es\/agronomos\/wp-json\/wp\/v2\/types\/page"}],"author":[{"embeddable":true,"href":"https:\/\/bibliotecas.unileon.es\/agronomos\/wp-json\/wp\/v2\/users\/3"}],"replies":[{"embeddable":true,"href":"https:\/\/bibliotecas.unileon.es\/agronomos\/wp-json\/wp\/v2\/comments?post=8"}],"version-history":[{"count":26,"href":"https:\/\/bibliotecas.unileon.es\/agronomos\/wp-json\/wp\/v2\/pages\/8\/revisions"}],"predecessor-version":[{"id":593,"href":"https:\/\/bibliotecas.unileon.es\/agronomos\/wp-json\/wp\/v2\/pages\/8\/revisions\/593"}],"wp:attachment":[{"href":"https:\/\/bibliotecas.unileon.es\/agronomos\/wp-json\/wp\/v2\/media?parent=8"}],"curies":[{"name":"wp","href":"https:\/\/api.w.org\/{rel}","templated":true}]}}