{"id":884,"date":"2017-03-23T13:10:17","date_gmt":"2017-03-23T11:10:17","guid":{"rendered":"http:\/\/bibliotecas.unileon.es\/agronomos\/?page_id=884"},"modified":"2024-09-04T09:32:12","modified_gmt":"2024-09-04T07:32:12","slug":"redaccion-de-citas-y-referencias","status":"publish","type":"page","link":"https:\/\/bibliotecas.unileon.es\/agronomos\/redaccion-de-citas-y-referencias\/","title":{"rendered":"Redacci\u00f3n de citas y referencias"},"content":{"rendered":"<p style=\"text-align: justify;\">En la elaboraci\u00f3n de nuestro Trabajo Fin de Grado o Fin de M\u00e1ster, siempre que utilicemos informaci\u00f3n ajena al redactarlo, tanto si incluimos frases literales, datos o tablas, como si resumimos una idea o la parafraseamos, debemos citar la procedencia (cita bibliogr\u00e1fica), y referenciar la fuente (referencia bibliogr\u00e1fica)<\/p>\n<p style=\"text-align: justify;\">La Biblioteca de la Escuela de Ingenier\u00eda Agraria y Forestal, con el apoyo de la Direcci\u00f3n de la Escuela y la aprobaci\u00f3n de la Comisi\u00f3n de Trabajos Fin de Grado, <strong><span style=\"color: #003300;\">recomienda una versi\u00f3n adaptada\u00a0del\u00a0estilo bibliogr\u00e1fico Harvard<\/span><\/strong>\u00a0y pone a vuestra disposici\u00f3n una <span style=\"color: #003300;\"><strong>gu\u00eda<\/strong>\u00a0<\/span>con el objeto de<strong><span style=\"color: #003300;\"> orientaros en el uso correcto y responsable de la informaci\u00f3n.<\/span><\/strong><\/p>\n<table style=\"height: 86px; width: 103.281%; border-collapse: collapse; border-style: solid;\">\n<tbody>\n<tr style=\"height: 72px;\">\n<td style=\"width: 100%; text-align: center; height: 72px;\"><strong><span style=\"color: #008000;\">El estilo de citas y referencias adoptado por la Escuela como estandar para la elaboraci\u00f3n del TFG y TFM\u00a0 es el estilo bibliogr\u00e1fico Harvard-ULE<\/span><\/strong><\/td>\n<\/tr>\n<\/tbody>\n<\/table>\n<p style=\"text-align: justify;\"><strong><span style=\"color: #008000;\">Los estilos bibliogr\u00e1ficos son<\/span><\/strong> un conjunto de reglas que definen qu\u00e9 datos deben aparecer en la referencia de cada tipo de documento, as\u00ed como el orden y el formato tipogr\u00e1fico en el cual deben transcribirse dichos datos.<\/p>\n<p style=\"text-align: justify;\">Gu\u00eda de uso: <a href=\"http:\/\/bibliotecas.unileon.es\/agronomos\/files\/2019\/05\/Harvard_Gu\u00eda-de-uso_3\u00aa-revisi\u00f3n_mayo-2019.pdf\" class=\"mtli_attachment mtli_pdf\" target=\"_blank\" rel=\"noopener noreferrer\">Harvard-ULE: normalizaci\u00f3n de citas y referencias<\/a><\/p>\n<p style=\"text-align: justify;\">Gu\u00eda r\u00e1pida: <a href=\"https:\/\/bibliotecas.unileon.es\/agronomos\/files\/2021\/06\/Harvard_Guia-rapida_3a-revision.pdf\" class=\"mtli_attachment mtli_pdf\" target=\"_blank\" rel=\"noopener\">Harvard-ULE y la tipolog\u00eda documental<\/a><\/p>\n<p style=\"text-align: justify;\"><strong><span style=\"color: #993300;\">GESTORES BIBLIOGR\u00c1FICOS<\/span><\/strong><\/p>\n<p style=\"text-align: justify;\">Para ayudarte con el manejo y ordenaci\u00f3n de las referencias bibliogr\u00e1ficas, la Biblioteca de la Universidad de Le\u00f3n pone a tu disposici\u00f3n los\u00a0programas\u00a0<strong><span style=\"color: #008000;\">Mendeley Institucional y EndNote basic<\/span><\/strong><\/p>\n<p style=\"text-align: justify;\">Son herramientas que te permitir\u00e1n:<\/p>\n<ul>\n<li style=\"text-align: justify;\">Organizar tus referencias<\/li>\n<li style=\"text-align: justify;\">Importar referencias de cat\u00e1logos y otras bases de datos<\/li>\n<li style=\"text-align: justify;\">Elaborar bibliograf\u00edas e insertar citas en tu trabajo<\/li>\n<li style=\"text-align: justify;\">Compartir referencias con tu profesor o con tus compa\u00f1eros<\/li>\n<li style=\"text-align: justify;\">Adjuntar archivos a nuestras referencias: Word, excel, PDF\u2026<\/li>\n<\/ul>\n<p style=\"text-align: justify;\"><img loading=\"lazy\" decoding=\"async\" class=\"transparent\" style=\"float: left; margin-left: 12px; margin-right: 12px;\" src=\"http:\/\/bibliotecas.unileon.es\/agronomos\/files\/2017\/03\/canvas7.png\" alt=\"http:\/\/bibliotecas.unileon.es\/agronomos\/files\/2017\/03\/canvas7.png\" width=\"135\" height=\"126\" \/>Te ayudar\u00e1n a citar en tu trabajo, permitiendo la creaci\u00f3n autom\u00e1tica de citas y bibliograf\u00eda.<\/p>\n<p style=\"text-align: justify;\">Consulta los manuales de uso de <a href=\"https:\/\/buleria.unileon.es\/handle\/10612\/4701\">Mendeley<\/a> y <a href=\"https:\/\/buleria.unileon.es\/handle\/10612\/3919\" target=\"_blank\" rel=\"noopener noreferrer\">EndNote basic,<\/a> elaborados por el Grupo de Trabajo de Gestores Bibliogr\u00e1ficos, y aprende a utilizar el gestor que te interese.<\/p>\n<table>\n<tbody>\n<tr style=\"height: 48px;\">\n<td style=\"text-align: center; height: 48px;\"><strong><span style=\"color: #008000;\">El formato Harvard est\u00e1 disponible para ambos gestores bajo la denominaci\u00f3n Harvard-ULE<\/span><\/strong><\/td>\n<\/tr>\n<\/tbody>\n<\/table>\n<p><a tabindex=\"-1\" href=\"http:\/\/biblioteca.unileon.es\/ayuda-formacion\/gestores-bibliograficos\/mendeley\" target=\"_blank\" rel=\"noopener\">biblioteca.unileon.es\/\u2026ograficos\/mendeley<\/a><\/p>\n<ul style=\"list-style-type: square;\">\n<li style=\"text-align: justify;\">En EndNote basic y en Mendeley, el estilo bibliogr\u00e1fico Harvard-ULE est\u00e1 disponible entre sus formatos.<\/li>\n<\/ul>\n<p style=\"text-align: justify;\">Accede al apartado de <a href=\"https:\/\/biblioteca.unileon.es\/gestoresbibliograficos\" target=\"_blank\" rel=\"noopener noreferrer\">Gestores Bibliogr\u00e1ficos<\/a> de la p\u00e1gina web de la biblioteca. Encontrar\u00e1s m\u00e1s informaci\u00f3n sobre ambos gestores.<\/p>\n<p>&nbsp;<\/p>\n","protected":false},"excerpt":{"rendered":"<p>En la elaboraci\u00f3n de nuestro Trabajo Fin de Grado o Fin de M\u00e1ster, siempre que utilicemos informaci\u00f3n ajena al redactarlo, tanto si incluimos frases literales, datos o tablas, como si resumimos una idea o la parafraseamos, debemos citar la procedencia &hellip; <a href=\"https:\/\/bibliotecas.unileon.es\/agronomos\/redaccion-de-citas-y-referencias\/\">Sigue leyendo <span class=\"meta-nav\">&rarr;<\/span><\/a><\/p>\n","protected":false},"author":19,"featured_media":0,"parent":0,"menu_order":0,"comment_status":"closed","ping_status":"closed","template":"","meta":{"_bbp_topic_count":0,"_bbp_reply_count":0,"_bbp_total_topic_count":0,"_bbp_total_reply_count":0,"_bbp_voice_count":0,"_bbp_anonymous_reply_count":0,"_bbp_topic_count_hidden":0,"_bbp_reply_count_hidden":0,"_bbp_forum_subforum_count":0,"footnotes":""},"class_list":["post-884","page","type-page","status-publish","hentry"],"_links":{"self":[{"href":"https:\/\/bibliotecas.unileon.es\/agronomos\/wp-json\/wp\/v2\/pages\/884","targetHints":{"allow":["GET"]}}],"collection":[{"href":"https:\/\/bibliotecas.unileon.es\/agronomos\/wp-json\/wp\/v2\/pages"}],"about":[{"href":"https:\/\/bibliotecas.unileon.es\/agronomos\/wp-json\/wp\/v2\/types\/page"}],"author":[{"embeddable":true,"href":"https:\/\/bibliotecas.unileon.es\/agronomos\/wp-json\/wp\/v2\/users\/19"}],"replies":[{"embeddable":true,"href":"https:\/\/bibliotecas.unileon.es\/agronomos\/wp-json\/wp\/v2\/comments?post=884"}],"version-history":[{"count":1,"href":"https:\/\/bibliotecas.unileon.es\/agronomos\/wp-json\/wp\/v2\/pages\/884\/revisions"}],"predecessor-version":[{"id":891,"href":"https:\/\/bibliotecas.unileon.es\/agronomos\/wp-json\/wp\/v2\/pages\/884\/revisions\/891"}],"wp:attachment":[{"href":"https:\/\/bibliotecas.unileon.es\/agronomos\/wp-json\/wp\/v2\/media?parent=884"}],"curies":[{"name":"wp","href":"https:\/\/api.w.org\/{rel}","templated":true}]}}