{"id":10,"date":"2012-10-25T09:30:55","date_gmt":"2012-10-25T07:30:55","guid":{"rendered":"http:\/\/bibliotecas.unileon.es\/ciencias-actividad-fisica-deporte\/?page_id=10"},"modified":"2021-03-18T18:10:00","modified_gmt":"2021-03-18T16:10:00","slug":"la-biblioteca-en-cifras","status":"publish","type":"page","link":"https:\/\/bibliotecas.unileon.es\/ciencias-actividad-fisica-deporte\/la-biblioteca-en-cifras\/","title":{"rendered":"La biblioteca en cifras"},"content":{"rendered":"<p align=\"center\">\u00a0Datos correspondientes al a\u00f1o 2021<\/p>\n<table border=\"1\" cellspacing=\"0\" cellpadding=\"0\">\n<tbody>\n<tr>\n<td style=\"border-color: #7a1212; width: 288px;\" valign=\"top\" width=\"288\">\n<p align=\"center\">SUPERFICIE<\/p>\n<\/td>\n<td style=\"border-color: #7a1212; width: 288px;\" valign=\"top\" width=\"288\">\n<ul>\n<li>250 m2<\/li>\n<\/ul>\n<\/td>\n<\/tr>\n<tr>\n<td style=\"border-color: #7a1212; width: 288px;\" valign=\"top\" width=\"288\">\n<p align=\"center\">INSTALACIONES<\/p>\n<\/td>\n<td style=\"border-color: #7a1212; width: 288px;\" valign=\"top\" width=\"288\">\n<ul>\n<li>Sala de lectura<\/li>\n<li>Sala de libre acceso y trabajo en grupo<\/li>\n<li>Dep\u00f3sito para revistas<\/li>\n<li>Despacho<\/li>\n<\/ul>\n<\/td>\n<\/tr>\n<tr>\n<td style=\"border-color: #7a1212; width: 288px;\" valign=\"top\" width=\"288\">\n<p align=\"center\">ESTANTER\u00cdAS (m. lineales)<\/p>\n<\/td>\n<td style=\"border-color: #7a1212; width: 288px;\" valign=\"top\" width=\"288\">\n<ul>\n<li>Libre acceso: 100<\/li>\n<li>Dep\u00f3sito: 10<\/li>\n<li>Total: 110<\/li>\n<\/ul>\n<\/td>\n<\/tr>\n<tr>\n<td style=\"border-color: #7a1212; width: 288px;\" valign=\"top\" width=\"288\">\n<p align=\"center\">PUESTOS DE LECTURA<\/p>\n<\/td>\n<td style=\"border-color: #7a1212; width: 288px;\" valign=\"top\" width=\"288\">\n<ul>\n<li>Sala de lectura: 72<\/li>\n<li>Sala de trabajo en grupo: 36<\/li>\n<li>Total: 108<\/li>\n<\/ul>\n<\/td>\n<\/tr>\n<tr>\n<td style=\"border-color: #7a1212; width: 288px;\" valign=\"top\" width=\"288\">\n<p align=\"center\">EQUIPAMIENTO INFORM\u00c1TICO<\/p>\n<\/td>\n<td style=\"border-color: #7a1212; width: 288px;\" valign=\"top\" width=\"288\">\n<ul>\n<li>2 ordenadores para consulta<\/li>\n<li>3 port\u00e1tiles para pr\u00e9stamo<\/li>\n<li>2 ordenadores para el personal<\/li>\n<\/ul>\n<\/td>\n<\/tr>\n<tr>\n<td style=\"border-color: #7a1212; width: 288px;\" valign=\"top\" width=\"288\">\n<p align=\"center\">COLECCI\u00d3N DE LA BIBLIOTECA (excluidos los fondos ubicados en Departamentos)<\/p>\n<\/td>\n<td style=\"border-color: #7a1212; width: 288px;\" valign=\"top\" width=\"288\">\n<ul>\n<li>9800 libros en libre acceso<\/li>\n<li>40 t\u00edtulos de revista<\/li>\n<\/ul>\n<\/td>\n<\/tr>\n<\/tbody>\n<\/table>\n","protected":false},"excerpt":{"rendered":"<p>\u00a0Datos correspondientes al a\u00f1o 2021 SUPERFICIE 250 m2 INSTALACIONES Sala de lectura Sala de libre acceso y trabajo en grupo Dep\u00f3sito para revistas Despacho ESTANTER\u00cdAS (m. lineales) Libre acceso: 100 Dep\u00f3sito: 10 Total: 110 PUESTOS DE LECTURA Sala de lectura: &hellip; <a href=\"https:\/\/bibliotecas.unileon.es\/ciencias-actividad-fisica-deporte\/la-biblioteca-en-cifras\/\">Sigue leyendo <span class=\"meta-nav\">&rarr;<\/span><\/a><\/p>\n","protected":false},"author":3,"featured_media":0,"parent":0,"menu_order":0,"comment_status":"closed","ping_status":"closed","template":"","meta":{"_bbp_topic_count":0,"_bbp_reply_count":0,"_bbp_total_topic_count":0,"_bbp_total_reply_count":0,"_bbp_voice_count":0,"_bbp_anonymous_reply_count":0,"_bbp_topic_count_hidden":0,"_bbp_reply_count_hidden":0,"_bbp_forum_subforum_count":0,"footnotes":""},"class_list":["post-10","page","type-page","status-publish","hentry"],"_links":{"self":[{"href":"https:\/\/bibliotecas.unileon.es\/ciencias-actividad-fisica-deporte\/wp-json\/wp\/v2\/pages\/10","targetHints":{"allow":["GET"]}}],"collection":[{"href":"https:\/\/bibliotecas.unileon.es\/ciencias-actividad-fisica-deporte\/wp-json\/wp\/v2\/pages"}],"about":[{"href":"https:\/\/bibliotecas.unileon.es\/ciencias-actividad-fisica-deporte\/wp-json\/wp\/v2\/types\/page"}],"author":[{"embeddable":true,"href":"https:\/\/bibliotecas.unileon.es\/ciencias-actividad-fisica-deporte\/wp-json\/wp\/v2\/users\/3"}],"replies":[{"embeddable":true,"href":"https:\/\/bibliotecas.unileon.es\/ciencias-actividad-fisica-deporte\/wp-json\/wp\/v2\/comments?post=10"}],"version-history":[{"count":4,"href":"https:\/\/bibliotecas.unileon.es\/ciencias-actividad-fisica-deporte\/wp-json\/wp\/v2\/pages\/10\/revisions"}],"predecessor-version":[{"id":1721,"href":"https:\/\/bibliotecas.unileon.es\/ciencias-actividad-fisica-deporte\/wp-json\/wp\/v2\/pages\/10\/revisions\/1721"}],"wp:attachment":[{"href":"https:\/\/bibliotecas.unileon.es\/ciencias-actividad-fisica-deporte\/wp-json\/wp\/v2\/media?parent=10"}],"curies":[{"name":"wp","href":"https:\/\/api.w.org\/{rel}","templated":true}]}}