{"id":190,"date":"2013-09-09T09:36:00","date_gmt":"2013-09-09T07:36:00","guid":{"rendered":"http:\/\/bibliotecas.unileon.es\/ciencias-actividad-fisica-deporte\/?page_id=190"},"modified":"2014-10-15T08:19:03","modified_gmt":"2014-10-15T06:19:03","slug":"normas-e-instrucciones-para-imprimir","status":"publish","type":"page","link":"https:\/\/bibliotecas.unileon.es\/ciencias-actividad-fisica-deporte\/normas-e-instrucciones-para-imprimir\/","title":{"rendered":"Normas e instrucciones para imprimir"},"content":{"rendered":"<p>Las\u00a0<strong>normas e instrucciones<\/strong>\u00a0que aparecen a continuaci\u00f3n, se encuentran tambi\u00e9n en el mostrador de Informaci\u00f3n. Sin embargo, pueden descargarse e imprimirse si as\u00ed se desea.<\/p>\n<p><a href=\"http:\/\/bibliotecas.unileon.es\/ciencias-actividad-fisica-deporte\/files\/2013\/09\/Gu\u00eda-general-de-la-Biblioteca.pdf\" class=\"mtli_attachment mtli_pdf\">Gu\u00eda general de la Biblioteca<\/a>, con\u00a0informaci\u00f3n sobre instalaciones, colecciones y servicios.<\/p>\n<p><a href=\"http:\/\/bibliotecas.unileon.es\/ciencias-actividad-fisica-deporte\/files\/2013\/09\/guia-recursos-electr\u00f3nicos-FCAFD-2014.pdf\" class=\"mtli_attachment mtli_pdf\">Gu\u00eda de recursos electr\u00f3nicos<\/a>,\u00a0con informaci\u00f3n sobre revistas electr\u00f3nicas y bases de datos suscritas por la Biblioteca Universitaria, de inter\u00e9s para las ciencias de la actividad f\u00edsica y el deporte.<\/p>\n<p><a href=\"http:\/\/bibliotecas.unileon.es\/ciencias-actividad-fisica-deporte\/files\/2013\/09\/Gu\u00eda-de-consulta-del-cat\u00e1logo-2013.pdf\" class=\"mtli_attachment mtli_pdf\">Gu\u00eda de consulta del cat\u00e1logo<\/a>, con informaci\u00f3n b\u00e1sica para buscar y encontrar los libros o revistas que necesitamos.<\/p>\n","protected":false},"excerpt":{"rendered":"<p>Las\u00a0normas e instrucciones\u00a0que aparecen a continuaci\u00f3n, se encuentran tambi\u00e9n en el mostrador de Informaci\u00f3n. Sin embargo, pueden descargarse e imprimirse si as\u00ed se desea. Gu\u00eda general de la Biblioteca, con\u00a0informaci\u00f3n sobre instalaciones, colecciones y servicios. Gu\u00eda de recursos electr\u00f3nicos,\u00a0con informaci\u00f3n &hellip; <a href=\"https:\/\/bibliotecas.unileon.es\/ciencias-actividad-fisica-deporte\/normas-e-instrucciones-para-imprimir\/\">Sigue leyendo <span class=\"meta-nav\">&rarr;<\/span><\/a><\/p>\n","protected":false},"author":69,"featured_media":0,"parent":0,"menu_order":0,"comment_status":"open","ping_status":"open","template":"","meta":{"_bbp_topic_count":0,"_bbp_reply_count":0,"_bbp_total_topic_count":0,"_bbp_total_reply_count":0,"_bbp_voice_count":0,"_bbp_anonymous_reply_count":0,"_bbp_topic_count_hidden":0,"_bbp_reply_count_hidden":0,"_bbp_forum_subforum_count":0,"footnotes":""},"class_list":["post-190","page","type-page","status-publish","hentry"],"_links":{"self":[{"href":"https:\/\/bibliotecas.unileon.es\/ciencias-actividad-fisica-deporte\/wp-json\/wp\/v2\/pages\/190","targetHints":{"allow":["GET"]}}],"collection":[{"href":"https:\/\/bibliotecas.unileon.es\/ciencias-actividad-fisica-deporte\/wp-json\/wp\/v2\/pages"}],"about":[{"href":"https:\/\/bibliotecas.unileon.es\/ciencias-actividad-fisica-deporte\/wp-json\/wp\/v2\/types\/page"}],"author":[{"embeddable":true,"href":"https:\/\/bibliotecas.unileon.es\/ciencias-actividad-fisica-deporte\/wp-json\/wp\/v2\/users\/69"}],"replies":[{"embeddable":true,"href":"https:\/\/bibliotecas.unileon.es\/ciencias-actividad-fisica-deporte\/wp-json\/wp\/v2\/comments?post=190"}],"version-history":[{"count":3,"href":"https:\/\/bibliotecas.unileon.es\/ciencias-actividad-fisica-deporte\/wp-json\/wp\/v2\/pages\/190\/revisions"}],"predecessor-version":[{"id":197,"href":"https:\/\/bibliotecas.unileon.es\/ciencias-actividad-fisica-deporte\/wp-json\/wp\/v2\/pages\/190\/revisions\/197"}],"wp:attachment":[{"href":"https:\/\/bibliotecas.unileon.es\/ciencias-actividad-fisica-deporte\/wp-json\/wp\/v2\/media?parent=190"}],"curies":[{"name":"wp","href":"https:\/\/api.w.org\/{rel}","templated":true}]}}