{"id":27,"date":"2013-04-25T12:42:21","date_gmt":"2013-04-25T10:42:21","guid":{"rendered":"http:\/\/bibliotecas.unileon.es\/ciencias-actividad-fisica-deporte\/?page_id=27"},"modified":"2021-03-18T18:26:29","modified_gmt":"2021-03-18T16:26:29","slug":"nuestras-revistas","status":"publish","type":"page","link":"https:\/\/bibliotecas.unileon.es\/ciencias-actividad-fisica-deporte\/nuestras-revistas\/","title":{"rendered":"Nuestras revistas"},"content":{"rendered":"<h2><\/h2>\n<h2 style=\"text-align: justify;\"><span style=\"color: #0000ff;\"><strong>Revistas electr\u00f3nicas:<\/strong><\/span><\/h2>\n<ul style=\"text-align: justify;\">\n<li><strong>International Journal of Performance Analysis in Sport<\/strong>: Revista que publica investigaciones originales sobre rendimiento deportivo, ejercicio y rendimiento atl\u00e9tico.<\/li>\n<li><strong>International gymnast<\/strong>: Publicada desde 1956, International Gymnast Magazine e intlgymnast.com te traen las \u00faltimas noticias y resultados del mundo de la gimnasia.<\/li>\n<li><strong>Sports biomechanics<\/strong>: \u00c9nfasis en t\u00e9cnicas deportivas y lesiones deportivas.<\/li>\n<li><strong>Contact Quarterly:<\/strong> Revista internacional de danza, improvisaci\u00f3n, performance y movimiento art\u00edstico contempor\u00e1neo.<\/li>\n<li><strong>Civitas. Revista espan\u0303ola de derecho deportivo<\/strong>: La Revista Espa\u00f1ola de Derecho Deportivo tiene por objeto la publicaci\u00f3n de estudios cient\u00edficos y art\u00edculos doctrinales en el \u00e1mbito del Derecho del deporte. Como garant\u00eda de calidad utiliza el sistema de revisi\u00f3n por expertos externos e independientes.<\/li>\n<li><strong>International journal of sport nutrition and exercise metabolism<\/strong>: Publica investigaciones cient\u00edficas originales y rese\u00f1as acad\u00e9micas que ofrecen nuevos conocimientos sobre la nutrici\u00f3n deportiva y el metabolismo del ejercicio, as\u00ed como art\u00edculos que se centran en la aplicaci\u00f3n de los principios de bioqu\u00edmica, fisiolog\u00eda y nutrici\u00f3n para el deporte y el ejercicio. La revista tambi\u00e9n ofrece editoriales, res\u00famenes de art\u00edculos relacionados de otros campos, notas de investigaci\u00f3n y rese\u00f1as de libros, v\u00eddeos y otros comunicados de prensa.<\/li>\n<li><strong>Quest<\/strong>: Revista l\u00edder de kinesiolog\u00eda en la educaci\u00f3n superior. Proporciona un foro p\u00fablico para el pensamiento creativo y la investigaci\u00f3n.<\/li>\n<li><strong>British journal of sports medicine<\/strong>: Revista l\u00edder en medicina deportiva. Revisada por pares, con recursos multimedia adicionales.<\/li>\n<li><strong>Strength and conditioning journal<\/strong>: Revista profesional para entrenadores de fuerza, entrenadores personales, fisioterapeutas, entrenadores atl\u00e9ticos y otros profesionales de la salud que trabajan en el campo de la fuerza y \u200b\u200bel acondicionamiento. La misi\u00f3n de la revista es publicar art\u00edculos que informen tanto de las aplicaciones pr\u00e1cticas de los resultados de la investigaci\u00f3n como del conocimiento adquirido por profesionales experimentados.<\/li>\n<li><strong>Medicine &amp; Science in Sports &amp; Exercise<\/strong>: Presenta investigaciones originales, estudios cl\u00ednicos y revisiones integrales sobre temas actuales de la medicina deportiva y la ciencia del ejercicio.<\/li>\n<li><strong>Research quarterly for exercise and sport<\/strong>: Publica investigaciones sobre el arte y la ciencia del movimiento humano, el deporte y el ejercicio.<\/li>\n<li><strong>Journal of sports medicine and physical fitness<\/strong>: Revista sobre medicina deportiva, traumatolog\u00eda deportiva, fisiolog\u00eda del ejercicio y psicolog\u00eda deportiva.<\/li>\n<li><strong>Journal of strength and conditioning research<\/strong>: Esta revista desea promover la publicaci\u00f3n de manuscritos revisados \u200b\u200bpor pares que contribuyan a nuestra comprensi\u00f3n del acondicionamiento y el deporte a trav\u00e9s del ejercicio aplicado y la ciencia del deporte.<\/li>\n<li><strong>International journal of sports medicine<\/strong>: Garantiza un acceso r\u00e1pido a los desarrollos m\u00e1s relevantes y actualizados en medicina deportiva y ciencia del ejercicio.<\/li>\n<\/ul>\n<p>&nbsp;<\/p>\n<h2 style=\"text-align: justify;\"><span style=\"color: #0000ff;\"><strong>Revistas en papel:<\/strong><\/span><\/h2>\n<ul>\n<li style=\"text-align: justify;\">Abfu\u0301tbol: revista te\u0301cnica especializada en fu\u0301tbol. ISSN: 1697-2570<\/li>\n<li style=\"text-align: justify;\">Adapted physical activity quarterly. ISSN: 0736-5829<\/li>\n<li style=\"text-align: justify;\">A\u0301gora para la educacio\u0301n fi\u0301sica y el deporte. ISSN: 1578-2174<\/li>\n<li style=\"text-align: justify;\">Anuario andaluz de derecho deportivo. ISSN: 1695-1050<\/li>\n<li style=\"text-align: justify;\">Apunts: educacio\u0301n fi\u0301sica y deportes. ISSN: 1577-4015<\/li>\n<li style=\"text-align: justify;\">Apunts: medicina de l&#8217;esport. ISSN: 0213-3717<\/li>\n<li style=\"text-align: justify;\">Archivos de medicina del deporte. ISSN: 0212-8799<\/li>\n<li style=\"text-align: justify;\">AtleticaStudi: trimestrale di ricerca scientifica e technica applicata all&#8217;atletica leggera. ISSN: 0390-6671<\/li>\n<li style=\"text-align: justify;\">Atletismo espan\u0303ol: publicacio\u0301n oficial de la R.F.E.A. ISSN: 9935-7135<\/li>\n<li style=\"text-align: justify;\">com: cuadernos te\u0301cnicos. ISSN: 1696-7917<\/li>\n<li style=\"text-align: justify;\">Basket FEB.<\/li>\n<li style=\"text-align: justify;\">Body &amp; society. ISSN: 1357-034X<\/li>\n<li style=\"text-align: justify;\">Boleti\u0301n CEAPAT: Centro Estatal de Autonomi\u0301a Personal y Ayudas Te\u0301cnicas<\/li>\n<li style=\"text-align: justify;\">Boleti\u0301n del Real Patronato de Prevencio\u0301n y Atencio\u0301n a Personas con Minusvali\u0301a. ISSN: 0213-8255<\/li>\n<li style=\"text-align: justify;\">Boleti\u0301n del Real Patronato sobre Discapacidad. ISSN: 1696-0998<\/li>\n<li style=\"text-align: justify;\">Boleti\u0301n informativo-Asociacio\u0301n Espan\u0303ola de Investigacio\u0301n Social Aplicada al Deporte.<\/li>\n<li style=\"text-align: justify;\">ISSN: 0428-1659<\/li>\n<li style=\"text-align: justify;\">Citius, altius, fortius : estudios deportivos. ISBN: 0214-0772<\/li>\n<li style=\"text-align: justify;\">La ciudad y el deporte.<\/li>\n<li style=\"text-align: justify;\">Cli\u0301nic: revista te\u0301cnica de baloncesto. ISSN: 0214-2635<\/li>\n<li style=\"text-align: justify;\">Cli\u0301nica y ana\u0301lisis grupal: revista de psicoterapia, psicoana\u0301lisis y grupo. ISSN: 0210-0657<\/li>\n<li style=\"text-align: justify;\">Comunicaciones te\u0301cnicas. ISSN: 1135-111X<\/li>\n<li style=\"text-align: justify;\">Cuadernos de psicologi\u0301a del deporte. ISSN: 1578-8423<\/li>\n<li style=\"text-align: justify;\">Diffusio\u0301n Sport Gaceta: perio\u0301dico profesional del deporte y tiempo libre.<\/li>\n<li style=\"text-align: justify;\">Educacio\u0301n fi\u0301sica Chile. ISSN: 0716-0518<\/li>\n<li style=\"text-align: justify;\">En equipo: revista oficial de la Federacio\u0301n de Castilla y Leo\u0301n de Fu\u0301tbol.<\/li>\n<li style=\"text-align: justify;\">EPS 1: e\u0301ducation physique et sportive au 1e\u0300re degre\u0301. ISSN: 0245-8977<\/li>\n<li style=\"text-align: justify;\">Revue E.P.S. ISSN: 0245-8969<\/li>\n<li style=\"text-align: justify;\">Espacio y tiempo: revista de educacio\u0301n fi\u0301sica. ISSN: 1137-3458<\/li>\n<li style=\"text-align: justify;\">Exercise and sport sciences reviews. ISSN: 0091-6331<\/li>\n<li style=\"text-align: justify;\">Fu\u0301tbol cuadernos te\u0301cnicos. ISSN: 1135-2817<\/li>\n<li style=\"text-align: justify;\">Gestio\u0301n deportiva: Revista de la Asociacio\u0301n Canaria de Gestores Deportivos.<\/li>\n<li style=\"text-align: justify;\">Gure sport : Bizkaiko kirol aldizcaria.<\/li>\n<li style=\"text-align: justify;\">Gym technic: revue technique, pe\u0301dagogique et scientifique de la Fe\u0301de\u0301ration franc\u0327aise de gymnastique. ISSN: 1255-2976<\/li>\n<li style=\"text-align: justify;\">Inter gym&#8217;s. ISSN: 1696-0971<\/li>\n<li style=\"text-align: justify;\">International gymnast. ISSN: 0891-6616<\/li>\n<li style=\"text-align: justify;\">International journal of sport nutrition. ISSN: 1049-9679<\/li>\n<li style=\"text-align: justify;\">International journal of sport psychology. ISSN: 0047-0767<\/li>\n<li style=\"text-align: justify;\">International journal of sports medicine. ISSN: 0172-4622<\/li>\n<li style=\"text-align: justify;\">International review for the sociology of sport. ISSN: 1012-6902<\/li>\n<li style=\"text-align: justify;\">Journal of applied biomechanics. ISSN: 1065-8483<\/li>\n<li style=\"text-align: justify;\">Journal of sport &amp; exercise psychology. ISSN : 0895-2779<\/li>\n<li style=\"text-align: justify;\">Journal of sport history. ISSN: 0094-1700<\/li>\n<li style=\"text-align: justify;\">Journal of sports medicine and physical fitness. ISSN: 0022-4707<\/li>\n<li style=\"text-align: justify;\">The journal of strength and conditioning research. ISSN: 1064-8011<\/li>\n<li style=\"text-align: justify;\">Journal of the philosophy of sport. ISSN: 0094-8705<\/li>\n<li style=\"text-align: justify;\">ISSN: 1579-5225<\/li>\n<li style=\"text-align: justify;\">Marathon: revista de curses de fons.<\/li>\n<li style=\"text-align: justify;\">Medicine &amp; science in sports &amp; exercise. ISSN: 0195-9131<\/li>\n<li style=\"text-align: justify;\">Mobile : la revue d&#8217;e\u0301ducation physique et de sport. ISSN: 1422-7878<\/li>\n<li style=\"text-align: justify;\">Motion sport in Finland. ISSN: 0788-0332<\/li>\n<li style=\"text-align: justify;\">Motor control: the international journal for the multidisciplinary study of voluntary movement. ISSN: 1087-1640<\/li>\n<li style=\"text-align: justify;\">Motricidad: revista del INEF Granada. ISSN: 0214-0071<\/li>\n<li style=\"text-align: justify;\">NSW: Natacio\u0301n, saltos, waterpolo. ISSN: 1136-0003<\/li>\n<li style=\"text-align: justify;\">North American Society for Sport History: proceedings &amp; newsletter. ISSN: 0093-6235<\/li>\n<li style=\"text-align: justify;\">Pasos: anuario de danza. ISSN: 1887-9608<\/li>\n<li style=\"text-align: justify;\">Perceptual and motor skills. ISSN: 0031-5125<\/li>\n<li style=\"text-align: justify;\">Piscinas XXI: revista de la construccio\u0301n, mantenimiento y equipos de la piscina, spas y saunas. ISSN: 0210-6868<\/li>\n<li style=\"text-align: justify;\">Programa de deteccio\u0301n, perfeccionamiento y seguimiento de talentos deportivos.<\/li>\n<li style=\"text-align: justify;\">Repe\u0300res: cahier de danse. ISSN: 2112-5147<\/li>\n<li style=\"text-align: justify;\">Revista Andaluza de Derecho del Deporte. ISSN: 1886-6220<\/li>\n<li style=\"text-align: justify;\">Revista Andaluza de Medicina del Deporte. ISSN: 1888-7546<\/li>\n<li style=\"text-align: justify;\">Revista Aranzadi de Derecho de Deporte y Entretenimiento. ISSN: 2171-5556<\/li>\n<li style=\"text-align: justify;\">Revista de Artes Marciales Asia\u0301ticas. ISSN: 1885-8643<\/li>\n<li style=\"text-align: justify;\">Revista de Biomeca\u0301nica. ISSN: 1575-5622<\/li>\n<li style=\"text-align: justify;\">RED: revista de entrenamiento deportivo. ISSN: 1133-0619<\/li>\n<li style=\"text-align: justify;\">Revista de psicodida\u0301ctica. ISSN: 1136-1034<\/li>\n<li style=\"text-align: justify;\">Revista de psicologi\u0301a del deporte. ISSN: 1132-239X<\/li>\n<li style=\"text-align: justify;\">Revista espan\u0303ola de antropologi\u0301a fi\u0301sica. ISSN: 1887-2042<\/li>\n<li style=\"text-align: justify;\">Revista espan\u0303ola de educacio\u0301n fi\u0301sica y deportes. ISSN: 1133-6366<\/li>\n<li style=\"text-align: justify;\">Revista iberoamericana de psicologi\u0301a del ejercicio y el deporte. ISSN: 1886-8576<\/li>\n<li style=\"text-align: justify;\">Revista juri\u0301dica del deporte. ISSN: 1575-8923<\/li>\n<li style=\"text-align: justify;\">Revista espan\u0303ola de derecho deportivo. ISSN: 1132-9688<\/li>\n<li style=\"text-align: justify;\">Sociology of sport journal. ISSN: 0741-1235<\/li>\n<li style=\"text-align: justify;\">Sport &amp; salud: revista de la salud en el deporte de Castilla y Leo\u0301n.<\/li>\n<li style=\"text-align: justify;\">Sports biomechanics. ISSN: 1476-3141<\/li>\n<li style=\"text-align: justify;\">Sports medicine. ISSN: 0112-1642<\/li>\n<li style=\"text-align: justify;\">Strength and conditioning journal. ISSN: 1524-1602<\/li>\n<li style=\"text-align: justify;\">Ta\u0301ndem: dida\u0301ctica de la educacio\u0301n fi\u0301sica. ISSN: 1577-0834<\/li>\n<li style=\"text-align: justify;\">Tiro oli\u0301mpico: revista de la Real Federacio\u0301n Espan\u0303ola de Tiro Oli\u0301mpico. ISBN: 0040-8093<\/li>\n<li style=\"text-align: justify;\">Track &amp; field news. ISSN: 0041-0284<\/li>\n<li style=\"text-align: justify;\">Training fu\u0301tbol: revista te\u0301cnica profesional.<\/li>\n<\/ul>\n","protected":false},"excerpt":{"rendered":"<p>Revistas electr\u00f3nicas: International Journal of Performance Analysis in Sport: Revista que publica investigaciones originales sobre rendimiento deportivo, ejercicio y rendimiento atl\u00e9tico. International gymnast: Publicada desde 1956, International Gymnast Magazine e intlgymnast.com te traen las \u00faltimas noticias y resultados del mundo &hellip; <a href=\"https:\/\/bibliotecas.unileon.es\/ciencias-actividad-fisica-deporte\/nuestras-revistas\/\">Sigue leyendo <span class=\"meta-nav\">&rarr;<\/span><\/a><\/p>\n","protected":false},"author":66,"featured_media":0,"parent":0,"menu_order":0,"comment_status":"open","ping_status":"open","template":"","meta":{"_bbp_topic_count":0,"_bbp_reply_count":0,"_bbp_total_topic_count":0,"_bbp_total_reply_count":0,"_bbp_voice_count":0,"_bbp_anonymous_reply_count":0,"_bbp_topic_count_hidden":0,"_bbp_reply_count_hidden":0,"_bbp_forum_subforum_count":0,"footnotes":""},"class_list":["post-27","page","type-page","status-publish","hentry"],"_links":{"self":[{"href":"https:\/\/bibliotecas.unileon.es\/ciencias-actividad-fisica-deporte\/wp-json\/wp\/v2\/pages\/27","targetHints":{"allow":["GET"]}}],"collection":[{"href":"https:\/\/bibliotecas.unileon.es\/ciencias-actividad-fisica-deporte\/wp-json\/wp\/v2\/pages"}],"about":[{"href":"https:\/\/bibliotecas.unileon.es\/ciencias-actividad-fisica-deporte\/wp-json\/wp\/v2\/types\/page"}],"author":[{"embeddable":true,"href":"https:\/\/bibliotecas.unileon.es\/ciencias-actividad-fisica-deporte\/wp-json\/wp\/v2\/users\/66"}],"replies":[{"embeddable":true,"href":"https:\/\/bibliotecas.unileon.es\/ciencias-actividad-fisica-deporte\/wp-json\/wp\/v2\/comments?post=27"}],"version-history":[{"count":2,"href":"https:\/\/bibliotecas.unileon.es\/ciencias-actividad-fisica-deporte\/wp-json\/wp\/v2\/pages\/27\/revisions"}],"predecessor-version":[{"id":1724,"href":"https:\/\/bibliotecas.unileon.es\/ciencias-actividad-fisica-deporte\/wp-json\/wp\/v2\/pages\/27\/revisions\/1724"}],"wp:attachment":[{"href":"https:\/\/bibliotecas.unileon.es\/ciencias-actividad-fisica-deporte\/wp-json\/wp\/v2\/media?parent=27"}],"curies":[{"name":"wp","href":"https:\/\/api.w.org\/{rel}","templated":true}]}}