{"id":297,"date":"2015-01-21T12:27:57","date_gmt":"2015-01-21T10:27:57","guid":{"rendered":"http:\/\/bibliotecas.unileon.es\/ciencias-actividad-fisica-deporte\/?page_id=297"},"modified":"2016-03-14T11:26:34","modified_gmt":"2016-03-14T09:26:34","slug":"datos-de-uso-de-la-biblioteca-2014","status":"publish","type":"page","link":"https:\/\/bibliotecas.unileon.es\/ciencias-actividad-fisica-deporte\/datos-de-uso-de-la-biblioteca-2014\/","title":{"rendered":"Datos de uso de la Biblioteca"},"content":{"rendered":"<p style=\"text-align: center;\"><em><strong>Datos de uso correspondientes al a\u00f1o 2015<\/strong><\/em><\/p>\n<table style=\"border-color: #000000; height: 473px;\" border=\"1\" width=\"654\" cellspacing=\"0\" cellpadding=\"0\">\n<tbody>\n<tr>\n<td style=\"width: 140px; border-color: #a32c2c; vertical-align: middle;\" valign=\"top\" width=\"200\"><strong>PR\u00c9STAMOS<\/strong><\/td>\n<td style=\"width: 140px; border-color: #a32c2c; vertical-align: middle;\" valign=\"top\" width=\"376\">\n<ul>\n<li>Libros: 2.640<\/li>\n<li>Fasc\u00edculos de revistas: 277<\/li>\n<li>Ordenadores port\u00e1tiles: 59<\/li>\n<\/ul>\n<p style=\"text-align: center;\">TOTAL:2.973<\/p>\n<\/td>\n<\/tr>\n<tr>\n<td style=\"width: 140px; border-color: #a32c2c; vertical-align: middle;\" valign=\"top\" width=\"200\"><strong>ACCESOS DE USUARIOS<\/strong><\/td>\n<td style=\"width: 140px; border-color: #a32c2c; vertical-align: middle;\" valign=\"top\" width=\"376\">\n<ul>\n<li>35.165 entradas<\/li>\n<\/ul>\n<\/td>\n<\/tr>\n<tr>\n<td style=\"width: 140px; border-color: #a32c2c; vertical-align: middle;\" valign=\"top\" width=\"200\"><strong>INCREMENTO DE LA COLECCI\u00d3N<\/strong><\/td>\n<td style=\"width: 140px; border-color: #a32c2c; vertical-align: middle;\" valign=\"top\" width=\"376\">\n<ul>\n<li>Libros nuevos: 47<\/li>\n<li>T\u00edtulos de revista en papel recibidos: 73<\/li>\n<\/ul>\n<\/td>\n<\/tr>\n<tr>\n<td style=\"width: 140px; border-color: #a32c2c; vertical-align: middle;\" valign=\"top\" width=\"200\"><strong>PRESUPUESTO<\/strong><\/td>\n<td style=\"width: 140px; border-color: #a32c2c; vertical-align: middle;\" valign=\"top\" width=\"376\">\n<ul>\n<li>Libros: 1.381,04 \u20ac<\/li>\n<li>Revistas: 6.806 \u20ac<\/li>\n<\/ul>\n<\/td>\n<\/tr>\n<\/tbody>\n<\/table>\n","protected":false},"excerpt":{"rendered":"<p>Datos de uso correspondientes al a\u00f1o 2015 PR\u00c9STAMOS Libros: 2.640 Fasc\u00edculos de revistas: 277 Ordenadores port\u00e1tiles: 59 TOTAL:2.973 ACCESOS DE USUARIOS 35.165 entradas INCREMENTO DE LA COLECCI\u00d3N Libros nuevos: 47 T\u00edtulos de revista en papel recibidos: 73 PRESUPUESTO Libros: 1.381,04 &hellip; <a href=\"https:\/\/bibliotecas.unileon.es\/ciencias-actividad-fisica-deporte\/datos-de-uso-de-la-biblioteca-2014\/\">Sigue leyendo <span class=\"meta-nav\">&rarr;<\/span><\/a><\/p>\n","protected":false},"author":69,"featured_media":0,"parent":0,"menu_order":0,"comment_status":"open","ping_status":"open","template":"","meta":{"_bbp_topic_count":0,"_bbp_reply_count":0,"_bbp_total_topic_count":0,"_bbp_total_reply_count":0,"_bbp_voice_count":0,"_bbp_anonymous_reply_count":0,"_bbp_topic_count_hidden":0,"_bbp_reply_count_hidden":0,"_bbp_forum_subforum_count":0,"footnotes":""},"class_list":["post-297","page","type-page","status-publish","hentry"],"_links":{"self":[{"href":"https:\/\/bibliotecas.unileon.es\/ciencias-actividad-fisica-deporte\/wp-json\/wp\/v2\/pages\/297","targetHints":{"allow":["GET"]}}],"collection":[{"href":"https:\/\/bibliotecas.unileon.es\/ciencias-actividad-fisica-deporte\/wp-json\/wp\/v2\/pages"}],"about":[{"href":"https:\/\/bibliotecas.unileon.es\/ciencias-actividad-fisica-deporte\/wp-json\/wp\/v2\/types\/page"}],"author":[{"embeddable":true,"href":"https:\/\/bibliotecas.unileon.es\/ciencias-actividad-fisica-deporte\/wp-json\/wp\/v2\/users\/69"}],"replies":[{"embeddable":true,"href":"https:\/\/bibliotecas.unileon.es\/ciencias-actividad-fisica-deporte\/wp-json\/wp\/v2\/comments?post=297"}],"version-history":[{"count":1,"href":"https:\/\/bibliotecas.unileon.es\/ciencias-actividad-fisica-deporte\/wp-json\/wp\/v2\/pages\/297\/revisions"}],"predecessor-version":[{"id":385,"href":"https:\/\/bibliotecas.unileon.es\/ciencias-actividad-fisica-deporte\/wp-json\/wp\/v2\/pages\/297\/revisions\/385"}],"wp:attachment":[{"href":"https:\/\/bibliotecas.unileon.es\/ciencias-actividad-fisica-deporte\/wp-json\/wp\/v2\/media?parent=297"}],"curies":[{"name":"wp","href":"https:\/\/api.w.org\/{rel}","templated":true}]}}