{"id":45,"date":"2013-04-30T12:31:41","date_gmt":"2013-04-30T10:31:41","guid":{"rendered":"http:\/\/bibliotecas.unileon.es\/ciencias-actividad-fisica-deporte\/?page_id=45"},"modified":"2021-03-23T13:56:04","modified_gmt":"2021-03-23T11:56:04","slug":"webs-institucionales","status":"publish","type":"page","link":"https:\/\/bibliotecas.unileon.es\/ciencias-actividad-fisica-deporte\/webs-institucionales\/","title":{"rendered":"Webs institucionales"},"content":{"rendered":"<p>ORGANISMOS DEPORTIVOS<\/p>\n<ul>\n<li><a title=\"Ministerio de Educaci\u00f3n, Cultura y Deporte\" href=\"http:\/\/www.mecd.gob.es\/portada-mecd\/\" target=\"_blank\" rel=\"noopener\">Ministerio de Educaci\u00f3n, Cultura y Deporte<\/a>.<\/li>\n<li><a title=\"Biblioteca\" href=\"https:\/\/www.csd.gob.es\/es\">Consejo Superior de Deportes.<\/a><\/li>\n<li><a title=\"Biblioteca\" href=\"http:\/\/www.coe.es\/\">Comit\u00e9 Ol\u00edmpico Espa\u00f1ol.<\/a><\/li>\n<li><a href=\"http:\/\/www.olympic.org\/\" target=\"_blank\" rel=\"noopener\">Comit\u00e9 Ol\u00edmpico Internacional.<\/a><\/li>\n<li><a href=\"https:\/\/ado.es\/\" target=\"_blank\" rel=\"noopener\">ADO. Asociaci\u00f3n de Deportes Ol\u00edmpicos<\/a><\/li>\n<li><a title=\"Biblioteca\" href=\"http:\/\/www.femede.es\/portada.php\">Federaci\u00f3n Espa\u00f1ola de Medicina del Deporte.<\/a><\/li>\n<li><a title=\"Biblioteca\" href=\"http:\/\/www.fims.org\/\">International Federation of Sports Medicine.<\/a><\/li>\n<li><a title=\"Biblioteca\" href=\"http:\/\/sirc.ca\/index.cfm\">SIRC Sport Research Institute.<\/a><\/li>\n<li><a title=\"Biblioteca\" href=\"http:\/\/www.ausport.gov.au\/#\">Australian Sports Commission.<\/a><\/li>\n<\/ul>\n<p>ASOCIACIONES<\/p>\n<ul>\n<li><a href=\"http:\/\/www.consejo-colef.es\/\">Consejo General de Colegios Oficiales de Licenciados en Educaci\u00f3n F\u00edsica y en Ciencias De la Actividad F\u00edsica y del Deporte de Espa\u00f1a.<\/a><\/li>\n<li><a href=\"http:\/\/www.aeisad.org\/\" target=\"_blank\" rel=\"noopener\">Asociaci\u00f3n Espa\u00f1ola de Investigaci\u00f3n Social Aplicada al Deporte<\/a> (AEISAD)<\/li>\n<\/ul>\n","protected":false},"excerpt":{"rendered":"<p>ORGANISMOS DEPORTIVOS Ministerio de Educaci\u00f3n, Cultura y Deporte. Consejo Superior de Deportes. Comit\u00e9 Ol\u00edmpico Espa\u00f1ol. Comit\u00e9 Ol\u00edmpico Internacional. ADO. Asociaci\u00f3n de Deportes Ol\u00edmpicos Federaci\u00f3n Espa\u00f1ola de Medicina del Deporte. International Federation of Sports Medicine. SIRC Sport Research Institute. Australian Sports &hellip; <a href=\"https:\/\/bibliotecas.unileon.es\/ciencias-actividad-fisica-deporte\/webs-institucionales\/\">Sigue leyendo <span class=\"meta-nav\">&rarr;<\/span><\/a><\/p>\n","protected":false},"author":66,"featured_media":0,"parent":0,"menu_order":0,"comment_status":"open","ping_status":"open","template":"","meta":{"_bbp_topic_count":0,"_bbp_reply_count":0,"_bbp_total_topic_count":0,"_bbp_total_reply_count":0,"_bbp_voice_count":0,"_bbp_anonymous_reply_count":0,"_bbp_topic_count_hidden":0,"_bbp_reply_count_hidden":0,"_bbp_forum_subforum_count":0,"footnotes":""},"class_list":["post-45","page","type-page","status-publish","hentry"],"_links":{"self":[{"href":"https:\/\/bibliotecas.unileon.es\/ciencias-actividad-fisica-deporte\/wp-json\/wp\/v2\/pages\/45","targetHints":{"allow":["GET"]}}],"collection":[{"href":"https:\/\/bibliotecas.unileon.es\/ciencias-actividad-fisica-deporte\/wp-json\/wp\/v2\/pages"}],"about":[{"href":"https:\/\/bibliotecas.unileon.es\/ciencias-actividad-fisica-deporte\/wp-json\/wp\/v2\/types\/page"}],"author":[{"embeddable":true,"href":"https:\/\/bibliotecas.unileon.es\/ciencias-actividad-fisica-deporte\/wp-json\/wp\/v2\/users\/66"}],"replies":[{"embeddable":true,"href":"https:\/\/bibliotecas.unileon.es\/ciencias-actividad-fisica-deporte\/wp-json\/wp\/v2\/comments?post=45"}],"version-history":[{"count":7,"href":"https:\/\/bibliotecas.unileon.es\/ciencias-actividad-fisica-deporte\/wp-json\/wp\/v2\/pages\/45\/revisions"}],"predecessor-version":[{"id":1726,"href":"https:\/\/bibliotecas.unileon.es\/ciencias-actividad-fisica-deporte\/wp-json\/wp\/v2\/pages\/45\/revisions\/1726"}],"wp:attachment":[{"href":"https:\/\/bibliotecas.unileon.es\/ciencias-actividad-fisica-deporte\/wp-json\/wp\/v2\/media?parent=45"}],"curies":[{"name":"wp","href":"https:\/\/api.w.org\/{rel}","templated":true}]}}