{"id":47,"date":"2013-04-30T12:35:12","date_gmt":"2013-04-30T10:35:12","guid":{"rendered":"http:\/\/bibliotecas.unileon.es\/ciencias-actividad-fisica-deporte\/?page_id=47"},"modified":"2021-03-23T13:50:36","modified_gmt":"2021-03-23T11:50:36","slug":"recursos-en-internet","status":"publish","type":"page","link":"https:\/\/bibliotecas.unileon.es\/ciencias-actividad-fisica-deporte\/recursos-en-internet\/","title":{"rendered":"Recursos en Internet"},"content":{"rendered":"<h2><span style=\"color: #000080;\"><strong>OBRAS DE REFERENCIA<\/strong><\/span><\/h2>\n<h4><span style=\"color: #000080;\"><strong>&#8212; Directorios<\/strong><\/span><\/h4>\n<ul>\n<li><a title=\"Biblioteca\" href=\"http:\/\/www.csd.gob.es\/csd\/instalaciones\" target=\"_blank\" rel=\"noopener\">Censo Nacional de Instalaciones Deportivas<\/a><\/li>\n<li><a href=\"https:\/\/www.csd.gob.es\/es\/federaciones-y-asociaciones\/federaciones-deportivas-espanolas\/federaciones-espanolas\">Directorio de Federaciones Deportivas Espa\u00f1olas<\/a><\/li>\n<\/ul>\n<h4><span style=\"color: #000080;\"><strong>&#8212; Glosarios<\/strong><\/span><\/h4>\n<ul>\n<li><a href=\"https:\/\/glosarios.servidor-alicante.com\/educacion-fisica#terminos_A\">Glosario de Educaci\u00f3n F\u00edsica<\/a><\/li>\n<li><a title=\"Biblioteca\" href=\"http:\/\/www.firstbasesports.com\/glossary.html\">Sports Glossaries<\/a><\/li>\n<\/ul>\n<h2><\/h2>\n<h2><\/h2>\n<h2><span style=\"color: #000080;\"><strong>BASES DE DATOS<\/strong><\/span><\/h2>\n<ul>\n<li><a href=\"http:\/\/web.a.ebscohost.com\/ehost\/search\/advanced?vid=0&amp;sid=e490dd32-32f3-4c0e-ab09-6946d6906058%40sessionmgr4008\">SportDiscus<\/a><\/li>\n<\/ul>\n<h2><\/h2>\n<p>&nbsp;<\/p>\n<h2><span style=\"color: #000080;\"><strong>RECURSOS WEB EN ABIERTO<\/strong><\/span><\/h2>\n<h4><span style=\"color: #000080;\"><strong>&#8212; Revistas tem\u00e1ticas Open Access<\/strong><\/span><\/h4>\n<ul>\n<li><a title=\"Biblioteca\" href=\"http:\/\/www.biologyofexercise.com\/\">Biology of Exercise<\/a><\/li>\n<li><a href=\"https:\/\/ijbnpa.biomedcentral.com\/\">International Journal of Behavioral Nutrition and Physical Activity<\/a><\/li>\n<li><a href=\"https:\/\/www.dd-el.com\/\">Revista digital Derecho Deportivo en l\u00ednea<\/a><\/li>\n<li><a title=\"Biblioteca\" href=\"http:\/\/www.jhse.ua.es\/?s=home\">Journal of Human Sport and Exercise<\/a><\/li>\n<li><a href=\"https:\/\/www.hindawi.com\/journals\/jsm\/\">Journal of Sports Medicine<\/a><\/li>\n<li><a title=\"Biblioteca\" href=\"http:\/\/www.jssm.org\/\">Journal of Sports Science and Medicine<\/a><\/li>\n<li><a title=\"Biblioteca\" href=\"http:\/\/www.medicinasportiva.pl\/new\/index.php?path=aktualnosci\/medicina\/ms2006_01\">Medicina Sportiva<\/a><\/li>\n<li><a title=\"Biblioteca\" href=\"http:\/\/www.scielo.br\/scielo.php\/script_sci_serial\/pid_1517-8692\/lng_pt\/nrm_iso\">Revista Brasileira de Medicina do Esporte<\/a><\/li>\n<li><a title=\"Biblioteca\" href=\"http:\/\/cdeporte.rediris.es\/revista\/revista.html\">Revista internacional de medicina y ciencias de la actividad f\u00edsica y del deporte<\/a><\/li>\n<li><a title=\"Biblioteca\" href=\"http:\/\/www.cafyd.com\/REVISTA\/ojs\/index.php\/ricyde\">RICYDE<\/a>: Revista Internacional de Ciencias del Deporte<\/li>\n<li><a title=\"Biblioteca\" href=\"http:\/\/www.sjss-sportsacademy.edu.rs\/\">Serbian Journal of Sports Sciences<\/a><\/li>\n<li><a title=\"SportK\" href=\"http:\/\/revistas.um.es\/sportk\/index\" target=\"_blank\" rel=\"noopener\">SportK. Revista euroamericana de Ciencias del Deporte<\/a>. Publicada por la Univ. de Murcia<\/li>\n<li><a title=\"Biblioteca\" href=\"http:\/\/www.thesportjournal.org\/\">The Sport Journal<\/a><\/li>\n<li><a title=\"Biblioteca\" href=\"http:\/\/sportsci.org\/\">Sportscience<\/a><\/li>\n<\/ul>\n<h2><\/h2>\n<h4><strong><span style=\"color: #000080;\">&#8212; Portales y webs<\/span><\/strong><\/h4>\n<ul>\n<li><a href=\"https:\/\/ado.es\/\">ADO. Asociaci\u00f3n de Deportes Ol\u00edmpicos<\/a><\/li>\n<li><a href=\"http:\/\/altorendimiento.com\/\">Alto rendimiento<\/a><\/li>\n<li><a href=\"https:\/\/www.acsm.org\/\">ACSM. American College of Sports Medicine<\/a><\/li>\n<li><a href=\"http:\/\/cienciadeporte.com\/\">Asociaci\u00f3n Espa\u00f1ola de Ciencias del Deporte<\/a><\/li>\n<li><a href=\"https:\/\/www.bisp-surf.de\/\">BISp-Recherchesystem Sport<\/a><\/li>\n<li><a href=\"https:\/\/www.cafyd.com\/\">CAFYD<\/a><\/li>\n<li><a href=\"http:\/\/encina.pntic.mec.es\/mroc0005\/colegios.htm\">Colegios Oficiales de Educaci\u00f3n F\u00edsica<\/a><\/li>\n<li><a href=\"https:\/\/www.coe.es\/\">COE. Comit\u00e9 Ol\u00edmpico Espa\u00f1ol<\/a><\/li>\n<li><a href=\"https:\/\/www.olympic.org\/\">COI. Comit\u00e9 Ol\u00edmpico Internacional<\/a><\/li>\n<li><a href=\"https:\/\/www.csd.gob.es\/es\">CSD. Consejo Superior de Deportes<\/a><\/li>\n<li><a href=\"https:\/\/datos.gob.es\/es\/catalogo\/e04921401-deportedata-base-de-datos-de-estadisticas-deportivas\">DEPORTEData<\/a><\/li>\n<li><a href=\"https:\/\/www.csd.gob.es\/es\/federaciones-y-asociaciones\/federaciones-deportivas-espanolas\/federaciones-espanolas\">Federaciones deportivas espa\u00f1olas<\/a><\/li>\n<li><a href=\"http:\/\/www.femede.es\/\">FEMEDE. Federaci\u00f3n Espa\u00f1ola de Medicina del Deporte<\/a><\/li>\n<li><a href=\"https:\/\/es.fifa.com\/\">FIFA. Federaci\u00f3n Internacional de F\u00fatbol<\/a><\/li>\n<li><a href=\"https:\/\/www.csd.gob.es\/es\/csd\/organizacion\/legislacion-basica\">Legislaci\u00f3n deportiva<\/a><\/li>\n<li><a href=\"https:\/\/www.who.int\/dietphysicalactivity\/factsheet_recommendations\/es\/\">OMS. Organizaci\u00f3n Mundial de la Salud<\/a><\/li>\n<li><a title=\"Biblioteca\" href=\"http:\/\/www.sportscience-laboratories.com\/\" target=\"_blank\" rel=\"noopener\">Sport Sciences<\/a><\/li>\n<li><a href=\"http:\/\/sportics.es\/\">Sportics<\/a><\/li>\n<li><a href=\"https:\/\/es.uefa.com\/\">UEFA. Uni\u00f3n de Federaciones Europeas de F\u00fatbol<\/a><\/li>\n<\/ul>\n<h2><\/h2>\n<h2><\/h2>\n<h2><span style=\"color: #000080;\"><strong>LISTAS DE DISTRIBUCI\u00d3N<\/strong><\/span><\/h2>\n<ul>\n<li><a title=\"Biblioteca\" href=\"http:\/\/www.rediris.es\/list\/info\/edufis.html\">Edufis<\/a>: Educaci\u00f3n F\u00edsica.<\/li>\n<li><a title=\"Biblioteca\" href=\"http:\/\/www.rediris.es\/list\/info\/medepor.html\">Medepor<\/a>: Foro sobre Medicina Deportiva .<\/li>\n<li><a title=\"Biblioteca\" href=\"http:\/\/www.rediris.es\/list\/info\/psideporte.html\">Psideporte<\/a>: Psicologia Social del Deporte.<\/li>\n<\/ul>\n<p>&nbsp;<\/p>\n<p>Fecha de actualizaci\u00f3n: Marzo de 2021.<\/p>\n","protected":false},"excerpt":{"rendered":"<p>OBRAS DE REFERENCIA &#8212; Directorios Censo Nacional de Instalaciones Deportivas Directorio de Federaciones Deportivas Espa\u00f1olas &#8212; Glosarios Glosario de Educaci\u00f3n F\u00edsica Sports Glossaries BASES DE DATOS SportDiscus &nbsp; RECURSOS WEB EN ABIERTO &#8212; Revistas tem\u00e1ticas Open Access Biology of Exercise &hellip; <a href=\"https:\/\/bibliotecas.unileon.es\/ciencias-actividad-fisica-deporte\/recursos-en-internet\/\">Sigue leyendo <span class=\"meta-nav\">&rarr;<\/span><\/a><\/p>\n","protected":false},"author":66,"featured_media":0,"parent":0,"menu_order":0,"comment_status":"open","ping_status":"open","template":"","meta":{"_bbp_topic_count":0,"_bbp_reply_count":0,"_bbp_total_topic_count":0,"_bbp_total_reply_count":0,"_bbp_voice_count":0,"_bbp_anonymous_reply_count":0,"_bbp_topic_count_hidden":0,"_bbp_reply_count_hidden":0,"_bbp_forum_subforum_count":0,"footnotes":""},"class_list":["post-47","page","type-page","status-publish","hentry"],"_links":{"self":[{"href":"https:\/\/bibliotecas.unileon.es\/ciencias-actividad-fisica-deporte\/wp-json\/wp\/v2\/pages\/47","targetHints":{"allow":["GET"]}}],"collection":[{"href":"https:\/\/bibliotecas.unileon.es\/ciencias-actividad-fisica-deporte\/wp-json\/wp\/v2\/pages"}],"about":[{"href":"https:\/\/bibliotecas.unileon.es\/ciencias-actividad-fisica-deporte\/wp-json\/wp\/v2\/types\/page"}],"author":[{"embeddable":true,"href":"https:\/\/bibliotecas.unileon.es\/ciencias-actividad-fisica-deporte\/wp-json\/wp\/v2\/users\/66"}],"replies":[{"embeddable":true,"href":"https:\/\/bibliotecas.unileon.es\/ciencias-actividad-fisica-deporte\/wp-json\/wp\/v2\/comments?post=47"}],"version-history":[{"count":5,"href":"https:\/\/bibliotecas.unileon.es\/ciencias-actividad-fisica-deporte\/wp-json\/wp\/v2\/pages\/47\/revisions"}],"predecessor-version":[{"id":1725,"href":"https:\/\/bibliotecas.unileon.es\/ciencias-actividad-fisica-deporte\/wp-json\/wp\/v2\/pages\/47\/revisions\/1725"}],"wp:attachment":[{"href":"https:\/\/bibliotecas.unileon.es\/ciencias-actividad-fisica-deporte\/wp-json\/wp\/v2\/media?parent=47"}],"curies":[{"name":"wp","href":"https:\/\/api.w.org\/{rel}","templated":true}]}}