{"id":5,"date":"2012-10-25T09:30:25","date_gmt":"2012-10-25T07:30:25","guid":{"rendered":"http:\/\/bibliotecas.unileon.es\/ciencias-actividad-fisica-deporte\/?page_id=5"},"modified":"2022-01-24T15:56:28","modified_gmt":"2022-01-24T13:56:28","slug":"quienes-somos","status":"publish","type":"page","link":"https:\/\/bibliotecas.unileon.es\/ciencias-actividad-fisica-deporte\/quienes-somos\/","title":{"rendered":"\u00bfQui\u00e9nes somos?"},"content":{"rendered":"<p>Trabajamos en la Biblioteca<strong>:<\/strong><\/p>\n<p>Ra\u00fal Fierro Fern\u00e1ndez<br \/>\nT\u00e9cnico Especialista de Biblioteca<br \/>\nTfno: 987 29 <span style=\"text-decoration: underline;\">30 13<\/span><br \/>\nCorreo-e:\u00a0<a href=\"mailto:bufee1@unileon.es\">buicf@unileon.es<\/a><\/p>\n<p>&nbsp;<\/p>\n<p>&nbsp;<\/p>\n<p>&nbsp;<\/p>\n","protected":false},"excerpt":{"rendered":"<p>Trabajamos en la Biblioteca: Ra\u00fal Fierro Fern\u00e1ndez T\u00e9cnico Especialista de Biblioteca Tfno: 987 29 30 13 Correo-e:\u00a0buicf@unileon.es &nbsp; &nbsp; &nbsp;<\/p>\n","protected":false},"author":3,"featured_media":0,"parent":0,"menu_order":0,"comment_status":"closed","ping_status":"closed","template":"","meta":{"_bbp_topic_count":0,"_bbp_reply_count":0,"_bbp_total_topic_count":0,"_bbp_total_reply_count":0,"_bbp_voice_count":0,"_bbp_anonymous_reply_count":0,"_bbp_topic_count_hidden":0,"_bbp_reply_count_hidden":0,"_bbp_forum_subforum_count":0,"footnotes":""},"class_list":["post-5","page","type-page","status-publish","hentry"],"_links":{"self":[{"href":"https:\/\/bibliotecas.unileon.es\/ciencias-actividad-fisica-deporte\/wp-json\/wp\/v2\/pages\/5","targetHints":{"allow":["GET"]}}],"collection":[{"href":"https:\/\/bibliotecas.unileon.es\/ciencias-actividad-fisica-deporte\/wp-json\/wp\/v2\/pages"}],"about":[{"href":"https:\/\/bibliotecas.unileon.es\/ciencias-actividad-fisica-deporte\/wp-json\/wp\/v2\/types\/page"}],"author":[{"embeddable":true,"href":"https:\/\/bibliotecas.unileon.es\/ciencias-actividad-fisica-deporte\/wp-json\/wp\/v2\/users\/3"}],"replies":[{"embeddable":true,"href":"https:\/\/bibliotecas.unileon.es\/ciencias-actividad-fisica-deporte\/wp-json\/wp\/v2\/comments?post=5"}],"version-history":[{"count":7,"href":"https:\/\/bibliotecas.unileon.es\/ciencias-actividad-fisica-deporte\/wp-json\/wp\/v2\/pages\/5\/revisions"}],"predecessor-version":[{"id":1198,"href":"https:\/\/bibliotecas.unileon.es\/ciencias-actividad-fisica-deporte\/wp-json\/wp\/v2\/pages\/5\/revisions\/1198"}],"wp:attachment":[{"href":"https:\/\/bibliotecas.unileon.es\/ciencias-actividad-fisica-deporte\/wp-json\/wp\/v2\/media?parent=5"}],"curies":[{"name":"wp","href":"https:\/\/api.w.org\/{rel}","templated":true}]}}