{"id":10,"date":"2012-10-25T09:27:10","date_gmt":"2012-10-25T07:27:10","guid":{"rendered":"http:\/\/bibliotecas.unileon.es\/ciencias-biologicas-ambientales\/?page_id=10"},"modified":"2021-02-11T13:46:47","modified_gmt":"2021-02-11T12:46:47","slug":"la-biblioteca-en-cifras","status":"publish","type":"page","link":"https:\/\/bibliotecas.unileon.es\/ciencias-biologicas-ambientales\/la-biblioteca-en-cifras\/","title":{"rendered":"La biblioteca en cifras"},"content":{"rendered":"<p>&nbsp;<\/p>\n<table style=\"width: 640px; height: 1437px;\">\n<caption>\n<h5><strong><span style=\"font-size: medium; font-family: book antiqua,palatino;\">Datos correspondientes al a\u00f1o 2020<\/span><\/strong><\/h5>\n<p>&nbsp;<\/p>\n<\/caption>\n<tbody>\n<tr>\n<td style=\"background-color: #f0f8ff;\">\n<h5><span style=\"font-size: medium; font-family: book antiqua,palatino;\">Superficie<\/span><\/h5>\n<\/td>\n<td>\n<ul>\n<li><span style=\"font-size: small;\">\u00a0528 m2<\/span><\/li>\n<\/ul>\n<\/td>\n<\/tr>\n<tr>\n<td style=\"background-color: #f0f8ff;\">\n<h5><span style=\"font-size: medium; font-family: book antiqua,palatino;\">Instalaciones<\/span><\/h5>\n<\/td>\n<td>\n<ul>\n<li><span style=\"font-size: small;\">2 salas de estudio<\/span><\/li>\n<li><span style=\"font-size: small;\">1 despacho<\/span><\/li>\n<li><span style=\"font-size: small;\">1 dep\u00f3sito de libros y revistas<\/span><\/li>\n<li><span style=\"font-size: small;\">1 cuarto para fotocopiadora y almac\u00e9n<\/span><\/li>\n<\/ul>\n<\/td>\n<\/tr>\n<tr>\n<td style=\"background-color: #f0f8ff;\">\n<h5><span style=\"font-size: medium; font-family: book antiqua,palatino;\">Estanter\u00edas (m. lineales)<\/span><\/h5>\n<\/td>\n<td>\n<ul>\n<li><span style=\"font-size: small;\">144 m. en libre acceso<\/span><\/li>\n<li><span style=\"font-size: small;\"> 500 m. en dep\u00f3sito<\/span><\/li>\n<\/ul>\n<\/td>\n<\/tr>\n<tr>\n<td style=\"background-color: #f0f8ff;\">\n<h5><span style=\"font-family: book antiqua,palatino; font-size: medium;\">Puestos de lectura<\/span><\/h5>\n<\/td>\n<td>\n<ul>\n<li><span style=\"font-size: small;\">Sala de estudio planta baja: 72<\/span><\/li>\n<li><span style=\"font-size: small;\">Sala de estudio 1\u00aa planta: 100<\/span><\/li>\n<\/ul>\n<\/td>\n<\/tr>\n<tr>\n<td style=\"background-color: #f0f8ff;\">\n<h5><span style=\"font-size: medium; font-family: book antiqua,palatino;\">Equipamiento inform\u00e1tico<\/span><\/h5>\n<\/td>\n<td>\n<ul>\n<li><span style=\"font-size: small;\">2 ordenadores fijos para consulta<br \/>\n<\/span><\/li>\n<li><span style=\"font-size: small;\">10 ordenadores port\u00e1tiles (tipo notebook) para pr\u00e9stamo<br \/>\n<\/span><\/li>\n<li><span style=\"font-size: small;\">3 ordenadores port\u00e1tiles para pr\u00e9stamo<\/span><\/li>\n<li><span style=\"font-size: small;\">5 ratones para pr\u00e9stamo<\/span><\/li>\n<li><span style=\"font-size: small;\">1 tableta para acceso a la plataforma de libros electr\u00f3nicos GRIAL<br \/>\n<\/span><\/li>\n<li><span style=\"font-size: small;\">3 ordenadores fijos para trabajo del personal<br \/>\n<\/span><\/li>\n<\/ul>\n<\/td>\n<\/tr>\n<tr>\n<td style=\"background-color: #f0f8ff;\">\n<h5><span style=\"font-size: medium; font-family: book antiqua,palatino;\">Colecci\u00f3n<\/span><\/h5>\n<h5><span style=\"font-size: medium; font-family: book antiqua,palatino;\">(s\u00f3lo Biblioteca, excluidos libros ubicados en Departamentos)<\/span><\/h5>\n<h5><\/h5>\n<\/td>\n<td>\n<ul>\n<li><span style=\"font-size: small;\">4.215 manuales y bibliograf\u00eda b\u00e1sica<\/span><\/li>\n<li><span style=\"font-size: small;\">6.615 monograf\u00edas<\/span><\/li>\n<li><span style=\"font-size: small;\">881 tesis y tesinas<\/span><\/li>\n<li><span style=\"font-size: small;\">297 obras de referencia (diccionarios,\u00a0 enciclopedias, manuales, etc.)<\/span><\/li>\n<li><span style=\"font-size: small;\">99 mapas<\/span><\/li>\n<li><span style=\"font-size: small;\">721 t\u00edtulos de revistas en soporte f\u00edsico (24 en curso de recepci\u00f3n)<\/span><\/li>\n<li><span style=\"font-size: small;\">22 fondo antiguo \/ ejemplares protegidos<\/span><\/li>\n<\/ul>\n<\/td>\n<\/tr>\n<tr>\n<td style=\"background-color: #f0f8ff;\">\n<h5><span style=\"font-family: book antiqua,palatino; font-size: medium;\">Pr\u00e9stamos<\/span><\/h5>\n<\/td>\n<td>\n<ul>\n<li><span style=\"font-size: small;\">975 de manuales y bibliograf\u00eda b\u00e1sica<\/span><\/li>\n<li><span style=\"font-size: small;\">66 de monograf\u00edas y otros materiales<\/span><\/li>\n<li><span style=\"font-size: small;\">6 de fasc\u00edculos de revistas<\/span><\/li>\n<li><span style=\"font-size: small;\">36 de ordenadores<\/span><\/li>\n<\/ul>\n<\/td>\n<\/tr>\n<tr>\n<td style=\"background-color: #f0f8ff;\">\n<h5><span style=\"font-family: book antiqua,palatino; font-size: medium;\">Accesos de usuarios<\/span><\/h5>\n<\/td>\n<td>\n<ul>\n<li><span style=\"font-size: small;\">26.222 entradas<\/span><\/li>\n<\/ul>\n<\/td>\n<\/tr>\n<tr style=\"height: 2px;\">\n<td style=\"background-color: #f0f8ff;\">\n<h5><span style=\"font-family: book antiqua,palatino; font-size: medium;\">Presupuesto <\/span><\/h5>\n<h5><span style=\"font-family: book antiqua,palatino; font-size: medium;\">(Biblioteca y Decanato)<\/span><\/h5>\n<\/td>\n<td>\n<ul>\n<li><span style=\"font-size: small;\">Compra de libros: 3.046,14 \u20ac<\/span><\/li>\n<li><span style=\"font-size: small;\">Compra de revistas: 537,77 \u20ac<\/span><span style=\"font-size: small;\"><br \/>\n<\/span><\/li>\n<\/ul>\n<\/td>\n<\/tr>\n<\/tbody>\n<\/table>\n<p>&nbsp;<\/p>\n\n<!-- This is the start of the WP Twitter Button code -->\n<div id=\"rk_wp_twitter_button\" style=\"margin: 0px 0px 0px 0px; float: left\"><a href=\"http:\/\/twitter.com\/share\" class=\"twitter-share-button\" data-url=\"https:\/\/bibliotecas.unileon.es\/ciencias-biologicas-ambientales\/la-biblioteca-en-cifras\/\" data-count=\"horizontal\">Tweet<\/a><script type=\"text\/javascript\" src=\"http:\/\/platform.twitter.com\/widgets.js\"><\/script><\/div>\n<!-- This is the end of the WP Twitter Button code -->\n\n","protected":false},"excerpt":{"rendered":"<p>&nbsp; Datos correspondientes al a\u00f1o 2020 &nbsp; Superficie \u00a0528 m2 Instalaciones 2 salas de estudio 1 despacho 1 dep\u00f3sito de libros y revistas 1 cuarto para fotocopiadora y almac\u00e9n Estanter\u00edas (m. lineales) 144 m. en libre acceso 500 m. en &hellip; <a href=\"https:\/\/bibliotecas.unileon.es\/ciencias-biologicas-ambientales\/la-biblioteca-en-cifras\/\">Sigue leyendo <span class=\"meta-nav\">&rarr;<\/span><\/a><\/p>\n","protected":false},"author":3,"featured_media":0,"parent":0,"menu_order":0,"comment_status":"closed","ping_status":"closed","template":"","meta":{"_bbp_topic_count":0,"_bbp_reply_count":0,"_bbp_total_topic_count":0,"_bbp_total_reply_count":0,"_bbp_voice_count":0,"_bbp_anonymous_reply_count":0,"_bbp_topic_count_hidden":0,"_bbp_reply_count_hidden":0,"_bbp_forum_subforum_count":0,"footnotes":""},"class_list":["post-10","page","type-page","status-publish","hentry"],"_links":{"self":[{"href":"https:\/\/bibliotecas.unileon.es\/ciencias-biologicas-ambientales\/wp-json\/wp\/v2\/pages\/10","targetHints":{"allow":["GET"]}}],"collection":[{"href":"https:\/\/bibliotecas.unileon.es\/ciencias-biologicas-ambientales\/wp-json\/wp\/v2\/pages"}],"about":[{"href":"https:\/\/bibliotecas.unileon.es\/ciencias-biologicas-ambientales\/wp-json\/wp\/v2\/types\/page"}],"author":[{"embeddable":true,"href":"https:\/\/bibliotecas.unileon.es\/ciencias-biologicas-ambientales\/wp-json\/wp\/v2\/users\/3"}],"replies":[{"embeddable":true,"href":"https:\/\/bibliotecas.unileon.es\/ciencias-biologicas-ambientales\/wp-json\/wp\/v2\/comments?post=10"}],"version-history":[{"count":40,"href":"https:\/\/bibliotecas.unileon.es\/ciencias-biologicas-ambientales\/wp-json\/wp\/v2\/pages\/10\/revisions"}],"predecessor-version":[{"id":746,"href":"https:\/\/bibliotecas.unileon.es\/ciencias-biologicas-ambientales\/wp-json\/wp\/v2\/pages\/10\/revisions\/746"}],"wp:attachment":[{"href":"https:\/\/bibliotecas.unileon.es\/ciencias-biologicas-ambientales\/wp-json\/wp\/v2\/media?parent=10"}],"curies":[{"name":"wp","href":"https:\/\/api.w.org\/{rel}","templated":true}]}}