{"id":1074,"date":"2020-06-10T18:20:08","date_gmt":"2020-06-10T16:20:08","guid":{"rendered":"https:\/\/bibliotecas.unileon.es\/ciencias-biologicas-ambientales\/?page_id=1074"},"modified":"2024-08-22T13:10:21","modified_gmt":"2024-08-22T11:10:21","slug":"instrucciones-de-acceso-a-las-plataformas-de-ebooks-y-tutoriales","status":"publish","type":"page","link":"https:\/\/bibliotecas.unileon.es\/ciencias-biologicas-ambientales\/nuestros-libros-electronicos\/instrucciones-de-acceso-a-las-plataformas-de-ebooks-y-tutoriales\/","title":{"rendered":"Instrucciones de acceso a las plataformas de ebooks y tutoriales"},"content":{"rendered":"<p><strong><span style=\"color: #000000;\">Puede descargar las <span style=\"color: #ff0000;\">instrucciones<\/span> en formato <span style=\"color: #ff0000;\"><a style=\"color: #ff0000;\" href=\"https:\/\/bibliotecas.unileon.es\/ciencias-biologicas-ambientales\/files\/2023\/10\/Tutoriales-plataformas-e-books-Sep-2023-1.pdf\" class=\"mtli_attachment mtli_pdf\" target=\"_blank\" rel=\"noopener\">PDF<\/a><\/span><\/span><\/strong><\/p>\n<table style=\"border-collapse: collapse; width: 98.28%; height: 420px;\">\n<tbody>\n<tr style=\"border-style: solid; border-color: #990aa6; background-color: #ceede1;\">\n<td style=\"width: 100%; padding-left: 40px; text-align: center; height: 420px;\">\n<h6><a href=\"https:\/\/bibliotecas.unileon.es\/ciencias-biologicas-ambientales\/files\/2020\/06\/g.jpg\" class=\"mtli_attachment mtli_jpg\"><img loading=\"lazy\" decoding=\"async\" class=\"wp-image-1086 aligncenter\" src=\"https:\/\/bibliotecas.unileon.es\/ciencias-biologicas-ambientales\/files\/2020\/06\/g.jpg\" alt=\"\" width=\"210\" height=\"98\" \/><\/a><strong><a href=\"https:\/\/videos.unileon.es\/video\/5eb92eb78f4208e4528b456f\" target=\"_blank\" rel=\"noopener noreferrer\"><\/a><span style=\"color: #333399;\"><a style=\"color: #333399;\" href=\"https:\/\/videos.unileon.es\/video\/5eb92eb78f4208e4528b456f\" target=\"_blank\" rel=\"noopener\">V\u00eddeo de ayuda para acceder al recurso<\/a><\/span><\/strong><span style=\"color: #333399;\"><u>.<\/u><\/span><\/h6>\n<p><span style=\"color: #000000;\"><strong>Acceso desde fuera de la red de la ULE a trav\u00e9s de la herramienta de descubrimiento CATOUTE<\/strong><\/span><\/p>\n<p><img loading=\"lazy\" decoding=\"async\" class=\"alignnone wp-image-1295\" src=\"https:\/\/bibliotecas.unileon.es\/ciencias-biologicas-ambientales\/files\/2021\/11\/images.png\" alt=\"\" width=\"11\" height=\"11\" \/>\u00a0<strong><span style=\"color: #000080;\"><a style=\"color: #000080;\" href=\"https:\/\/www.youtube.com\/@user-jz4yq3wp1v\" target=\"_blank\" rel=\"noopener noreferrer\"><span style=\"color: #333399;\">Videotutoriales INGebook<\/span><\/a><\/span><\/strong><\/p>\n<p><span style=\"color: #000000;\"><strong>Ventajas de registrarse en la plataforma: disponer de una biblioteca personal con el contenido deseado, leer y trabajar con el libro a trav\u00e9s de cualquier dispositivo, crear y compartir notas, citas, subrayar, tachar, resaltar, \u2026.<\/strong><\/span><\/td>\n<\/tr>\n<\/tbody>\n<\/table>\n<table style=\"border-collapse: collapse; width: 98.1053%; height: 202px;\">\n<tbody>\n<tr style=\"border-style: solid; border-color: #990aa6; background-color: #ceede1;\">\n<td style=\"width: 100%; text-align: center; padding-left: 40px;\"><a href=\"https:\/\/videos.unileon.es\/video\/5eb92c108f420858528b4570\" target=\"_blank\" rel=\"noopener\"><img loading=\"lazy\" decoding=\"async\" class=\"wp-image-1087 aligncenter\" src=\"https:\/\/bibliotecas.unileon.es\/ciencias-biologicas-ambientales\/files\/2020\/06\/el.png\" alt=\"\" width=\"237\" height=\"91\" \/><\/a><strong><span style=\"color: #333399;\"><a style=\"color: #333399;\" href=\"https:\/\/videos.unileon.es\/video\/5eb92ca68f420858528b4574\" target=\"_blank\" rel=\"noopener noreferrer\">V\u00eddeo de ayuda pa<\/a><a style=\"color: #333399;\" href=\"https:\/\/videos.unileon.es\/video\/5eb92ca68f420858528b4574\" target=\"_blank\" rel=\"noopener noreferrer\"><span style=\"color: #333399;\">ra acceder al recurso<\/span><\/a><\/span><\/strong><\/p>\n<p><span style=\"color: #000000;\"><strong>Acceso desde fuera de la red de la ULE a trav\u00e9s de la herramienta de descubrimiento CATOUTE<\/strong><\/span><\/p>\n<ul>\n<li><strong> <span style=\"color: #333399;\"><a style=\"color: #333399;\" href=\"https:\/\/www.youtube.com\/watch?v=yiCDCjKOVq0&amp;feature=youtu.be\" target=\"_blank\" rel=\"noopener noreferrer\"><span style=\"text-decoration: underline;\"><span style=\"color: #333399; text-decoration: underline;\">B\u00fasquedas en E-Libro<\/span><\/span><\/a><\/span> <\/strong><\/li>\n<li><strong><span style=\"text-decoration: underline; color: #333399;\"><a style=\"color: #333399; text-decoration: underline;\" href=\"https:\/\/www.youtube.com\/watch?v=r3A_vxlwzeY&amp;feature=youtu.be\" target=\"_blank\" rel=\"noopener noreferrer\">Herramientas para lectura<\/a>\u00a0<\/span><\/strong><strong><br \/>\n<\/strong><\/li>\n<li><strong><span style=\"color: #333399;\"><a style=\"color: #333399;\" href=\"https:\/\/us02web.zoom.us\/rec\/play\/pnkpIPrslmE6clgHK6gMKXvPITbPUXwdIK05dyixz0bd79zMJGHips_mpJRKRntfcfzNkvEOzNQOdvL_.DUsW5eGMHjWkIpHF?continueMode=true&amp;_x_zm_rtaid=lIIgzGNESVCWkjwX159Y1w.1637652695706.273be15eab6c69cea0a230a815de6c88&amp;_x_zm_rhtaid=448\" target=\"_blank\" rel=\"noopener\"><span style=\"color: #333399;\">Formaci\u00f3n avanzada<\/span><\/a><\/span><\/strong><\/li>\n<li><a href=\"https:\/\/biblioteca.unileon.es\/ld.php?content_id=34626874\" target=\"_blank\" rel=\"noopener\"><strong><img loading=\"lazy\" decoding=\"async\" class=\"an1 alignnone\" src=\"https:\/\/fonts.gstatic.com\/s\/e\/notoemoji\/14.0\/1f195\/72.png\" alt=\"\" width=\"23\" height=\"23\" data-emoji=\"\" aria-label=\"\" \/> Manual de usuario 2023<\/strong><\/a><\/li>\n<\/ul>\n<p><span style=\"color: #000000;\"><strong>Ventajas de registrarse en la plataforma: realizar diferentes b\u00fasquedas, descargar cap\u00edtulos o libros, imprimir, crear anotaciones, citas\u2026.<\/strong><\/span><\/p>\n<p><img loading=\"lazy\" decoding=\"async\" class=\"an1 alignnone\" src=\"https:\/\/fonts.gstatic.com\/s\/e\/notoemoji\/14.0\/1f195\/72.png\" alt=\"\" width=\"20\" height=\"20\" data-emoji=\"\" aria-label=\"\" \/>\u00a0<a href=\"https:\/\/biblioteca.unileon.es\/ld.php?content_id=34626875\" target=\"_blank\" rel=\"noopener\"><strong>Manual eLibro app 2023<\/strong><\/a><\/p>\n<p><strong><span style=\"color: #333399;\"> <a style=\"color: #333399;\" href=\"https:\/\/www.youtube.com\/watch?v=lxmNOX8erdA\">Video tutorial para Descarga de t\u00edtulos en la nueva App<\/a><\/span><\/strong><\/td>\n<\/tr>\n<\/tbody>\n<\/table>\n<table style=\"border-collapse: collapse; width: 98.2092%; height: 204px;\">\n<tbody>\n<tr style=\"height: 186px; border-style: solid; border-color: #990aa6; background-color: #ceede1;\">\n<td style=\"width: 100%; height: 186px; text-align: center;\"><strong><a href=\"https:\/\/bibliotecas.unileon.es\/ciencias-biologicas-ambientales\/files\/2020\/06\/eure.jpg\" class=\"mtli_attachment mtli_jpg\"><img loading=\"lazy\" decoding=\"async\" class=\"wp-image-1089 aligncenter\" src=\"https:\/\/bibliotecas.unileon.es\/ciencias-biologicas-ambientales\/files\/2020\/06\/eure.jpg\" alt=\"\" width=\"270\" height=\"102\" \/><\/a><\/strong><strong><span style=\"color: #333399;\">\u00a0<a style=\"color: #333399;\" href=\"https:\/\/videos.unileon.es\/video\/5eb92ca68f420858528b4574\" target=\"_blank\" rel=\"noopener noreferrer\"><span style=\"color: #333399;\">V\u00eddeo de ayuda para acceder al recurso<\/span><\/a><\/span><\/strong><\/p>\n<p style=\"text-align: center;\"><span style=\"color: #000000;\"><strong>Acceso desde fuera de la red de la ULE a trav\u00e9s de la herramienta de descubrimiento CATOUTE<\/strong><\/span><\/p>\n<p><strong> <span style=\"color: #000080;\"><a style=\"color: #000080; text-decoration: underline;\" href=\"https:\/\/www.youtube.com\/watch?v=gFfnaQq145E\" target=\"_blank\" rel=\"noopener noreferrer\"><span style=\"color: #333399; text-decoration: underline;\">Videotutorial Eureka<\/span><\/a><\/span><\/strong><\/p>\n<p><span style=\"color: #000000;\"><strong>Ventajas de registrarse en la plataforma: realizar b\u00fasquedas, acceder a contenidos digitalizados y material multimedia, subrayar, utilizar marcadores. Eureka integra un diccionario de T\u00e9rminos M\u00e9dicos de la Real Academia Nacional de Medicina<\/strong><\/span><\/td>\n<\/tr>\n<\/tbody>\n<\/table>\n<table style=\"border-collapse: collapse; width: 98.4549%; height: 122px;\">\n<tbody>\n<tr style=\"border-style: solid; border-color: #990aa6; background-color: #ceede1;\">\n<td style=\"width: 100%; height: 122px; text-align: center;\"><a href=\"https:\/\/bibliotecas.unileon.es\/ciencias-biologicas-ambientales\/files\/2021\/11\/springer.jpg\" class=\"mtli_attachment mtli_jpg\"><img loading=\"lazy\" decoding=\"async\" class=\"wp-image-1292 aligncenter\" src=\"https:\/\/bibliotecas.unileon.es\/ciencias-biologicas-ambientales\/files\/2021\/11\/springer.jpg\" alt=\"\" width=\"265\" height=\"79\" \/><\/a><a href=\"https:\/\/videos.unileon.es\/video\/5eb92faa8f420898538b4568\" target=\"_blank\" rel=\"noopener\"><span style=\"color: #333399;\">\u00a0<strong><span style=\"color: #333399;\">V\u00eddeo de ayuda para acceder al recurso<\/span><\/strong><\/span><\/a><\/p>\n<p style=\"text-align: center;\"><span style=\"color: #000000;\"><strong>Acceso desde fuera de la red de la ULE a trav\u00e9s de la herramienta de descubrimiento CATOUTE<\/strong><\/span><\/p>\n<ul>\n<li><strong> <a href=\"https:\/\/www.youtube.com\/watch?v=4SZGW55lpfw\"><span style=\"color: #333399;\">Videotutoriales B\u00fasqueda en SpringerLink<\/span><\/a><\/strong><\/li>\n<li><strong><span style=\"color: #333399;\"><a style=\"color: #333399;\" href=\"https:\/\/youtu.be\/QofNVHUXoDg?list=PLnJNwQtn6ykZTf4HoIlhm9_Cq6n9rOvXa&amp;t=3\">\u00a0<span style=\"color: #333399;\">Revistas en SpringerLink <\/span><\/a><\/span><\/strong><strong>\u00a0\u00a0<\/strong><\/li>\n<li><strong> <\/strong><strong><a href=\"https:\/\/youtu.be\/5TDstatsw-4?list=PLnJNwQtn6ykZTf4HoIlhm9_Cq6n9rOvXa&amp;t=6\"><span style=\"color: #333399;\">Ebook SpringerLink<\/span><\/a><\/strong><\/li>\n<\/ul>\n<p><strong>Brinda a los investigadores acceso a millones de documentos cient\u00edficos de revistas, libros, series, protocolos, trabajos de referencia y actas.<\/strong><\/td>\n<\/tr>\n<\/tbody>\n<\/table>\n<table style=\"border-collapse: collapse; width: 98.7344%; height: 278px;\">\n<tbody>\n<tr style=\"border-style: solid; border-color: #990aa6; background-color: #ceede1;\">\n<td style=\"width: 100%; height: 278px; text-align: center; padding-left: 40px;\"><a href=\"https:\/\/bibliotecas.unileon.es\/ciencias-biologicas-ambientales\/files\/2021\/11\/ehost_help.png\" class=\"mtli_attachment mtli_png\"><img loading=\"lazy\" decoding=\"async\" class=\"wp-image-1290 alignnone\" src=\"https:\/\/bibliotecas.unileon.es\/ciencias-biologicas-ambientales\/files\/2021\/11\/ehost_help.png\" alt=\"\" width=\"323\" height=\"53\" \/><\/a><\/p>\n<ul>\n<li><a href=\"https:\/\/bibliotecas.unileon.es\/ciencias-biologicas-ambientales\/files\/2021\/11\/ehost_help.png\" class=\"mtli_attachment mtli_png\"><strong><\/strong><\/a><a href=\"https:\/\/videos.unileon.es\/video\/5ecfab7a8f4208037b8b45a0\"><strong><span style=\"color: #333399;\">V\u00eddeo, acceso a AGRICOLA<\/span><\/strong><\/a><\/li>\n<li><a href=\"https:\/\/bibliotecas.unileon.es\/ciencias-biologicas-ambientales\/files\/2021\/11\/ehost_help.png\" class=\"mtli_attachment mtli_png\"><strong><\/strong><\/a><strong><a href=\"https:\/\/videos.unileon.es\/video\/5ed63cb08f4208d4028b456a\"><span style=\"color: #333399;\">V\u00eddeo, acceso a CAB Abstracts<\/span><\/a><\/strong><\/li>\n<li><strong>\u00a0<span style=\"color: #333399;\"><a style=\"color: #333399;\" href=\"https:\/\/videos.unileon.es\/video\/5ed8e9e98f42085d2f8b457c\">V\u00eddeo, acceso a Environment complete<\/a><\/span><\/strong><\/li>\n<li><strong> <\/strong><a href=\"https:\/\/videos.unileon.es\/video\/5ee223e88f420872108b4572\"><strong><span style=\"color: #333399;\">V\u00eddeo, acceso a GreenFile\u00a0<\/span><\/strong><\/a><\/li>\n<\/ul>\n<p style=\"text-align: center;\"><span style=\"color: #000000;\"><strong>Acceso desde fuera de la red de la ULE a trav\u00e9s de herramienta de descubrimiento CATOUTE<\/strong><\/span><\/p>\n<p><strong><span style=\"color: #333399;\"><a href=\"https:\/\/bibliotecas.unileon.es\/ciencias-biologicas-ambientales\/files\/2021\/11\/images.png\" class=\"mtli_attachment mtli_png\"><img loading=\"lazy\" decoding=\"async\" class=\"wp-image-1295 alignleft\" src=\"https:\/\/bibliotecas.unileon.es\/ciencias-biologicas-ambientales\/files\/2021\/11\/images.png\" alt=\"\" width=\"33\" height=\"33\" \/><\/a><a href=\"https:\/\/www.youtube.com\/channel\/UCacSyyW59AcMEwZ70Jo58bw\" target=\"_blank\" rel=\"noopener\"><span style=\"color: #333399;\">Canal YouTube EBSCOhost<\/span><\/a><\/span>: \u00a0 <span style=\"color: #000000;\">videos de b\u00fasqueda b\u00e1sica, avanzada, creaci\u00f3n cuenta personal, alertas, gesti\u00f3n carpeta\u2026<\/span><\/strong><\/td>\n<\/tr>\n<\/tbody>\n<\/table>\n<h6 style=\"padding-left: 80px;\"><\/h6>\n<table style=\"border-collapse: collapse; width: 98.5958%; height: 479px;\">\n<tbody>\n<tr style=\"border-style: solid; border-color: #990aa6; background-color: #ceede1;\">\n<td style=\"width: 577px; text-align: center;\">\n<p style=\"text-align: center;\"><strong><a href=\"https:\/\/bibliotecas.unileon.es\/ciencias-biologicas-ambientales\/files\/2021\/11\/descarga-1.jpg\" class=\"mtli_attachment mtli_jpg\"><img loading=\"lazy\" decoding=\"async\" class=\"wp-image-1289 aligncenter\" src=\"https:\/\/bibliotecas.unileon.es\/ciencias-biologicas-ambientales\/files\/2021\/11\/descarga-1.jpg\" alt=\"\" width=\"213\" height=\"78\" \/><\/a><\/strong><a href=\"https:\/\/videos.unileon.es\/video\/5eb92da98f420857528b4577\" target=\"_blank\" rel=\"noopener\"><strong><span style=\"color: #333399;\">V\u00eddeo de ayuda para acceder al recurso<\/span><\/strong><\/a><\/p>\n<p style=\"text-align: center;\"><span style=\"color: #000000;\"><strong>Acceso desde fuera de la red de la ULE a trav\u00e9s de la herramienta de descubrimiento CATOUTE<\/strong><\/span><\/p>\n<p><span style=\"color: #333399;\"><a style=\"color: #333399;\" href=\"https:\/\/www.wiley.com\/customer-success\/wiley-online-library-spanish\"><strong><span style=\"color: #333399;\">P\u00e1gina de recursos en espa\u00f1ol para usuarios de la Wiley Online Library<\/span><\/strong><\/a><\/span><\/p>\n<p><span style=\"color: #000000;\"><strong>Biblioteca electr\u00f3nica de John Wiley &amp; Sons que proporciona acceso al texto completo de unas 1400 revistas cient\u00edficas, t\u00e9cnicas y m\u00e9dicas, y acceso parcial a diversos Current protocols \u00a0\u00a0y a una selecci\u00f3n de libros en l\u00ednea. Qu\u00edmica, Ingenier\u00edas, Ciencias de la vida y Medicina<\/strong><\/span><\/td>\n<\/tr>\n<\/tbody>\n<\/table>\n<table style=\"border-collapse: collapse; width: 100%; height: 403px;\">\n<tbody>\n<tr style=\"border-style: solid; border-color: #990aa6; background-color: #ceede1;\">\n<td style=\"border-collapse: collapse; width: 98.5958%; height: 339px;\">\n<p style=\"text-align: center;\"><img loading=\"lazy\" decoding=\"async\" class=\"wp-image-1472 aligncenter\" src=\"https:\/\/bibliotecas.unileon.es\/ciencias-biologicas-ambientales\/files\/2023\/10\/logo-WOS-1.png\" alt=\"\" width=\"290\" height=\"83\" \/><strong><a href=\"https:\/\/videos.unileon.es\/video\/5eb92da98f420857528b4577\" target=\"_blank\" rel=\"noopener\"><\/a><\/strong><span style=\"color: #993366;\"><a style=\"color: #993366;\" href=\"https:\/\/videos.unileon.es\/video\/5eb92b588f420857528b456d\" target=\"_blank\" rel=\"noopener\"><strong>V\u00eddeo de ayuda para acceder al recurso<\/strong><\/a><\/span><\/p>\n<p style=\"text-align: center;\"><strong>La Web of Science, propiedad de la empresa Clarivate Analytics, es la colecci\u00f3n de bases de datos de referencias bibliogr\u00e1ficas y citas de publicaciones peri\u00f3dicas que recogen informaci\u00f3n desde 1900 a la actualidad<\/strong><\/p>\n<ul>\n<li><strong><a href=\"http:\/\/wokinfo.com\/media\/pdf\/wos-corecoll_qrc_es.pdf\" class=\"mtli_attachment mtli_pdf\">Gu\u00eda de referencia r\u00e1pica Web of Science <\/a>\u00a0\u00a0\u00a0\u00a0\u00a0\u00a0\u00a0\u00a0\u00a0<\/strong><\/li>\n<li><strong><a href=\"https:\/\/www.recursoscientificos.fecyt.es\/servicios\/formacion\">Formaci\u00f3n presencial, online y materiales de FECYT<\/a><\/strong><\/li>\n<li><strong><u><a href=\"https:\/\/webofscience.help.clarivate.com\/es-es\/Content\/home.htm\">Manual completo en l\u00ednea<\/a><\/u><\/strong><\/li>\n<\/ul>\n<\/td>\n<\/tr>\n<tr style=\"border-style: solid; border-color: #990aa6; background-color: #ceede1;\">\n<td style=\"border-collapse: collapse; width: 98.5958%; height: 64px;\"><img loading=\"lazy\" decoding=\"async\" class=\"wp-image-1474 aligncenter\" src=\"https:\/\/bibliotecas.unileon.es\/ciencias-biologicas-ambientales\/files\/2023\/10\/Journal-Citation-Reports-2021.jpg\" alt=\"\" width=\"241\" height=\"96\" \/><\/p>\n<p><strong>Journal Citation Reports\u2122 Se trata de una base de datos incluida en la Web of Science de la empresa Clarivate.<\/strong><\/p>\n<p style=\"text-align: center;\"><strong>Es una herramienta para comparar revistas y evaluar su importancia dentro de un mismo campo cient\u00edfico, a partir de estudio de las citas recibidas por los art\u00edculos indexados en la base de datos, muestra las relaciones entre las revistas que citan y las que son citadas<\/strong><\/p>\n<ul>\n<li><strong><a href=\"https:\/\/videos.unileon.es\/video\/5eb92da98f420857528b4577\" target=\"_blank\" rel=\"noopener\"><\/a> \u00a0<a href=\"https:\/\/clarivate.com\/webofsciencegroup\/support\/support-jcr\/\" target=\"_blank\" rel=\"noopener\">Portal de aprendizaje Journal Citation Reports<\/a>, incluye v\u00eddeo tutoriales\u00a0 y la gu\u00eda de referencia en PDF (Ingl\u00e9s)<\/strong><\/li>\n<li><strong><a href=\"https:\/\/videos.unileon.es\/video\/5eb92da98f420857528b4577\" target=\"_blank\" rel=\"noopener\"><\/a>\u00a0<\/strong><a href=\"https:\/\/clarivate.com\/web-of-science-recorded-training\/?clv-training-class-language=spanish&amp;wpv_aux_current_post_id=191636&amp;wpv_aux_parent_post_id=191636&amp;wpv_view_count=191637-CATTR4b2bd5893208357095292a554a47ff14&amp;clv-training-class-product=journal-citation-reports\" target=\"_blank\" rel=\"noopener\"><strong>Selecci\u00f3n de v\u00eddeos en espa\u00f1ol<\/strong><\/a><\/li>\n<\/ul>\n<\/td>\n<\/tr>\n<tr style=\"border-style: solid; border-color: #990aa6; background-color: #ceede1;\">\n<td style=\"border-collapse: collapse; width: 98.5958%; text-align: center;\"><img loading=\"lazy\" decoding=\"async\" class=\"wp-image-1475 aligncenter\" src=\"https:\/\/bibliotecas.unileon.es\/ciencias-biologicas-ambientales\/files\/2023\/10\/scopus.png\" alt=\"\" width=\"216\" height=\"62\" \/><\/p>\n<p><strong>Scopus es ua base de datos bibliogr\u00e1fica de res\u00famenes y citas de art\u00edculos de revistas cient\u00edficas. Cubre aproximadamente 18.000 t\u00edtulos de m\u00e1s de 5.000 editores internacionales, incluyendo la cobertura de 16.500 revistas revisadas por pares de las \u00e1reas de ciencias, tecnolog\u00eda, medicina y ciencias sociales, incluyendo artes y humanidades. Editada por Elsevier.<\/strong><strong>\u00a0 <a href=\"https:\/\/videos.unileon.es\/video\/5eb930378f420898538b456b\" target=\"_blank\" rel=\"noopener\">V\u00eddeo de ayuda para acceder al recurso<\/a><\/strong><\/p>\n<p><strong><a href=\"https:\/\/www.recursoscientificos.fecyt.es\/sites\/default\/files\/guia-del-usuario.pdf\" class=\"mtli_attachment mtli_pdf\">Gu\u00eda de referencia r\u00e1pida<\/a><\/strong><\/td>\n<\/tr>\n<tr style=\"border-style: solid; border-color: #990aa6; background-color: #ceede1;\">\n<td style=\"border-collapse: collapse; width: 98.5958%; text-align: center;\"><img loading=\"lazy\" decoding=\"async\" class=\"alignnone wp-image-1476\" src=\"https:\/\/bibliotecas.unileon.es\/ciencias-biologicas-ambientales\/files\/2023\/10\/logo-aenor.png\" alt=\"\" width=\"261\" height=\"64\" \/><\/p>\n<p><strong>La nueva plataforma permite el acceso con las siguientes mejoras:<\/strong><\/p>\n<ul>\n<li style=\"text-align: justify;\"><strong>Actualizaci\u00f3n semanal de normas UNE en cualquier idioma<\/strong><\/li>\n<li style=\"text-align: justify;\"><strong>Filtros avanzados de b\u00fasqueda<\/strong><\/li>\n<li style=\"text-align: justify;\"><strong>Nueva ficha norma detallada<\/strong><\/li>\n<li style=\"text-align: justify;\"><strong>Dise\u00f1o \u201cresponsive\u201d mejora notable en experiencia de usuario UX<\/strong><\/li>\n<li style=\"text-align: justify;\"><strong>Notificaci\u00f3n de novedades, formato \u201cmailing\u201d mejorado<\/strong><\/li>\n<\/ul>\n<p><a href=\"https:\/\/videos.unileon.es\/video\/5eb930838f4208e8538b4568\"><strong>V\u00eddeo de ayuda para acceder al recurso<\/strong><\/a><strong>Accede al\u00a0<\/strong><a href=\"https:\/\/biblioteca.unileon.es\/ld.php?content_id=34606908\" target=\"_blank\" rel=\"noopener\"><strong>Manual de uso<\/strong><\/a><\/td>\n<\/tr>\n<\/tbody>\n<\/table>\n<p>Actualizado octubre 2023<\/p>\n\n<!-- This is the start of the WP Twitter Button code -->\n<div id=\"rk_wp_twitter_button\" style=\"margin: 0px 0px 0px 0px; float: left\"><a href=\"http:\/\/twitter.com\/share\" class=\"twitter-share-button\" data-url=\"https:\/\/bibliotecas.unileon.es\/ciencias-biologicas-ambientales\/nuestros-libros-electronicos\/instrucciones-de-acceso-a-las-plataformas-de-ebooks-y-tutoriales\/\" data-count=\"horizontal\">Tweet<\/a><script type=\"text\/javascript\" src=\"http:\/\/platform.twitter.com\/widgets.js\"><\/script><\/div>\n<!-- This is the end of the WP Twitter Button code -->\n\n","protected":false},"excerpt":{"rendered":"<p>Puede descargar las instrucciones en formato PDF V\u00eddeo de ayuda para acceder al recurso. Acceso desde fuera de la red de la ULE a trav\u00e9s de la herramienta de descubrimiento CATOUTE \u00a0Videotutoriales INGebook Ventajas de registrarse en la plataforma: disponer &hellip; <a href=\"https:\/\/bibliotecas.unileon.es\/ciencias-biologicas-ambientales\/nuestros-libros-electronicos\/instrucciones-de-acceso-a-las-plataformas-de-ebooks-y-tutoriales\/\">Sigue leyendo <span class=\"meta-nav\">&rarr;<\/span><\/a><\/p>\n","protected":false},"author":21,"featured_media":0,"parent":921,"menu_order":0,"comment_status":"closed","ping_status":"closed","template":"","meta":{"_bbp_topic_count":0,"_bbp_reply_count":0,"_bbp_total_topic_count":0,"_bbp_total_reply_count":0,"_bbp_voice_count":0,"_bbp_anonymous_reply_count":0,"_bbp_topic_count_hidden":0,"_bbp_reply_count_hidden":0,"_bbp_forum_subforum_count":0,"footnotes":""},"class_list":["post-1074","page","type-page","status-publish","hentry"],"_links":{"self":[{"href":"https:\/\/bibliotecas.unileon.es\/ciencias-biologicas-ambientales\/wp-json\/wp\/v2\/pages\/1074","targetHints":{"allow":["GET"]}}],"collection":[{"href":"https:\/\/bibliotecas.unileon.es\/ciencias-biologicas-ambientales\/wp-json\/wp\/v2\/pages"}],"about":[{"href":"https:\/\/bibliotecas.unileon.es\/ciencias-biologicas-ambientales\/wp-json\/wp\/v2\/types\/page"}],"author":[{"embeddable":true,"href":"https:\/\/bibliotecas.unileon.es\/ciencias-biologicas-ambientales\/wp-json\/wp\/v2\/users\/21"}],"replies":[{"embeddable":true,"href":"https:\/\/bibliotecas.unileon.es\/ciencias-biologicas-ambientales\/wp-json\/wp\/v2\/comments?post=1074"}],"version-history":[{"count":1,"href":"https:\/\/bibliotecas.unileon.es\/ciencias-biologicas-ambientales\/wp-json\/wp\/v2\/pages\/1074\/revisions"}],"predecessor-version":[{"id":1197,"href":"https:\/\/bibliotecas.unileon.es\/ciencias-biologicas-ambientales\/wp-json\/wp\/v2\/pages\/1074\/revisions\/1197"}],"up":[{"embeddable":true,"href":"https:\/\/bibliotecas.unileon.es\/ciencias-biologicas-ambientales\/wp-json\/wp\/v2\/pages\/921"}],"wp:attachment":[{"href":"https:\/\/bibliotecas.unileon.es\/ciencias-biologicas-ambientales\/wp-json\/wp\/v2\/media?parent=1074"}],"curies":[{"name":"wp","href":"https:\/\/api.w.org\/{rel}","templated":true}]}}