{"id":5,"date":"2012-10-25T09:26:38","date_gmt":"2012-10-25T07:26:38","guid":{"rendered":"http:\/\/bibliotecas.unileon.es\/ciencias-biologicas-ambientales\/?page_id=5"},"modified":"2025-10-09T09:13:31","modified_gmt":"2025-10-09T07:13:31","slug":"quienes-somos","status":"publish","type":"page","link":"https:\/\/bibliotecas.unileon.es\/ciencias-biologicas-ambientales\/quienes-somos\/","title":{"rendered":"\u00bfQui\u00e9nes somos?"},"content":{"rendered":"<table style=\"width: 635px; height: 462px;\">\n<tbody>\n<tr>\n<td style=\"background-color: #afeeee;\">Ayudante de Biblioteca<\/td>\n<td style=\"text-align: center;\"><span style=\"color: #333333;\">Silvia Mart\u00ednez Mart\u00ednez<br \/>\n<\/span><\/td>\n<td style=\"text-align: center;\">\u00a0 \u00a0 \u00a0\u00a0<img loading=\"lazy\" decoding=\"async\" id=\"irc_mi\" src=\"http:\/\/www.copaco.com.py\/portal\/images\/telefono_icono.png\" alt=\"\" width=\"18\" height=\"18\" \/>\u00a0987 29 14 96<\/p>\n<p><a href=\"mailto:bufbi1@unileon.es\"><img loading=\"lazy\" decoding=\"async\" src=\"https:\/\/encrypted-tbn2.gstatic.com\/images?q=tbn:ANd9GcR3qZZppaWbnt5AeBcZo8-ttPmp2MuozXutN5CqPgKlYykOZ1Z4Kw\" alt=\"\" width=\"24\" height=\"17\" \/><\/a><a href=\"mailto:bufbi1@unileon.es\">bufbi@unileon.es<\/a><\/td>\n<\/tr>\n<tr>\n<td style=\"background-color: #afeeee;\">T\u00e9cnico de Biblioteca<\/td>\n<td style=\"text-align: center;\"><span style=\"color: #333333;\">Ana Mar\u00eda del R\u00edo Cambero<\/span><\/td>\n<td style=\"text-align: center;\"><img loading=\"lazy\" decoding=\"async\" id=\"irc_mi\" class=\"alignnone\" src=\"http:\/\/www.copaco.com.py\/portal\/images\/telefono_icono.png\" alt=\"\" width=\"18\" height=\"18\" \/>\u00a0987 29 14 96<\/p>\n<p><a href=\"mailto:bufbi1@unileon.es\"><img loading=\"lazy\" decoding=\"async\" src=\"https:\/\/encrypted-tbn2.gstatic.com\/images?q=tbn:ANd9GcR3qZZppaWbnt5AeBcZo8-ttPmp2MuozXutN5CqPgKlYykOZ1Z4Kw\" alt=\"\" width=\"24\" height=\"17\" \/>\u00a0bufbi1@unileon.es<\/a><\/td>\n<\/tr>\n<tr>\n<td style=\"background-color: #afeeee;\">T\u00e9cnico de Biblioteca<\/td>\n<td style=\"text-align: center;\"><span style=\"color: #333333;\">Teresa Donis Ca\u00f1\u00f3n<\/span><\/td>\n<td style=\"text-align: center;\"><img loading=\"lazy\" decoding=\"async\" id=\"irc_mi\" src=\"http:\/\/www.copaco.com.py\/portal\/images\/telefono_icono.png\" alt=\"\" width=\"18\" height=\"18\" \/>\u00a0987 29 33 24<\/p>\n<p><a href=\"mailto:bufbi2@unileon.es\"><img loading=\"lazy\" decoding=\"async\" src=\"https:\/\/encrypted-tbn2.gstatic.com\/images?q=tbn:ANd9GcR3qZZppaWbnt5AeBcZo8-ttPmp2MuozXutN5CqPgKlYykOZ1Z4Kw\" alt=\"\" width=\"24\" height=\"17\" \/>\u00a0bufbi2@unileon.es<\/a><\/td>\n<\/tr>\n<tr>\n<td style=\"background-color: #afeeee;\">T\u00e9cnico de Biblioteca<\/td>\n<td style=\"text-align: center;\"><span style=\"color: #000000;\"><span style=\"color: #333333;\">Germ\u00e1n Fern\u00e1ndez Rom\u00e1n<\/span><br \/>\n<\/span><\/td>\n<td style=\"text-align: center;\"><img loading=\"lazy\" decoding=\"async\" id=\"irc_mi\" src=\"http:\/\/www.copaco.com.py\/portal\/images\/telefono_icono.png\" alt=\"\" width=\"18\" height=\"18\" \/>\u00a0987 29 33 24<\/p>\n<p><a href=\"mailto:bufbi3@unileon.es\"><img loading=\"lazy\" decoding=\"async\" src=\"https:\/\/encrypted-tbn2.gstatic.com\/images?q=tbn:ANd9GcR3qZZppaWbnt5AeBcZo8-ttPmp2MuozXutN5CqPgKlYykOZ1Z4Kw\" alt=\"\" width=\"24\" height=\"17\" \/>\u00a0bufbi3@unileon.es<\/a><\/td>\n<\/tr>\n<\/tbody>\n<\/table>\n<p><span style=\"text-decoration: underline;\">Direcci\u00f3n de contacto<\/span><\/p>\n<p>Universidad de Le\u00f3n.<br \/>\nFacultad de Ciencias Biol\u00f3gicas y Ambientales.<br \/>\nBiblioteca.<br \/>\nCampus de Vegazana, s\/n<br \/>\n24071 LE\u00d3N<\/p>\n<p>&nbsp;<\/p>\n<p>&nbsp;<\/p>\n\n<!-- This is the start of the WP Twitter Button code -->\n<div id=\"rk_wp_twitter_button\" style=\"margin: 0px 0px 0px 0px; float: left\"><a href=\"http:\/\/twitter.com\/share\" class=\"twitter-share-button\" data-url=\"https:\/\/bibliotecas.unileon.es\/ciencias-biologicas-ambientales\/quienes-somos\/\" data-count=\"horizontal\">Tweet<\/a><script type=\"text\/javascript\" src=\"http:\/\/platform.twitter.com\/widgets.js\"><\/script><\/div>\n<!-- This is the end of the WP Twitter Button code -->\n\n","protected":false},"excerpt":{"rendered":"<p>Ayudante de Biblioteca Silvia Mart\u00ednez Mart\u00ednez \u00a0 \u00a0 \u00a0\u00a0\u00a0987 29 14 96 bufbi@unileon.es T\u00e9cnico de Biblioteca Ana Mar\u00eda del R\u00edo Cambero \u00a0987 29 14 96 \u00a0bufbi1@unileon.es T\u00e9cnico de Biblioteca Teresa Donis Ca\u00f1\u00f3n \u00a0987 29 33 24 \u00a0bufbi2@unileon.es T\u00e9cnico de Biblioteca &hellip; <a href=\"https:\/\/bibliotecas.unileon.es\/ciencias-biologicas-ambientales\/quienes-somos\/\">Sigue leyendo <span class=\"meta-nav\">&rarr;<\/span><\/a><\/p>\n","protected":false},"author":3,"featured_media":641,"parent":0,"menu_order":0,"comment_status":"closed","ping_status":"closed","template":"","meta":{"_bbp_topic_count":0,"_bbp_reply_count":0,"_bbp_total_topic_count":0,"_bbp_total_reply_count":0,"_bbp_voice_count":0,"_bbp_anonymous_reply_count":0,"_bbp_topic_count_hidden":0,"_bbp_reply_count_hidden":0,"_bbp_forum_subforum_count":0,"footnotes":""},"class_list":["post-5","page","type-page","status-publish","has-post-thumbnail","hentry"],"_links":{"self":[{"href":"https:\/\/bibliotecas.unileon.es\/ciencias-biologicas-ambientales\/wp-json\/wp\/v2\/pages\/5","targetHints":{"allow":["GET"]}}],"collection":[{"href":"https:\/\/bibliotecas.unileon.es\/ciencias-biologicas-ambientales\/wp-json\/wp\/v2\/pages"}],"about":[{"href":"https:\/\/bibliotecas.unileon.es\/ciencias-biologicas-ambientales\/wp-json\/wp\/v2\/types\/page"}],"author":[{"embeddable":true,"href":"https:\/\/bibliotecas.unileon.es\/ciencias-biologicas-ambientales\/wp-json\/wp\/v2\/users\/3"}],"replies":[{"embeddable":true,"href":"https:\/\/bibliotecas.unileon.es\/ciencias-biologicas-ambientales\/wp-json\/wp\/v2\/comments?post=5"}],"version-history":[{"count":4,"href":"https:\/\/bibliotecas.unileon.es\/ciencias-biologicas-ambientales\/wp-json\/wp\/v2\/pages\/5\/revisions"}],"predecessor-version":[{"id":1581,"href":"https:\/\/bibliotecas.unileon.es\/ciencias-biologicas-ambientales\/wp-json\/wp\/v2\/pages\/5\/revisions\/1581"}],"wp:featuredmedia":[{"embeddable":true,"href":"https:\/\/bibliotecas.unileon.es\/ciencias-biologicas-ambientales\/wp-json\/wp\/v2\/media\/641"}],"wp:attachment":[{"href":"https:\/\/bibliotecas.unileon.es\/ciencias-biologicas-ambientales\/wp-json\/wp\/v2\/media?parent=5"}],"curies":[{"name":"wp","href":"https:\/\/api.w.org\/{rel}","templated":true}]}}