{"id":590,"date":"2021-07-06T09:15:12","date_gmt":"2021-07-06T07:15:12","guid":{"rendered":"http:\/\/bibliotecas.unileon.es\/ciencias-biologicas-ambientales\/?page_id=590"},"modified":"2024-03-15T08:00:43","modified_gmt":"2024-03-15T07:00:43","slug":"folletos-para-descargar","status":"publish","type":"page","link":"https:\/\/bibliotecas.unileon.es\/ciencias-biologicas-ambientales\/folletos-para-descargar\/","title":{"rendered":"Folletos para descargar"},"content":{"rendered":"<p style=\"text-align: justify;\">Todos los folletos est\u00e1n disponibles en la biblioteca. Desde esta p\u00e1gina puedes imprimir una copia.<\/p>\n<p style=\"text-align: justify;\"><a href=\"https:\/\/bibliotecas.unileon.es\/ciencias-biologicas-ambientales\/files\/2021\/10\/Guia-Prestamo-renovaciones-y-reservas-ultima.pdf\" class=\"mtli_attachment mtli_pdf\">Normativa de pr\u00e9stamo:<\/a>\u00a0N\u00famero m\u00e1ximo de ejemplares en pr\u00e9stamo, duraci\u00f3n del pr\u00e9stamo y sanciones, renovaciones y reservas.<\/p>\n<p style=\"text-align: justify;\"><a href=\"http:\/\/bibliotecas.unileon.es\/ciencias-biologicas-ambientales\/files\/2015\/08\/4-Tabla-de-materias-2015.pdf\" class=\"mtli_attachment mtli_pdf\" target=\"_blank\" rel=\"noopener noreferrer\">Tabla de materias<\/a>: Permite conocer la ordenaci\u00f3n de los libros en las estanter\u00edas y el sistema de clasificaci\u00f3n utilizado (CDU).<\/p>\n<p style=\"text-align: justify;\"><a href=\"https:\/\/bibliotecas.unileon.es\/ciencias-biologicas-ambientales\/files\/2019\/12\/5-Consulta-del-cat\u00e1logo.pdf\" class=\"mtli_attachment mtli_pdf\">Consulta del cat\u00e1logo<\/a>: Gu\u00eda de utilizaci\u00f3n del cat\u00e1logo para identificar, localizar y consultar la disponibilidad de cualquier documento.<\/p>\n<p style=\"text-align: justify;\"><a href=\"https:\/\/bibliotecas.unileon.es\/ciencias-biologicas-ambientales\/files\/2019\/12\/6-Registro-de-usuario.pdf\" class=\"mtli_attachment mtli_pdf\" target=\"_blank\" rel=\"noopener noreferrer\">Registro de usuario<\/a>: Permite acceder al registro personal del usuario, disponible en el <a href=\"http:\/\/catoute.unileon.es\/\" target=\"_blank\" rel=\"noopener noreferrer\">cat\u00e1logo de la Biblioteca<\/a> mediante identificaci\u00f3n que se realiza con el acceso al\u00a0 correo institucional.<\/p>\n<p style=\"text-align: justify;\"><a href=\"https:\/\/bibliotecas.unileon.es\/ciencias-biologicas-ambientales\/files\/2019\/12\/7-Reservas-de-libros.pdf\" class=\"mtli_attachment mtli_pdf\" target=\"_blank\" rel=\"noopener noreferrer\">Reservas de libros<\/a> : C\u00f3mo realizar la reserva de un libro que se encuentra prestado.<\/p>\n<p style=\"text-align: justify;\"><a href=\"https:\/\/bibliotecas.unileon.es\/ciencias-biologicas-ambientales\/files\/2019\/12\/8-Cancelar-reservas-PRIMO.pdf\" class=\"mtli_attachment mtli_pdf\" target=\"_blank\" rel=\"noopener noreferrer\">Cancelar reservas<\/a>:\u00a0 C\u00f3mo realizar la cancelaci\u00f3n de una reserva.<\/p>\n<p style=\"text-align: justify;\"><a href=\"https:\/\/bibliotecas.unileon.es\/ciencias-biologicas-ambientales\/files\/2019\/12\/9-Renovaci\u00f3n-pr\u00e9stamos-PRIMO.pdf\" class=\"mtli_attachment mtli_pdf\" target=\"_blank\" rel=\"noopener noreferrer\">Renovaci\u00f3n pr\u00e9stamos <\/a>: C\u00f3mo renovar un ejemplar que tengas prestado.<\/p>\n<p style=\"text-align: justify;\">Tambi\u00e9n te puede interesar:<\/p>\n<p style=\"text-align: justify;\"><a href=\"https:\/\/bibliotecas.unileon.es\/ciencias-biologicas-ambientales\/files\/2024\/03\/Reglamento_de_la_biblioteca_universidad_de_leaon-2024.pdf\" class=\"mtli_attachment mtli_pdf\">Reglamento_de_la_biblioteca_Universidad_de_Leo\u00f3n 2024<\/a><\/p>\n<p>&nbsp;<\/p>\n<p style=\"text-align: justify;\">\n\n<!-- This is the start of the WP Twitter Button code -->\n<div id=\"rk_wp_twitter_button\" style=\"margin: 0px 0px 0px 0px; float: left\"><a href=\"http:\/\/twitter.com\/share\" class=\"twitter-share-button\" data-url=\"https:\/\/bibliotecas.unileon.es\/ciencias-biologicas-ambientales\/folletos-para-descargar\/\" data-count=\"horizontal\">Tweet<\/a><script type=\"text\/javascript\" src=\"http:\/\/platform.twitter.com\/widgets.js\"><\/script><\/div>\n<!-- This is the end of the WP Twitter Button code -->\n\n","protected":false},"excerpt":{"rendered":"<p>Todos los folletos est\u00e1n disponibles en la biblioteca. Desde esta p\u00e1gina puedes imprimir una copia. Normativa de pr\u00e9stamo:\u00a0N\u00famero m\u00e1ximo de ejemplares en pr\u00e9stamo, duraci\u00f3n del pr\u00e9stamo y sanciones, renovaciones y reservas. Tabla de materias: Permite conocer la ordenaci\u00f3n de los &hellip; <a href=\"https:\/\/bibliotecas.unileon.es\/ciencias-biologicas-ambientales\/folletos-para-descargar\/\">Sigue leyendo <span class=\"meta-nav\">&rarr;<\/span><\/a><\/p>\n","protected":false},"author":21,"featured_media":0,"parent":0,"menu_order":0,"comment_status":"open","ping_status":"open","template":"","meta":{"_bbp_topic_count":0,"_bbp_reply_count":0,"_bbp_total_topic_count":0,"_bbp_total_reply_count":0,"_bbp_voice_count":0,"_bbp_anonymous_reply_count":0,"_bbp_topic_count_hidden":0,"_bbp_reply_count_hidden":0,"_bbp_forum_subforum_count":0,"footnotes":""},"class_list":["post-590","page","type-page","status-publish","hentry"],"_links":{"self":[{"href":"https:\/\/bibliotecas.unileon.es\/ciencias-biologicas-ambientales\/wp-json\/wp\/v2\/pages\/590","targetHints":{"allow":["GET"]}}],"collection":[{"href":"https:\/\/bibliotecas.unileon.es\/ciencias-biologicas-ambientales\/wp-json\/wp\/v2\/pages"}],"about":[{"href":"https:\/\/bibliotecas.unileon.es\/ciencias-biologicas-ambientales\/wp-json\/wp\/v2\/types\/page"}],"author":[{"embeddable":true,"href":"https:\/\/bibliotecas.unileon.es\/ciencias-biologicas-ambientales\/wp-json\/wp\/v2\/users\/21"}],"replies":[{"embeddable":true,"href":"https:\/\/bibliotecas.unileon.es\/ciencias-biologicas-ambientales\/wp-json\/wp\/v2\/comments?post=590"}],"version-history":[{"count":1,"href":"https:\/\/bibliotecas.unileon.es\/ciencias-biologicas-ambientales\/wp-json\/wp\/v2\/pages\/590\/revisions"}],"predecessor-version":[{"id":787,"href":"https:\/\/bibliotecas.unileon.es\/ciencias-biologicas-ambientales\/wp-json\/wp\/v2\/pages\/590\/revisions\/787"}],"wp:attachment":[{"href":"https:\/\/bibliotecas.unileon.es\/ciencias-biologicas-ambientales\/wp-json\/wp\/v2\/media?parent=590"}],"curies":[{"name":"wp","href":"https:\/\/api.w.org\/{rel}","templated":true}]}}