{"id":685,"date":"2013-12-02T10:25:48","date_gmt":"2013-12-02T09:25:48","guid":{"rendered":"http:\/\/bibliotecas.unileon.es\/ciencias-biologicas-ambientales\/?page_id=685"},"modified":"2024-08-22T13:33:21","modified_gmt":"2024-08-22T11:33:21","slug":"servicios","status":"publish","type":"page","link":"https:\/\/bibliotecas.unileon.es\/ciencias-biologicas-ambientales\/servicios\/","title":{"rendered":"Servicios"},"content":{"rendered":"<table style=\"border-collapse: collapse; width: 100%; height: 10px;\">\n<tbody>\n<tr style=\"border-style: solid; border-color: #6b27b0; background-color: #4dbf5e;\">\n<td style=\"width: 100%; text-align: center; height: 10px;\">\n<h3><strong><span style=\"color: #ffffff;\">Lectura en sala<\/span><\/strong><\/h3>\n<\/td>\n<\/tr>\n<\/tbody>\n<\/table>\n<p style=\"text-align: justify;\"><strong>Todos los fondos de la Biblioteca pueden ser consultados libremente. Una vez consultados se recomienda dejar los libros en los carritos habilitados al efecto para que el personal de la Biblioteca contabilice su uso y proceda a su ordenaci\u00f3n diaria. Los fondos ubicados en el Dep\u00f3sito han de ser solicitados para su consulta al personal de la Biblioteca.<\/strong><\/p>\n<table style=\"border-collapse: collapse; width: 100%;\">\n<tbody>\n<tr style=\"border-style: solid; border-color: #6b27b0; background-color: #4dbf5e;\">\n<td style=\"width: 100%; text-align: center;\"><span style=\"font-size: x-large; color: #ffffff;\"><strong>Pr\u00e9stamo a domicilio<\/strong><\/span><\/td>\n<\/tr>\n<\/tbody>\n<\/table>\n<p style=\"text-align: justify;\"><strong>Aspectos m\u00e1s relevantes de su <a href=\"https:\/\/bibliotecas.unileon.es\/ciencias-biologicas-ambientales\/files\/2021\/10\/NORMATIVA_DE_PRESTAMO.pdf\" class=\"mtli_attachment mtli_pdf\">normativa<\/a><a href=\"https:\/\/biblioteca.unileon.es\/ld.php?content_id=33854097\" target=\"_blank\" rel=\"noopener\">:<\/a><\/strong><\/p>\n<ul>\n<li style=\"text-align: justify;\"><strong>El sistema de pr\u00e9stamo est\u00e1 co<\/strong><strong>mpletamente automatizado. Para poder retirar libros o revistas en pr\u00e9stamo es necesario estar en posesi\u00f3n del <a href=\"https:\/\/www.unileon.es\/estudiantes\/servicios-estudiantes\/carne-universitario\" target=\"_blank\" rel=\"noopener\">carn\u00e9 universitario<\/a> y no estar sancionado. Las obras de referencia y determinadas obras de especial valor est\u00e1n excluidas del pr\u00e9stamo.<\/strong><\/li>\n<\/ul>\n<ul style=\"text-align: justify;\">\n<li style=\"text-align: justify;\"><strong>La duraci\u00f3n del pr\u00e9stamo depende del tipo de material y del tipo de usuario. Puede consultarse una <a href=\"https:\/\/bibliotecas.unileon.es\/ciencias-biologicas-ambientales\/files\/2022\/09\/Tabla-de-normativa-prestamos-1.pdf\" class=\"mtli_attachment mtli_pdf\" target=\"_blank\" rel=\"noopener\">Tabla con los distintos tipos de materiales y pr\u00e9stamos<\/a> En el caso de los alumnos:<\/strong>\n<ul>\n<li style=\"text-align: justify;\"><strong>Los <span style=\"text-decoration: underline; color: #333399;\">manuales y bibliograf\u00eda b\u00e1sica<\/span> (tejuelo blanco con letras negras) tienen un pr\u00e9stamo de 7 d\u00edas renovables.<\/strong><\/li>\n<li style=\"text-align: justify;\"><strong>El <span style=\"text-decoration: underline; color: #333399;\">resto de las monograf\u00edas<\/span> (tejuelo azul) se prestan durante 15 d\u00edas renovables.<\/strong><\/li>\n<li style=\"text-align: justify;\"><strong>Las <span style=\"text-decoration: underline;\">r<span style=\"color: #333399; text-decoration: underline;\">evistas<\/span><\/span>\u00a0se prestan durante 7 d\u00edas\u00a0 renovables.<\/strong><\/li>\n<li style=\"text-align: justify;\"><strong>Los <span style=\"text-decoration: underline; color: #333399;\">ordenadores port\u00e1tiles<\/span> se prestan durante 4 horas\u00a0 renovables.<\/strong><\/li>\n<\/ul>\n<\/li>\n<li style=\"text-align: justify;\"><strong>El n\u00famero m\u00e1ximo de obras prestadas de forma simult\u00e1nea es de 15 <span style=\"text-decoration: underline;\">ejemplares<\/span>.<\/strong><\/li>\n<li style=\"text-align: justify;\"><strong>Si un libro est\u00e1 prestado se puede realizar una reserva sobre el mismo. La Biblioteca avisar\u00e1 cuando el libro sea devuelto y lo reservar\u00e1 durante 2 d\u00edas. Consulte la gu\u00eda que indica c\u00f3mo realizar y\u00a0cancelar una reserva\u00a0para m\u00e1s informaci\u00f3n.<\/strong><\/li>\n<li style=\"text-align: justify;\"><strong><strong>Los pr\u00e9stamos pueden ser renovados desde cualquier ordenador, <span style=\"text-decoration: underline;\">siempre que no se haya efectuado una reserva por parte de otro usuario<\/span>. <\/strong><\/strong><span style=\"color: #000000;\"><strong>Para m\u00e1s informaci\u00f3n consulta: <\/strong><\/span><span style=\"color: #000000;\"><strong><span style=\"color: #3366ff;\"><a class=\"md-primoExplore-theme\" style=\"color: #3366ff;\" href=\"https:\/\/biblioteca.unileon.es\/catalogobib\" target=\"_blank\" rel=\"noopener\">gu\u00eda de uso del cat\u00e1logo<\/a><\/span><\/strong><\/span><\/li>\n<\/ul>\n<ul style=\"text-align: justify;\">\n<li style=\"text-align: justify;\"><strong>Durante los periodos de vacaciones se realizar\u00e1n pr\u00e9stamos especiales que abarcan todo el periodo.<\/strong><\/li>\n<\/ul>\n<ul style=\"text-align: justify;\">\n<li style=\"text-align: justify;\"><strong>El usuario es responsable de la conservaci\u00f3n del material prestado y de su devoluci\u00f3n en el plazo establecido. El incumplimiento de los plazos de pr\u00e9stamo dar\u00e1 lugar a 2 d\u00edas de sanci\u00f3n por cada libro retrasado y por cada d\u00eda de retraso (si se trata de ordenadores, 2 d\u00edas de sanci\u00f3n por cada hora de retraso o fracci\u00f3n de la misma). Cuando un usuario se encuentre sancionado no podr\u00e1 realizar ning\u00fan pr\u00e9stamo en ninguna Biblioteca de la Universidad de Le\u00f3n.<\/strong><\/li>\n<\/ul>\n<table style=\"border-collapse: collapse; width: 100%;\">\n<tbody>\n<tr style=\"border-style: solid; border-color: #6b27b0; background-color: #4dbf5e;\">\n<td style=\"width: 100%; text-align: center;\"><span style=\"font-size: x-large; color: #ffffff;\"><strong>Pr\u00e9stamo interbibliotecario<\/strong><\/span><\/td>\n<\/tr>\n<\/tbody>\n<\/table>\n<p style=\"text-align: justify;\"><strong>El servicio de <a href=\"https:\/\/biblioteca.unileon.es\/c.php?g=687720&amp;p=4918450\" target=\"_blank\" rel=\"noopener\">Pr\u00e9stamo interbibliotecario<\/a> se encuentra centralizado en la Biblioteca General \u00abSan Isidoro\u00bb. Permite obtener obras originales y fotocopias de documentos que no se encuentren en la Universidad de Le\u00f3n. Este servicio <span style=\"text-decoration: underline;\">no es gratuito<\/span>. Para solicitarlo es necesario rellenar un formulario y haberse dado de alta previamente.<\/strong><\/p>\n<p style=\"text-align: justify;\"><strong>Adem\u00e1s del <a href=\"http:\/\/catoute.unileon.es\/\" target=\"_blank\" rel=\"noopener\">cat\u00e1logo automatizado<\/a> y la consulta de <a href=\"https:\/\/biblioteca.unileon.es\/recursoselectronicos\" target=\"_blank\" rel=\"noopener\">recursos electr\u00f3nicos<\/a>, la Biblioteca dispone de otros sistemas de informaci\u00f3n bibliogr\u00e1fica permanente:<\/strong><\/p>\n<ul style=\"text-align: justify;\">\n<li><strong>Se puede realizar cualquier tipo de consulta directa al personal de la Biblioteca sobre el manejo del cat\u00e1logo automatizado, bases de datos, revistas electr\u00f3nicas o cualquier otra necesidad informativa que precise el usuario.<\/strong><\/li>\n<\/ul>\n<ul>\n<li style=\"text-align: justify;\"><strong>La Biblioteca ha elaborado una selecci\u00f3n de recursos web relacionados con las materias impartidas en la Facultad. Se encuentra disponible en la secci\u00f3n <a href=\"https:\/\/biblioteca.unileon.es\/guiastematicas\" target=\"_blank\" rel=\"noopener\">Gu\u00edas tem\u00e1ticas<\/a> de la p\u00e1gina web de la Biblioteca, y en las secciones <span style=\"text-decoration: underline;\">M\u00e1s informaci\u00f3n<\/span>,\u00a0 <span style=\"text-decoration: underline;\">Busca informaci\u00f3n por materias<\/span> y <span style=\"text-decoration: underline;\">Webs de inter\u00e9s<\/span> del blog de la Biblioteca de la Facultad de Ciencias Biol\u00f3gicas y Ambientales.<\/strong><\/li>\n<\/ul>\n<table style=\"border-collapse: collapse; width: 100%;\">\n<tbody>\n<tr style=\"border-style: solid; border-color: #6b27b0; background-color: #4dbf5e;\">\n<td style=\"width: 100%; text-align: center;\"><span style=\"font-size: x-large; color: #ffffff;\"><strong>Gestores de referencias bibliogr\u00e1ficas<\/strong><\/span><\/td>\n<\/tr>\n<\/tbody>\n<\/table>\n<p style=\"text-align: justify;\"><strong>La informaci\u00f3n bibliogr\u00e1fica que se recopila cada d\u00eda se puede organizar adecuadamente gracias a los <a href=\"https:\/\/biblioteca.unileon.es\/gestoresbibliograficos\" target=\"_blank\" rel=\"noopener\">gestores de referencias bibliogr\u00e1ficas<\/a> que ayudan a la creaci\u00f3n de una base de datos bibliogr\u00e1fica en l\u00ednea. Las referencias se pueden introducir manualmente o import\u00e1ndolas desde bases de datos y cat\u00e1logos en l\u00ednea. Estos gestores nos permiten organizar nuestra bibliograf\u00eda, elaborar listados d\u00e1ndoles el formato adecuado e insertar citas en documentos. En este momento, la Biblioteca de la Universidad de Le\u00f3n pone a disposici\u00f3n de todos sus usuarios los gestores bibliogr\u00e1ficos Mendeley y Endnote basic.<\/strong><\/p>\n<table style=\"border-collapse: collapse; width: 100%; height: 36px;\">\n<tbody>\n<tr style=\"border-style: solid; border-color: #6b27b0; background-color: #4dbf5e;\">\n<td style=\"width: 100%; text-align: center; height: 36px;\"><span style=\"font-size: x-large; color: #ffffff;\"><strong>Formaci\u00f3n de usuarios<\/strong><\/span><\/td>\n<\/tr>\n<\/tbody>\n<\/table>\n<p style=\"text-align: justify;\"><strong>Con el objetivo de mejorar el conocimiento de sus recursos y servicios y de ayudar a los usuarios en la adquisici\u00f3n de las competencias y habilidades informacionales necesarias que les permitan un mejor acceso y uso de la informaci\u00f3n, la Biblioteca organiza:<\/strong><\/p>\n<ul style=\"text-align: justify;\">\n<li><strong>Jornadas de recepci\u00f3n y visitas guiadas.<\/strong><\/li>\n<\/ul>\n<ul style=\"text-align: justify;\">\n<li style=\"text-align: justify;\"><strong>El personal de la Biblioteca participa en la \u00abJornada de Acogida\u00bb para alumnos de nuevo ingreso, organizada por la Facultad de Ciencias Biol\u00f3gicas y Ambientales, con el objetivo de informar a los alumnos de los recursos y servicios que la Biblioteca ofrece.<\/strong><\/li>\n<\/ul>\n<ul>\n<li style=\"text-align: justify;\"><strong>Cursos presenciales sobre bases de datos, revistas electr\u00f3nicas, gestores bibliogr\u00e1ficos, etc. El personal de la Biblioteca participa en las actividades de formaci\u00f3n que se organizan desde la Biblioteca General \u00abSan Isidoro\u00bb.<\/strong><\/li>\n<\/ul>\n<ul>\n<li style=\"text-align: justify;\"><strong>La Biblioteca dispone de Gu\u00edas y materiales de ayuda para la autoformaci\u00f3n del alumno: c\u00f3mo consultar el cat\u00e1logo automatizado, c\u00f3mo acceder al registro personal del usuario, c\u00f3mo realizar y cancelar una reserva, c\u00f3mo renovar un pr\u00e9stamo, etc. Se encuentran disponibles en <a class=\"md-primoExplore-theme\" href=\"https:\/\/biblioteca.unileon.es\/catalogobib\" target=\"_blank\" rel=\"noopener\"> gu\u00eda de uso del cat\u00e1logo<\/a> d\u00f3nde encontrar\u00e1s videos explicativos y en\u00a0 la secci\u00f3n <span style=\"text-decoration: underline;\"><a href=\"http:\/\/bibliotecas.unileon.es\/ciencias-biologicas-ambientales\/folletos-para-descargar\/\" target=\"_blank\" rel=\"noopener\">Folletos para descargar<\/a><\/span> del blog de la Biblioteca de la Facultad de Ciencias Biol\u00f3gicas y Ambientales.<\/strong><\/li>\n<\/ul>\n<table style=\"border-collapse: collapse; width: 100%; height: 36px;\">\n<tbody>\n<tr style=\"border-style: solid; border-color: #6b27b0; background-color: #4dbf5e;\">\n<td style=\"width: 100%; text-align: center; height: 36px;\"><span style=\"font-size: x-large; color: #ffffff;\"><strong>Solicitud de compra de libros<\/strong><\/span><\/td>\n<\/tr>\n<\/tbody>\n<\/table>\n<p style=\"text-align: justify;\"><strong>Cualquier alumno de la Facultad puede solicitar a la Biblioteca la compra del material bibliogr\u00e1fico que considere necesario y no figure entre los fondos de la Biblioteca, enviando un correo electr\u00f3nico a la direcci\u00f3n <span style=\"text-decoration: underline;\">bufbi@unileon.es<\/span> o a trav\u00e9s de la <a href=\"https:\/\/biblioteca.unileon.es\/c.php?g=691949&amp;p=4958265&amp;preview=a2f8437ecca6872cf5c8f21c12f9ce12\" target=\"_blank\" rel=\"noopener\">p\u00e1gina web de la Biblioteca<\/a>. Igualmente se podr\u00e1 solicitar la compra de ejemplares adicionales de las obras m\u00e1s demandadas. Todo ello siempre dentro de las disponibilidades presupuestarias y de la adecuaci\u00f3n de las solicitudes al programa formativo del Centro.<\/strong><\/p>\n<p>Fecha de actualizaci\u00f3n 21 de Agosto de 2024<\/p>\n\n<!-- This is the start of the WP Twitter Button code -->\n<div id=\"rk_wp_twitter_button\" style=\"margin: 0px 0px 0px 0px; float: left\"><a href=\"http:\/\/twitter.com\/share\" class=\"twitter-share-button\" data-url=\"https:\/\/bibliotecas.unileon.es\/ciencias-biologicas-ambientales\/servicios\/\" data-count=\"horizontal\">Tweet<\/a><script type=\"text\/javascript\" src=\"http:\/\/platform.twitter.com\/widgets.js\"><\/script><\/div>\n<!-- This is the end of the WP Twitter Button code -->\n\n","protected":false},"excerpt":{"rendered":"<p>Lectura en sala Todos los fondos de la Biblioteca pueden ser consultados libremente. Una vez consultados se recomienda dejar los libros en los carritos habilitados al efecto para que el personal de la Biblioteca contabilice su uso y proceda a &hellip; <a href=\"https:\/\/bibliotecas.unileon.es\/ciencias-biologicas-ambientales\/servicios\/\">Sigue leyendo <span class=\"meta-nav\">&rarr;<\/span><\/a><\/p>\n","protected":false},"author":21,"featured_media":0,"parent":0,"menu_order":0,"comment_status":"open","ping_status":"open","template":"","meta":{"_bbp_topic_count":0,"_bbp_reply_count":0,"_bbp_total_topic_count":0,"_bbp_total_reply_count":0,"_bbp_voice_count":0,"_bbp_anonymous_reply_count":0,"_bbp_topic_count_hidden":0,"_bbp_reply_count_hidden":0,"_bbp_forum_subforum_count":0,"footnotes":""},"class_list":["post-685","page","type-page","status-publish","hentry"],"_links":{"self":[{"href":"https:\/\/bibliotecas.unileon.es\/ciencias-biologicas-ambientales\/wp-json\/wp\/v2\/pages\/685","targetHints":{"allow":["GET"]}}],"collection":[{"href":"https:\/\/bibliotecas.unileon.es\/ciencias-biologicas-ambientales\/wp-json\/wp\/v2\/pages"}],"about":[{"href":"https:\/\/bibliotecas.unileon.es\/ciencias-biologicas-ambientales\/wp-json\/wp\/v2\/types\/page"}],"author":[{"embeddable":true,"href":"https:\/\/bibliotecas.unileon.es\/ciencias-biologicas-ambientales\/wp-json\/wp\/v2\/users\/21"}],"replies":[{"embeddable":true,"href":"https:\/\/bibliotecas.unileon.es\/ciencias-biologicas-ambientales\/wp-json\/wp\/v2\/comments?post=685"}],"version-history":[{"count":1,"href":"https:\/\/bibliotecas.unileon.es\/ciencias-biologicas-ambientales\/wp-json\/wp\/v2\/pages\/685\/revisions"}],"predecessor-version":[{"id":782,"href":"https:\/\/bibliotecas.unileon.es\/ciencias-biologicas-ambientales\/wp-json\/wp\/v2\/pages\/685\/revisions\/782"}],"wp:attachment":[{"href":"https:\/\/bibliotecas.unileon.es\/ciencias-biologicas-ambientales\/wp-json\/wp\/v2\/media?parent=685"}],"curies":[{"name":"wp","href":"https:\/\/api.w.org\/{rel}","templated":true}]}}