{"id":104,"date":"2012-11-12T11:49:01","date_gmt":"2012-11-12T09:49:01","guid":{"rendered":"http:\/\/bibliotecas.unileon.es\/ciencias-economicas-empresariales\/?page_id=104"},"modified":"2025-09-09T10:54:14","modified_gmt":"2025-09-09T08:54:14","slug":"normativa-de-prestamo","status":"publish","type":"page","link":"https:\/\/bibliotecas.unileon.es\/ciencias-economicas-empresariales\/normativa-de-prestamo\/","title":{"rendered":"Pr\u00e9stamo a domicilio. C\u00f3mo renovar un pr\u00e9stamo y hacer reservas"},"content":{"rendered":"<h3><span style=\"color: #ff6600;\"><strong>\u00bfQu\u00e9 se presta?<\/strong><\/span><\/h3>\n<p>En principio, todo el fondo de la Biblioteca est\u00e1 disponible para ser prestado, tanto libros como revistas, documentos de trabajo, publicaciones estad\u00edsticas, informes anuales y memorias de empresas y bancos. Se except\u00faan los libros antiguos,\u00a0 las obras de referencia (diccionarios, enciclopedias) y los trabajos de las diferentes asignaturas depositados en la Biblioteca, que s\u00f3lo se podr\u00e1n consultar en Sala.<\/p>\n<p>Tambi\u00e9n se puede retirar en pr\u00e9stamo material inform\u00e1tico como ordenadores port\u00e1tiles, ratones, memorias USB, lectores de CD\/DVD, un ca\u00f1\u00f3n videoproyector, calculadoras cient\u00edficas y financieras, etc.<\/p>\n<p>Los alumnos tienen tambi\u00e9n la posibilidad de solicitar Salas de trabajo en grupo. La reserva se hace en el mostrador de la Biblioteca de la Facultad.<\/p>\n<p>&nbsp;<\/p>\n<h3><strong><span style=\"color: #ff6600;\">Plazos de pr\u00e9stamo<\/span><\/strong><\/h3>\n<p>La duraci\u00f3n del pr\u00e9stamo var\u00eda en funci\u00f3n del tipo de material y del tipo de usuario (alumnos, PAS o PDI). Consulta el cuadro disponible en la<a href=\"https:\/\/bibliotecas.unileon.es\/ciencias-economicas-empresariales\/files\/2025\/09\/Duracion_y_condiciones_del_prestamo_segun_tipologia_de_usuarios_y_materiales-1.pdf\" class=\"mtli_attachment mtli_pdf\" target=\"_blank\" rel=\"noopener\"> web de la Biblioteca Universitaria<\/a><\/p>\n<p>&nbsp;<\/p>\n<h3><span style=\"color: #ff6600;\"><strong><span style=\"color: #ff6600;\">Informaci\u00f3n sobre libros prestados,\u00a0 fechas de devoluci\u00f3n y renovaciones<\/span><br \/>\n<\/strong><\/span><\/h3>\n<p>Para saber cu\u00e1ntos libros tienes prestados, cu\u00e1ndo tienes que devolverlos o renovarlos tienes que acceder al <a href=\"http:\/\/catoute.unileon.es\/\" target=\"_blank\" rel=\"noopener noreferrer\">Cat\u00e1logo de la Biblioteca<\/a> e identificarte con tus datos personales (opci\u00f3n \u00abIdentificarse\u00bb en la esquina superior derecha). Una vez identificado, pincha sobre tu nombre para acceder a tu registro de usuario. En la opci\u00f3n \u00abMis pr\u00e9stamos\u00bb podr\u00e1s ver los libros prestados, la fecha de vencimiento y hacer renovaciones<\/p>\n<p>Para m\u00e1s informaci\u00f3n consulta el folleto sobre pr\u00e9stamo que hemos elaborado, y el v\u00eddeso sobre renovaciones:<\/p>\n<ul>\n<li><a href=\"https:\/\/bibliotecas.unileon.es\/ciencias-economicas-empresariales\/files\/2020\/10\/prestamo-color.pdf\" class=\"mtli_attachment mtli_pdf\" target=\"_blank\" rel=\"noopener noreferrer\">Folleto sobre pr\u00e9stamo, renovaciones y reservas<\/a><\/li>\n<li><a href=\"https:\/\/videos.unileon.es\/iframe\/62c7f46e8f42082f0b8b45a5\" target=\"_blank\" rel=\"noopener\">V\u00eddeo sobre c\u00f3mo renovar un pr\u00e9stamo<\/a><\/li>\n<\/ul>\n<p>&nbsp;<\/p>\n<h3><strong><span style=\"color: #ff6600;\">C\u00f3mo hacer una reserva<\/span><\/strong><\/h3>\n<p>Accede al <a href=\"http:\/\/catoute.unileon.es\/\" target=\"_blank\" rel=\"noopener noreferrer\">Cat\u00e1logo de la Biblioteca <\/a>e identif\u00edcate con tus datos. A continuaci\u00f3n busca el libro que necesitas y pincha en la opci\u00f3n \u00abRealizar una reserva\u00bb. Puedes reservar tanto los libros que est\u00e9n prestados como los que est\u00e9n disponibles en la estanter\u00eda. Las reservas se mantienen activas durante 24h.<\/p>\n<p><img decoding=\"async\" src=\"https:\/\/bibliotecas.unileon.es\/ciencias-economicas-empresariales\/files\/2020\/05\/hacer-la-reserva.jpg\" alt=\"\" \/><\/p>\n<p>M\u00e1s informaci\u00f3n en el <a href=\"https:\/\/bibliotecas.unileon.es\/ciencias-economicas-empresariales\/files\/2020\/10\/prestamo-color.pdf\" class=\"mtli_attachment mtli_pdf\" target=\"_blank\" rel=\"noopener noreferrer\">Folleto sobre pr\u00e9stamo, renovaciones y reservas<\/a> y en el <a href=\"https:\/\/videos.unileon.es\/iframe\/62c7f4678f42082b0b8b45a5\" target=\"_blank\" rel=\"noopener\">V\u00eddeo sobre c\u00f3mo realizar una reserva<\/a><\/p>\n<h3><\/h3>\n<h3><span style=\"color: #ff6600;\"><strong>Normativa espec\u00edfica sobre pr\u00e9stamo de ordenadores y salas de trabajo en grupo<\/strong><\/span><\/h3>\n<ul>\n<li><a href=\"http:\/\/bibliotecas.unileon.es\/ciencias-economicas-empresariales\/files\/2016\/09\/prestamo-port\u00e1tiles-color.pdf\" class=\"mtli_attachment mtli_pdf\" target=\"_blank\" rel=\"noopener noreferrer\">Folleto sobre pr\u00e9stamo de ordenadores port\u00e1tiles<\/a><\/li>\n<li><a href=\"http:\/\/bibliotecas.unileon.es\/ciencias-economicas-empresariales\/files\/2016\/09\/salas-de-trabajo-en-grupo-color.pdf\" class=\"mtli_attachment mtli_pdf\" target=\"_blank\" rel=\"noopener noreferrer\">Folleto sobre pr\u00e9stamo de Salas de trabajo en grupo<\/a><\/li>\n<\/ul>\n<p>&nbsp;<\/p>\n<p>M\u00e1s informaci\u00f3n sobre el pr\u00e9stamo en la <a href=\"https:\/\/biblioteca.unileon.es\/c.php?g=689666\" target=\"_blank\" rel=\"noopener\">p\u00e1gina web de la Biblioteca Universitaria<\/a><\/p>\n","protected":false},"excerpt":{"rendered":"<p>\u00bfQu\u00e9 se presta? En principio, todo el fondo de la Biblioteca est\u00e1 disponible para ser prestado, tanto libros como revistas, documentos de trabajo, publicaciones estad\u00edsticas, informes anuales y memorias de empresas y bancos. Se except\u00faan los libros antiguos,\u00a0 las obras &hellip; <a href=\"https:\/\/bibliotecas.unileon.es\/ciencias-economicas-empresariales\/normativa-de-prestamo\/\">Sigue leyendo <span class=\"meta-nav\">&rarr;<\/span><\/a><\/p>\n","protected":false},"author":22,"featured_media":0,"parent":0,"menu_order":0,"comment_status":"open","ping_status":"open","template":"","meta":{"_bbp_topic_count":0,"_bbp_reply_count":0,"_bbp_total_topic_count":0,"_bbp_total_reply_count":0,"_bbp_voice_count":0,"_bbp_anonymous_reply_count":0,"_bbp_topic_count_hidden":0,"_bbp_reply_count_hidden":0,"_bbp_forum_subforum_count":0,"footnotes":""},"class_list":["post-104","page","type-page","status-publish","hentry"],"_links":{"self":[{"href":"https:\/\/bibliotecas.unileon.es\/ciencias-economicas-empresariales\/wp-json\/wp\/v2\/pages\/104","targetHints":{"allow":["GET"]}}],"collection":[{"href":"https:\/\/bibliotecas.unileon.es\/ciencias-economicas-empresariales\/wp-json\/wp\/v2\/pages"}],"about":[{"href":"https:\/\/bibliotecas.unileon.es\/ciencias-economicas-empresariales\/wp-json\/wp\/v2\/types\/page"}],"author":[{"embeddable":true,"href":"https:\/\/bibliotecas.unileon.es\/ciencias-economicas-empresariales\/wp-json\/wp\/v2\/users\/22"}],"replies":[{"embeddable":true,"href":"https:\/\/bibliotecas.unileon.es\/ciencias-economicas-empresariales\/wp-json\/wp\/v2\/comments?post=104"}],"version-history":[{"count":14,"href":"https:\/\/bibliotecas.unileon.es\/ciencias-economicas-empresariales\/wp-json\/wp\/v2\/pages\/104\/revisions"}],"predecessor-version":[{"id":110,"href":"https:\/\/bibliotecas.unileon.es\/ciencias-economicas-empresariales\/wp-json\/wp\/v2\/pages\/104\/revisions\/110"}],"wp:attachment":[{"href":"https:\/\/bibliotecas.unileon.es\/ciencias-economicas-empresariales\/wp-json\/wp\/v2\/media?parent=104"}],"curies":[{"name":"wp","href":"https:\/\/api.w.org\/{rel}","templated":true}]}}