{"id":1045,"date":"2015-02-03T11:46:59","date_gmt":"2015-02-03T10:46:59","guid":{"rendered":"http:\/\/bibliotecas.unileon.es\/ciencias-economicas-empresariales\/?page_id=1045"},"modified":"2025-10-23T08:47:51","modified_gmt":"2025-10-23T06:47:51","slug":"trabajos-de-fin-de-master","status":"publish","type":"page","link":"https:\/\/bibliotecas.unileon.es\/ciencias-economicas-empresariales\/trabajos-de-fin-de-master\/","title":{"rendered":"Trabajos de Fin de Master"},"content":{"rendered":"<h2><span style=\"color: #ff6600;\"><strong>\u00a0<\/strong><\/span><\/h2>\n<p>Tambi\u00e9n se depositan en la Biblioteca de la Facultad\u00a0 algunos trabajos de Fin de Master del EMBS (European Master in Business Studies) y del Master en Cooperaci\u00f3n Internacional y Desarrollo (InterUniversitario). Y todos del Master Universitario en Ciencias Actuariales y Financieras (MUCAF).<\/p>\n<p>Pinchar sobre el nombre del Master para ver la lista completa de Trabajos en el cat\u00e1logo bibliogr\u00e1fico. Los trabajos del EMBS no est\u00e1n disponibles en BULERIA. S\u00ed se localizan en BULERIA la mayor parte de los del M\u00e1ster en Cooperaci\u00f3n y del MUCAF.<\/p>\n<p>&nbsp;<\/p>\n<table style=\"height: 320px;\" width=\"639\">\n<tbody>\n<tr>\n<td style=\"text-align: center; width: 174px;\" width=\"111\">\n<h4>Signatura currens<\/h4>\n<\/td>\n<td style=\"text-align: center; width: 466px;\" width=\"378\">\n<h4>Master<\/h4>\n<\/td>\n<\/tr>\n<tr>\n<td style=\"width: 174px;\" width=\"111\">\n<h4><span style=\"color: #ff6600;\">EMBS<\/span><\/h4>\n<p>&nbsp;<\/td>\n<td style=\"width: 466px;\" width=\"378\"><a href=\"https:\/\/catoute.unileon.es\/discovery\/search?query=holding_call_number,contains,EMBS,AND&amp;tab=Everything&amp;search_scope=MyInst_and_CI&amp;sortby=date_d&amp;vid=34BUC_ULE:VU1&amp;lang=es&amp;mode=advanced&amp;offset=0\" target=\"_blank\" rel=\"noopener noreferrer\">European Master in Business Studies<\/a><\/td>\n<\/tr>\n<tr>\n<td style=\"width: 174px;\" width=\"111\">\n<h4><span style=\"color: #ff6600;\">TFMCID<br \/>\n<\/span><\/h4>\n<\/td>\n<td style=\"width: 466px;\" width=\"378\"><a href=\"https:\/\/catoute.unileon.es\/discovery\/search?query=holding_call_number,contains,TFMCID,AND&amp;tab=Everything&amp;search_scope=MyInst_and_CI&amp;sortby=date_d&amp;vid=34BUC_ULE:VU1&amp;lang=es&amp;mode=advanced&amp;offset=0\" target=\"_blank\" rel=\"noopener noreferrer\">Master en Cooperaci\u00f3n Internacional para el Desarrollo<\/a><\/p>\n<p>&nbsp;<\/td>\n<\/tr>\n<tr>\n<td style=\"width: 174px;\">\n<h4><span style=\"color: #ff6600;\">MUCAF<br \/>\n<\/span><\/h4>\n<\/td>\n<td style=\"width: 466px;\"><a href=\"https:\/\/catoute.unileon.es\/discovery\/search?query=holding_call_number,contains,MUCAF,AND&amp;tab=Everything&amp;search_scope=MyInst_and_CI&amp;sortby=date_d&amp;vid=34BUC_ULE:VU1&amp;lang=es&amp;mode=advanced&amp;offset=0\" target=\"_blank\" rel=\"noopener noreferrer\">M\u00e1ster Universitario en Ciencias Actuariales y Financieras<\/a><\/p>\n<p>&nbsp;<\/td>\n<\/tr>\n<\/tbody>\n<\/table>\n<p>&nbsp;<\/p>\n<p>Los \u00faltimos TFMs presentados se pueden consultar desde el cat\u00e1logo de la Biblioteca en el apartado \u00ab<a href=\"https:\/\/catoute.unileon.es\/discovery\/collectionDiscovery?vid=34BUC_ULE:VU1&amp;collectionId=81140477810005772\" target=\"_blank\" rel=\"noopener\">Colecciones\u00a0 \/ Biblioteca de Econ\u00f3micas \/ Nuevos TFMs<\/a>\u00bb<\/p>\n<p>&nbsp;<\/p>\n<p>Tambi\u00e9n hemos preparado listados para imprimir o descargar<\/p>\n<p><span style=\"color: #ff6600;\">Master en Cooperaci\u00f3n Internacional para el Desarrollo<\/span><br \/>\n<a href=\"http:\/\/bibliotecas.unileon.es\/ciencias-economicas-empresariales\/files\/2018\/02\/listado-trabajos-hasta-curso-2016-17.pdf\" class=\"mtli_attachment mtli_pdf\" target=\"_blank\" rel=\"noopener noreferrer\">Curso 2011\/2012 a Curso 2016\/2017<\/a><br \/>\n<a href=\"http:\/\/bibliotecas.unileon.es\/ciencias-economicas-empresariales\/files\/2018\/11\/listado-trabajos-curso-2017-18.pdf\" class=\"mtli_attachment mtli_pdf\" target=\"_blank\" rel=\"noopener noreferrer\">Curso 2017\/2018<\/a><br \/>\n<a href=\"https:\/\/bibliotecas.unileon.es\/ciencias-economicas-empresariales\/files\/2020\/11\/LISTADO-CURSOS-2018-19-Y-2019-20-1.pdf\" class=\"mtli_attachment mtli_pdf\" target=\"_blank\" rel=\"noopener noreferrer\">Cursos 2018\/2019 y 2019\/2020<\/a><br \/>\n<a href=\"https:\/\/bibliotecas.unileon.es\/ciencias-economicas-empresariales\/files\/2021\/09\/LISTADO-CURSO-2020-2021.pdf\" class=\"mtli_attachment mtli_pdf\" target=\"_blank\" rel=\"noopener\">Curso 2020\/2021<\/a><br \/>\n<a href=\"https:\/\/bibliotecas.unileon.es\/ciencias-economicas-empresariales\/files\/2025\/10\/LISTADO-CURSO-2024-2025.pdf\" class=\"mtli_attachment mtli_pdf\" target=\"_blank\" rel=\"noopener\">Curso 2024\/2025<\/a><\/p>\n<p><span style=\"color: #ff6600;\">EMBS (European Master in Business Studies)<\/span><br \/>\n<a href=\"http:\/\/bibliotecas.unileon.es\/ciencias-economicas-empresariales\/files\/2018\/11\/Listados-EMBS-curso-2008-09-hasta-2016-17.pdf\" class=\"mtli_attachment mtli_pdf\" target=\"_blank\" rel=\"noopener noreferrer\">Curso 2008\/2009 a Curs0 2016\/2017<\/a><br \/>\n<a href=\"http:\/\/bibliotecas.unileon.es\/ciencias-economicas-empresariales\/files\/2018\/11\/Novedades-EMBS-curso-17-18.pdf\" class=\"mtli_attachment mtli_pdf\" target=\"_blank\" rel=\"noopener noreferrer\">Curso 2017\/2018<\/a><\/p>\n<p><span style=\"color: #ff6600;\">MUCAF (Master Universitario en Ciencias Actuariales y Financieras)<\/span><br \/>\n<a href=\"http:\/\/bibliotecas.unileon.es\/ciencias-economicas-empresariales\/files\/2018\/11\/Novedades-MUCAF-2017-18junio-y-septiembre.pdf\" class=\"mtli_attachment mtli_pdf\" target=\"_blank\" rel=\"noopener noreferrer\">Curso 2017\/2018<\/a><br \/>\n<a href=\"https:\/\/bibliotecas.unileon.es\/ciencias-economicas-empresariales\/files\/2020\/10\/Novedades-MUCAF-2018-19-septiembre.pdf\" class=\"mtli_attachment mtli_pdf\" target=\"_blank\" rel=\"noopener noreferrer\">Curso 2018\/2019<\/a><br \/>\n<a href=\"https:\/\/bibliotecas.unileon.es\/ciencias-economicas-empresariales\/files\/2020\/11\/Novedades-MUCAF-2019-20-septiembre.pdf\" class=\"mtli_attachment mtli_pdf\" target=\"_blank\" rel=\"noopener noreferrer\">Curso 2019\/2020<\/a><br \/>\n<a href=\"https:\/\/bibliotecas.unileon.es\/ciencias-economicas-empresariales\/files\/2021\/09\/Novedades-MUCAF-2020-21febrero.pdf\" class=\"mtli_attachment mtli_pdf\" target=\"_blank\" rel=\"noopener\">Curso 2020\/2021<\/a><\/p>\n","protected":false},"excerpt":{"rendered":"<p>\u00a0 Tambi\u00e9n se depositan en la Biblioteca de la Facultad\u00a0 algunos trabajos de Fin de Master del EMBS (European Master in Business Studies) y del Master en Cooperaci\u00f3n Internacional y Desarrollo (InterUniversitario). Y todos del Master Universitario en Ciencias Actuariales &hellip; <a href=\"https:\/\/bibliotecas.unileon.es\/ciencias-economicas-empresariales\/trabajos-de-fin-de-master\/\">Sigue leyendo <span class=\"meta-nav\">&rarr;<\/span><\/a><\/p>\n","protected":false},"author":22,"featured_media":0,"parent":0,"menu_order":0,"comment_status":"open","ping_status":"open","template":"","meta":{"_bbp_topic_count":0,"_bbp_reply_count":0,"_bbp_total_topic_count":0,"_bbp_total_reply_count":0,"_bbp_voice_count":0,"_bbp_anonymous_reply_count":0,"_bbp_topic_count_hidden":0,"_bbp_reply_count_hidden":0,"_bbp_forum_subforum_count":0,"footnotes":""},"class_list":["post-1045","page","type-page","status-publish","hentry"],"_links":{"self":[{"href":"https:\/\/bibliotecas.unileon.es\/ciencias-economicas-empresariales\/wp-json\/wp\/v2\/pages\/1045","targetHints":{"allow":["GET"]}}],"collection":[{"href":"https:\/\/bibliotecas.unileon.es\/ciencias-economicas-empresariales\/wp-json\/wp\/v2\/pages"}],"about":[{"href":"https:\/\/bibliotecas.unileon.es\/ciencias-economicas-empresariales\/wp-json\/wp\/v2\/types\/page"}],"author":[{"embeddable":true,"href":"https:\/\/bibliotecas.unileon.es\/ciencias-economicas-empresariales\/wp-json\/wp\/v2\/users\/22"}],"replies":[{"embeddable":true,"href":"https:\/\/bibliotecas.unileon.es\/ciencias-economicas-empresariales\/wp-json\/wp\/v2\/comments?post=1045"}],"version-history":[{"count":1,"href":"https:\/\/bibliotecas.unileon.es\/ciencias-economicas-empresariales\/wp-json\/wp\/v2\/pages\/1045\/revisions"}],"predecessor-version":[{"id":1048,"href":"https:\/\/bibliotecas.unileon.es\/ciencias-economicas-empresariales\/wp-json\/wp\/v2\/pages\/1045\/revisions\/1048"}],"wp:attachment":[{"href":"https:\/\/bibliotecas.unileon.es\/ciencias-economicas-empresariales\/wp-json\/wp\/v2\/media?parent=1045"}],"curies":[{"name":"wp","href":"https:\/\/api.w.org\/{rel}","templated":true}]}}