{"id":1082,"date":"2015-03-13T09:11:22","date_gmt":"2015-03-13T08:11:22","guid":{"rendered":"http:\/\/bibliotecas.unileon.es\/ciencias-economicas-empresariales\/?page_id=1082"},"modified":"2022-05-24T14:27:13","modified_gmt":"2022-05-24T12:27:13","slug":"libros-electronicos","status":"publish","type":"page","link":"https:\/\/bibliotecas.unileon.es\/ciencias-economicas-empresariales\/libros-electronicos\/","title":{"rendered":"Libros electr\u00f3nicos"},"content":{"rendered":"<p>&nbsp;<\/p>\n<h4><strong><span style=\"color: #ff6600;\">Libros electr\u00f3nicos de econom\u00eda y empresa en GRIAL (Gesti\u00f3n de Recursos de Informaci\u00f3n Accesibles en L\u00ednea)<\/span><\/strong><\/h4>\n<p><span style=\"text-decoration: underline;\"><strong>Acceso en<\/strong><\/span> <a href=\"http:\/\/grial.unileon.es\/\" target=\"_blank\" rel=\"noopener noreferrer\">http:\/\/grial.unileon.es\/<\/a><\/p>\n<p>&nbsp;<\/p>\n<p><span style=\"text-decoration: underline;\"><strong>Condiciones de uso<\/strong><\/span><\/p>\n<ul>\n<li>GRIAL es la plataforma de libros electr\u00f3nicos en pr\u00e9stamo de la Biblioteca Universitaria.<\/li>\n<li>Contiene 2.800 libros en espa\u00f1ol de diversas editoriales comerciales y universitarias.<\/li>\n<li>Para acceder al texto completo de los libros es necesario retirarlos en pr\u00e9stamo -m\u00e1ximo tres ejemplares simult\u00e1neamente-. Imprescindible identificaci\u00f3n a trav\u00e9s del usuario y contrase\u00f1a del correo-e institucional.<\/li>\n<li>La duraci\u00f3n del pr\u00e9stamo es de 15 d\u00edas.<\/li>\n<li>Una vez retirado en pr\u00e9stamo el libro puede ser consultado en l\u00ednea o descargado <span style=\"text-decoration: underline;\">temporalmente<\/span> en cualquier dispositivo m\u00f3vil.<\/li>\n<li>Mientras el libro figure prestado ning\u00fan otro usuario podr\u00e1 consultarlo.<\/li>\n<li>Finalizado el plazo de pr\u00e9stamo el libro desaparecer\u00e1 autom\u00e1ticamente de la cuenta o del dispositivo del usuario y ya no podr\u00e1 acceder a su contenido a menos que formalice un nuevo pr\u00e9stamo.<\/li>\n<li>No se contempla la renovaci\u00f3n del pr\u00e9stamo.<\/li>\n<li>Si un libro figura prestado se puede solicitar una reserva. El sistema env\u00eda un correo-e cuando el libro est\u00e9 disponible.<\/li>\n<li>Para m\u00e1s informaci\u00f3n se puede consultar la <a href=\"https:\/\/bibliotecas.unileon.es\/ciencias-economicas-empresariales\/files\/2020\/10\/GuiaBcaESTIA-Pr\u00e9stamo-Libros-electr\u00f3nicosGRIAL.pdf\" class=\"mtli_attachment mtli_pdf\" target=\"_blank\" rel=\"noopener noreferrer\">Gu\u00eda de uso<\/a> de Grial elaborada por la Biblioteca de la Escuela Superior y T\u00e9cnia de Ingenier\u00eda Agraria o el <a href=\"https:\/\/videos.unileon.es\/video\/845\" target=\"_blank\" rel=\"noopener noreferrer\">v\u00eddeo demostraci\u00f3n <\/a><\/li>\n<\/ul>\n<p><span style=\"text-decoration: underline;\"><strong>Descarga de libros-e<\/strong><\/span><\/p>\n<ul>\n<li>Si desea descargar el libro en su ordenador necesitar\u00e1 instalar previamente el programa <a href=\"http:\/\/biblioteca.unileon.es\/elibros\/adobe_in.pdf\" class=\"mtli_attachment mtli_pdf\" target=\"_blank\" rel=\"noopener noreferrer\">Adobe Digital Editions.<\/a><\/li>\n<li>Si desea descargar el libro en su tablet o smartphone necesitar\u00e1 instalar un programa lector de libros-e. La Biblioteca recomienda Bluefire Reader disponible en Google Play y en App Store. Consulte el <a href=\"http:\/\/biblioteca.unileon.es\/elibros\/bluefire.pdf\" class=\"mtli_attachment mtli_pdf\" target=\"_blank\" rel=\"noopener noreferrer\">Manual de instalaci\u00f3n de Bluefire Reader<\/a> elaborado por la Biblioteca.<\/li>\n<li>Tanto si va a descargar el libro en el ordenador como en un dispositivo m\u00f3vil necesita tener un ID de Adobe. Consulte las <a href=\"http:\/\/biblioteca.unileon.es\/elibros\/adobe_id.pdf\" class=\"mtli_attachment mtli_pdf\" target=\"_blank\" rel=\"noopener noreferrer\">instrucciones para obtener un ID de Adobe<\/a>.<\/li>\n<\/ul>\n<p>&nbsp;<\/p>\n<table>\n<tbody>\n<tr>\n<td rowspan=\"3\" width=\"323\">\u00a0<a href=\"http:\/\/grial.unileon.es\/\" target=\"_blank\" rel=\"noopener noreferrer\"><img loading=\"lazy\" decoding=\"async\" class=\" aligncenter\" src=\"http:\/\/bibliotecas.unileon.es\/ciencias-economicas-empresariales\/files\/2015\/03\/grial.png\" alt=\"\" width=\"115\" height=\"120\" \/><\/a><\/p>\n<h6 style=\"text-align: center;\">Libros de Econom\u00eda y Empresa en GRIAL<\/h6>\n<\/td>\n<td width=\"542\"><a href=\"http:\/\/grial.unileon.es\/Search\/Results?join=AND&amp;bool0[]=AND&amp;lookfor0[]=33*+OR+35*+OR+64*+OR+657*+OR+658*+OR+659*+NOT+355*+NOT+356*&amp;type0[]=cdu-full&amp;filter[]=publisher_facet%3A%22Ediciones+Pir%C3%A1mide%22&amp;sort=title&amp;view=list\" target=\"_blank\" rel=\"noopener noreferrer\">Editorial Pir\u00e1mide<\/a><\/td>\n<\/tr>\n<tr>\n<td width=\"542\"><a href=\"http:\/\/grial.unileon.es\/Search\/Results?join=AND&amp;bool0[]=AND&amp;lookfor0[]=33*+OR+35*+OR+64*+OR+657*+OR+658*+OR+659*+NOT+355*+NOT+356*&amp;type0[]=cdu-full&amp;filter[]=publisher_facet%3A%22Tecnos%22&amp;sort=title&amp;view=list\" target=\"_blank\" rel=\"noopener noreferrer\">Editorial Tecnos<\/a><\/td>\n<\/tr>\n<tr>\n<td width=\"542\"><a href=\"http:\/\/grial.unileon.es\/Search\/Results?join=AND&amp;bool0[]=AND&amp;lookfor0[]=33*+OR+35*+OR+64*+OR+657*+OR+658*+OR+659*+NOT+355*+NOT+356*&amp;type0[]=cdu-full&amp;filter[]=publisher_facet%3A%22Alianza+Editorial%22&amp;sort=title&amp;view=list\" target=\"_blank\" rel=\"noopener noreferrer\">Editorial Alianza<\/a><\/td>\n<\/tr>\n<tr>\n<td><\/td>\n<td><a href=\"http:\/\/grial.unileon.es\/Search\/Results?join=AND&amp;bool0%5B%5D=AND&amp;lookfor0%5B%5D=asociacion+espa%C3%B1ola+de+contabilidad&amp;type0%5B%5D=publisher&amp;lookfor0%5B%5D=&amp;type0%5B%5D=AllFields&amp;lookfor0%5B%5D=&amp;type0%5B%5D=AllFields&amp;submit=Buscar\" target=\"_blank\" rel=\"noopener noreferrer\">AECA<\/a> (Asociaci\u00f3n Espa\u00f1ola de Contabilidad y Administraci\u00f3n de Empresas). Documentos<\/td>\n<\/tr>\n<\/tbody>\n<\/table>\n<p>&nbsp;<\/p>\n<p><a href=\"http:\/\/grial.unileon.es\/Search\/Results?lookfor=turismo&amp;type=AllFields&amp;sort=title\" target=\"_blank\" rel=\"noopener noreferrer\">Libros de Turismo en GRIAL<\/a><\/p>\n<p>&nbsp;<\/p>\n<h4><strong><span style=\"color: #ff6600;\">Colecci\u00f3n de Documentos AECA en GRIAL<\/span><\/strong><\/h4>\n<p>Todos los Documentos y publicaciones de AECA est\u00e1n disponibles en formato f\u00edsico en la Secci\u00f3n \u00abConvenio AECA\u00bb de la Biblioteca de la Facultad.<br \/>\nY muchos de ellos tambi\u00e9n se pueden consultar <a href=\"http:\/\/grial.unileon.es\/Search\/Results?join=AND&amp;bool0%5B%5D=AND&amp;lookfor0%5B%5D=asociacion+espa%C3%B1ola+de+contabilidad&amp;type0%5B%5D=publisher&amp;lookfor0%5B%5D=&amp;type0%5B%5D=AllFields&amp;lookfor0%5B%5D=&amp;type0%5B%5D=AllFields&amp;submit=Buscar\" target=\"_blank\" rel=\"noopener noreferrer\">a trav\u00e9s de GRIAL en formato electr\u00f3nico<\/a>. M\u00e1s informaci\u00f3n en <a href=\"https:\/\/bibliotecas.unileon.es\/ciencias-economicas-empresariales\/2019\/05\/20\/todos-los-documentos-de-aeca-disponibles-en-formato-impreso-y-algunos-en-version-electronica-en-la-plataforma-grial\/\" target=\"_blank\" rel=\"noopener noreferrer\">esta entrada del blog<\/a>.<\/p>\n<p>&nbsp;<\/p>\n<h4><strong><span style=\"color: #ff6600;\">Libros electr\u00f3nicos de econom\u00eda y empresa en Tirant Biblioteca Virtual<\/span><\/strong><strong><span style=\"color: #ff6600;\"><br \/>\n<\/span><\/strong><\/h4>\n<p>Acceso a unos 4.500 libros de Humanidades, Ciencias Jur\u00eddicas y Sociales de la Editorial Tirant desde 2005 hasta la actualidad. Imprescindible acceder desde un ordenador conectado a la red local de la ULE.<\/p>\n<table style=\"width: 640px;\">\n<tbody>\n<tr>\n<td style=\"width: 162px;\"><a href=\"https:\/\/catoute.unileon.es\/permalink\/34BUC_ULE\/cpikm1\/alma991005500799705772\" target=\"_blank\" rel=\"noopener noreferrer\"><img loading=\"lazy\" decoding=\"async\" class=\"alignnone\" src=\"http:\/\/bibliotecas.unileon.es\/ciencias-economicas-empresariales\/files\/2016\/11\/tirant.png\" alt=\"\" width=\"168\" height=\"90\" \/><\/a><\/td>\n<td style=\"width: 378px;\">Distintas colecciones y subcolecciones tem\u00e1ticas a las que se accede desde la navegaci\u00f3n por materias en el apartado Ciencias sociales.<\/p>\n<p><a href=\"https:\/\/biblioteca-tirant-com.unileon.idm.oclc.org\/cloudLibrary\/home\/index\" target=\"_blank\" rel=\"noopener noreferrer\">Libros de Econom\u00eda<\/a> (103) (Macro, Micro, Historia Econ\u00f3mica, Econom\u00eda Pol\u00edtica, Estad\u00edstica, Inform\u00e1tica, Turismo)<\/p>\n<p><a href=\"https:\/\/biblioteca-tirant-com.unileon.idm.oclc.org\/cloudLibrary\/home\/index\" target=\"_blank\" rel=\"noopener noreferrer\">Libros de Empresa<\/a> (71) (Marketing, RR HH, Gesti\u00f3n de empresas, Calidad)<\/p>\n<p><a href=\"https:\/\/biblioteca-tirant-com.unileon.idm.oclc.org\/cloudLibrary\/home\/index\" target=\"_blank\" rel=\"noopener noreferrer\">Libros de Contabilidad<\/a> (22)<\/p>\n<p>&nbsp;<\/p>\n<p><a href=\"http:\/\/bibliotecas.unileon.es\/ciencias-economicas-empresariales\/files\/2016\/11\/Guia-Trant.pdf\" class=\"mtli_attachment mtli_pdf\" target=\"_blank\" rel=\"noopener noreferrer\">Gu\u00eda de uso<\/a><\/p>\n<h6><em>Acceso desde casa con usuario y contrase\u00f1a del correo-e institucional.<br \/>\n<\/em><\/h6>\n<\/td>\n<\/tr>\n<\/tbody>\n<\/table>\n<h4><\/h4>\n<p>&nbsp;<\/p>\n<h4><span style=\"color: #ff6600;\"><strong>Libros electr\u00f3nicos de econom\u00eda y empresa en E-libro<\/strong><\/span><\/h4>\n<p>La plataforma E-libro proporciona acceso a m\u00e1s de 115.000 libros en formato electr\u00f3nico organizados en <a href=\"http:\/\/www.e-libro.com\/Colecciones\/\" target=\"_blank\" rel=\"noopener noreferrer\">12 colecciones<\/a> procedentes de las m\u00e1s relevantes editoriales universitarias de <a href=\"http:\/\/www.e-libro.com\/Editoriales\/#espa%C3%B1a\" target=\"_blank\" rel=\"noopener noreferrer\">Espa\u00f1a<\/a> y del mundo. Previo registro permite el acceso a una estanter\u00eda personal de libros descargados para poder leer sin conexi\u00f3n o hacer anotaciones personales.<\/p>\n<p>Acceso a <a href=\"http:\/\/elibro.com\/ayuda\" target=\"_blank\" rel=\"noopener noreferrer\">Material de ayuda <\/a> y <a href=\"https:\/\/www.youtube.com\/watch?v=OXPALTkIegM\" target=\"_blank\" rel=\"noopener noreferrer\">v\u00eddeo con instrucciones para acceder desde casa<\/a><\/p>\n<p>&nbsp;<\/p>\n<table style=\"height: 160px;\">\n<tbody>\n<tr style=\"height: 160px;\">\n<td style=\"width: 173.533px; height: 160px;\"><a href=\"https:\/\/catoute.unileon.es\/permalink\/34BUC_ULE\/1ekdeev\/alma991008791789805772\" target=\"_blank\" rel=\"noopener noreferrer\"><img loading=\"lazy\" decoding=\"async\" class=\"alignnone\" src=\"http:\/\/bibliotecas.unileon.es\/ciencias-economicas-empresariales\/files\/2019\/05\/e-libro.png\" alt=\"\" width=\"129\" height=\"62\" \/><\/a><\/td>\n<td style=\"width: 369px; height: 160px;\"><a href=\"https:\/\/elibro-net.unileon.idm.oclc.org\/es\/lc\/unileon\/busqueda_avanzada?as_parent_theme=Estad%C3%ADstica&amp;as_parent_theme_op=unaccent__iexact&amp;prev=as\" target=\"_blank\" rel=\"noopener noreferrer\">Estad\u00edstica<\/a> (162)<\/p>\n<p><a href=\"https:\/\/elibro-net.unileon.idm.oclc.org\/es\/lc\/unileon\/busqueda_avanzada?as_parent_theme=Estad%C3%ADstica&amp;as_parent_theme_op=unaccent__iexact&amp;prev=as\" target=\"_blank\" rel=\"noopener noreferrer\">Economia, negocios, administraci\u00f3n <\/a>(1.500)<\/p>\n<p><a href=\"https:\/\/elibro-net.unileon.idm.oclc.org\/es\/lc\/unileon\/busqueda_avanzada?as_parent_theme=Historia%20y%20condiciones%20econ%C3%B3micas&amp;as_parent_theme_op=unaccent__iexact&amp;prev=as\" target=\"_blank\" rel=\"noopener noreferrer\">Historia econ\u00f3mica, pol\u00edtica econ\u00f3mica<\/a> (1.468)<\/p>\n<p><a href=\"https:\/\/elibro-net.unileon.idm.oclc.org\/es\/lc\/unileon\/busqueda_avanzada?as_parent_theme=Finanzas&amp;as_parent_theme_op=unaccent__iexact&amp;prev=as\" target=\"_blank\" rel=\"noopener noreferrer\">Finanzas, marketing, gesti\u00f3n de empresas<\/a> (1.022)<\/p>\n<p><a href=\"https:\/\/elibro-net.unileon.idm.oclc.org\/es\/lc\/unileon\/busqueda_avanzada?as_parent_theme=Comercio&amp;as_parent_theme_op=unaccent__iexact&amp;prev=as\" target=\"_blank\" rel=\"noopener noreferrer\">Comercio, contabilidad<\/a> (2.555)<\/p>\n<p>&nbsp;<\/td>\n<\/tr>\n<\/tbody>\n<\/table>\n<p>&nbsp;<\/p>\n<h4><span style=\"color: #ff6600;\"><strong>Libros electr\u00f3nicos de econom\u00eda y empresa en Ingebook<\/strong><\/span><\/h4>\n<p>&nbsp;<\/p>\n<table>\n<tbody>\n<tr>\n<td style=\"width: 167.183px; text-align: center;\"><a href=\"https:\/\/catoute.unileon.es\/discovery\/fulldisplay?docid=alma991006333289705772&amp;context=L&amp;vid=34BUC_ULE:VU1&amp;lang=es&amp;search_scope=MyInst_and_CI&amp;adaptor=Local%20Search%20Engine&amp;tab=Everything&amp;query=any,contains,ingebook&amp;offset=0\" target=\"_blank\" rel=\"noopener noreferrer\"><img loading=\"lazy\" decoding=\"async\" class=\"alignnone\" src=\"http:\/\/bibliotecas.unileon.es\/ciencias-economicas-empresariales\/files\/2019\/05\/ingebook.png\" alt=\"\" width=\"153\" height=\"64\" \/><\/a><\/td>\n<td style=\"width: 375.35px;\">Plataforma online de acceso a unos 2.200 libros y contenidos universitarios y profesionales pertenecientes a las editoriales como Garc\u00eda Maroto, McGraw-Hill, AENOR, Revert\u00e9, Pearson y Dykinson.<\/p>\n<p>Contiene m\u00e1s de 500 libros de <a href=\"http:\/\/www.ingebook.com.unileon.idm.oclc.org\/ib\/NPcd\/IB_LstBooks?cod_primaria=1000187&amp;buscar=1&amp;busqueda_av=&amp;Sch_todo2=&amp;Sch_nombre=&amp;Sch_autor=&amp;Sch_isbn=&amp;Sch_isbn_ebook=&amp;Sch_editorial=&amp;Sch_area=&amp;Sch_seccion=4443&amp;Sch_Grado=&amp;Sch_etiqueta=&amp;Sch_ano=&amp;Sch_orden=1&amp;Sch_orden_2=desc&amp;NPcd_PageLines=12\" target=\"_blank\" rel=\"noopener noreferrer\">administraci\u00f3n<\/a><a href=\"http:\/\/www.ingebook.com.unileon.idm.oclc.org\/ib\/NPcd\/IB_LstBooks?cod_primaria=1000187&amp;buscar=1&amp;busqueda_av=&amp;Sch_todo2=&amp;Sch_nombre=&amp;Sch_autor=&amp;Sch_isbn=&amp;Sch_isbn_ebook=&amp;Sch_editorial=&amp;Sch_area=&amp;Sch_seccion=4443&amp;Sch_Grado=&amp;Sch_etiqueta=&amp;Sch_ano=&amp;Sch_orden=1&amp;Sch_orden_2=desc&amp;NPcd_PageLines=12\" target=\"_blank\" rel=\"noopener noreferrer\">,<\/a> <a href=\"http:\/\/www.ingebook.com.unileon.idm.oclc.org\/ib\/NPcd\/IB_LstBooks?cod_primaria=1000187&amp;buscar=1&amp;busqueda_av=&amp;Sch_todo2=&amp;Sch_nombre=&amp;Sch_autor=&amp;Sch_isbn=&amp;Sch_isbn_ebook=&amp;Sch_editorial=&amp;Sch_area=&amp;Sch_seccion=4452&amp;Sch_Grado=&amp;Sch_etiqueta=&amp;Sch_ano=&amp;Sch_orden=1&amp;Sch_orden_2=desc&amp;NPcd_PageLines=12\" target=\"_blank\" rel=\"noopener noreferrer\">negocios<\/a>, <a href=\"http:\/\/www.ingebook.com.unileon.idm.oclc.org\/ib\/NPcd\/IB_LstBooks?cod_primaria=1000187&amp;buscar=1&amp;busqueda_av=&amp;Sch_todo2=&amp;Sch_nombre=&amp;Sch_autor=&amp;Sch_isbn=&amp;Sch_isbn_ebook=&amp;Sch_editorial=&amp;Sch_area=&amp;Sch_seccion=4444&amp;Sch_Grado=&amp;Sch_etiqueta=&amp;Sch_ano=&amp;Sch_orden=1&amp;Sch_orden_2=desc&amp;NPcd_PageLines=12\" target=\"_blank\" rel=\"noopener noreferrer\">contabilidad<\/a>, <a href=\"http:\/\/www.ingebook.com.unileon.idm.oclc.org\/ib\/NPcd\/IB_LstBooks?cod_primaria=1000187&amp;buscar=1&amp;busqueda_av=&amp;Sch_todo2=&amp;Sch_nombre=&amp;Sch_autor=&amp;Sch_isbn=&amp;Sch_isbn_ebook=&amp;Sch_editorial=&amp;Sch_area=&amp;Sch_seccion=4445&amp;Sch_Grado=&amp;Sch_etiqueta=&amp;Sch_ano=&amp;Sch_orden=1&amp;Sch_orden_2=desc&amp;NPcd_PageLines=12\" target=\"_blank\" rel=\"noopener noreferrer\">econom\u00eda<\/a>, <a href=\"http:\/\/www.ingebook.com.unileon.idm.oclc.org\/ib\/NPcd\/IB_LstBooks?cod_primaria=1000187&amp;buscar=1&amp;busqueda_av=&amp;Sch_todo2=&amp;Sch_nombre=&amp;Sch_autor=&amp;Sch_isbn=&amp;Sch_isbn_ebook=&amp;Sch_editorial=&amp;Sch_area=&amp;Sch_seccion=4447&amp;Sch_Grado=&amp;Sch_etiqueta=&amp;Sch_ano=&amp;Sch_orden=1&amp;Sch_orden_2=desc&amp;NPcd_PageLines=12\" target=\"_blank\" rel=\"noopener noreferrer\">finanzas<\/a>, <a href=\"http:\/\/www.ingebook.com.unileon.idm.oclc.org\/ib\/NPcd\/IB_LstBooks?cod_primaria=1000187&amp;buscar=1&amp;busqueda_av=&amp;Sch_todo2=&amp;Sch_nombre=&amp;Sch_autor=&amp;Sch_isbn=&amp;Sch_isbn_ebook=&amp;Sch_editorial=&amp;Sch_area=&amp;Sch_seccion=4446&amp;Sch_Grado=&amp;Sch_etiqueta=&amp;Sch_ano=&amp;Sch_orden=1&amp;Sch_orden_2=desc&amp;NPcd_PageLines=12\" target=\"_blank\" rel=\"noopener noreferrer\">estad\u00edstica<\/a>, <a href=\"http:\/\/www.ingebook.com.unileon.idm.oclc.org\/ib\/NPcd\/IB_LstBooks?cod_primaria=1000187&amp;buscar=1&amp;busqueda_av=&amp;Sch_todo2=&amp;Sch_nombre=&amp;Sch_autor=&amp;Sch_isbn=&amp;Sch_isbn_ebook=&amp;Sch_editorial=&amp;Sch_area=&amp;Sch_seccion=4449&amp;Sch_Grado=&amp;Sch_etiqueta=&amp;Sch_ano=&amp;Sch_orden=1&amp;Sch_orden_2=desc&amp;NPcd_PageLines=12\" target=\"_blank\" rel=\"noopener noreferrer\">marketing<\/a>, <a href=\"http:\/\/www.ingebook.com.unileon.idm.oclc.org\/ib\/NPcd\/IB_LstBooks?cod_primaria=1000187&amp;buscar=1&amp;busqueda_av=&amp;Sch_todo2=&amp;Sch_nombre=&amp;Sch_autor=&amp;Sch_isbn=&amp;Sch_isbn_ebook=&amp;Sch_editorial=&amp;Sch_area=&amp;Sch_seccion=4450&amp;Sch_Grado=&amp;Sch_etiqueta=&amp;Sch_ano=&amp;Sch_orden=1&amp;Sch_orden_2=desc&amp;NPcd_PageLines=12\" target=\"_blank\" rel=\"noopener noreferrer\">RRHH<\/a>, <a href=\"http:\/\/www.ingebook.com.unileon.idm.oclc.org\/ib\/NPcd\/IB_LstBooks?cod_primaria=1000187&amp;buscar=1&amp;busqueda_av=&amp;Sch_todo2=&amp;Sch_nombre=&amp;Sch_autor=&amp;Sch_isbn=&amp;Sch_isbn_ebook=&amp;Sch_editorial=&amp;Sch_area=&amp;Sch_seccion=4451&amp;Sch_Grado=&amp;Sch_etiqueta=&amp;Sch_ano=&amp;Sch_orden=1&amp;Sch_orden_2=desc&amp;NPcd_PageLines=12\" target=\"_blank\" rel=\"noopener noreferrer\">turismo<\/a>, etc.<\/p>\n<p><a href=\"https:\/\/www.youtube.com\/watch?v=YhAuwDvse4c\" target=\"_blank\" rel=\"noopener noreferrer\">V\u00eddeo de ayuda para acceder desde casa<\/a><\/td>\n<\/tr>\n<\/tbody>\n<\/table>\n<p>&nbsp;<\/p>\n<h4><\/h4>\n<h4><strong><span style=\"color: #ff6600;\">Libros electr\u00f3nicos de econom\u00eda y empresa en otras plataformas<\/span><\/strong><strong><span style=\"color: #ff6600;\"><br \/>\n<\/span><\/strong><\/h4>\n<ul>\n<li>La consulta se hace en l\u00ednea desde cualquier ordenador de la red local.<\/li>\n<li>Desde fuera del campus es necesario identificarse con los datos del correo-e (ScienceDirect, Springer Link) o a trav\u00e9s de los datos del carn\u00e9 universitario (Wiley Online Library)<\/li>\n<li>Varios usuarios simult\u00e1neamente pueden consultar el mismo libro.<\/li>\n<li>Contenido parcial puede ser descargado en el ordenador personal. Las licencias de uso prohiben las descargas masivas.<\/li>\n<\/ul>\n<p>&nbsp;<\/p>\n<p>&nbsp;<\/p>\n<table style=\"height: 303px; width: 99.6875%;\">\n<tbody>\n<tr style=\"height: 24px;\">\n<td style=\"text-align: center; height: 24px; width: 246.717px;\"><strong>Plataforma<\/strong><\/td>\n<td style=\"text-align: center; height: 24px; width: 295.817px;\"><strong>Materias<\/strong><\/td>\n<\/tr>\n<tr style=\"height: 24px;\">\n<td style=\"height: 96px; width: 246.717px;\" rowspan=\"4\">\u00a0<a href=\"https:\/\/catoute.unileon.es\/permalink\/34BUC_ULE\/1ekdeev\/alma991008703280705772\"><img loading=\"lazy\" decoding=\"async\" class=\"aligncenter\" src=\"http:\/\/bibliotecas.unileon.es\/ciencias-economicas-empresariales\/files\/2015\/03\/sciencedirect-logo.jpg\" alt=\"\" width=\"185\" height=\"41\" \/><\/a><\/td>\n<td style=\"height: 24px; width: 295.817px;\"><a href=\"https:\/\/www.sciencedirect.com\/browse\/journals-and-books?subject=business-management-and-accounting\" target=\"_blank\" rel=\"noopener noreferrer\">Business, management, accounting<\/a><\/td>\n<\/tr>\n<tr style=\"height: 24px;\">\n<td style=\"height: 24px; width: 295.817px;\"><a href=\"https:\/\/www.sciencedirect.com\/browse\/journals-and-books?subject=economics-econometrics-and-finance\" target=\"_blank\" rel=\"noopener noreferrer\">Economics, econometrics and finance<\/a><\/td>\n<\/tr>\n<tr style=\"height: 24px;\">\n<td style=\"height: 24px; width: 295.817px;\"><a href=\"https:\/\/www.sciencedirect.com\/browse\/journals-and-books?subject=decision-sciences\" target=\"_blank\" rel=\"noopener noreferrer\">Decision sciences<\/a><\/td>\n<\/tr>\n<tr style=\"height: 24px;\">\n<td style=\"height: 24px; width: 295.817px;\"><a href=\"https:\/\/www.sciencedirect.com\/browse\/journals-and-books?subject=statistics-and-probability\" target=\"_blank\" rel=\"noopener noreferrer\">Statistics &amp; Probability<\/a><\/td>\n<\/tr>\n<tr style=\"height: 24px;\">\n<td style=\"height: 101px; width: 246.717px;\" rowspan=\"4\"><a href=\"https:\/\/catoute.unileon.es\/permalink\/34BUC_ULE\/1ekdeev\/alma991005738169705772\" target=\"_blank\" rel=\"noopener\"><img loading=\"lazy\" decoding=\"async\" class=\"aligncenter\" src=\"http:\/\/bibliotecas.unileon.es\/ciencias-economicas-empresariales\/files\/2015\/03\/logo-wiley.png\" alt=\"\" width=\"160\" height=\"56\" \/><\/a><\/p>\n<h6><em>\u00a0<\/em><\/h6>\n<\/td>\n<td style=\"height: 24px; width: 295.817px;\"><a href=\"https:\/\/onlinelibrary.wiley.com\/action\/showPublications?PubType=book&amp;startPage=&amp;ConceptID=41\" target=\"_blank\" rel=\"noopener noreferrer\">Business management<\/a><br \/>\n<a href=\"https:\/\/onlinelibrary.wiley.com\/action\/showPublications?PubType=book&amp;startPage=&amp;ConceptID=87\" target=\"_blank\" rel=\"noopener noreferrer\">Accounting<\/a><\/td>\n<\/tr>\n<tr style=\"height: 24px;\">\n<td style=\"height: 24px; width: 295.817px;\"><a href=\"https:\/\/onlinelibrary.wiley.com\/action\/showPublications?PubType=book&amp;startPage=&amp;ConceptID=95\" target=\"_blank\" rel=\"noopener noreferrer\">Economics<\/a><\/td>\n<\/tr>\n<tr style=\"height: 24.7833px;\">\n<td style=\"height: 26px; width: 295.817px;\"><a href=\"https:\/\/onlinelibrary.wiley.com\/action\/showPublications?ConceptID=64&amp;PubType=book&amp;startPage=\" target=\"_blank\" rel=\"noopener noreferrer\">Finance &amp; investments<\/a><\/td>\n<\/tr>\n<tr style=\"height: 24px;\">\n<td style=\"height: 27px; width: 295.817px;\"><a href=\"https:\/\/onlinelibrary.wiley.com\/action\/showPublications?PubType=book&amp;startPage=&amp;ConceptID=40\" target=\"_blank\" rel=\"noopener noreferrer\">Statistics<\/a><br \/>\n<a href=\"https:\/\/onlinelibrary.wiley.com\/action\/doSearch?Ppub=&amp;content=articlesChapters&amp;field1=Title&amp;field2=AllField&amp;field3=AllField&amp;target=default&amp;text1=tourism&amp;text2=&amp;text3=&amp;startPage=&amp;PubType=book\" target=\"_blank\" rel=\"noopener\">Tourism<\/a><\/td>\n<\/tr>\n<tr style=\"height: 24px;\">\n<td style=\"height: 72px; width: 246.717px;\" rowspan=\"3\">\u00a0<a href=\"https:\/\/catoute.unileon.es\/permalink\/34BUC_ULE\/fj2rcr\/alma991005735329705772\" target=\"_blank\" rel=\"noopener\"><img loading=\"lazy\" decoding=\"async\" class=\" aligncenter\" src=\"http:\/\/bibliotecas.unileon.es\/ciencias-economicas-empresariales\/files\/2015\/03\/logo-springer.jpg\" alt=\"\" width=\"154\" height=\"44\" \/><\/a><\/p>\n<h6><em>\u00a0<\/em><\/h6>\n<\/td>\n<td style=\"height: 24px; width: 295.817px;\"><a href=\"http:\/\/link.springer.com\/search?facet-content-type=%22Book%22&amp;date-facet-mode=between&amp;facet-language=%22En%22&amp;showAll=false&amp;facet-end-year=2017&amp;facet-discipline=%22Business+and+Management%22&amp;facet-start-year=2016\" target=\"_blank\" rel=\"noopener noreferrer\">Business management<\/a><\/td>\n<\/tr>\n<tr style=\"height: 24px;\">\n<td style=\"height: 24px; width: 295.817px;\"><a href=\"http:\/\/link.springer.com\/search?facet-content-type=%22Book%22&amp;date-facet-mode=between&amp;just-selected-from-overlay=facet-discipline&amp;facet-discipline=%22Economics%22&amp;facet-language=%22En%22&amp;showAll=false&amp;facet-end-year=2017&amp;just-selected-from-overlay-value=%22Economics%22&amp;facet-start-year=2016\" target=\"_blank\" rel=\"noopener noreferrer\">Economics<\/a><\/td>\n<\/tr>\n<tr style=\"height: 24px;\">\n<td style=\"height: 24px; width: 295.817px;\"><a href=\"http:\/\/link.springer.com\/search?facet-content-type=%22Book%22&amp;date-facet-mode=between&amp;just-selected-from-overlay=facet-discipline&amp;facet-language=%22En%22&amp;just-selected-from-overlay-value=%22Statistics%22&amp;showAll=false&amp;facet-end-year=2017&amp;facet-start-year=2016&amp;facet-discipline=%22Statistics%22\" target=\"_blank\" rel=\"noopener noreferrer\">Statistics<\/a><br \/>\n<a href=\"https:\/\/link.springer.com\/search?facet-content-type=Book&amp;query=tourism\" target=\"_blank\" rel=\"noopener\">Tourism<\/a><\/td>\n<\/tr>\n<tr style=\"height: 64px;\">\n<td style=\"width: 246.717px; height: 10px;\"><\/td>\n<td style=\"width: 295.817px; height: 10px;\"><\/td>\n<\/tr>\n<\/tbody>\n<\/table>\n<p>&nbsp;<\/p>\n","protected":false},"excerpt":{"rendered":"<p>&nbsp; Libros electr\u00f3nicos de econom\u00eda y empresa en GRIAL (Gesti\u00f3n de Recursos de Informaci\u00f3n Accesibles en L\u00ednea) Acceso en http:\/\/grial.unileon.es\/ &nbsp; Condiciones de uso GRIAL es la plataforma de libros electr\u00f3nicos en pr\u00e9stamo de la Biblioteca Universitaria. Contiene 2.800 libros &hellip; <a href=\"https:\/\/bibliotecas.unileon.es\/ciencias-economicas-empresariales\/libros-electronicos\/\">Sigue leyendo <span class=\"meta-nav\">&rarr;<\/span><\/a><\/p>\n","protected":false},"author":22,"featured_media":0,"parent":0,"menu_order":0,"comment_status":"open","ping_status":"open","template":"","meta":{"_bbp_topic_count":0,"_bbp_reply_count":0,"_bbp_total_topic_count":0,"_bbp_total_reply_count":0,"_bbp_voice_count":0,"_bbp_anonymous_reply_count":0,"_bbp_topic_count_hidden":0,"_bbp_reply_count_hidden":0,"_bbp_forum_subforum_count":0,"footnotes":""},"class_list":["post-1082","page","type-page","status-publish","hentry"],"_links":{"self":[{"href":"https:\/\/bibliotecas.unileon.es\/ciencias-economicas-empresariales\/wp-json\/wp\/v2\/pages\/1082","targetHints":{"allow":["GET"]}}],"collection":[{"href":"https:\/\/bibliotecas.unileon.es\/ciencias-economicas-empresariales\/wp-json\/wp\/v2\/pages"}],"about":[{"href":"https:\/\/bibliotecas.unileon.es\/ciencias-economicas-empresariales\/wp-json\/wp\/v2\/types\/page"}],"author":[{"embeddable":true,"href":"https:\/\/bibliotecas.unileon.es\/ciencias-economicas-empresariales\/wp-json\/wp\/v2\/users\/22"}],"replies":[{"embeddable":true,"href":"https:\/\/bibliotecas.unileon.es\/ciencias-economicas-empresariales\/wp-json\/wp\/v2\/comments?post=1082"}],"version-history":[{"count":1,"href":"https:\/\/bibliotecas.unileon.es\/ciencias-economicas-empresariales\/wp-json\/wp\/v2\/pages\/1082\/revisions"}],"predecessor-version":[{"id":1091,"href":"https:\/\/bibliotecas.unileon.es\/ciencias-economicas-empresariales\/wp-json\/wp\/v2\/pages\/1082\/revisions\/1091"}],"wp:attachment":[{"href":"https:\/\/bibliotecas.unileon.es\/ciencias-economicas-empresariales\/wp-json\/wp\/v2\/media?parent=1082"}],"curies":[{"name":"wp","href":"https:\/\/api.w.org\/{rel}","templated":true}]}}