{"id":12,"date":"2012-10-25T09:47:44","date_gmt":"2012-10-25T07:47:44","guid":{"rendered":"http:\/\/bibliotecas.unileon.es\/ciencias-economicas-empresariales\/?page_id=12"},"modified":"2022-02-21T14:04:14","modified_gmt":"2022-02-21T13:04:14","slug":"horario","status":"publish","type":"page","link":"https:\/\/bibliotecas.unileon.es\/ciencias-economicas-empresariales\/horario\/","title":{"rendered":"Horario"},"content":{"rendered":"<p>Durante el Curso Acad\u00e9mico la Biblioteca est\u00e1 abierta todos los d\u00edas desde las 8:00 hasta las 20:00 h.<\/p>\n<p>Los horarios especiales de vacaciones y fiestas locales se anunciar\u00e1n\u00a0puntualmente y siempre ser\u00e1n los establecidos por el Centro.<\/p>\n<p>En \u00e9poca de ex\u00e1menes la Biblioteca General \u00abSan Isidoro\u00bb ampl\u00eda su horario. Los horarios extraordinarios se publican en <a href=\"https:\/\/biblioteca.unileon.es\/horarios\" target=\"_blank\" rel=\"noopener\">la web de la Biblioteca Universitaria<\/a><\/p>\n<p>&nbsp;<\/p>\n<p>&nbsp;<\/p>\n","protected":false},"excerpt":{"rendered":"<p>Durante el Curso Acad\u00e9mico la Biblioteca est\u00e1 abierta todos los d\u00edas desde las 8:00 hasta las 20:00 h. Los horarios especiales de vacaciones y fiestas locales se anunciar\u00e1n\u00a0puntualmente y siempre ser\u00e1n los establecidos por el Centro. En \u00e9poca de ex\u00e1menes &hellip; <a href=\"https:\/\/bibliotecas.unileon.es\/ciencias-economicas-empresariales\/horario\/\">Sigue leyendo <span class=\"meta-nav\">&rarr;<\/span><\/a><\/p>\n","protected":false},"author":3,"featured_media":0,"parent":0,"menu_order":0,"comment_status":"closed","ping_status":"closed","template":"","meta":{"_bbp_topic_count":0,"_bbp_reply_count":0,"_bbp_total_topic_count":0,"_bbp_total_reply_count":0,"_bbp_voice_count":0,"_bbp_anonymous_reply_count":0,"_bbp_topic_count_hidden":0,"_bbp_reply_count_hidden":0,"_bbp_forum_subforum_count":0,"footnotes":""},"class_list":["post-12","page","type-page","status-publish","hentry"],"_links":{"self":[{"href":"https:\/\/bibliotecas.unileon.es\/ciencias-economicas-empresariales\/wp-json\/wp\/v2\/pages\/12","targetHints":{"allow":["GET"]}}],"collection":[{"href":"https:\/\/bibliotecas.unileon.es\/ciencias-economicas-empresariales\/wp-json\/wp\/v2\/pages"}],"about":[{"href":"https:\/\/bibliotecas.unileon.es\/ciencias-economicas-empresariales\/wp-json\/wp\/v2\/types\/page"}],"author":[{"embeddable":true,"href":"https:\/\/bibliotecas.unileon.es\/ciencias-economicas-empresariales\/wp-json\/wp\/v2\/users\/3"}],"replies":[{"embeddable":true,"href":"https:\/\/bibliotecas.unileon.es\/ciencias-economicas-empresariales\/wp-json\/wp\/v2\/comments?post=12"}],"version-history":[{"count":10,"href":"https:\/\/bibliotecas.unileon.es\/ciencias-economicas-empresariales\/wp-json\/wp\/v2\/pages\/12\/revisions"}],"predecessor-version":[{"id":33,"href":"https:\/\/bibliotecas.unileon.es\/ciencias-economicas-empresariales\/wp-json\/wp\/v2\/pages\/12\/revisions\/33"}],"wp:attachment":[{"href":"https:\/\/bibliotecas.unileon.es\/ciencias-economicas-empresariales\/wp-json\/wp\/v2\/media?parent=12"}],"curies":[{"name":"wp","href":"https:\/\/api.w.org\/{rel}","templated":true}]}}