{"id":1314,"date":"2016-11-15T12:55:21","date_gmt":"2016-11-15T11:55:21","guid":{"rendered":"http:\/\/bibliotecas.unileon.es\/ciencias-economicas-empresariales\/?page_id=1314"},"modified":"2022-12-21T12:25:02","modified_gmt":"2022-12-21T11:25:02","slug":"buscar-indicadores-de-calidad-para-revistas","status":"publish","type":"page","link":"https:\/\/bibliotecas.unileon.es\/ciencias-economicas-empresariales\/buscar-indicadores-de-calidad-para-revistas\/","title":{"rendered":"Buscar indicadores de calidad para revistas"},"content":{"rendered":"<p>&nbsp;<\/p>\n<p style=\"text-align: justify;\">Los art\u00edculos publicados en revistas tienen una valoraci\u00f3n preferente dentro del conjunto de aportaciones presentadas a un proceso de evaluaci\u00f3n de la actividad investigadora. Como criterio general, los art\u00edculos se valoran en funci\u00f3n de la revista en la que han sido publicados y no todas las revistas son relevantes en este proceso. Las convocatorias hablan de \u00abtrabajos publicados en revistas de reconocida val\u00eda\u00bb y tienen esta consideraci\u00f3n las revistas incluidas en dos rankings internacionales: el Journal Citation Reports (JCR) y las revistas incluidas en la base de datos Scopus. Si todas sus aportaciones cumplen este requisito tendr\u00e1 muchas posibilidades de superar la evaluaci\u00f3n con \u00e9xito.<\/p>\n<p>&nbsp;<\/p>\n<table>\n<tbody>\n<tr>\n<td style=\"width: 590px;\">\n<h5 style=\"text-align: center;\"><span style=\"color: #ff6600;\"><em>Para conocer si sus aportaciones han sido publicadas en revistas JCR o Scopus consulte los apartados <\/em><a style=\"color: #ff6600;\" href=\"http:\/\/bibliotecas.unileon.es\/ciencias-economicas-empresariales\/factor-de-impacto-jcr-y-scopus\/\" target=\"_blank\" rel=\"noopener\"><em>\u00abFactor de impacto en JCR\u00bb<\/em> <\/a><br \/>\n<\/span><span style=\"color: #ff6600;\"><em>y \u00ab<span style=\"color: #ff6600;\"><a style=\"color: #ff6600;\" href=\"https:\/\/bibliotecas.unileon.es\/ciencias-economicas-empresariales\/citescore-y-sjr-scopus\/\" target=\"_blank\" rel=\"noopener\">CiteScore, SJR y otras m\u00e9tricas de Scopus<\/a><\/span>\u00ab<\/em><\/span><\/h5>\n<\/td>\n<\/tr>\n<\/tbody>\n<\/table>\n<p>&nbsp;<\/p>\n<p style=\"text-align: justify;\">Pero en ocasiones aportar indicios de calidad para art\u00edculos publicados en revistas que no est\u00e1n en JCR o Scopus puede ser un problema. Las convocatorias hablan de \u00abart\u00edculos publicados en revistas que ocupen posiciones relevantes en otras bases de datos internacionales de referencia\u00bb.<\/p>\n<p>&nbsp;<\/p>\n<table>\n<tbody>\n<tr>\n<td>\n<h5 style=\"text-align: center;\"><span style=\"color: #ff6600;\"><em>Para conocer si las revistas en las que ha publicado sus art\u00edculos son consideradas relevantes aunque no est\u00e9n incluidas en JCR o Scopus, consulte el apartado<br \/>\n<a style=\"color: #ff6600;\" href=\"http:\/\/bibliotecas.unileon.es\/ciencias-economicas-empresariales\/otros-rankings-internacionales-de-revistas\/\" target=\"_blank\" rel=\"noopener\">\u00abOtros rankings internacionales de revistas\u00bb<\/a><\/em><\/span><\/h5>\n<\/td>\n<\/tr>\n<\/tbody>\n<\/table>\n<p>&nbsp;<\/p>\n<p style=\"text-align: justify;\">Finalmente, de forma general las convocatorias hacen referencia a los \u00abcriterios que debe reunir un medio de difusi\u00f3n de la investigaci\u00f3n para que las aportaciones que en \u00e9l se incluyan puedan ser consideradas <em>de impacto<\/em>\u00ab. Estos criterios se refieren a cuestiones formales relacionadas con el proceso editorial,\u00a0 a la calidad cient\u00edfica de las propias revistas o a su presencia en bases de datos internacionales acreditadas que las categoricen por \u00edndice de impacto y difusi\u00f3n. Existen m\u00faltiples clasificaciones que categorizan las revistas en funci\u00f3n del cumplimiento de estos criterios.<\/p>\n<p>&nbsp;<\/p>\n<table>\n<tbody>\n<tr>\n<td>\n<h5 style=\"text-align: center;\"><span style=\"color: #ff6600;\"><em>Consulte el apartado <a style=\"color: #ff6600;\" href=\"http:\/\/bibliotecas.unileon.es\/ciencias-economicas-empresariales\/otros-listados-sobre-calidad-de-revistas\/\" target=\"_blank\" rel=\"noopener\">\u00abClasificaciones y listados sobre calidad de revistas\u00bb<\/a> si sus aportaciones no est\u00e1n incluidas en revistas JCR o Scopus, ni en ning\u00fan otro ranking internacional.<\/em><\/span><\/h5>\n<p>&nbsp;<\/p>\n<h5 style=\"text-align: center;\"><span style=\"color: #ff6600;\"><em>Si se trata de revistas espa\u00f1olas consulte el apartado<br \/>\n<a style=\"color: #ff6600;\" href=\"http:\/\/bibliotecas.unileon.es\/ciencias-economicas-empresariales\/rankings-clasificaciones-y-listados-espanoles\/\" target=\"_blank\" rel=\"noopener\">\u00abRankings, clasificaciones y listados espa\u00f1oles\u00bb<\/a>.<\/em><\/span><\/h5>\n<p>&nbsp;<\/p>\n<h5 style=\"text-align: center;\"><span style=\"color: #ff6600;\"><em>Si consulta el apartado <a style=\"color: #ff6600;\" href=\"http:\/\/bibliotecas.unileon.es\/ciencias-economicas-empresariales\/buscar-en-que-base-de-datos-esta-una-revista\/\" target=\"_blank\" rel=\"noopener\">\u00abPresencia en bases de datos de una revista\u00bb<\/a><br \/>\npodr\u00e1 a\u00f1adir otros\u00a0indicios de calidad a sus aportaciones.<\/em><\/span><\/h5>\n<\/td>\n<\/tr>\n<\/tbody>\n<\/table>\n<p>&nbsp;<\/p>\n<p style=\"text-align: justify;\">En todos los casos, independientemente de la valoraci\u00f3n gen\u00e9rica de las revistas en las que se publiquen los trabajos que se someten a evaluaci\u00f3n, la Comisi\u00f3n realizar\u00e1 una valoraci\u00f3n espec\u00edfica de cada aportaci\u00f3n basada en el an\u00e1lisis de las citas que ese art\u00edculo concreto haya recibido.<\/p>\n<p>&nbsp;<\/p>\n<table>\n<tbody>\n<tr>\n<td>\n<h5 style=\"text-align: center;\"><span style=\"color: #ff6600;\"><em>Para buscar evidencias de las citas recibidas consulte el apartado <a style=\"color: #ff6600;\" href=\"http:\/\/bibliotecas.unileon.es\/ciencias-economicas-empresariales\/buscar-las-citas-recibidas-por-un-articulo\/\" target=\"_blank\" rel=\"noopener\">\u00abBuscar las citas recibidas por un trabajo\u00bb<\/a><\/em><\/span><\/h5>\n<\/td>\n<\/tr>\n<\/tbody>\n<\/table>\n<p>&nbsp;<\/p>\n<p style=\"text-align: justify;\">Para m\u00e1s informaci\u00f3n se puede consultar el texto de la \u00faltima resoluci\u00f3n de la CNEAI donde se publican los <a href=\"https:\/\/boe.es\/diario_boe\/txt.php?id=BOE-A-2022-21729\" target=\"_blank\" rel=\"noopener\">criterios espec\u00edficos para cada uno de los campos de evaluaci\u00f3n<\/a>. El Campo 8 corresponde a las Ciencias Econ\u00f3micas y Empresariales.<\/p>\n<p>&nbsp;<\/p>\n<p>&nbsp;<\/p>\n","protected":false},"excerpt":{"rendered":"<p>&nbsp; Los art\u00edculos publicados en revistas tienen una valoraci\u00f3n preferente dentro del conjunto de aportaciones presentadas a un proceso de evaluaci\u00f3n de la actividad investigadora. Como criterio general, los art\u00edculos se valoran en funci\u00f3n de la revista en la que &hellip; <a href=\"https:\/\/bibliotecas.unileon.es\/ciencias-economicas-empresariales\/buscar-indicadores-de-calidad-para-revistas\/\">Sigue leyendo <span class=\"meta-nav\">&rarr;<\/span><\/a><\/p>\n","protected":false},"author":22,"featured_media":0,"parent":0,"menu_order":0,"comment_status":"closed","ping_status":"closed","template":"","meta":{"_bbp_topic_count":0,"_bbp_reply_count":0,"_bbp_total_topic_count":0,"_bbp_total_reply_count":0,"_bbp_voice_count":0,"_bbp_anonymous_reply_count":0,"_bbp_topic_count_hidden":0,"_bbp_reply_count_hidden":0,"_bbp_forum_subforum_count":0,"footnotes":""},"class_list":["post-1314","page","type-page","status-publish","hentry"],"_links":{"self":[{"href":"https:\/\/bibliotecas.unileon.es\/ciencias-economicas-empresariales\/wp-json\/wp\/v2\/pages\/1314","targetHints":{"allow":["GET"]}}],"collection":[{"href":"https:\/\/bibliotecas.unileon.es\/ciencias-economicas-empresariales\/wp-json\/wp\/v2\/pages"}],"about":[{"href":"https:\/\/bibliotecas.unileon.es\/ciencias-economicas-empresariales\/wp-json\/wp\/v2\/types\/page"}],"author":[{"embeddable":true,"href":"https:\/\/bibliotecas.unileon.es\/ciencias-economicas-empresariales\/wp-json\/wp\/v2\/users\/22"}],"replies":[{"embeddable":true,"href":"https:\/\/bibliotecas.unileon.es\/ciencias-economicas-empresariales\/wp-json\/wp\/v2\/comments?post=1314"}],"version-history":[{"count":1,"href":"https:\/\/bibliotecas.unileon.es\/ciencias-economicas-empresariales\/wp-json\/wp\/v2\/pages\/1314\/revisions"}],"predecessor-version":[{"id":1345,"href":"https:\/\/bibliotecas.unileon.es\/ciencias-economicas-empresariales\/wp-json\/wp\/v2\/pages\/1314\/revisions\/1345"}],"wp:attachment":[{"href":"https:\/\/bibliotecas.unileon.es\/ciencias-economicas-empresariales\/wp-json\/wp\/v2\/media?parent=1314"}],"curies":[{"name":"wp","href":"https:\/\/api.w.org\/{rel}","templated":true}]}}