{"id":1316,"date":"2016-11-15T12:55:50","date_gmt":"2016-11-15T11:55:50","guid":{"rendered":"http:\/\/bibliotecas.unileon.es\/ciencias-economicas-empresariales\/?page_id=1316"},"modified":"2016-12-12T09:06:23","modified_gmt":"2016-12-12T08:06:23","slug":"buscar-indicadores-de-calidad-para-monografias","status":"publish","type":"page","link":"https:\/\/bibliotecas.unileon.es\/ciencias-economicas-empresariales\/buscar-indicadores-de-calidad-para-monografias\/","title":{"rendered":"Buscar indicadores de calidad para monograf\u00edas"},"content":{"rendered":"<p>&nbsp;<\/p>\n<p>En Humanidades y Ciencias Sociales los libros siguen siendo uno de los principales medios de comunicaci\u00f3n cient\u00edfica, especialmente los publicados en la lengua del autor y en editoriales nacionales. Por ello no es de extra\u00f1ar que este tipo de publicaciones ocupen una parte importante en el curriculum de los investigadores.<\/p>\n<p>Las convocatorias de evaluaci\u00f3n admiten que alguna de las aportaciones presentadas pueda haber sido publicada en forma de libro o cap\u00edtulo de libro pero exigen que las editoriales cuenten con un reconocido prestigio y con un procedimiento selectivo para la aceptaci\u00f3n de originales. Como criterio complementario de valoraci\u00f3n se contemplan\u00a0 las citas recibidas, la existencia de rese\u00f1as y cr\u00edticas en revistas especializadas as\u00ed como la traducci\u00f3n a otras lenguas o la inclusi\u00f3n de la obra en bibliograf\u00edas acad\u00e9micas ajenas a la instituci\u00f3n del autor.<\/p>\n<p>Por lo que respecta al tradicional an\u00e1lisis de las citas recibidas no hay que olvidar que las bases de datos tradicionales como Web of Science y Scopus contienen mayoritariamente art\u00edculos de revistas de ciencia y tecnolog\u00eda del \u00e1mbito anglosaj\u00f3n y en idioma ingl\u00e9s por lo que no resultan muy adecuadas para el an\u00e1lisis bibliom\u00e9trico de las monograf\u00edas de Ciencias Sociales. En los \u00faltimos a\u00f1os tanto Thomson Reuters con el <a href=\"http:\/\/wokinfo.com\/products_tools\/multidisciplinary\/bookcitationindex\/\" target=\"_blank\">Book Citation Index<\/a> \u00a0\u00a0 como <a href=\"https:\/\/www.elsevier.com\/solutions\/scopus\/content\" target=\"_blank\">Elsevier<\/a> con su <a href=\"https:\/\/www.elsevier.com\/about\/press-releases\/science-and-technology\/elsevier-announces-its-scopus-book-titles-expansion-program\" target=\"_blank\">\u201cTitles Expansion Program\u201d<\/a> \u00a0\u00a0han intentado ampliar la cobertura de los libros pero con resultados poco efectivos.<\/p>\n<p>&nbsp;<\/p>\n<p>Si en un proceso de evaluaci\u00f3n o acreditaci\u00f3n incluye libros entre sus aportaciones y necesita acreditar los indicios de calidad puede consultar los siguientes\u00a0apartados:<\/p>\n<p><a href=\"http:\/\/bibliotecas.unileon.es\/ciencias-economicas-empresariales\/donde-buscar-el-prestidio-de-una-editorial\/\" target=\"_blank\">D\u00f3nde buscar el prestigio de una editorial<\/a><\/p>\n<p><a href=\"http:\/\/bibliotecas.unileon.es\/ciencias-economicas-empresariales\/busca-un-libro-en-bases-de-datos\/\" target=\"_blank\">Buscar un libro en bases de datos<\/a><\/p>\n<p><a href=\"http:\/\/bibliotecas.unileon.es\/ciencias-economicas-empresariales\/buscar-un-libro-en-catalogos-de-bibliotecas\/\" target=\"_blank\">Buscar un libro en cat\u00e1logos de Bibliotecas<\/a><\/p>\n<p><a href=\"http:\/\/bibliotecas.unileon.es\/ciencias-economicas-empresariales\/buscar-resenas\/\" target=\"_blank\">Buscar rese\u00f1as<\/a><\/p>\n<p>&nbsp;<\/p>\n","protected":false},"excerpt":{"rendered":"<p>&nbsp; En Humanidades y Ciencias Sociales los libros siguen siendo uno de los principales medios de comunicaci\u00f3n cient\u00edfica, especialmente los publicados en la lengua del autor y en editoriales nacionales. Por ello no es de extra\u00f1ar que este tipo de &hellip; <a href=\"https:\/\/bibliotecas.unileon.es\/ciencias-economicas-empresariales\/buscar-indicadores-de-calidad-para-monografias\/\">Sigue leyendo <span class=\"meta-nav\">&rarr;<\/span><\/a><\/p>\n","protected":false},"author":22,"featured_media":0,"parent":0,"menu_order":0,"comment_status":"closed","ping_status":"closed","template":"","meta":{"_bbp_topic_count":0,"_bbp_reply_count":0,"_bbp_total_topic_count":0,"_bbp_total_reply_count":0,"_bbp_voice_count":0,"_bbp_anonymous_reply_count":0,"_bbp_topic_count_hidden":0,"_bbp_reply_count_hidden":0,"_bbp_forum_subforum_count":0,"footnotes":""},"class_list":["post-1316","page","type-page","status-publish","hentry"],"_links":{"self":[{"href":"https:\/\/bibliotecas.unileon.es\/ciencias-economicas-empresariales\/wp-json\/wp\/v2\/pages\/1316","targetHints":{"allow":["GET"]}}],"collection":[{"href":"https:\/\/bibliotecas.unileon.es\/ciencias-economicas-empresariales\/wp-json\/wp\/v2\/pages"}],"about":[{"href":"https:\/\/bibliotecas.unileon.es\/ciencias-economicas-empresariales\/wp-json\/wp\/v2\/types\/page"}],"author":[{"embeddable":true,"href":"https:\/\/bibliotecas.unileon.es\/ciencias-economicas-empresariales\/wp-json\/wp\/v2\/users\/22"}],"replies":[{"embeddable":true,"href":"https:\/\/bibliotecas.unileon.es\/ciencias-economicas-empresariales\/wp-json\/wp\/v2\/comments?post=1316"}],"version-history":[{"count":1,"href":"https:\/\/bibliotecas.unileon.es\/ciencias-economicas-empresariales\/wp-json\/wp\/v2\/pages\/1316\/revisions"}],"predecessor-version":[{"id":1395,"href":"https:\/\/bibliotecas.unileon.es\/ciencias-economicas-empresariales\/wp-json\/wp\/v2\/pages\/1316\/revisions\/1395"}],"wp:attachment":[{"href":"https:\/\/bibliotecas.unileon.es\/ciencias-economicas-empresariales\/wp-json\/wp\/v2\/media?parent=1316"}],"curies":[{"name":"wp","href":"https:\/\/api.w.org\/{rel}","templated":true}]}}