{"id":1318,"date":"2016-11-15T12:56:22","date_gmt":"2016-11-15T11:56:22","guid":{"rendered":"http:\/\/bibliotecas.unileon.es\/ciencias-economicas-empresariales\/?page_id=1318"},"modified":"2023-07-13T11:54:49","modified_gmt":"2023-07-13T09:54:49","slug":"buscar-indicadores-de-calidad-para-congresos","status":"publish","type":"page","link":"https:\/\/bibliotecas.unileon.es\/ciencias-economicas-empresariales\/buscar-indicadores-de-calidad-para-congresos\/","title":{"rendered":"Buscar indicadores de calidad para Congresos"},"content":{"rendered":"<p>&nbsp;<\/p>\n<p style=\"text-align: justify;\">Es un hecho que las convocatorias de evaluaci\u00f3n no valoran las ponencias presentadas a Congresos. No obstante, es cierto que \u00a0hay reuniones con un impacto relevante entre la comunidad cient\u00edfica cuyas ponencias acaban por ser\u00a0 publicadas en revistas que pueden estar indexadas en las grandes bases de datos. \u00a0En otras ocasiones, si se trata de reuniones peri\u00f3dicas, los documentos presentados pueden ser recogidos en las bases de datos siempre que se hayan publicado en forma de libro o serie anual y cumplan los estrictos criterios de selecci\u00f3n aplicados para el resto de los documentos.<\/p>\n<p>&nbsp;<\/p>\n<table>\n<tbody>\n<tr>\n<td style=\"text-align: center;\"><em><span style=\"color: #ff6600;\">Una ponencia presentada a un Congreso no se valorar\u00e1 por el hecho de serlo sino en la medida en que cumpla los criterios de calidad equiparables a los exigidos para las revistas cient\u00edficas y para los libros o cap\u00edtulos de libros.<\/span><\/em><\/td>\n<\/tr>\n<\/tbody>\n<\/table>\n<p>&nbsp;<\/p>\n<p>Si necesita localizar evidencias de calidad para una ponencia presentada a un Congreso puede consultar los siguientes productos:<\/p>\n<p>&nbsp;<\/p>\n<table style=\"width: 640px;\">\n<tbody>\n<tr>\n<td style=\"width: 288.817px;\">\n<h3><strong><span style=\"color: #ff6600;\">Conference Proceedings Citation Index<\/span> <\/strong><\/h3>\n<p><span style=\"color: #ff6600;\">(Social Sciences)<\/span><\/td>\n<td style=\"width: 252.183px;\"><img loading=\"lazy\" decoding=\"async\" class=\"\" title=\"\" src=\"http:\/\/bibliotecas.unileon.es\/ciencias-economicas-empresariales\/files\/2016\/11\/wos.jpg\" alt=\"\" width=\"274\" height=\"55\" \/><\/td>\n<\/tr>\n<tr>\n<td style=\"width: 541px;\" colspan=\"2\"><span style=\"color: #ff6600;\"><strong>Productor<\/strong><\/span>:\u00a0 Thomson Reuters<br \/>\n<span style=\"color: #ff6600;\"><strong>Fuente de los datos<\/strong><\/span>: Web of Science<br \/>\n<span style=\"color: #ff6600;\"><strong>Cobertura<\/strong><\/span>: desde 1990<br \/>\n<span style=\"color: #ff6600;\"><strong>Acceso<\/strong><\/span>: Licencia Nacional FECYT<br \/>\n<span style=\"color: #ff6600;\"><strong>Consulta<\/strong><\/span>:\u00a0 A trav\u00e9s del <a href=\"http:\/\/catoute.unileon.es\/record=b1491476~S1*spi\">cat\u00e1logo de la Biblioteca<\/a><\/p>\n<ul>\n<li>Desde el Campus: Si no ha creado una cuenta personal utilice la opci\u00f3n <em>Institutional Shibboleth<\/em> y en el desplegable seleccione <em>Federation of Spain by Fecyt<\/em>.<\/li>\n<li>Desde fuera del Campus: Consulte el <a href=\"http:\/\/biblioteca.unileon.es\/files\/WOK%20nuevo.pdf#overlay-context=ayuda-formacion\/guias-de-recusos-e\" class=\"mtli_attachment mtli_pdf\">documento<\/a> elaborado por la Biblioteca.<\/li>\n<\/ul>\n<\/td>\n<\/tr>\n<tr>\n<td style=\"width: 541px;\" colspan=\"2\">&nbsp;<\/p>\n<p style=\"text-align: justify;\">Conference Proceedings Citation Index es una de las bases de datos incluida en la plataforma Web of Science y su contenido se localiza dentro de la Colecci\u00f3n Principal o Core Collection.<br \/>\nContiene ponencias presentadas a Congresos desde 1990 hasta la actualidad.<br \/>\nPara cada ponencia se puede consultar el n\u00famero de citas recibido en la Web of Science. Puede a\u00f1adir este dato a los indicadores de calidad.<\/p>\n<p style=\"text-align: justify;\">Incluye tanto ponencias publicadas dentro de revistas incluidas en la WOS como series de Congresos y Reuniones peri\u00f3dicas y muy exclusivas indexados en Journal Citation Reports.<\/p>\n<\/td>\n<\/tr>\n<\/tbody>\n<\/table>\n<p>&nbsp;<\/p>\n<table>\n<tbody>\n<tr>\n<td width=\"432\">\n<h3><strong><span style=\"color: #ff6600;\">Conferences &amp; Proceedings en SJR<\/span><\/strong><\/h3>\n<p><span style=\"color: #ff6600;\">Scimago Journal Ranking<\/span><\/td>\n<td width=\"432\">\u00a0<img loading=\"lazy\" decoding=\"async\" class=\"\" title=\"\" src=\"http:\/\/bibliotecas.unileon.es\/ciencias-economicas-empresariales\/files\/2016\/11\/sjr-1.png\" alt=\"\" width=\"272\" height=\"74\" \/><\/td>\n<\/tr>\n<tr>\n<td colspan=\"2\" width=\"864\"><strong><span style=\"color: #ff6600;\">Productor<\/span><\/strong>: Elsevier<br \/>\n<strong><span style=\"color: #ff6600;\">Fuente de los datos<\/span><\/strong>: Scopus<br \/>\n<strong><span style=\"color: #ff6600;\">Acceso<\/span><\/strong>: Gratuito<br \/>\n<a href=\"http:\/\/www.scimagojr.com\/journalrank.php?type=p\" target=\"_blank\" rel=\"noopener\">Consulta<\/a><\/td>\n<\/tr>\n<tr>\n<td colspan=\"2\" width=\"864\">&nbsp;<\/p>\n<p style=\"text-align: justify;\">Cuando se realiza una b\u00fasqueda en el ranking de revistas SJR se pueden filtrar los resultados por el tipo de documento \u201cConferences and Proceedings\u201d.<br \/>\nIgual que si se tratase de una revista se proporciona el SJR del evento, el \u00cdndice h, el n\u00famero total de documentos publicados, etc.<\/p>\n<p style=\"text-align: justify;\">SJR no permite la b\u00fasqueda de t\u00edtulos individuales de ponencias sino de nombres de Congresos y Reuniones. Para buscar ponencias presentadas a Congresos tendr\u00e1 que consultar la base de datos Scopus y filtrar los resultados por Document type \u201cConference Paper\u201d. Localizar\u00e1 al lado de cada resultado las citas recibidas. Utilice tambi\u00e9n este dato como indicador de calidad.<\/p>\n<\/td>\n<\/tr>\n<\/tbody>\n<\/table>\n<p>&nbsp;<\/p>\n<table>\n<tbody>\n<tr>\n<td width=\"432\">\n<h3><strong><span style=\"color: #ff6600;\">\u00cdndice h de Actas de Congresos de Inform\u00e1tica seg\u00fan Google Scholar Metrics<\/span><br \/>\n<\/strong><\/h3>\n<p>Grupo EC3 (Evaluaci\u00f3n de la Ciencia y de la Comunicaci\u00f3n Cient\u00edfica)<\/td>\n<td width=\"432\">\u00a0<img loading=\"lazy\" decoding=\"async\" class=\"aligncenter\" src=\"http:\/\/bibliotecas.unileon.es\/ciencias-economicas-empresariales\/files\/2018\/01\/EC3-Research-Group-logo.jpg\" alt=\"\" width=\"255\" height=\"116\" \/><\/td>\n<\/tr>\n<tr>\n<td colspan=\"2\" width=\"864\"><span style=\"color: #ff6600;\"><strong>Productor<\/strong><\/span>: Grupo EC3<br \/>\n<span style=\"color: #ff6600;\"><strong>Fuente de los datos<\/strong><\/span>: Google Scholar<br \/>\n<span style=\"color: #ff6600;\"><strong>Acceso<\/strong><\/span>: Gratuito<\/td>\n<\/tr>\n<tr>\n<td colspan=\"2\" width=\"864\">&nbsp;<\/p>\n<p style=\"text-align: justify;\">El Grupo EC3 de las Universidades de Granada y Valencia publica anualmente el \u00cdndice h de las Actas de Congresos (Conferencias, Talleres, Simposios, Reuniones) de Inform\u00e1tica e Ingenier\u00eda El\u00e9ctrica, Electr\u00f3nica y de las Comunicaciones, disciplinas en las que los Congresos todav\u00eda cumplen un papel importante como medio de comunicaci\u00f3n de los resultados de investigaci\u00f3n.<\/p>\n<p style=\"text-align: justify;\">El \u00cdndice h se basa en las citas que estos documentos reciben por parte de otros trabajos indexados en Google Acad\u00e9mico. Como criterio general hay que tener en cuenta que Google Scholar Metrics s\u00f3lo muestra series de Congresos que han publicado al menos 100 documentos en los \u00faltimos 5 a\u00f1os y que durante este per\u00edodo han recibido al menos una cita.<\/p>\n<p style=\"text-align: justify;\">Los datos se publicaron anualmente desde 2013 a 2016:<\/p>\n<p><a href=\"https:\/\/www.researchgate.net\/publication\/269997753_Proceedings_Scholar_Metrics_H_Index_of_proceedings_on_Computer_Science_Electrical_Electronic_Engineering_and_Communications_according_to_Google_Scholar_Metrics_2009-2013?channel=doi&amp;linkId=54afae1a0cf2b48e8ed68132&amp;showFulltext=true\" target=\"_blank\" rel=\"noopener\">Per\u00edodo 2009-2013<\/a><br \/>\n<a href=\"https:\/\/www.researchgate.net\/publication\/286866868_Proceedings_Scholar_Metrics_H_Index_of_proceedings_on_Computer_Science_Electrical_Electronic_Engineering_and_Communications_according_to_Google_Scholar_Metrics_2010-2014?channel=doi&amp;linkId=566e9de908ae62b05f0b5784&amp;showFulltext=true\" target=\"_blank\" rel=\"noopener\">Per\u00edodo 2010-2014<\/a><br \/>\n<a href=\"https:\/\/www.researchgate.net\/publication\/311665973_Proceedings_Scholar_Metrics_H_Index_of_proceedings_on_Computer_Science_Electrical_Electronic_Engineering_and_Communications_according_to_Google_Scholar_Metrics_2011-2015?channel=doi&amp;linkId=5852d9a708aef7d030a51895&amp;showFulltext=true\" target=\"_blank\" rel=\"noopener\">Per\u00edodo 2011-2015<\/a><br \/>\n<a href=\"http:\/\/googlescholardigest.blogspot.com\/2017\/12\/proceedings-scholar-metrics-2017-h.html\" target=\"_blank\" rel=\"noopener\">Per\u00edodo 2012-2016<\/a><\/p>\n<p>&nbsp;<\/p>\n<p>&nbsp;<\/td>\n<\/tr>\n<\/tbody>\n<\/table>\n<p>&nbsp;<\/p>\n","protected":false},"excerpt":{"rendered":"<p>&nbsp; Es un hecho que las convocatorias de evaluaci\u00f3n no valoran las ponencias presentadas a Congresos. No obstante, es cierto que \u00a0hay reuniones con un impacto relevante entre la comunidad cient\u00edfica cuyas ponencias acaban por ser\u00a0 publicadas en revistas que &hellip; <a href=\"https:\/\/bibliotecas.unileon.es\/ciencias-economicas-empresariales\/buscar-indicadores-de-calidad-para-congresos\/\">Sigue leyendo <span class=\"meta-nav\">&rarr;<\/span><\/a><\/p>\n","protected":false},"author":22,"featured_media":0,"parent":0,"menu_order":0,"comment_status":"closed","ping_status":"closed","template":"","meta":{"_bbp_topic_count":0,"_bbp_reply_count":0,"_bbp_total_topic_count":0,"_bbp_total_reply_count":0,"_bbp_voice_count":0,"_bbp_anonymous_reply_count":0,"_bbp_topic_count_hidden":0,"_bbp_reply_count_hidden":0,"_bbp_forum_subforum_count":0,"footnotes":""},"class_list":["post-1318","page","type-page","status-publish","hentry"],"_links":{"self":[{"href":"https:\/\/bibliotecas.unileon.es\/ciencias-economicas-empresariales\/wp-json\/wp\/v2\/pages\/1318","targetHints":{"allow":["GET"]}}],"collection":[{"href":"https:\/\/bibliotecas.unileon.es\/ciencias-economicas-empresariales\/wp-json\/wp\/v2\/pages"}],"about":[{"href":"https:\/\/bibliotecas.unileon.es\/ciencias-economicas-empresariales\/wp-json\/wp\/v2\/types\/page"}],"author":[{"embeddable":true,"href":"https:\/\/bibliotecas.unileon.es\/ciencias-economicas-empresariales\/wp-json\/wp\/v2\/users\/22"}],"replies":[{"embeddable":true,"href":"https:\/\/bibliotecas.unileon.es\/ciencias-economicas-empresariales\/wp-json\/wp\/v2\/comments?post=1318"}],"version-history":[{"count":1,"href":"https:\/\/bibliotecas.unileon.es\/ciencias-economicas-empresariales\/wp-json\/wp\/v2\/pages\/1318\/revisions"}],"predecessor-version":[{"id":1421,"href":"https:\/\/bibliotecas.unileon.es\/ciencias-economicas-empresariales\/wp-json\/wp\/v2\/pages\/1318\/revisions\/1421"}],"wp:attachment":[{"href":"https:\/\/bibliotecas.unileon.es\/ciencias-economicas-empresariales\/wp-json\/wp\/v2\/media?parent=1318"}],"curies":[{"name":"wp","href":"https:\/\/api.w.org\/{rel}","templated":true}]}}