{"id":1323,"date":"2016-11-15T13:14:20","date_gmt":"2016-11-15T12:14:20","guid":{"rendered":"http:\/\/bibliotecas.unileon.es\/ciencias-economicas-empresariales\/?page_id=1323"},"modified":"2022-06-29T11:35:18","modified_gmt":"2022-06-29T09:35:18","slug":"factor-de-impacto-jcr-y-scopus","status":"publish","type":"page","link":"https:\/\/bibliotecas.unileon.es\/ciencias-economicas-empresariales\/factor-de-impacto-jcr-y-scopus\/","title":{"rendered":"Factor de impacto en JCR (Web of Science)"},"content":{"rendered":"<p>Las aportaciones mejor valoradas en los procesos de evaluaci\u00f3n y acreditaci\u00f3n son las que se han publicado en revistas indexadas en Web of Science y dentro de ellas las que cuentan con un factor de impacto calculado<\/p>\n<p>&nbsp;<\/p>\n<h3><strong><span style=\"color: #ff6600;\">\u00a0Journal Citation Reports \u00a0 \u00a0 \u00a0 \u00a0 \u00a0 \u00a0 \u00a0\u00a0 <img loading=\"lazy\" decoding=\"async\" class=\"\" src=\"https:\/\/bibliotecas.unileon.es\/ciencias-economicas-empresariales\/files\/2022\/06\/Journal-Citation-Reports-2021.jpg\" alt=\"\" width=\"270\" height=\"108\" \/><br \/>\n<\/span><\/strong><\/h3>\n<p>&nbsp;<\/p>\n<table style=\"width: 640px;\">\n<tbody>\n<tr>\n<td dir=\"ltr\" style=\"width: 232.5px; border-color: #ff6600;\"><span style=\"color: #ff6600;\"><strong>Productor<\/strong><\/span>:\u00a0 Clarivate Analytics (antes Thomson Reuters)<br \/>\n<span style=\"color: #ff6600;\"><strong>Fuente de los datos<\/strong><\/span>: Web of Science<br \/>\n<span style=\"color: #ff6600;\"><strong>Cobertura<\/strong><\/span>: desde 1997<br \/>\n<span style=\"color: #ff6600;\"><strong>Acceso<\/strong><\/span>: Licencia Nacional FECYT<br \/>\n<strong><span style=\"color: #ff6600;\">Indicador<\/span>:\u00a0<\/strong> FI (Factor de Impacto)<br \/>\n<span style=\"color: #ff6600;\"><strong>Consulta<\/strong><\/span>:\u00a0 A trav\u00e9s del <a href=\"https:\/\/catoute.unileon.es\/permalink\/34BUC_ULE\/1ulnlkm\/alma991006100229705772\" target=\"_blank\" rel=\"noopener noreferrer\">cat\u00e1logo de la Biblioteca<\/a><\/p>\n<ul>\n<li>Desde el Campus: Si no ha creado una cuenta personal utilice la opci\u00f3n <em>Institutional Shibboleth<\/em> y en el desplegable seleccione <em>Federation of Spain by Fecyt<\/em>.<\/li>\n<li>Desde fuera del Campus: Consulte el <a href=\"http:\/\/bibliotecas.unileon.es\/ciencias-economicas-empresariales\/files\/2018\/02\/acceso-desde-casa-web-of-science.pdf\" class=\"mtli_attachment mtli_pdf\" target=\"_blank\" rel=\"noopener noreferrer\">documento<\/a> elaborado por la Biblioteca.<\/li>\n<\/ul>\n<p>Para estudios bibliom\u00e9tricos la Fecyt facilita el acceso a una <a href=\"https:\/\/www.recursoscientificos.fecyt.es\/servicios\/indices-de-impacto\" target=\"_blank\" rel=\"noopener noreferrer\">Herramienta de consulta de JCR<\/a> que permite exportar resultados en PDF<\/td>\n<\/tr>\n<\/tbody>\n<\/table>\n<p>&nbsp;<\/p>\n<p style=\"text-align: justify;\">Journal Citation Reports (JCR) es una herramienta de an\u00e1lisis incluida en la Web of Science. Se trata de un ranking de revistas ordenado a partir del recuento de las citas que reciben los art\u00edculos que en ellas se publican. Estas revistas son las incluidas en dos de los \u00edndices que forman la Colecci\u00f3n Principal (Core Collection) de Web of Science: Science Citation Index Expanded (SCI Expanded) y Social Science Citation Index (SSCI).<br \/>\nSe publican dos ediciones anuales de JCR: JCR Science Edition y JCR Social Sciences Edition. Desde 2021 se incluyen adem\u00e1s en JCR las revistas del \u00cdndice de Artes y Humanidades (AHCI) y las que forman parte de ESCI (Emerging Sources Citation Index) aunque no tienen factor de impacto calculado.<br \/>\nDentro de cada edici\u00f3n las consultas pueden hacerse por un t\u00edtulo concreto de revista o por categor\u00eda tem\u00e1tica. Hay 254 categor\u00edas diferentes. Desde\u00a0 2021 las categor\u00edas se integran en 21 Grupos<em>. <\/em>En el Grupo Economics &amp; Business se incluyen 21 categor\u00edas tem\u00e1ticas<em> (<\/em>por ejemplo Business, Business Finance, Economics, Management, Development studies, etc.)<em><br \/>\n<\/em><\/p>\n<p>Una misma revista puede estar incluida en varias categor\u00edas. Para su evaluaci\u00f3n elija la de la categor\u00eda en la que la revista aparezca mejor posicionada.<\/p>\n<p>&nbsp;<\/p>\n<table>\n<tbody>\n<tr>\n<td style=\"text-align: center;\"><em><span style=\"color: #ff6600;\">A partir del recuento de citas JCR elabora distintos indicadores. El m\u00e1s conocido y mejor valorado por los organismos de evaluaci\u00f3n de la actividad investigadora es el Factor de Impacto. S\u00f3lo tienen Factor de Impacto las revistas incluidas en JCR.<\/span><\/em><\/td>\n<\/tr>\n<\/tbody>\n<\/table>\n<p>&nbsp;<\/p>\n<p><strong><em><span style=\"color: #ff6600;\">C\u00e1lculo del FI<\/span><\/em><\/strong><\/p>\n<p style=\"text-align: justify;\">El Factor de Impacto de una revista se calcula sumando las citas que en un a\u00f1o concreto han recibido los art\u00edculos publicados en los dos a\u00f1os anteriores y dividiendo el resultado por el n\u00famero total de art\u00edculos publicados en la revista en esos dos a\u00f1os.<br \/>\nEste es el c\u00e1lculo del FI de <em>Journal of Finance<\/em> para 2020:<\/p>\n<p style=\"text-align: center;\"><img loading=\"lazy\" decoding=\"async\" class=\"\" src=\"https:\/\/bibliotecas.unileon.es\/ciencias-economicas-empresariales\/files\/2021\/12\/calculo-factor-impacto-2020.jpg\" alt=\"\" width=\"542\" height=\"243\" \/><\/p>\n<p style=\"text-align: justify;\">As\u00ed pues, el FI no es un indicador permanente y var\u00eda cada a\u00f1o.<br \/>\nJCR publica anualmente una nueva edici\u00f3n actualizada en la que se incorporan t\u00edtulos nuevos y otros desaparecen. En la edici\u00f3n de 2020 hay unas 20.000 revistas (3.500 de Ciencias sociales).<\/p>\n<p>&nbsp;<\/p>\n<p><em><span style=\"color: #ff6600;\"><strong>Cuartiles y terciles y deciles<br \/>\n<\/strong><\/span><\/em><\/p>\n<p style=\"text-align: justify;\">Si dentro de una categor\u00eda tem\u00e1tica ordena las revistas por su Factor de Impacto podr\u00e1 valorar su calidad relativa, es decir, su posici\u00f3n en relaci\u00f3n con las dem\u00e1s.<br \/>\nSi divide el total de revistas de una categor\u00eda ordenada por FI en cuatro partes obtendr\u00e1 los cuartiles (Q1, Q2, Q3 y Q4). Si la divide en tres partes obtendr\u00e1 los terciles. Y si la divide en diez partes obtendr\u00e1 el decil. El cuartil, el tercil y el decil indican la posici\u00f3n relativa de una revista dentro de las de su misma categor\u00eda. Se considera que las revistas incluidas en el primer decil o en el primer y segundo cuartil o tercil ocupan posiciones relevantes y, por lo tanto, son mejor valoradas que las de los cuartiles y terciles 3 y 4, a pesar de que todas ellas tengan Factor de Impacto.<\/p>\n<p>&nbsp;<\/p>\n<p><span style=\"color: #ff6600;\"><em><strong>A tener en cuenta<\/strong><\/em><\/span><\/p>\n<p style=\"text-align: justify;\">En los procesos de evaluaci\u00f3n y acreditaci\u00f3n es necesario presentar el FI que ten\u00eda la revista en el a\u00f1o de publicaci\u00f3n del art\u00edculo. Si para ese a\u00f1o la revista no estuviera incluida en JCR no se podr\u00eda acreditar su ICR (\u00cdndice de Calidad Relativo). Pero si en a\u00f1os posteriores la revista s\u00ed dispone de FI \u00e9ste se puede aportar en el apartado \u201cOtros indicios\u201d incluyendo el FI del a\u00f1o m\u00e1s cercano al de publicaci\u00f3n del art\u00edculo.<\/p>\n<p style=\"text-align: justify;\">JCR est\u00e1 disponible en Web of Science desde 1997. Si necesita consultar el FI de a\u00f1os anteriores puede hacerlo a partir de la <a href=\"http:\/\/bib.us.es\/sites\/bib3.us.es\/files\/listado_de_indices_de_impacto_en_jcr_desde_1989_hasta_1997.pdf\" class=\"mtli_attachment mtli_pdf\" target=\"_blank\" rel=\"noopener noreferrer\">recopilaci\u00f3n<\/a> realizada por la Biblioteca de la Universidad de Oviedo (a\u00f1os 1989-1997)<\/p>\n<p style=\"text-align: justify;\">Puede suceder que una revista est\u00e9 indexada en Web of Science pero no aparezca en JCR. Esto puede ser debido a varias causas:<\/p>\n<ul>\n<li style=\"text-align: justify;\">Que a\u00fan no haya transcurrido la horquilla de dos a\u00f1os desde su inclusi\u00f3n en WOS necesaria para para hacer los c\u00e1lculos de las citas recibidas. No obstante, el solo hecho de su presencia en Web of Science ya es una evidencia de calidad. Para saber qu\u00e9 revistas se incluyen en WOS se puede consultar el <a href=\"http:\/\/ip-science.thomsonreuters.com\/mjl\/\" target=\"_blank\" rel=\"noopener noreferrer\">Master Journal List<\/a>.<\/li>\n<li style=\"text-align: justify;\">Tambi\u00e9n puede suceder que la revista no haya recibido el m\u00ednimo de citas exigido por Thomson Reuters en cuyo caso tampoco aparecer\u00e1 en JCR.<\/li>\n<li style=\"text-align: justify;\">En algunas ocasiones hay revistas que <a href=\"https:\/\/jcr.help.clarivate.com\/Content\/title-suppressions.htm\" target=\"_blank\" rel=\"noopener\">han sido expulsadas<\/a> de JCR por comportamientos an\u00f3malos en sus patrones de citaci\u00f3n, como el exceso de autocitas o el acuerdo encubierto con otras revistas para citarse mutuamente.<\/li>\n<li style=\"text-align: justify;\">Finalmente hay que tener en cuenta que las revistas incluidas en Emerging Source Citation Index (unas 8.000) y en Arts &amp; Humanities Citation Index (unas 1.700) no tienen Factor de Impacto.<br \/>\nEn el <a href=\"https:\/\/mjl.clarivate.com\/home\" target=\"_blank\" rel=\"noopener\">Master Journal List<\/a> se puede consultar la lista general de revistas Emerging. Y la base de datos del JCR permite tambi\u00e9n la consulta de las revistas Emerging aplicando el filtro por \u00cdndice (Citation Indexes).<\/li>\n<\/ul>\n<p>&nbsp;<\/p>\n<p><span style=\"color: #ff6600;\"><em><strong>Otros indicadores<\/strong><\/em><\/span><\/p>\n<p style=\"text-align: justify;\"><span style=\"text-decoration: underline;\">Indicadores basados en la m\u00e9trica de citas:<\/span><\/p>\n<p class=\"gmail_default\" style=\"text-align: justify;\">&#8211; JIF sin autocitas<br \/>\n&#8211; 5 year JIF: Factor de impacto calculado sobre las citas recibidas en los \u00faltimos 5 a\u00f1os en vez de dos.<br \/>\n&#8211; Immediacy index: \u00cdndice de inmediatez o Factor de impacto dentro del mismo a\u00f1o. Es decir, las citas que han recibido los art\u00edculos en el mismo a\u00f1o de su publicaci\u00f3n.<br \/>\n&#8211; Cited half live: Edad media de las citas recibidas.<br \/>\n&#8211; Citing half live: Edad media de las citas publicadas.<\/p>\n<p><span style=\"text-decoration: underline;\">Indicadores normalizados<\/span><\/p>\n<p style=\"text-align: justify;\">&#8211; En 2021 se ha incluido <a href=\"https:\/\/clarivate.com\/blog\/introducing-the-journal-citation-indicator-a-new-field-normalized-measurement-of-journal-citation-impact\/\" target=\"_blank\" rel=\"noopener\">Journal Citation Indicator<\/a> para todas las revistas de la Colecci\u00f3n principal de WOS (incluidas las que no tienen FI). En su c\u00e1lculo para una revista determinada, el Journal Citation Indicator aprovecha otra medida de Clarivate, el Impacto de Citaci\u00f3n Normalizado (CNCI-Category Normalized Citation Impact) por Categor\u00edas. El valor del Journal Citation Indicator es la media del CNCI para todos los art\u00edculos y revisiones publicados en una revista en los tres a\u00f1os anteriores (dos para el FI). As\u00ed, para el valor del Journal Citation Indicator de 2020, los a\u00f1os analizados son 2017, 2018 y 2019.<br \/>\nEl ICN medio de una categor\u00eda es 1. Un valor de 1,0 representa la media mundial, mientras que los valores superiores a 1,0 denotan un impacto de las citas superior a la media (2,0 es el doble de la media) y los inferiores a 1,0 indican un impacto inferior a la media.<br \/>\nEn esencia, el Journal Citation Indicator proporciona una medida normalizada del impacto de las citas, en la que un valor de 1,0 significa que los trabajos publicados en una revista determinada recibieron un n\u00famero de citas igual al promedio de citas en esa categor\u00eda tem\u00e1tica.<\/p>\n<p style=\"text-align: justify;\">Al tratarse de una m\u00e9trica normalizada permite comparar revistas entre diferentes categor\u00edas tem\u00e1ticas.<br \/>\nAl igual que para el factor de impacto (FI) las revistas tienen un cuartil asignado seg\u00fan su JCI.<\/p>\n<p class=\"gmail_default\" style=\"text-align: justify;\">&#8211; Eigenfactor Score, Eigenfactor normalizado y su relacionado Article influence score.<\/p>\n<p class=\"gmail_default\">(M\u00e1s info sobre Eigenfactor en el apartado <a href=\"http:\/\/bibliotecas.unileon.es\/ciencias-economicas-empresariales\/otros-rankings-internacionales-de-revistas\/\" target=\"_blank\" rel=\"noopener noreferrer\">Otros rankings internacionales de revistas<\/a> de esta web)<\/p>\n<p><em><span style=\"color: #ff6600;\"><strong>Gu\u00edas de consulta<\/strong><\/span><\/em><\/p>\n<p><a href=\"https:\/\/www.recursoscientificos.fecyt.es\/sites\/default\/files\/wos_for_fecyt_sessionb3_nov2021.pdf\" class=\"mtli_attachment mtli_pdf\" target=\"_blank\" rel=\"noopener\">Los perfiles de las revistas en JCR<\/a> (material de formaci\u00f3n FECyT\/Clarivate, nov. 2021) y <a href=\"https:\/\/share.vidyard.com\/watch\/64whJG7A6viT7SAU5A33KS?\" target=\"_blank\" rel=\"noopener\">sesi\u00f3n grabada<\/a><\/p>\n<p><a href=\"https:\/\/www.recursoscientificos.fecyt.es\/sites\/default\/files\/wos_for_fecyt_sessionb4.pdf\" class=\"mtli_attachment mtli_pdf\" target=\"_blank\" rel=\"noopener\">Leer el perfil de una revista en Journal Citation Reports<\/a> (material de formaci\u00f3n FECyT\/Clarivate, marzo 2022) y <a href=\"https:\/\/www.youtube.com\/watch?reload=9&amp;v=dKaFbPupN1k\" target=\"_blank\" rel=\"noopener\">sesi\u00f3n grabada<\/a><\/p>\n<p><a href=\"https:\/\/clarivate.com\/webofsciencegroup\/support\/support-jcr\/\" target=\"_blank\" rel=\"noopener\">Material de ayuda<\/a> y <a href=\"https:\/\/clarivate.libguides.com\/jcr\" target=\"_blank\" rel=\"noopener\">Gu\u00eda sobre JCR<\/a> en la web de Clarivate<\/p>\n<p><span style=\"color: #ff6600;\"><em><strong>Revistas espa\u00f1olas e hispanoamericanas de econom\u00eda y empresa en JCR<\/strong><\/em><\/span><\/p>\n<p>Recopilaci\u00f3n realizada por la Biblioteca para los a\u00f1os 2013, 2014,\u00a0 2015 y 2016 disponible en el apartado <a href=\"http:\/\/bibliotecas.unileon.es\/ciencias-economicas-empresariales\/revistas-espanolas-de-economia-y-empresa-en-jcr-y-sjr\/\" target=\"_blank\" rel=\"noopener noreferrer\">Recursos electr\u00f3nicos para econom\u00eda y empresa<\/a> de esta web<\/p>\n","protected":false},"excerpt":{"rendered":"<p>Las aportaciones mejor valoradas en los procesos de evaluaci\u00f3n y acreditaci\u00f3n son las que se han publicado en revistas indexadas en Web of Science y dentro de ellas las que cuentan con un factor de impacto calculado &nbsp; \u00a0Journal Citation &hellip; <a href=\"https:\/\/bibliotecas.unileon.es\/ciencias-economicas-empresariales\/factor-de-impacto-jcr-y-scopus\/\">Sigue leyendo <span class=\"meta-nav\">&rarr;<\/span><\/a><\/p>\n","protected":false},"author":22,"featured_media":0,"parent":0,"menu_order":0,"comment_status":"closed","ping_status":"closed","template":"","meta":{"_bbp_topic_count":0,"_bbp_reply_count":0,"_bbp_total_topic_count":0,"_bbp_total_reply_count":0,"_bbp_voice_count":0,"_bbp_anonymous_reply_count":0,"_bbp_topic_count_hidden":0,"_bbp_reply_count_hidden":0,"_bbp_forum_subforum_count":0,"footnotes":""},"class_list":["post-1323","page","type-page","status-publish","hentry"],"_links":{"self":[{"href":"https:\/\/bibliotecas.unileon.es\/ciencias-economicas-empresariales\/wp-json\/wp\/v2\/pages\/1323","targetHints":{"allow":["GET"]}}],"collection":[{"href":"https:\/\/bibliotecas.unileon.es\/ciencias-economicas-empresariales\/wp-json\/wp\/v2\/pages"}],"about":[{"href":"https:\/\/bibliotecas.unileon.es\/ciencias-economicas-empresariales\/wp-json\/wp\/v2\/types\/page"}],"author":[{"embeddable":true,"href":"https:\/\/bibliotecas.unileon.es\/ciencias-economicas-empresariales\/wp-json\/wp\/v2\/users\/22"}],"replies":[{"embeddable":true,"href":"https:\/\/bibliotecas.unileon.es\/ciencias-economicas-empresariales\/wp-json\/wp\/v2\/comments?post=1323"}],"version-history":[{"count":1,"href":"https:\/\/bibliotecas.unileon.es\/ciencias-economicas-empresariales\/wp-json\/wp\/v2\/pages\/1323\/revisions"}],"predecessor-version":[{"id":1349,"href":"https:\/\/bibliotecas.unileon.es\/ciencias-economicas-empresariales\/wp-json\/wp\/v2\/pages\/1323\/revisions\/1349"}],"wp:attachment":[{"href":"https:\/\/bibliotecas.unileon.es\/ciencias-economicas-empresariales\/wp-json\/wp\/v2\/media?parent=1323"}],"curies":[{"name":"wp","href":"https:\/\/api.w.org\/{rel}","templated":true}]}}