{"id":1325,"date":"2016-11-15T13:18:58","date_gmt":"2016-11-15T12:18:58","guid":{"rendered":"http:\/\/bibliotecas.unileon.es\/ciencias-economicas-empresariales\/?page_id=1325"},"modified":"2024-07-19T13:51:50","modified_gmt":"2024-07-19T11:51:50","slug":"otros-rankings-internacionales-de-revistas","status":"publish","type":"page","link":"https:\/\/bibliotecas.unileon.es\/ciencias-economicas-empresariales\/otros-rankings-internacionales-de-revistas\/","title":{"rendered":"Otros rankings internacionales de revistas"},"content":{"rendered":"<p>Si sus aportaciones no se incluyen en JCR (Journal Citation Reports) ni en SJR (Scimago Journal Ranking)\u00a0 las convocatorias suelen reconocer la validez de otros \u00edndices internacionales que recogen publicaciones de reconocido prestigio. Para aportar indicios de calidad puede utilizar los siguientes:<\/p>\n<p>&nbsp;<\/p>\n<table style=\"width: 640px;\">\n<tbody>\n<tr>\n<td style=\"width: 273.383px;\">\n<h3><span style=\"color: #ff6600;\"><strong>Google Scholar Metrics<\/strong><\/span><\/h3>\n<\/td>\n<td style=\"width: 267.617px;\">\u00a0<img loading=\"lazy\" decoding=\"async\" title=\"\" src=\"http:\/\/bibliotecas.unileon.es\/ciencias-economicas-empresariales\/files\/2016\/11\/google-scolar-metrics.png\" alt=\"\" width=\"244\" height=\"113\" \/><\/td>\n<\/tr>\n<tr>\n<td style=\"width: 541px;\" colspan=\"2\"><span style=\"color: #ff6600;\">Productor<\/span>: Google<br \/>\n<span style=\"color: #ff6600;\">Fuente de los datos<\/span>: Revistas incluidas en Google Acad\u00e9mico<br \/>\n<span style=\"color: #ff6600;\">Acceso<\/span>: Gratuito<br \/>\n<span style=\"color: #ff6600;\">Indicadores<\/span>: \u00cdndice h5 y Mediana h5<br \/>\n<a href=\"https:\/\/scholar.google.es\/citations?view_op=top_venues&amp;hl=es\" target=\"_blank\" rel=\"noopener\">Consulta<\/a><\/td>\n<\/tr>\n<tr>\n<td style=\"width: 541px;\" colspan=\"2\">&nbsp;<\/p>\n<p style=\"text-align: justify;\">Este proyecto se inici\u00f3 en el a\u00f1o 2012 y proporciona un ranking de revistas en funci\u00f3n de las citas que han recibido sus art\u00edculos en Google Scholar en los \u00faltimos cinco a\u00f1os. No se conservan las ediciones anteriores y el contenido se renueva cada a\u00f1o sin posibilidad de hacer comparativas de distintos a\u00f1os.<br \/>\nPara estar incluida en GSM una revista tiene que haber publicado m\u00e1s de 20 art\u00edculos al a\u00f1o (100 art\u00edculos en 5 a\u00f1os) y haber recibido al menos una cita.<\/p>\n<p style=\"text-align: justify;\">GSM ofrece dos indicadores que son:<\/p>\n<ul style=\"text-align: justify;\">\n<li>El \u00cdndice h5: Es el \u00edndice h de los art\u00edculos publicados en los \u00faltimos 5 a\u00f1os completos. Se trata del n\u00famero mayor h en cuanto a que h art\u00edculos publicados entre 2011 &#8211; 2015 deben tener al menos h citas cada uno. Dicho de otro modo, es el punto donde confluyen el n\u00famero de art\u00edculos ordenado por la citas recibidas y el n\u00famero de citas. Si una revista tiene un \u00cdndice h de 20 significa que, al menos 20 de sus art\u00edculos publicados en los \u00faltimos 5 a\u00f1os han recibido como m\u00ednimo 20 citas cada uno.<\/li>\n<li>Mediana h5: Es el n\u00famero mediano de citas de los art\u00edculos que componen el \u00edndice h5.<\/li>\n<\/ul>\n<p style=\"text-align: justify;\">Proporciona un listado de las 100 primeras revistas espa\u00f1olas ordenadas por su \u00cdndice h5.<\/p>\n<p style=\"text-align: justify;\">Tambi\u00e9n se pueden consultar listados de las 100 primeras revistas en otros idiomas como portugu\u00e9s, alem\u00e1n, franc\u00e9s, chino, japon\u00e9s e ingl\u00e9s.<\/p>\n<p style=\"text-align: justify;\">S\u00f3lo para las revistas en ingl\u00e9s permite la b\u00fasqueda por materias y disciplinas, mostrando los 20 primeros resultados. As\u00ed, por ejemplo, ofrece la lista de las 20 primeras revistas de la materia <a href=\"https:\/\/scholar.google.com\/citations?view_op=top_venues&amp;hl=es&amp;vq=bus\" target=\"_blank\" rel=\"noopener\">\u201cBusiness, economics &amp; management\u201d<\/a> y las 20 primeras de otras 16 subcategor\u00edas o disciplinas \u00a0como \u201cAccounting\u201d, \u201cEconomics\u201d, \u201cFinance\u201d o \u201cMarketing\u201d.<\/p>\n<p style=\"text-align: justify;\">Dispone adem\u00e1s de un buscador que permite localizar revistas aunque no figuren entre las 100 primeras de su \u00e1rea ling\u00fc\u00edstica.<\/p>\n<p style=\"text-align: justify;\">Existen programas que trabajan con los datos de Google Scholar y permiten elaborar informes de citas de cualquier revista. Destaca\u00a0 <a href=\"https:\/\/www.harzing.com\/resources\/publish-or-perish\" target=\"_blank\" rel=\"noopener noreferrer\">Publish or Perish<\/a> elaborado por Anne-Will Harzing.<\/p>\n<p style=\"text-align: justify;\">Con el mismo objetivo cualquier revista puede crear un perfil en Google Acad\u00e9mico para llevar un seguimiento de las citas que reciben sus art\u00edculos y poder calcular su Indice h. Ver, por ejemplo, el <a href=\"https:\/\/scholar.google.es\/citations?user=xWKwrz4AAAAJ&amp;hl=es\" target=\"_blank\" rel=\"noopener noreferrer\">perfil en Google Acad\u00e9mico de Pecunia<\/a>, la revista de la Facultad<\/p>\n<\/td>\n<\/tr>\n<\/tbody>\n<\/table>\n<p>&nbsp;<\/p>\n<table>\n<tbody>\n<tr>\n<td>\n<h3 style=\"text-align: center;\"><\/h3>\n<h3 style=\"text-align: center;\"><span style=\"color: #ff6600;\"><strong>Journal Scholar Metrics<\/strong><\/span><\/h3>\n<\/td>\n<td>\u00a0\u00a0\u00a0\u00a0\u00a0\u00a0\u00a0\u00a0\u00a0\u00a0\u00a0\u00a0\u00a0\u00a0 <img loading=\"lazy\" decoding=\"async\" class=\"\" title=\"\" src=\"http:\/\/bibliotecas.unileon.es\/ciencias-economicas-empresariales\/files\/2016\/11\/jsm.jpg\" alt=\"\" width=\"258\" height=\"48\" \/><\/td>\n<\/tr>\n<tr>\n<td colspan=\"2\">&nbsp;<\/p>\n<p><span style=\"color: #ff6600;\">Productor<\/span>: Grupo de Investigaci\u00f3n EC3 de la Universidad de Granada<br \/>\n<span style=\"color: #ff6600;\">Fuente de los datos<\/span>: Google Scholar Metrics<br \/>\n<span style=\"color: #ff6600;\">Acceso<\/span>: Gratuito<br \/>\n<span style=\"color: #ff6600;\">Indicadores<\/span>: \u00cdndice h5 y Mediana h5<br \/>\n<a href=\"http:\/\/www.journal-scholar-metrics.infoec3.es\/layout.php?id=home\" target=\"_blank\" rel=\"noopener noreferrer\">Consulta<\/a><\/td>\n<\/tr>\n<tr>\n<td colspan=\"2\">&nbsp;<\/p>\n<p style=\"text-align: justify;\">Es un ranking elaborado por el Grupo de Investigaci\u00f3n EC3 de la Universidad de Granada y se centra en el an\u00e1lisis de las citas recibidas espec\u00edficamente por las revistas de Ciencias Sociales y Humanidades de todo el mundo (866 espa\u00f1olas) indexadas en Google Scholar Metrics. En total analiza casi 9.000 revistas, unas 1.700 de ellas de la categor\u00eda tem\u00e1tica \u201cBusiness, Economics &amp; Management\u201d, 113 de ellas son espa\u00f1olas.<\/p>\n<p style=\"text-align: justify;\">Nace con el objetivo de dar mayor visibilidad a las Ciencias Sociales en los an\u00e1lisis bibliom\u00e9tricos y de resolver algunas deficiencias de Google Scholar Metrics como por ejemplo la imposibilidad de buscar por materias para revistas no inglesas o la visualizaci\u00f3n de no m\u00e1s de 20 t\u00edtulos en la b\u00fasqueda por materias y submaterias en ingl\u00e9s.<br \/>\nPara cada revista ofrece su posici\u00f3n y cuartil dentro de las de su categor\u00eda tem\u00e1tica.<\/p>\n<p style=\"text-align: justify;\">Al igual que Google Scholar Metrics categoriza las revistas en funci\u00f3n de su \u00cdndice h5 y la Mediana h5.<\/p>\n<\/td>\n<\/tr>\n<\/tbody>\n<\/table>\n<p>&nbsp;<\/p>\n<table>\n<tbody>\n<tr>\n<td>\n<h3><\/h3>\n<h3><span style=\"color: #ff6600;\"><strong>CitEc<\/strong><\/span><\/h3>\n<\/td>\n<td>\u00a0\u00a0\u00a0\u00a0\u00a0\u00a0\u00a0\u00a0\u00a0\u00a0\u00a0\u00a0\u00a0\u00a0\u00a0\u00a0\u00a0\u00a0\u00a0\u00a0\u00a0\u00a0 <img loading=\"lazy\" decoding=\"async\" class=\"\" title=\"\" src=\"http:\/\/bibliotecas.unileon.es\/ciencias-economicas-empresariales\/files\/2016\/11\/citec.png\" alt=\"\" width=\"290\" height=\"47\" \/><\/td>\n<\/tr>\n<tr>\n<td colspan=\"2\">&nbsp;<\/p>\n<p><span style=\"color: #ff6600;\">Productor<\/span>: Patrocinado por el Banco de la Reserva Federal de San Luis<br \/>\n<span style=\"color: #ff6600;\">Fuente de los datos<\/span>: RePEc (Research Papers in Economics)<br \/>\n<span style=\"color: #ff6600;\">Cobertura<\/span>: Desde 2003<br \/>\n<span style=\"color: #ff6600;\">Acceso<\/span>: Gratuito<br \/>\n<span style=\"color: #ff6600;\">Indicadores<\/span>: Factor de Impacto e \u00cdndice h<br \/>\n<a href=\"http:\/\/citec.repec.org\/\" target=\"_blank\" rel=\"noopener noreferrer\">Consulta<\/a><\/td>\n<\/tr>\n<tr>\n<td colspan=\"2\">&nbsp;<\/p>\n<p style=\"text-align: justify;\">CitEc es un ranking elaborado a partir del an\u00e1lisis de las citas recibidas por las revistas y series de Working Papers incluidos en RePEc (Research Papers in Economics), el mayor repositorio mundial de documentos en acceso abierto sobre Econom\u00eda. A partir de esa informaci\u00f3n se elaboran rankings de revistas, autores e instituciones.<\/p>\n<p style=\"text-align: justify;\">Por lo que respecta a las revistas el listado se elabora anualmente desde 2003 y proporciona un ranking para revistas y otro para series de Working Papers.<br \/>\nPara 2020 figuran en el listado 456 revistas (divididas en 4 cuartiles) y 147 series de documentos de trabajo (<a href=\"http:\/\/citec.repec.org\/s\/2020\/Spain.html\" target=\"_blank\" rel=\"noopener\">9 series de WP espa\u00f1oles<\/a>). El listado se puede ordenar por Factor de Impacto y por \u00cdndice h de cada revista.<\/p>\n<p style=\"text-align: justify;\">Para formar parte del ranking las revistas y series de WP tienen que tener un factor de impacto mayor que cero en RePEc, haber recibido m\u00e1s de 5 citas, haber publicado m\u00e1s de 20 documentos en el a\u00f1o de referencia y no rebasar el 50% del nivel de autocitaci\u00f3n.<\/p>\n<\/td>\n<\/tr>\n<\/tbody>\n<\/table>\n<p>&nbsp;<\/p>\n<table style=\"width: 640px;\">\n<tbody>\n<tr>\n<td style=\"width: 237.5px;\">\n<h3><span style=\"color: #ff6600;\"><strong>Journal Quality List<\/strong><\/span><\/h3>\n<\/td>\n<td style=\"width: 299.5px;\"><img loading=\"lazy\" decoding=\"async\" class=\"\" title=\"\" src=\"http:\/\/bibliotecas.unileon.es\/ciencias-economicas-empresariales\/files\/2016\/11\/harzing.jpg\" alt=\"\" width=\"307\" height=\"36\" \/><\/td>\n<\/tr>\n<tr>\n<td style=\"width: 237.5px;\" colspan=\"2\">&nbsp;<\/p>\n<p><span style=\"color: #ff6600;\">Productor<\/span>: Anne-Will Harzing dentro del proyecto <a href=\"https:\/\/harzing.com\/resources\/publish-or-perish\" target=\"_blank\" rel=\"noopener\">Publish or Perish<\/a><br \/>\n<span style=\"color: #ff6600;\">Fuente de los datos<\/span>: Diversos rankings de varias Universidades e instituciones oficiales de distintos pa\u00edses.<br \/>\n<span style=\"color: #ff6600;\">Cobertura<\/span>: Desde 2000<br \/>\n<span style=\"color: #ff6600;\">Acceso<\/span>: Gratuito<br \/>\n<a href=\"http:\/\/www.harzing.com\/resources\/journal-quality-list\" target=\"_blank\" rel=\"noopener noreferrer\">Consulta<\/a><\/td>\n<\/tr>\n<tr>\n<td style=\"width: 237.5px;\" colspan=\"2\">&nbsp;<\/p>\n<p style=\"text-align: justify;\">La Profesora Anne-Wil Harzing de la International Management at Middlesex University de Londres elabora un ranking de revistas recopilando y ofreciendo indicadores de otros productos de evaluaci\u00f3n\u00a0 de diversas Universidades e Institutos como el Erasmus Research Institute of Management Journals Listing\u00a0 (EJL 2020), Haut Conseil de l&#8217;Evaluation de la Recherche et de l&#8217;Enseignement Superieur Ranking (HCRES 2020), British Association of Business Schools Ranking (AJG 2021), Danish Ministry Ranking (DEN 2020), Centre National de la Recherce Scientifique (CNRS 2020), Foundation National pour l&#8217;Enseignement de la Gestion des Entreprises (FNEGE 2019), Australian Business Deans Council 2019, etc.<\/p>\n<p style=\"text-align: justify;\">Proporciona datos sobre la m\u00e9trica CiteScore de Scopus pero no el Factor de Impacto (IF) de Journal Citation Reports ya que Clarivate no permite la reutilizaci\u00f3n de sus datos.<\/p>\n<p style=\"text-align: justify;\">Se publica anualmente desde el a\u00f1o 2000 y la edici\u00f3n de 2021 (68th ed.) contiene casi 1.000 revistas, todas ellas de Econom\u00eda, Finanzas, Contabilidad, Gesti\u00f3n,\u00a0 M\u00e1rketing, etc.<br \/>\nLos listados est\u00e1n disponibles para su consulta por t\u00edtulo de revista, \u00e1rea tem\u00e1tica e ISSN.<\/p>\n<\/td>\n<\/tr>\n<\/tbody>\n<\/table>\n<p>&nbsp;<\/p>\n<table style=\"width: 640px;\">\n<tbody>\n<tr>\n<td style=\"width: 231.233px;\">\n<h3><span style=\"color: #ff6600;\"><strong>Eigenfactor<\/strong><\/span><\/h3>\n<\/td>\n<td style=\"width: 311.3px;\"><img loading=\"lazy\" decoding=\"async\" class=\"\" title=\"\" src=\"http:\/\/bibliotecas.unileon.es\/ciencias-economicas-empresariales\/files\/2016\/11\/eigenfactor.jpg\" alt=\"\" width=\"311\" height=\"83\" \/><\/td>\n<\/tr>\n<tr>\n<td style=\"width: 590.533px;\" colspan=\"2\"><span style=\"color: #ff6600;\">Productor<\/span>: Universidad de Washington<br \/>\n<span style=\"color: #ff6600;\">Fuente de los datos<\/span>: Principalmente Journal Citation Reports<br \/>\n<span style=\"color: #ff6600;\">Cobertura<\/span>: Desde 1997<br \/>\n<span style=\"color: #ff6600;\">Acceso<\/span>: Gratuito<br \/>\n<span style=\"color: #ff6600;\">Indicadores<\/span>: EI (Eigenfactor Score) y AI (Article Influence Score)<br \/>\n<a href=\"http:\/\/www.eigenfactor.org\/projects\/journalRank\/journalsearch.php\" target=\"_blank\" rel=\"noopener noreferrer\">Consulta<\/a><\/td>\n<\/tr>\n<tr>\n<td style=\"width: 590.533px;\" colspan=\"2\">&nbsp;<\/p>\n<p style=\"text-align: justify;\">Eigenfactor es un proyecto de investigaci\u00f3n acad\u00e9mico fundado en 2007 por Carl Bergstrom and Jevin West y patrocinado\u00a0 por el\u00a0 West Lab de la Information School y el Bergstrom Lab del Departmento de Biolog\u00eda de la Universidad de Washington.<\/p>\n<p style=\"text-align: justify;\">Los datos que ofrece se basan inicialmente en el an\u00e1lisis de citas de las revistas incluidas en Journal Citation Reports (Thomson Reuters) aunque posteriormente tambi\u00e9n colaboran otros proveedores como JSTOR, SSRN, ArXiv.org, PLOS o PubMed.<\/p>\n<p style=\"text-align: justify;\">Eigenfactor elabora un ranking de las revistas acad\u00e9micas en funci\u00f3n de su influencia o repercusi\u00f3n global para lo cual establece dos indicadores:<\/p>\n<ul style=\"text-align: justify;\">\n<li><strong>Eigenfactor Score (EF)<\/strong> que mide la repercusi\u00f3n\u00a0 de una revista a partir del n\u00famero de veces que en el presente a\u00f1o se citan los art\u00edculos publicados en los cinco a\u00f1os anteriores. Eigenfactor Score se diferencia del Factor de Impacto en que contempla una horquilla de 5 a\u00f1os en los datos de citaci\u00f3n y da m\u00e1s valor a las citas aparecidas en revistas m\u00e1s importantes, es decir, aquellas revistas que tienen a su vez m\u00e1s consultas y m\u00e1s citas (es un funcionamiento similar al algoritmo PageRank de Google).<\/li>\n<li><strong>Article Influence Score (AI)<\/strong> que mide la influencia de los art\u00edculos de una revista en los cinco a\u00f1os siguientes a su publicaci\u00f3n. Se obtiene dividiendo en Eigenfactor entre la cantidad de art\u00edculos publicados. Si el resultado es superior a 1,00 significa que los art\u00edculos publicados en esa revista tienen una influencia por encima de la media.<\/li>\n<\/ul>\n<p style=\"text-align: justify;\">Eigenfactor permite b\u00fasquedas para todos los a\u00f1os desde 1997 por t\u00edtulos individuales de revistas, editores, ISSN y tambi\u00e9n por \u00e1reas tem\u00e1ticas (basadas en las categor\u00edas de JCR).<\/p>\n<p style=\"text-align: justify;\">En los pr\u00f3ximos a\u00f1os este indicador puede ser muy relevante en los procesos de evaluaci\u00f3n de publicaciones.<\/p>\n<p style=\"text-align: justify;\">En los informes de cada revista Journal Citation Reports ofrece tambi\u00e9n el dato de los dos indicadores Eigenfactor (Eigenfactor Score y Article Influence Score)<\/p>\n<\/td>\n<\/tr>\n<\/tbody>\n<\/table>\n<p>&nbsp;<\/p>\n<table style=\"width: 101.25%;\">\n<tbody>\n<tr>\n<td style=\"width: 100%;\">\n<h3><strong><span style=\"color: #ff6600;\">Ranking CEFAGE<\/span>\u00a0 \u00a0 \u00a0 \u00a0 \u00a0 \u00a0 \u00a0 \u00a0 \u00a0 \u00a0 <img loading=\"lazy\" decoding=\"async\" class=\"\" src=\"http:\/\/bibliotecas.unileon.es\/ciencias-economicas-empresariales\/files\/2019\/07\/cefage.png\" alt=\"\" width=\"228\" height=\"63\" \/><br \/>\n<\/strong><\/h3>\n<\/td>\n<\/tr>\n<tr>\n<td style=\"width: 100%;\"><span style=\"color: #ff6600;\">Productor<\/span>: Center For Advanced Studies in Management and Economics (Universidad de \u00c9vora)<br \/>\n<span style=\"color: #ff6600;\">Fuente de los datos<\/span>: Elaboraci\u00f3n propia<br \/>\n<span style=\"color: #ff6600;\">Cobertura<\/span>: Desde 2008<br \/>\n<span style=\"color: #ff6600;\">Acceso<\/span>: Gratuito (es necesario registrarse)<br \/>\n<a href=\"https:\/\/www.cefage.uevora.pt\/en\/resources\/journal-ranking\/\" target=\"_blank\" rel=\"noopener noreferrer\">Consulta<\/a><\/td>\n<\/tr>\n<tr>\n<td style=\"width: 100%;\">Desde el a\u00f1o 2008 este centro de investigaci\u00f3n utiliza su propio ranking de revistas para la evaluaci\u00f3n de a actividad investigadora de sus miembros.<\/p>\n<p><a href=\"https:\/\/www.yumpu.com\/en\/document\/read\/24452018\/cefage-ue-journal-ranking-in-economics-and-management-3rd-\" target=\"_blank\" rel=\"noopener\">\u00daltima edici\u00f3n disponible, 5\u00aa, a\u00f1os 2020-2023<\/a><\/td>\n<\/tr>\n<\/tbody>\n<\/table>\n<p>&nbsp;<\/p>\n<table style=\"width: 102.032%;\">\n<tbody>\n<tr>\n<td style=\"width: 100%;\">\n<h3><strong><span style=\"color: #ff6600;\">Academic Journal Guide \u00a0 \u00a0<\/span> \u00a0 \u00a0 \u00a0 \u00a0 \u00a0 <img loading=\"lazy\" decoding=\"async\" class=\"\" src=\"https:\/\/bibliotecas.unileon.es\/ciencias-economicas-empresariales\/files\/2022\/02\/AJG.jpg\" alt=\"\" width=\"227\" height=\"78\" \/><br \/>\n<\/strong><\/h3>\n<\/td>\n<\/tr>\n<tr>\n<td style=\"width: 100%;\"><span style=\"color: #ff6600;\">Productor<\/span>: Chartered Association of Business Schools (United Kingdom)<br \/>\n<span style=\"color: #ff6600;\">Fuente de los datos<\/span>: Elaboraci\u00f3n propia<br \/>\n<span style=\"color: #ff6600;\">Cobertura<\/span>: Desde 2010<br \/>\n<span style=\"color: #ff6600;\">Acceso<\/span>: Gratuito (es necesario registrarse)<br \/>\n<a href=\"https:\/\/charteredabs.org\/academic-journal-guide-2021\/\" target=\"_blank\" rel=\"noopener noreferrer\">Consulta<\/a><\/td>\n<\/tr>\n<tr>\n<td style=\"width: 100%;\">\n<p style=\"text-align: justify;\">Las revistas se califican mediante estrellas, de una a cuatro (la m\u00e1s alta).<\/p>\n<p style=\"text-align: justify;\">Las calificaciones de la AJG se basan en la revisi\u00f3n por pares, en los juicios editoriales y de expertos tras la evaluaci\u00f3n de muchos cientos de publicaciones, y en informaci\u00f3n estad\u00edstica relativa a las citas.<\/p>\n<p>Desde la convocatoria de 2022 el AJG se incluye como criterio de calidad entre los publicados por la CNEAI para la evaluaci\u00f3n de los sexenios de investigaci\u00f3n.<\/td>\n<\/tr>\n<\/tbody>\n<\/table>\n<p>&nbsp;<\/p>\n<table style=\"width: 102.031%;\">\n<tbody>\n<tr>\n<td style=\"width: 100%;\">\n<h3><span style=\"color: #ff6600;\"><strong>Shanghai Ranking Top Journals<\/strong><\/span><\/h3>\n<h4><strong><span style=\"color: #ff6600;\">Academic Excellence Survey 2022<\/span><br \/>\n<\/strong><\/h4>\n<p><img loading=\"lazy\" decoding=\"async\" class=\"\" src=\"https:\/\/bibliotecas.unileon.es\/ciencias-economicas-empresariales\/files\/2023\/01\/logo-shangahi-top-revistas.png\" alt=\"\" width=\"261\" height=\"80\" \/><\/td>\n<\/tr>\n<tr>\n<td style=\"width: 100%;\"><span style=\"color: #ff6600;\">Productor<\/span>:\u00a0 Shanghai Ranking Consultancy, organizaci\u00f3n independiente que desde 2009 elabora el Academic Ranking of World Universities (ARWU)<br \/>\n<span style=\"color: #ff6600;\">Fuente de los datos<\/span>: Elaboraci\u00f3n propia a partir de opiniones de expertos<br \/>\n<span style=\"color: #ff6600;\">Cobertura<\/span>: Desde 2021<br \/>\n<span style=\"color: #ff6600;\">Acceso:<\/span> Gratuito<br \/>\n<a href=\"https:\/\/www.shanghairanking.com\/activities\/aes\" target=\"_blank\" rel=\"noopener noreferrer\">Consulta<\/a><\/td>\n<\/tr>\n<tr>\n<td style=\"width: 100%;\">\n<p style=\"text-align: justify;\">Con la finalidad de completar la informaci\u00f3n sobre calidad de las Universidades para el ARWU, Shanghai Ranking Consulting lanz\u00f3 una encuesta (ShanghaiRanking Academic Excellence Survey) a profesores de las 100 Universidades m\u00e1s importantes del mundo solicitando informaci\u00f3n sobre las revistas m\u00e1s prestigiosas de cada materia y los premios m\u00e1s relevantes (sobre todo en disciplinas donde no se otorga el Nobel). Hasta marzo de 2022, casi 1500 profesores\u00a0 han participado en la encuesta.<\/p>\n<p style=\"text-align: justify;\">Por lo que respecta a las revistas se ha elaborado un ranking de revistas Top que contiene 180 t\u00edtulos de 52 materias, entre ellas Economic, Statistics, Business administration, Accounting &amp; Finance, Management, Hospitality &amp; tourism management y Agricultural economics.<\/p>\n<p><a href=\"https:\/\/www.shanghairanking.com\/activities\/aes\/method\/2022\" target=\"_blank\" rel=\"noopener\">Acceso a la Metodolog\u00eda<\/a><\/p>\n<p>Desde la convocatoria de 2022 el Ranking Shanghai de revistas se incluye como criterio de calidad entre los publicados por la CNEAI para la evaluaci\u00f3n de los sexenios de investigaci\u00f3n.<\/td>\n<\/tr>\n<\/tbody>\n<\/table>\n<p>&nbsp;<\/p>\n<table>\n<tbody>\n<tr>\n<td>\n<h3><strong><span style=\"color: #ff6600;\">CNRS. Categorisation des revues <\/span>\u00a0 \u00a0 \u00a0 \u00a0 \u00a0\u00a0 <img loading=\"lazy\" decoding=\"async\" class=\"\" src=\"https:\/\/bibliotecas.unileon.es\/ciencias-economicas-empresariales\/files\/2022\/01\/cnrs-clasificacion-revistas.png\" alt=\"\" width=\"341\" height=\"82\" \/><br \/>\n<\/strong><\/h3>\n<h5><span style=\"color: #ff6600;\"><strong>(Economie et Gestion) \u00a0 \u00a0<\/strong><\/span><\/h5>\n<\/td>\n<\/tr>\n<tr>\n<td><span style=\"color: #ff6600;\">Productor<\/span>: Comite National de la Recherche Scientifique (Francia). Section 37<br \/>\n<span style=\"color: #ff6600;\">Fuente de los datos<\/span>: Elaboraci\u00f3n propia<br \/>\n<span style=\"color: #ff6600;\">Acceso<\/span>: Gratuito<br \/>\n<a href=\"https:\/\/sites.google.com\/site\/section37cnrs\/Home\/revues37\" target=\"_blank\" rel=\"noopener noreferrer\">Consulta<\/a><\/td>\n<\/tr>\n<tr>\n<td>Listado oficial que divide las revistas en cuatro categor\u00edas, la primera de ellas con t\u00edtulos de excelencia, entre ellos los m\u00e1s destacados marcados con las letras \u00abe\u00bb o \u00abg\u00bb.<\/p>\n<p>&nbsp;<\/td>\n<\/tr>\n<\/tbody>\n<\/table>\n","protected":false},"excerpt":{"rendered":"<p>Si sus aportaciones no se incluyen en JCR (Journal Citation Reports) ni en SJR (Scimago Journal Ranking)\u00a0 las convocatorias suelen reconocer la validez de otros \u00edndices internacionales que recogen publicaciones de reconocido prestigio. Para aportar indicios de calidad puede utilizar &hellip; <a href=\"https:\/\/bibliotecas.unileon.es\/ciencias-economicas-empresariales\/otros-rankings-internacionales-de-revistas\/\">Sigue leyendo <span class=\"meta-nav\">&rarr;<\/span><\/a><\/p>\n","protected":false},"author":22,"featured_media":0,"parent":0,"menu_order":0,"comment_status":"closed","ping_status":"closed","template":"","meta":{"_bbp_topic_count":0,"_bbp_reply_count":0,"_bbp_total_topic_count":0,"_bbp_total_reply_count":0,"_bbp_voice_count":0,"_bbp_anonymous_reply_count":0,"_bbp_topic_count_hidden":0,"_bbp_reply_count_hidden":0,"_bbp_forum_subforum_count":0,"footnotes":""},"class_list":["post-1325","page","type-page","status-publish","hentry"],"_links":{"self":[{"href":"https:\/\/bibliotecas.unileon.es\/ciencias-economicas-empresariales\/wp-json\/wp\/v2\/pages\/1325","targetHints":{"allow":["GET"]}}],"collection":[{"href":"https:\/\/bibliotecas.unileon.es\/ciencias-economicas-empresariales\/wp-json\/wp\/v2\/pages"}],"about":[{"href":"https:\/\/bibliotecas.unileon.es\/ciencias-economicas-empresariales\/wp-json\/wp\/v2\/types\/page"}],"author":[{"embeddable":true,"href":"https:\/\/bibliotecas.unileon.es\/ciencias-economicas-empresariales\/wp-json\/wp\/v2\/users\/22"}],"replies":[{"embeddable":true,"href":"https:\/\/bibliotecas.unileon.es\/ciencias-economicas-empresariales\/wp-json\/wp\/v2\/comments?post=1325"}],"version-history":[{"count":1,"href":"https:\/\/bibliotecas.unileon.es\/ciencias-economicas-empresariales\/wp-json\/wp\/v2\/pages\/1325\/revisions"}],"predecessor-version":[{"id":1353,"href":"https:\/\/bibliotecas.unileon.es\/ciencias-economicas-empresariales\/wp-json\/wp\/v2\/pages\/1325\/revisions\/1353"}],"wp:attachment":[{"href":"https:\/\/bibliotecas.unileon.es\/ciencias-economicas-empresariales\/wp-json\/wp\/v2\/media?parent=1325"}],"curies":[{"name":"wp","href":"https:\/\/api.w.org\/{rel}","templated":true}]}}