{"id":1327,"date":"2016-11-15T13:20:37","date_gmt":"2016-11-15T12:20:37","guid":{"rendered":"http:\/\/bibliotecas.unileon.es\/ciencias-economicas-empresariales\/?page_id=1327"},"modified":"2019-01-25T09:30:47","modified_gmt":"2019-01-25T08:30:47","slug":"otros-listados-sobre-calidad-de-revistas","status":"publish","type":"page","link":"https:\/\/bibliotecas.unileon.es\/ciencias-economicas-empresariales\/otros-listados-sobre-calidad-de-revistas\/","title":{"rendered":"Clasificaciones y listados sobre calidad de revistas"},"content":{"rendered":"<p>&nbsp;<\/p>\n<p class=\"entry-content\">Cuando no es posible aportar indicadores de calidad est\u00e1ndar para una revista (como el Factor de impacto o la presencia en Scopus) las convocatorias hacen referencia a \u201ccriterios que debe reunir un medio de difusi\u00f3n de la investigaci\u00f3n para que las aportaciones que en \u00e9l se incluyan puedan ser consideradas <em>de impacto<\/em>\u201c.<br \/>\nEstos criterios se refieren a cuestiones formales relacionadas con el proceso editorial,\u00a0 a la calidad cient\u00edfica de las propias revistas o a su presencia en bases de datos especializadas.<\/p>\n<p>Existen m\u00faltiples clasificaciones que categorizan las revistas en funci\u00f3n del cumplimiento de estos criterios. Para las revistas de Ciencias Econ\u00f3micas y Empresariales se pueden buscar indicios de calidad en los siguientes productos:<\/p>\n<p>&nbsp;<\/p>\n<p>&nbsp;<\/p>\n<table>\n<tbody>\n<tr>\n<td width=\"432\">\n<h3><span style=\"color: #ff6600;\"><strong>ERIHPlus<\/strong><\/span><\/h3>\n<\/td>\n<td width=\"432\"><img loading=\"lazy\" decoding=\"async\" class=\"\" title=\"\" src=\"http:\/\/bibliotecas.unileon.es\/ciencias-economicas-empresariales\/files\/2016\/11\/erihplus.jpg\" alt=\"\" width=\"233\" height=\"80\" \/><\/td>\n<\/tr>\n<tr>\n<td colspan=\"2\" width=\"864\"><span style=\"color: #ff6600;\">Productor<\/span>: NSD &#8211; Norwegian Centre for Research Data<br \/>\n<span style=\"color: #ff6600;\">Acceso<\/span>: Gratuito<br \/>\n<a href=\"https:\/\/dbh.nsd.uib.no\/publiseringskanaler\/erihplus\/\">Consulta<\/a><\/td>\n<\/tr>\n<tr>\n<td colspan=\"2\" width=\"864\">&nbsp;<\/p>\n<p>En principio este listado inclu\u00eda s\u00f3lo revistas de Humanidades (ERIH) y estaba gestionado por la European Science Foundation (ESF). Desde 2014 \u00a0incluye revistas de Ciencias Sociales en general y cambia su nombre por ERIHPlus. La gesti\u00f3n ha pasado al NSD &#8211; Norwegian Centre for Research Data.<\/p>\n<p>En la actualidad ERIHPlus indexa unas <a href=\"https:\/\/dbh.nsd.uib.no\/publiseringskanaler\/erihplus\/periodical\/listApproved\" target=\"_blank\" rel=\"noopener\">8.000 revistas<br \/>\n<\/a>Para ser incluidas en ERIHPlus las revistas han de cumplir una serie de <a href=\"https:\/\/dbh.nsd.uib.no\/publiseringskanaler\/erihplus\/about\/criteria_for_inclusion\" target=\"_blank\" rel=\"noopener\">criterios de calidad editorial<\/a> como acreditar la revisi\u00f3n externa de los art\u00edculos, la existencia de Comit\u00e9s editoriales, la presencia de res\u00famenes en ingl\u00e9s y ofrecer datos de filiaci\u00f3n y contacto de los autores.<\/p>\n<p>El hecho de estar incluida en ERIHPlus se eval\u00faa de forma muy positiva a la hora de ingresar en la <a href=\"http:\/\/clasificacioncirc.es\/inicio\" target=\"_blank\" rel=\"noopener\">Clasificaci\u00f3n CIRC<\/a>, \u00fanico producto vigente en estos momentos en Espa\u00f1a para la categorizaci\u00f3n de revistas cient\u00edficas.<\/td>\n<\/tr>\n<\/tbody>\n<\/table>\n<p>&nbsp;<\/p>\n<table style=\"width: 640px;\">\n<tbody>\n<tr>\n<td style=\"width: 245.167px;\">\n<h3><span style=\"color: #ff6600;\"><strong><br \/>\n<span style=\"color: #ff6600;\">Latindex-Cat\u00e1logo<\/span><br \/>\n<\/strong><\/span><\/h3>\n<\/td>\n<td style=\"width: 297.367px;\"><img loading=\"lazy\" decoding=\"async\" class=\"\" title=\"\" src=\"http:\/\/bibliotecas.unileon.es\/ciencias-economicas-empresariales\/files\/2016\/11\/latindex.jpg\" alt=\"\" width=\"227\" height=\"69\" \/><\/td>\n<\/tr>\n<tr>\n<td style=\"width: 590.533px;\" colspan=\"2\"><span style=\"color: #ff6600;\">Productor<\/span>: Universidad Nacional Aut\u00f3noma de M\u00e9xico<br \/>\n<span style=\"color: #ff6600;\">Acceso<\/span>: Gratuito<br \/>\n<a href=\"http:\/\/www.latindex.org\/latindex\/InicioCatalogo\" target=\"_blank\" rel=\"noopener\">Consulta<\/a><\/td>\n<\/tr>\n<tr>\n<td style=\"width: 590.533px;\" colspan=\"2\">&nbsp;<\/p>\n<p>Latindex naci\u00f3 en el a\u00f1o 1995 en la Universidad Aut\u00f3noma de M\u00e9xico (UNAM) y se convirti\u00f3 en una red de cooperaci\u00f3n regional a partir de 1997.<br \/>\nSe define como un Sistema Regional de Informaci\u00f3n en L\u00ednea para Revistas Cient\u00edficas de Am\u00e9rica Latina, el Caribe, Espa\u00f1a y Portugal. Abarca revistas de investigaci\u00f3n cient\u00edfica, t\u00e9cnico profesionales y de divulgaci\u00f3n cient\u00edfica y cultural editadas en este \u00e1mbito geogr\u00e1fico.<\/p>\n<p>Entre los productos que elabora destaca el Cat\u00e1logo Latindex en el que se incluyen las revistas \u2013impresas o electr\u00f3nicas- que cumplen los criterios de calidad editorial dise\u00f1ados por Latindex.<br \/>\nA partir de 2018 se iniciaron los trabajos de una nueva versi\u00f3n denominada Cat\u00e1logo 2.0 que sustituye a la metodolog\u00eda original que fue aplicada entre 2002 y 2017, a revistas impresas y en l\u00ednea. Desde 2018 el cat\u00e1logo parte de cero y cada centro nacional volver\u00e1 a calificar todas las revistas que figuraban en el Cat\u00e1logo 1.0. seg\u00fan la <a href=\"http:\/\/www.latindex.org\/latindex\/meto2\" target=\"_blank\" rel=\"noopener\">nueva metodolog\u00eda<\/a>.\u00a0 Se establecen 38 caracter\u00edsticas b\u00e1sicas, 7 de ellas de obligado cumplimiento. Para ingresar al Cat\u00e1logo las revistas deber\u00e1n cumplir las siete caracter\u00edsticas b\u00e1sicas obligatorias y al menos 23 de las restantes caracter\u00edsticas para un m\u00ednimo de 30, lo que representa cerca del 80% de cumplimiento.<\/p>\n<p>Estar incluida en el Cat\u00e1logo Latindex valora positivamente una revista en la <a href=\"http:\/\/clasificacioncirc.es\/inicio\" target=\"_blank\" rel=\"noopener\">Clasificaci\u00f3n CIRC<\/a><\/td>\n<\/tr>\n<\/tbody>\n<\/table>\n<p>&nbsp;<\/p>\n<table style=\"width: 640px;\">\n<tbody>\n<tr>\n<td style=\"width: 238px;\">\n<h3><span style=\"color: #ff6600;\"><strong><br \/>\nCarhusPlus 2014<br \/>\n<\/strong><\/span><\/h3>\n<\/td>\n<td style=\"width: 304px;\"><img loading=\"lazy\" decoding=\"async\" class=\"\" title=\"\" src=\"http:\/\/bibliotecas.unileon.es\/ciencias-economicas-empresariales\/files\/2016\/11\/carhusplus.jpg\" alt=\"\" width=\"269\" height=\"72\" \/><\/td>\n<\/tr>\n<tr>\n<td style=\"width: 542px;\" colspan=\"2\"><span style=\"color: #ff6600;\">Productor<\/span>: AGAUR (Ag\u00e8ncia de Gesti\u00f3 d\u2019Ajuts Universitaris i de Recerca)<br \/>\n<span style=\"color: #ff6600;\">Acceso<\/span>: Gratuito<br \/>\n<a href=\"http:\/\/agaur.gencat.cat\/es\/avaluacio\/carhus\/carhus-plus-2014\/\" target=\"_blank\" rel=\"noopener\">Consulta<\/a><\/td>\n<\/tr>\n<tr>\n<td style=\"width: 542px;\" colspan=\"2\">&nbsp;<\/p>\n<p>CARHUS Plus es un proyecto desarrollado por la AGAUR (Ag\u00e8ncia de Gesti\u00f3 d\u2019Ajuts Universitaris i de Recerca), de la Generalitat de Catalunya con la finalidad de contribuir a la evaluaci\u00f3n de la investigaci\u00f3n que se lleva a cabo en el sistema cient\u00edfico y universitario catal\u00e1n aunque, a falta de otros productos, se aplica tambi\u00e9n a nivel nacional.<br \/>\nLa \u00faltima versi\u00f3n es de diciembre de 2014. Si busca indicios de calidad para art\u00edculos publicados antes de 2014 consulte las versiones anteriores publicadas en <a href=\"http:\/\/agaur.gencat.cat\/es\/avaluacio\/carhus\/carhus-plus-2008\/\" target=\"_blank\" rel=\"noopener\">2008<\/a> y en <a href=\"http:\/\/agaur.gencat.cat\/es\/avaluacio\/carhus\/carhus-plus-2010\/\" target=\"_blank\" rel=\"noopener\">2010<\/a>.<br \/>\nLa plataforma ofrece un sistema de clasificaci\u00f3n de revistas cient\u00edficas de los \u00e1mbitos de Ciencias Sociales y Humanidades que se publican no solo a nivel local sino tambi\u00e9n nacional e internacional.<\/p>\n<p>Las revistas pueden solicitar su inclusi\u00f3n en CarhusPlus y son admitidas si cumplen una serie de requisitos. Adem\u00e1s, hay revistas que ingresan \u00abde oficio\u00bb como las que figuran en ERIH Lists 2007, INRECS, RESH, Journal Citation Reports, y revistas catalanas de reconocido prestigio.<\/p>\n<p>Analiza\u00a07.115 revistas, 379 de ellas corresponden a la materia Econom\u00eda.<br \/>\nSeg\u00fan los criterios de clasificaci\u00f3n las revistas se agrupan en 4 categor\u00edas diferentes: A, B, C y D.\u00a0 \u00a0Las revistas de la Categor\u00eda A son las incluidas en Scopus, Web of Science o JCR. Para las restantes categor\u00edas se tienen en cuenta criterios formales de calidad editorial (periodicidad, instrucciones a los autores, filiaci\u00f3n de los autores, palabras clave, resumen en ingl\u00e9s), su ICDS (\u00cdndice Compuesto de Difusi\u00f3n Secundaria elaborado por MIAR) , el sistema de revisi\u00f3n de los art\u00edculos y el tipo de Comit\u00e9 Editorial que dirige la revista.<\/p>\n<p>El buscador avanzado de <a href=\"http:\/\/dialnet.unirioja.es\/info\/ayuda\/plus\/\">Dialnet Plus<\/a> incluye la posibilidad de filtrar las b\u00fasquedas de art\u00edculos en funci\u00f3n de la clasificaci\u00f3n CARHUS Plus+ de la revista. Del mismo modo, la clasificaci\u00f3n CARHUS Plus+ 2014 aparece reflejada en las p\u00e1ginas de las revistas en Dialnet.<\/td>\n<\/tr>\n<\/tbody>\n<\/table>\n<p>&nbsp;<\/p>\n<table>\n<tbody>\n<tr>\n<td style=\"width: 271px;\">\n<h3><span style=\"color: #ff6600;\"><strong><br \/>\nMIAR<br \/>\n<\/strong><\/span><\/h3>\n<\/td>\n<td style=\"width: 271px;\"><img loading=\"lazy\" decoding=\"async\" class=\"\" src=\"http:\/\/bibliotecas.unileon.es\/ciencias-economicas-empresariales\/files\/2016\/11\/miar.jpg\" width=\"288\" height=\"84\" \/><\/td>\n<\/tr>\n<tr>\n<td style=\"width: 590px;\" colspan=\"2\"><span style=\"color: #ff6600;\">Productor<\/span>: Facultat de Biblioteconomia y Documentaci\u00f3 de la Universitat de Barcelona<br \/>\n<span style=\"color: #ff6600;\">Acceso<\/span>: Gratuito<br \/>\n<span style=\"color: #ff6600;\">Indicador<\/span>: ICDS (\u00cdndice Compuesto de Difusi\u00f3n Secundaria)<br \/>\n<a href=\"http:\/\/miar.ub.edu\/\" target=\"_blank\" rel=\"noopener\">Consulta<\/a><\/td>\n<\/tr>\n<tr>\n<td style=\"width: 590px;\" colspan=\"2\">&nbsp;<\/p>\n<p>Aunque el principal objetivo de MIAR es analizar la visibilidad de una revista mediante su presencia en bases de datos tambi\u00e9n permite conocer si la revista figura en algunos\u00a0 repertorios de evaluaci\u00f3n como CarhusPlus, CIRC, ErihPlus, Latindex, SJR o si tiene el Sello de Calidad Fecyt (en el caso de las revistas espa\u00f1olas).<br \/>\nPara conocer en qu\u00e9 repertorios de evaluaci\u00f3n\u00a0 aparece una revista hay que hacer una b\u00fasqueda por t\u00edtulo y abrir la pesta\u00f1a \u201cVisibilidad\u201d.<\/p>\n<p>Ver m\u00e1s sobre MIAR en el apartado <a href=\"http:\/\/bibliotecas.unileon.es\/ciencias-economicas-empresariales\/buscar-en-que-base-de-datos-esta-una-revista\/\" target=\"_blank\" rel=\"noopener\">Presencia en bases de datos de una revista <\/a><\/td>\n<\/tr>\n<\/tbody>\n<\/table>\n<p>&nbsp;<\/p>\n<p>&nbsp;<\/p>\n","protected":false},"excerpt":{"rendered":"<p>&nbsp; Cuando no es posible aportar indicadores de calidad est\u00e1ndar para una revista (como el Factor de impacto o la presencia en Scopus) las convocatorias hacen referencia a \u201ccriterios que debe reunir un medio de difusi\u00f3n de la investigaci\u00f3n para &hellip; <a href=\"https:\/\/bibliotecas.unileon.es\/ciencias-economicas-empresariales\/otros-listados-sobre-calidad-de-revistas\/\">Sigue leyendo <span class=\"meta-nav\">&rarr;<\/span><\/a><\/p>\n","protected":false},"author":22,"featured_media":0,"parent":0,"menu_order":0,"comment_status":"closed","ping_status":"closed","template":"","meta":{"_bbp_topic_count":0,"_bbp_reply_count":0,"_bbp_total_topic_count":0,"_bbp_total_reply_count":0,"_bbp_voice_count":0,"_bbp_anonymous_reply_count":0,"_bbp_topic_count_hidden":0,"_bbp_reply_count_hidden":0,"_bbp_forum_subforum_count":0,"footnotes":""},"class_list":["post-1327","page","type-page","status-publish","hentry"],"_links":{"self":[{"href":"https:\/\/bibliotecas.unileon.es\/ciencias-economicas-empresariales\/wp-json\/wp\/v2\/pages\/1327","targetHints":{"allow":["GET"]}}],"collection":[{"href":"https:\/\/bibliotecas.unileon.es\/ciencias-economicas-empresariales\/wp-json\/wp\/v2\/pages"}],"about":[{"href":"https:\/\/bibliotecas.unileon.es\/ciencias-economicas-empresariales\/wp-json\/wp\/v2\/types\/page"}],"author":[{"embeddable":true,"href":"https:\/\/bibliotecas.unileon.es\/ciencias-economicas-empresariales\/wp-json\/wp\/v2\/users\/22"}],"replies":[{"embeddable":true,"href":"https:\/\/bibliotecas.unileon.es\/ciencias-economicas-empresariales\/wp-json\/wp\/v2\/comments?post=1327"}],"version-history":[{"count":1,"href":"https:\/\/bibliotecas.unileon.es\/ciencias-economicas-empresariales\/wp-json\/wp\/v2\/pages\/1327\/revisions"}],"predecessor-version":[{"id":1380,"href":"https:\/\/bibliotecas.unileon.es\/ciencias-economicas-empresariales\/wp-json\/wp\/v2\/pages\/1327\/revisions\/1380"}],"wp:attachment":[{"href":"https:\/\/bibliotecas.unileon.es\/ciencias-economicas-empresariales\/wp-json\/wp\/v2\/media?parent=1327"}],"curies":[{"name":"wp","href":"https:\/\/api.w.org\/{rel}","templated":true}]}}