{"id":1388,"date":"2016-12-06T20:16:04","date_gmt":"2016-12-06T19:16:04","guid":{"rendered":"http:\/\/bibliotecas.unileon.es\/ciencias-economicas-empresariales\/?page_id=1388"},"modified":"2022-12-05T12:43:37","modified_gmt":"2022-12-05T11:43:37","slug":"buscar-citas-en-scopus","status":"publish","type":"page","link":"https:\/\/bibliotecas.unileon.es\/ciencias-economicas-empresariales\/buscar-citas-en-scopus\/","title":{"rendered":"Buscar citas en Scopus"},"content":{"rendered":"<p style=\"text-align: center;\"><img loading=\"lazy\" decoding=\"async\" title=\"\" src=\"http:\/\/bibliotecas.unileon.es\/ciencias-economicas-empresariales\/files\/2016\/11\/scopus.jpg\" alt=\"\" width=\"173\" height=\"86\" \/><\/p>\n<table>\n<tbody>\n<tr>\n<td style=\"border-color: #ff6600;\"><span style=\"color: #ff6600;\"><strong>Productor<\/strong><\/span>:\u00a0Elsevier<br \/>\n<span style=\"color: #ff6600;\"><strong>Acceso<\/strong><\/span>: Licencia Nacional FECYT<br \/>\n<span style=\"color: #ff6600;\"><strong>Consulta<\/strong><\/span>:\u00a0 A trav\u00e9s del <a href=\"https:\/\/catoute.unileon.es\/permalink\/34BUC_ULE\/1ekdeev\/alma991000073539705772\" target=\"_blank\" rel=\"noopener\">cat\u00e1logo de la Biblioteca<\/a><\/p>\n<p>Si accede desde fuera de la red local consulte <a href=\"https:\/\/biblioteca.unileon.es\/ld.php?content_id=33606093\" target=\"_blank\" rel=\"noopener\">este documento<\/a><\/td>\n<\/tr>\n<\/tbody>\n<\/table>\n<p>&nbsp;<\/p>\n<h3><span style=\"color: #ff6600;\"><strong>Buscar las citas recibidas por los documentos indexados en Scopus<\/strong><\/span><\/h3>\n<p style=\"text-align: justify;\">Si su trabajo ha sido publicado en una revista indexada en Scopus podr\u00e1 conocer el n\u00famero de veces que ha sido citado por el resto de las revistas incluidas en la base de datos. Para ello haga una b\u00fasqueda por cualquiera de los campos conocidos, por ejemplo ponga el t\u00edtulo entre comillas, o combine varios campos \u00a0(autor, t\u00edtulo del art\u00edculo, t\u00edtulo de la revista en la que se public\u00f3, a\u00f1o de publicaci\u00f3n, etc.).<br \/>\nUna vez haya localizado el documento, en la parte derecha de la pantalla tendr\u00e1 la informaci\u00f3n sobre el n\u00famero de veces que ese art\u00edculo ha sido citado en Scopus.<\/p>\n<p>&nbsp;<\/p>\n<p style=\"text-align: center;\"><img loading=\"lazy\" decoding=\"async\" class=\"\" src=\"https:\/\/bibliotecas.unileon.es\/ciencias-economicas-empresariales\/files\/2022\/06\/BUSCAR-CITAS-DOCUMENTO-1.jpg\" alt=\"\" width=\"514\" height=\"212\" \/><\/p>\n<p style=\"text-align: center;\"><img loading=\"lazy\" decoding=\"async\" class=\"\" src=\"https:\/\/bibliotecas.unileon.es\/ciencias-economicas-empresariales\/files\/2022\/06\/CITAS-RECIBIDAS-DOCUMENTO-DENTRO-SCOPUS.jpg\" alt=\"\" width=\"551\" height=\"193\" \/><\/p>\n<h3><span style=\"color: #ff6600;\"><strong>Buscar las citas recibidas por los trabajos no indexados<\/strong><\/span><\/h3>\n<p style=\"text-align: justify;\">Al igual que la Web of Science, Scopus indexa la bibliograf\u00eda que acompa\u00f1a a todos los art\u00edculos. Esto permite buscar las citas que haya recibido un trabajo (libro, art\u00edculo, etc.) aunque no est\u00e9 incluido en Scopus.<\/p>\n<p style=\"text-align: justify;\">En el desplegable con las distintas opciones de b\u00fasqueda deber\u00e1 seleccionar la opci\u00f3n \u201cReferences\u201d para que la b\u00fasqueda se haga sobre las citas.<br \/>\nIntroduzca en una o varias l\u00edneas los datos sobre el autor, el t\u00edtulo de la obra (entre comillas) o la fecha de publicaci\u00f3n. De esta forma recuperar\u00e1 los documentos que citan a su trabajo.<br \/>\nEn el siguiente ejemplo se muestra la b\u00fasqueda para conocer las citas que un art\u00edculo publicado en Pecunia (no indexada en Scopus) ha recibido por parte de las revistas incluidas en Scopus.<\/p>\n<p>&nbsp;<\/p>\n<p style=\"text-align: center;\"><img loading=\"lazy\" decoding=\"async\" class=\"\" src=\"https:\/\/bibliotecas.unileon.es\/ciencias-economicas-empresariales\/files\/2022\/06\/BUSCAR-REFERENCIA-CITADA.jpg\" alt=\"\" width=\"526\" height=\"402\" \/><\/p>\n<p style=\"text-align: center;\"><img loading=\"lazy\" decoding=\"async\" class=\"\" src=\"https:\/\/bibliotecas.unileon.es\/ciencias-economicas-empresariales\/files\/2022\/06\/RESULTADOS-BUSQUEDA-REFERENCIA-CITADA.jpg\" alt=\"\" width=\"529\" height=\"195\" \/><\/p>\n<table>\n<tbody>\n<tr>\n<td>\n<p style=\"text-align: center;\"><em><span style=\"color: #ff6600;\">Puede suceder que el n\u00famero de citas recibido por un mismo documento no coincida en Web of Science y en Scopus. Ello es debido a que Scopus indexa m\u00e1s revistas que WOS y por ello las probabilidades de encontrar citas a su trabajo son mayores.<\/span><\/em><\/p>\n<\/td>\n<\/tr>\n<\/tbody>\n<\/table>\n","protected":false},"excerpt":{"rendered":"<p>Productor:\u00a0Elsevier Acceso: Licencia Nacional FECYT Consulta:\u00a0 A trav\u00e9s del cat\u00e1logo de la Biblioteca Si accede desde fuera de la red local consulte este documento &nbsp; Buscar las citas recibidas por los documentos indexados en Scopus Si su trabajo ha sido &hellip; <a href=\"https:\/\/bibliotecas.unileon.es\/ciencias-economicas-empresariales\/buscar-citas-en-scopus\/\">Sigue leyendo <span class=\"meta-nav\">&rarr;<\/span><\/a><\/p>\n","protected":false},"author":22,"featured_media":0,"parent":0,"menu_order":0,"comment_status":"closed","ping_status":"closed","template":"","meta":{"_bbp_topic_count":0,"_bbp_reply_count":0,"_bbp_total_topic_count":0,"_bbp_total_reply_count":0,"_bbp_voice_count":0,"_bbp_anonymous_reply_count":0,"_bbp_topic_count_hidden":0,"_bbp_reply_count_hidden":0,"_bbp_forum_subforum_count":0,"footnotes":""},"class_list":["post-1388","page","type-page","status-publish","hentry"],"_links":{"self":[{"href":"https:\/\/bibliotecas.unileon.es\/ciencias-economicas-empresariales\/wp-json\/wp\/v2\/pages\/1388","targetHints":{"allow":["GET"]}}],"collection":[{"href":"https:\/\/bibliotecas.unileon.es\/ciencias-economicas-empresariales\/wp-json\/wp\/v2\/pages"}],"about":[{"href":"https:\/\/bibliotecas.unileon.es\/ciencias-economicas-empresariales\/wp-json\/wp\/v2\/types\/page"}],"author":[{"embeddable":true,"href":"https:\/\/bibliotecas.unileon.es\/ciencias-economicas-empresariales\/wp-json\/wp\/v2\/users\/22"}],"replies":[{"embeddable":true,"href":"https:\/\/bibliotecas.unileon.es\/ciencias-economicas-empresariales\/wp-json\/wp\/v2\/comments?post=1388"}],"version-history":[{"count":1,"href":"https:\/\/bibliotecas.unileon.es\/ciencias-economicas-empresariales\/wp-json\/wp\/v2\/pages\/1388\/revisions"}],"predecessor-version":[{"id":1429,"href":"https:\/\/bibliotecas.unileon.es\/ciencias-economicas-empresariales\/wp-json\/wp\/v2\/pages\/1388\/revisions\/1429"}],"wp:attachment":[{"href":"https:\/\/bibliotecas.unileon.es\/ciencias-economicas-empresariales\/wp-json\/wp\/v2\/media?parent=1388"}],"curies":[{"name":"wp","href":"https:\/\/api.w.org\/{rel}","templated":true}]}}