{"id":1390,"date":"2016-12-06T20:16:31","date_gmt":"2016-12-06T19:16:31","guid":{"rendered":"http:\/\/bibliotecas.unileon.es\/ciencias-economicas-empresariales\/?page_id=1390"},"modified":"2022-12-05T12:45:53","modified_gmt":"2022-12-05T11:45:53","slug":"buscar-citas-en-google-academico","status":"publish","type":"page","link":"https:\/\/bibliotecas.unileon.es\/ciencias-economicas-empresariales\/buscar-citas-en-google-academico\/","title":{"rendered":"Buscar citas en Google Acad\u00e9mico"},"content":{"rendered":"<p style=\"text-align: center;\"><img loading=\"lazy\" decoding=\"async\" src=\"http:\/\/bibliotecas.unileon.es\/ciencias-economicas-empresariales\/files\/2018\/01\/google-academico.png\" alt=\"\" width=\"616\" height=\"257\" \/><\/p>\n<p style=\"text-align: justify;\"><a href=\"https:\/\/scholar.google.es\/\" target=\"_blank\" rel=\"noopener\">Google Acad\u00e9mico<\/a> se ha convertido en el competidor m\u00e1s directo de Web of Science y Scopus para localizar las citas recibidas por un trabajo porque subsana algunos de los inconvenientes de los productos tradicionales.<\/p>\n<ul style=\"text-align: justify;\">\n<li>Para empezar se trata de un producto de car\u00e1cter\u00a0 gratuito accesible sin suscripci\u00f3n y de muy f\u00e1cil consulta.<\/li>\n<li>Adem\u00e1s rompe el sesgo tem\u00e1tico y de idioma de las grandes bases de datos de forma que las Ciencias Sociales aparecen mejor representadas al igual que los documentos en espa\u00f1ol.<\/li>\n<li>Finalmente la tipolog\u00eda de documentos que analiza es muy amplia (no s\u00f3lo b\u00e1sicamente art\u00edculos de revistas) as\u00ed como el n\u00famero de documentos (no s\u00f3lo los indexados por una determinada base de datos). Por ello es frecuente que el conteo de citas en GA sea m\u00e1s amplio que en WOS y en Scopus.<\/li>\n<\/ul>\n<p style=\"text-align: justify;\">Como inconveniente cabr\u00eda destacar la falta de control en el volcado de la informaci\u00f3n y el procesamiento autom\u00e1tico de los datos que en muchas ocasiones generan errores diversos.<\/p>\n<p style=\"text-align: justify;\">\n<p style=\"text-align: justify;\">Para buscar las citas recibidas por un trabajo en <a href=\"https:\/\/scholar.google.es\/\" target=\"_blank\" rel=\"noopener\">Google Acad\u00e9mico<\/a> le recomendamos que utilice la opci\u00f3n de b\u00fasqueda avanzada (se accede a ella pinchando en las tres rayas que aparecen en la parte superior, a la izquierda del cajet\u00edn de b\u00fasqueda).<br \/>\nEn el campo \u201cCon la frase exacta\u201d introduzca el t\u00edtulo de su obra (es equivalente a las comillas de los buscadores de las bases de datos).<br \/>\nPuede completar la informaci\u00f3n a\u00f1adiendo su nombre en el campo \u201cMostrar art\u00edculos escritos por\u201d, o introducir el t\u00edtulo de la revista en la que se haya publicado su trabajo en el campo \u201cMostrar art\u00edculos publicados en\u201d.<\/p>\n<p>&nbsp;<\/p>\n<p style=\"text-align: center;\"><img loading=\"lazy\" decoding=\"async\" src=\"http:\/\/bibliotecas.unileon.es\/ciencias-economicas-empresariales\/files\/2018\/01\/google-academico-busqueda-avanzada.jpg\" alt=\"\" width=\"640\" height=\"600\" \/><\/p>\n<p>&nbsp;<\/p>\n<p style=\"text-align: justify;\">En el apartado \u00abCitado por\u00bb, que figura debajo de cada resultado, aparece la informaci\u00f3n sobre las citas que ha recibido el trabajo.<\/p>\n<p style=\"text-align: center;\"><img loading=\"lazy\" decoding=\"async\" title=\"\" src=\"http:\/\/bibliotecas.unileon.es\/ciencias-economicas-empresariales\/files\/2016\/12\/google-academico2-2.jpg\" alt=\"\" width=\"569\" height=\"173\" \/><\/p>\n<p style=\"text-align: justify;\">Si desea estar informado permanentemente sobre las citas que van recibiendo sus trabajos es recomendable crear un perfil personal en Google Acad\u00e9mico. A partir de la suma de todas las citas recibidas podr\u00e1 calcular su \u00cdndice h. Consulte el apartado <a href=\"http:\/\/bibliotecas.unileon.es\/ciencias-economicas-empresariales\/1565-2\/\" target=\"_blank\" rel=\"noopener\">Buscar las citas recibidas por un autor. C\u00e1lculo del \u00cdndice h en Google Acad\u00e9mico<\/a> de esta web<\/p>\n<p>&nbsp;<\/p>\n","protected":false},"excerpt":{"rendered":"<p>Google Acad\u00e9mico se ha convertido en el competidor m\u00e1s directo de Web of Science y Scopus para localizar las citas recibidas por un trabajo porque subsana algunos de los inconvenientes de los productos tradicionales. Para empezar se trata de un &hellip; <a href=\"https:\/\/bibliotecas.unileon.es\/ciencias-economicas-empresariales\/buscar-citas-en-google-academico\/\">Sigue leyendo <span class=\"meta-nav\">&rarr;<\/span><\/a><\/p>\n","protected":false},"author":22,"featured_media":0,"parent":0,"menu_order":0,"comment_status":"closed","ping_status":"closed","template":"","meta":{"_bbp_topic_count":0,"_bbp_reply_count":0,"_bbp_total_topic_count":0,"_bbp_total_reply_count":0,"_bbp_voice_count":0,"_bbp_anonymous_reply_count":0,"_bbp_topic_count_hidden":0,"_bbp_reply_count_hidden":0,"_bbp_forum_subforum_count":0,"footnotes":""},"class_list":["post-1390","page","type-page","status-publish","hentry"],"_links":{"self":[{"href":"https:\/\/bibliotecas.unileon.es\/ciencias-economicas-empresariales\/wp-json\/wp\/v2\/pages\/1390","targetHints":{"allow":["GET"]}}],"collection":[{"href":"https:\/\/bibliotecas.unileon.es\/ciencias-economicas-empresariales\/wp-json\/wp\/v2\/pages"}],"about":[{"href":"https:\/\/bibliotecas.unileon.es\/ciencias-economicas-empresariales\/wp-json\/wp\/v2\/types\/page"}],"author":[{"embeddable":true,"href":"https:\/\/bibliotecas.unileon.es\/ciencias-economicas-empresariales\/wp-json\/wp\/v2\/users\/22"}],"replies":[{"embeddable":true,"href":"https:\/\/bibliotecas.unileon.es\/ciencias-economicas-empresariales\/wp-json\/wp\/v2\/comments?post=1390"}],"version-history":[{"count":1,"href":"https:\/\/bibliotecas.unileon.es\/ciencias-economicas-empresariales\/wp-json\/wp\/v2\/pages\/1390\/revisions"}],"predecessor-version":[{"id":1435,"href":"https:\/\/bibliotecas.unileon.es\/ciencias-economicas-empresariales\/wp-json\/wp\/v2\/pages\/1390\/revisions\/1435"}],"wp:attachment":[{"href":"https:\/\/bibliotecas.unileon.es\/ciencias-economicas-empresariales\/wp-json\/wp\/v2\/media?parent=1390"}],"curies":[{"name":"wp","href":"https:\/\/api.w.org\/{rel}","templated":true}]}}