{"id":1398,"date":"2016-12-06T20:32:30","date_gmt":"2016-12-06T19:32:30","guid":{"rendered":"http:\/\/bibliotecas.unileon.es\/ciencias-economicas-empresariales\/?page_id=1398"},"modified":"2016-12-07T08:59:04","modified_gmt":"2016-12-07T07:59:04","slug":"buscar-un-libro-en-catalogos-de-bibliotecas","status":"publish","type":"page","link":"https:\/\/bibliotecas.unileon.es\/ciencias-economicas-empresariales\/buscar-un-libro-en-catalogos-de-bibliotecas\/","title":{"rendered":"Buscar un libro en cat\u00e1logos de Bibliotecas"},"content":{"rendered":"<p>&nbsp;<\/p>\n<p>El hecho de que un libro est\u00e9 presente en un gran n\u00famero de bibliotecas puede ser indicativo de su calidad sobre todo teniendo en cuenta que ha superado dos filtros: los estrictos criterios de selecci\u00f3n de los editores y la evaluaci\u00f3n de los investigadores y de las bibliotecas para incorporar un libro a su colecci\u00f3n.<\/p>\n<p>Para saber de forma r\u00e1pida \u00a0en cu\u00e1ntas Bibliotecas est\u00e1 presente un libro puede consultar los cat\u00e1logos colectivos, es decir, aquellos que se construyen a partir de la suma de cat\u00e1logos individuales:<\/p>\n<p>&nbsp;<\/p>\n<table>\n<tbody>\n<tr>\n<td width=\"288\">\n<h3><strong><span style=\"color: #ff6600;\">Cat\u00e1logo Colectivo de REBIUN<\/span><\/strong><\/h3>\n<p><span style=\"color: #ff6600;\">(Red de Bibliotecas Universitarias Espa\u00f1olas)<\/span><\/td>\n<td width=\"288\">\u00a0<img loading=\"lazy\" decoding=\"async\" class=\"\" title=\"\" src=\"http:\/\/bibliotecas.unileon.es\/ciencias-economicas-empresariales\/files\/2016\/12\/rebiun-catalogo.jpg\" alt=\"\" width=\"331\" height=\"49\" \/><\/td>\n<\/tr>\n<tr>\n<td colspan=\"2\" width=\"576\"><span style=\"color: #ff6600;\"><strong>Productor<\/strong><\/span>: REBIUN (Comisi\u00f3n sectorial de la CRUE, Conferencia de Rectores de las Universidades Espa\u00f1olas)<br \/>\n<strong><span style=\"color: #ff6600;\">Fuente de los datos<\/span><\/strong>: Cat\u00e1logos individuales de bibliotecas universitarias y cient\u00edficas<br \/>\n<strong><span style=\"color: #ff6600;\">Acceso<\/span><\/strong>: Gratuito<br \/>\n<a href=\"http:\/\/rebiun.baratz.es\/rebiun\/\" target=\"_blank\">Consulta<\/a><\/td>\n<\/tr>\n<tr>\n<td colspan=\"2\" width=\"576\">&nbsp;<\/p>\n<p>El Cat\u00e1logo colectivo de la Red de Bibliotecas Universitarias Espa\u00f1olas integra los fondos de las \u00a079 Bibliotecas Universitarias, las Bibliotecas del CSIC, la Biblioteca Nacional de Espa\u00f1a, la Biblioteca Nacional de Catalunya y otras bibliotecas de investigaci\u00f3n especializadas. Contiene unos 14 millones de libros y se actualiza permanentemente.<\/td>\n<\/tr>\n<\/tbody>\n<\/table>\n<p>&nbsp;<\/p>\n<table style=\"width: 639px;\">\n<tbody>\n<tr>\n<td style=\"width: 260.017px;\">\n<h3><strong><span style=\"color: #ff6600;\">WorldCat<\/span><\/strong><\/h3>\n<\/td>\n<td style=\"width: 281.983px;\"><img loading=\"lazy\" decoding=\"async\" class=\"\" title=\"\" src=\"http:\/\/bibliotecas.unileon.es\/ciencias-economicas-empresariales\/files\/2016\/12\/worldcat.jpg\" alt=\"\" width=\"266\" height=\"94\" \/><\/td>\n<\/tr>\n<tr>\n<td style=\"width: 542px;\" colspan=\"2\"><strong><span style=\"color: #ff6600;\">Productor<\/span><\/strong>: OCLC<br \/>\n<strong><span style=\"color: #ff6600;\">Fuente de los datos<\/span><\/strong>: Bibliotecas de todo el mundo<br \/>\n<strong><span style=\"color: #ff6600;\">Acceso<\/span><\/strong>: Gratuito<br \/>\n<a href=\"https:\/\/www.worldcat.org\/\" target=\"_blank\">Consulta<\/a><\/td>\n<\/tr>\n<tr>\n<td style=\"width: 542px;\" colspan=\"2\">&nbsp;<\/p>\n<p>Es el mayor Cat\u00e1logo\u00a0 colectivo\u00a0 existente y agrupa los cat\u00e1logos de m\u00e1s de 70.000 bibliotecas de todo el mundo. En una sola consulta permite conocer en qu\u00e9 bibliotecas est\u00e1 disponible una determinada obra.<br \/>\nEs recomendable utilizar la opci\u00f3n de b\u00fasqueda avanzada combinando las opciones de b\u00fasqueda por autor y t\u00edtulo. Permite localizar tanto la versi\u00f3n original de una obra como sus posibles traducciones.<\/p>\n<p>El cat\u00e1logo \u00a0de la <a href=\"https:\/\/ule.on.worldcat.org\/discovery\/\" target=\"_blank\">Biblioteca de la Universidad de Le\u00f3n <\/a>est\u00e1 integrado en WorldCat<\/td>\n<\/tr>\n<\/tbody>\n<\/table>\n<p>&nbsp;<\/p>\n<p>&nbsp;<\/p>\n","protected":false},"excerpt":{"rendered":"<p>&nbsp; El hecho de que un libro est\u00e9 presente en un gran n\u00famero de bibliotecas puede ser indicativo de su calidad sobre todo teniendo en cuenta que ha superado dos filtros: los estrictos criterios de selecci\u00f3n de los editores y &hellip; <a href=\"https:\/\/bibliotecas.unileon.es\/ciencias-economicas-empresariales\/buscar-un-libro-en-catalogos-de-bibliotecas\/\">Sigue leyendo <span class=\"meta-nav\">&rarr;<\/span><\/a><\/p>\n","protected":false},"author":22,"featured_media":0,"parent":0,"menu_order":0,"comment_status":"closed","ping_status":"closed","template":"","meta":{"_bbp_topic_count":0,"_bbp_reply_count":0,"_bbp_total_topic_count":0,"_bbp_total_reply_count":0,"_bbp_voice_count":0,"_bbp_anonymous_reply_count":0,"_bbp_topic_count_hidden":0,"_bbp_reply_count_hidden":0,"_bbp_forum_subforum_count":0,"footnotes":""},"class_list":["post-1398","page","type-page","status-publish","hentry"],"_links":{"self":[{"href":"https:\/\/bibliotecas.unileon.es\/ciencias-economicas-empresariales\/wp-json\/wp\/v2\/pages\/1398","targetHints":{"allow":["GET"]}}],"collection":[{"href":"https:\/\/bibliotecas.unileon.es\/ciencias-economicas-empresariales\/wp-json\/wp\/v2\/pages"}],"about":[{"href":"https:\/\/bibliotecas.unileon.es\/ciencias-economicas-empresariales\/wp-json\/wp\/v2\/types\/page"}],"author":[{"embeddable":true,"href":"https:\/\/bibliotecas.unileon.es\/ciencias-economicas-empresariales\/wp-json\/wp\/v2\/users\/22"}],"replies":[{"embeddable":true,"href":"https:\/\/bibliotecas.unileon.es\/ciencias-economicas-empresariales\/wp-json\/wp\/v2\/comments?post=1398"}],"version-history":[{"count":1,"href":"https:\/\/bibliotecas.unileon.es\/ciencias-economicas-empresariales\/wp-json\/wp\/v2\/pages\/1398\/revisions"}],"predecessor-version":[{"id":1405,"href":"https:\/\/bibliotecas.unileon.es\/ciencias-economicas-empresariales\/wp-json\/wp\/v2\/pages\/1398\/revisions\/1405"}],"wp:attachment":[{"href":"https:\/\/bibliotecas.unileon.es\/ciencias-economicas-empresariales\/wp-json\/wp\/v2\/media?parent=1398"}],"curies":[{"name":"wp","href":"https:\/\/api.w.org\/{rel}","templated":true}]}}