{"id":1402,"date":"2016-12-06T20:33:29","date_gmt":"2016-12-06T19:33:29","guid":{"rendered":"http:\/\/bibliotecas.unileon.es\/ciencias-economicas-empresariales\/?page_id=1402"},"modified":"2016-12-12T09:23:32","modified_gmt":"2016-12-12T08:23:32","slug":"buscar-resenas","status":"publish","type":"page","link":"https:\/\/bibliotecas.unileon.es\/ciencias-economicas-empresariales\/buscar-resenas\/","title":{"rendered":"Buscar rese\u00f1as"},"content":{"rendered":"<p>&nbsp;<\/p>\n<p>Son muchas las revistas especializadas que tienen entre sus secciones una dedicada a publicar rese\u00f1as de libros. La existencia de rese\u00f1as tambi\u00e9n se considera un criterio de calidad en la evaluaci\u00f3n de monograf\u00edas.<\/p>\n<p>Para la b\u00fasqueda de rese\u00f1as se recomienda consultar:<\/p>\n<p>&nbsp;<\/p>\n<table style=\"width: 640px;\">\n<tbody>\n<tr>\n<td style=\"width: 198.217px;\">\n<h3><span style=\"color: #ff6600;\"><strong>Dialnet<\/strong><\/span><\/h3>\n<\/td>\n<td style=\"width: 340.783px;\"><img loading=\"lazy\" decoding=\"async\" class=\"\" title=\"\" src=\"http:\/\/bibliotecas.unileon.es\/ciencias-economicas-empresariales\/files\/2016\/12\/dialnet.jpg\" alt=\"\" width=\"283\" height=\"98\" \/><\/td>\n<\/tr>\n<tr>\n<td style=\"width: 539px;\" colspan=\"2\"><strong><span style=\"color: #ff6600;\">Productor<\/span><\/strong>: Fundaci\u00f3n Dialnet (proyecto colaborativo)<br \/>\n<strong><span style=\"color: #ff6600;\">Acceso<\/span><\/strong>: Gratuito. (Dialnet Plus para la ULE)<br \/>\n<a href=\"https:\/\/dialnet.unirioja.es\/\" target=\"_blank\">Consulta<\/a><\/td>\n<\/tr>\n<tr>\n<td style=\"width: 539px;\" colspan=\"2\">&nbsp;<\/p>\n<p>Dialnet es un portal bibliogr\u00e1fico que contiene publicaciones cient\u00edficas (art\u00edculos de revistas, libros, cap\u00edtulos de libros, tesis doctorales) en el \u00e1mbito de las Ciencias Sociales y las Humanidades y en idioma espa\u00f1ol. Se construye de forma colaborativa y participan en el Proyecto Bibliotecas Universitarias, P\u00fablicas y Especializadas de Espa\u00f1a y Am\u00e9rica Latina.<\/p>\n<p>Para buscar rese\u00f1as de libros introduzca en el buscador el t\u00edtulo del libro entre comillas. Recuperar\u00e1 la obra original y todas las rese\u00f1as asociadas disponibles en revistas Dialnet.<\/td>\n<\/tr>\n<\/tbody>\n<\/table>\n<p>&nbsp;<\/p>\n<table>\n<tbody>\n<tr>\n<td width=\"432\">\n<h3><strong><span style=\"color: #ff6600;\">Google<\/span><\/strong><\/h3>\n<\/td>\n<td width=\"432\">\u00a0 \u00a0 \u00a0 \u00a0 <img loading=\"lazy\" decoding=\"async\" class=\"\" title=\"\" src=\"http:\/\/bibliotecas.unileon.es\/ciencias-economicas-empresariales\/files\/2016\/12\/google2.jpg\" alt=\"\" width=\"250\" height=\"83\" \/><\/td>\n<\/tr>\n<tr>\n<td colspan=\"2\" width=\"864\"><span style=\"color: #ff6600;\"><strong>Productor<\/strong><\/span>: Google<br \/>\n<strong><span style=\"color: #ff6600;\">Acceso<\/span><\/strong>: Gratuito<br \/>\n<a href=\"https:\/\/www.google.es\/\" target=\"_blank\">Consulta<\/a><\/td>\n<\/tr>\n<tr>\n<td colspan=\"2\" width=\"864\">&nbsp;<\/p>\n<p>En el buscador de Google (no Acad\u00e9mico) escriba el t\u00e9rmino rese\u00f1a y a continuaci\u00f3n el t\u00edtulo del libro entre comillas.<\/p>\n<p>Ejemplo: rese\u00f1a \u201cEl capital en el siglo XXI\u201d<\/td>\n<\/tr>\n<\/tbody>\n<\/table>\n<p>&nbsp;<\/p>\n<table style=\"width: 640px;\">\n<tbody>\n<tr>\n<td style=\"width: 267.067px;\">\n<h3><strong><span style=\"color: #ff6600;\">ISOC<\/span><\/strong><\/h3>\n<p><span style=\"color: #ff6600;\">Ciencias Sociales y Humanidades<\/span><\/td>\n<td style=\"width: 272.933px;\">\u00a0\u00a0\u00a0\u00a0\u00a0\u00a0\u00a0\u00a0 <img loading=\"lazy\" decoding=\"async\" class=\"\" title=\"\" src=\"http:\/\/bibliotecas.unileon.es\/ciencias-economicas-empresariales\/files\/2016\/12\/ISOC.jpg\" alt=\"\" width=\"178\" height=\"82\" \/><\/td>\n<\/tr>\n<tr>\n<td style=\"width: 540px;\" colspan=\"2\"><strong><span style=\"color: #ff6600;\">Productor<\/span><\/strong>: CCHS, Centro de Ciencias Humanas y Sociales (CSIC)<br \/>\n<strong><span style=\"color: #ff6600;\">Acceso<\/span><\/strong>: Suscripci\u00f3n institucional ULE<br \/>\n<strong><span style=\"color: #ff6600;\">Consulta<\/span><\/strong>: A trav\u00e9s del <a href=\"http:\/\/catoute.unileon.es\/record=b1342371~S1*spi\" target=\"_blank\">cat\u00e1logo de la Biblioteca<\/a><\/p>\n<ul>\n<li>Acceso desde fuera del Campus. Identificaci\u00f3n a trav\u00e9s de los datos del carn\u00e9 universitario. Consulte el <a href=\"http:\/\/biblioteca.unileon.es\/files\/acceso%20por%20WAM.pdf#overlay-context=ayuda-formacion\/guias-de-recusos-e\" class=\"mtli_attachment mtli_pdf\" target=\"_blank\">documento<\/a> elaborado por la Biblioteca.<\/li>\n<\/ul>\n<\/td>\n<\/tr>\n<tr>\n<td style=\"width: 540px;\" colspan=\"2\">&nbsp;<\/p>\n<p>La Base de datos del ISOC contiene referencias bibliogr\u00e1ficas y res\u00famenes de la producci\u00f3n cient\u00edfica espa\u00f1ola de Ciencias Sociales desde los a\u00f1os 70 (art\u00edculos de revistas, Congresos, monograf\u00edas).<\/p>\n<p>Para localizar una rese\u00f1a escriba en el buscador el t\u00edtulo del libro entre comillas. Recuperar\u00e1 rese\u00f1as y otros documentos en los que se haya referenciado la obra.<\/td>\n<\/tr>\n<\/tbody>\n<\/table>\n<p>&nbsp;<\/p>\n","protected":false},"excerpt":{"rendered":"<p>&nbsp; Son muchas las revistas especializadas que tienen entre sus secciones una dedicada a publicar rese\u00f1as de libros. La existencia de rese\u00f1as tambi\u00e9n se considera un criterio de calidad en la evaluaci\u00f3n de monograf\u00edas. Para la b\u00fasqueda de rese\u00f1as se &hellip; <a href=\"https:\/\/bibliotecas.unileon.es\/ciencias-economicas-empresariales\/buscar-resenas\/\">Sigue leyendo <span class=\"meta-nav\">&rarr;<\/span><\/a><\/p>\n","protected":false},"author":22,"featured_media":0,"parent":0,"menu_order":0,"comment_status":"closed","ping_status":"closed","template":"","meta":{"_bbp_topic_count":0,"_bbp_reply_count":0,"_bbp_total_topic_count":0,"_bbp_total_reply_count":0,"_bbp_voice_count":0,"_bbp_anonymous_reply_count":0,"_bbp_topic_count_hidden":0,"_bbp_reply_count_hidden":0,"_bbp_forum_subforum_count":0,"footnotes":""},"class_list":["post-1402","page","type-page","status-publish","hentry"],"_links":{"self":[{"href":"https:\/\/bibliotecas.unileon.es\/ciencias-economicas-empresariales\/wp-json\/wp\/v2\/pages\/1402","targetHints":{"allow":["GET"]}}],"collection":[{"href":"https:\/\/bibliotecas.unileon.es\/ciencias-economicas-empresariales\/wp-json\/wp\/v2\/pages"}],"about":[{"href":"https:\/\/bibliotecas.unileon.es\/ciencias-economicas-empresariales\/wp-json\/wp\/v2\/types\/page"}],"author":[{"embeddable":true,"href":"https:\/\/bibliotecas.unileon.es\/ciencias-economicas-empresariales\/wp-json\/wp\/v2\/users\/22"}],"replies":[{"embeddable":true,"href":"https:\/\/bibliotecas.unileon.es\/ciencias-economicas-empresariales\/wp-json\/wp\/v2\/comments?post=1402"}],"version-history":[{"count":1,"href":"https:\/\/bibliotecas.unileon.es\/ciencias-economicas-empresariales\/wp-json\/wp\/v2\/pages\/1402\/revisions"}],"predecessor-version":[{"id":1417,"href":"https:\/\/bibliotecas.unileon.es\/ciencias-economicas-empresariales\/wp-json\/wp\/v2\/pages\/1402\/revisions\/1417"}],"wp:attachment":[{"href":"https:\/\/bibliotecas.unileon.es\/ciencias-economicas-empresariales\/wp-json\/wp\/v2\/media?parent=1402"}],"curies":[{"name":"wp","href":"https:\/\/api.w.org\/{rel}","templated":true}]}}