{"id":1559,"date":"2017-12-04T09:42:01","date_gmt":"2017-12-04T08:42:01","guid":{"rendered":"http:\/\/bibliotecas.unileon.es\/ciencias-economicas-empresariales\/?page_id=1559"},"modified":"2022-06-13T15:02:44","modified_gmt":"2022-06-13T13:02:44","slug":"calculo-del-indice-h-en-la-web-of-science","status":"publish","type":"page","link":"https:\/\/bibliotecas.unileon.es\/ciencias-economicas-empresariales\/calculo-del-indice-h-en-la-web-of-science\/","title":{"rendered":"Buscar el \u00cdndice h en la Web of Science"},"content":{"rendered":"<p style=\"text-align: justify;\">Ha de tener en cuenta que en la Web of Science se contabilizan s\u00f3lo las citas que sus trabajos publicados en revistas WOS han recibido por parte de otras revistas indexadas en la WOS. Todas las citas que hayan recibido sus documentos publicados en revistas no indexadas en WOS quedan al margen del c\u00e1lculo.<\/p>\n<p>Para conocer el dato de su \u00cdndice h en WOS siga los siguientes pasos:<\/p>\n<p style=\"text-align: justify;\">1. Acceda a la base de datos Web of Science a trav\u00e9s del <a href=\"http:\/\/catoute.unileon.es\/record=b1374320~S1*spi\" target=\"_blank\" rel=\"noopener\">cat\u00e1logo de la Biblioteca<\/a>. Si est\u00e1 fuera de la ULE necesitar\u00e1 identificarse con el usuario y la contrase\u00f1a de su correo-e institucional.<\/p>\n<p style=\"text-align: justify;\">2. Puede seleccionar la opci\u00f3n \u00abDocumentos\u00bb o \u201cInvestigadores\u201d.<\/p>\n<p style=\"text-align: justify;\">Si selecciona la opci\u00f3n \u00abDocumentos\u00bb escoja en el desplegable de b\u00fasqueda la opci\u00f3n \u00abAutor\u00bb. Puede incluir variantes del nombre o a\u00f1adir la instituci\u00f3n a la ecuaci\u00f3n de b\u00fasqueda. Pero si sus apellidos son muy comunes para obtener resultados m\u00e1s precisos es recomendable escoger la opci\u00f3n del desplegable \u00abIdentificadores de autores\u00bb. Puede buscar por <a href=\"https:\/\/orcid.org\/\" target=\"_blank\" rel=\"noopener\">ORCID<\/a> y por ResearcherID.<\/p>\n<p style=\"text-align: justify;\">Recientemente Clarivate ha a\u00f1adido una opci\u00f3n espec\u00edfica para la b\u00fasqueda de perfiles de autores en el apartado \u00abInvestigadores\u00bb. Su funcionamiento es similar a la opci\u00f3n anterior y las b\u00fasquedas pueden hacerse espec\u00edficamente por nombre y por ORCID o ResearcherID.<\/p>\n<p style=\"text-align: center;\"><img loading=\"lazy\" decoding=\"async\" class=\"\" src=\"https:\/\/bibliotecas.unileon.es\/ciencias-economicas-empresariales\/files\/2022\/06\/pestana-investigadores-para-buscar-nombre-o-identificador.jpg\" alt=\"\" width=\"580\" height=\"310\" \/><\/p>\n<p>3. Al pinchar en \u00abBuscar\u00bb obtendr\u00e1 un informe con todas las m\u00e9tricas asociadas a su perfil de autor, entre ellas el \u00cdndice h<\/p>\n<p><img loading=\"lazy\" decoding=\"async\" class=\"\" src=\"https:\/\/bibliotecas.unileon.es\/ciencias-economicas-empresariales\/files\/2022\/06\/resultado-wos-laura-cabeza.jpg\" alt=\"\" width=\"599\" height=\"308\" \/><\/p>\n<table style=\"border-collapse: collapse; width: 100%;\">\n<tbody>\n<tr>\n<td style=\"width: 100%; border-color: #ff6600; text-align: center;\"><span style=\"color: #ff6600;\">Para que los datos sean totalmente fiables es necesario verificar que el perfil de autor no est\u00e1 duplicado, lo cual no es infrecuente. Por eso se recomienda hacer peri\u00f3dicamente una b\u00fasqueda por nombre y, en caso de perfiles dobles, reclamar el registro y solicitar a Clarivate su fusi\u00f3n. <\/span><\/p>\n<p><span style=\"color: #ff6600;\">Para poder reclamar un perfil es necesario acceder como usuario registrado. Solicite informaci\u00f3n en la Biblioteca y le ayudaremos.<\/span><\/td>\n<\/tr>\n<\/tbody>\n<\/table>\n<p>&nbsp;<\/p>\n","protected":false},"excerpt":{"rendered":"<p>Ha de tener en cuenta que en la Web of Science se contabilizan s\u00f3lo las citas que sus trabajos publicados en revistas WOS han recibido por parte de otras revistas indexadas en la WOS. Todas las citas que hayan recibido &hellip; <a href=\"https:\/\/bibliotecas.unileon.es\/ciencias-economicas-empresariales\/calculo-del-indice-h-en-la-web-of-science\/\">Sigue leyendo <span class=\"meta-nav\">&rarr;<\/span><\/a><\/p>\n","protected":false},"author":22,"featured_media":0,"parent":0,"menu_order":0,"comment_status":"closed","ping_status":"closed","template":"","meta":{"_bbp_topic_count":0,"_bbp_reply_count":0,"_bbp_total_topic_count":0,"_bbp_total_reply_count":0,"_bbp_voice_count":0,"_bbp_anonymous_reply_count":0,"_bbp_topic_count_hidden":0,"_bbp_reply_count_hidden":0,"_bbp_forum_subforum_count":0,"footnotes":""},"class_list":["post-1559","page","type-page","status-publish","hentry"],"_links":{"self":[{"href":"https:\/\/bibliotecas.unileon.es\/ciencias-economicas-empresariales\/wp-json\/wp\/v2\/pages\/1559","targetHints":{"allow":["GET"]}}],"collection":[{"href":"https:\/\/bibliotecas.unileon.es\/ciencias-economicas-empresariales\/wp-json\/wp\/v2\/pages"}],"about":[{"href":"https:\/\/bibliotecas.unileon.es\/ciencias-economicas-empresariales\/wp-json\/wp\/v2\/types\/page"}],"author":[{"embeddable":true,"href":"https:\/\/bibliotecas.unileon.es\/ciencias-economicas-empresariales\/wp-json\/wp\/v2\/users\/22"}],"replies":[{"embeddable":true,"href":"https:\/\/bibliotecas.unileon.es\/ciencias-economicas-empresariales\/wp-json\/wp\/v2\/comments?post=1559"}],"version-history":[{"count":1,"href":"https:\/\/bibliotecas.unileon.es\/ciencias-economicas-empresariales\/wp-json\/wp\/v2\/pages\/1559\/revisions"}],"predecessor-version":[{"id":1562,"href":"https:\/\/bibliotecas.unileon.es\/ciencias-economicas-empresariales\/wp-json\/wp\/v2\/pages\/1559\/revisions\/1562"}],"wp:attachment":[{"href":"https:\/\/bibliotecas.unileon.es\/ciencias-economicas-empresariales\/wp-json\/wp\/v2\/media?parent=1559"}],"curies":[{"name":"wp","href":"https:\/\/api.w.org\/{rel}","templated":true}]}}