{"id":1563,"date":"2017-12-04T11:13:56","date_gmt":"2017-12-04T10:13:56","guid":{"rendered":"http:\/\/bibliotecas.unileon.es\/ciencias-economicas-empresariales\/?page_id=1563"},"modified":"2022-06-13T15:03:29","modified_gmt":"2022-06-13T13:03:29","slug":"calculo-del-indice-h-en-scopus","status":"publish","type":"page","link":"https:\/\/bibliotecas.unileon.es\/ciencias-economicas-empresariales\/calculo-del-indice-h-en-scopus\/","title":{"rendered":"Buscar el \u00cdndice h en Scopus"},"content":{"rendered":"<p>Si ha publicado art\u00edculos en revistas incluidas en Scopus el sistema genera un informe de citas con el \u00cdndice h a partir de una b\u00fasqueda simple por nombre de autor. Pero ha de tener en cuenta que este informe recoge s\u00f3lo las citas que sus trabajos publicados en revistas Scopus han recibido por parte de otras revistas indexadas en esta base de datos.<\/p>\n<p>Para calcular su \u00cdndice h en Scopus siga los siguientes pasos:<\/p>\n<p>&nbsp;<\/p>\n<p>1. Acceda a la base de datos Scopus a trav\u00e9s del <a href=\"http:\/\/catoute.unileon.es\/record=b1687319~S1*spi\" target=\"_blank\" rel=\"noopener noreferrer\">cat\u00e1logo de la Biblioteca<\/a>. Si est\u00e1 fuera de la ULE necesitar\u00e1 identificarse con el usuario y la contrase\u00f1a de su correo-e institucional.<\/p>\n<p>2. Seleccione la opci\u00f3n de b\u00fasqueda por autores (\u201cAuthors\u201d). Puede introducir su\/s apellido\/s, la inicial del nombre y el nombre de la Universidad.<\/p>\n<p>Alternativamente puede hacer la b\u00fasqueda por su identificador ORCID (recomendado si su nombre es muy com\u00fan o si Scopus hubiera signado varios ScopusId distintos a su nombre). [Consulte este documento para <a href=\"http:\/\/bibliotecas.unileon.es\/ciencias-economicas-empresariales\/files\/2017\/12\/UNIFICAR-DISTINTOS-PERFILES-DE-AUTOR-EN-SCOPUS.pdf\" class=\"mtli_attachment mtli_pdf\" target=\"_blank\" rel=\"noopener noreferrer\">solicitar a Scopus la fusi\u00f3n de varios ScopusId<\/a> o contacte con la Biblioteca].<\/p>\n<p style=\"text-align: center;\"><img loading=\"lazy\" decoding=\"async\" src=\"http:\/\/bibliotecas.unileon.es\/ciencias-economicas-empresariales\/files\/2017\/12\/SCOPUS1.jpg\" alt=\"\" width=\"570\" height=\"249\" \/><\/p>\n<p>&nbsp;<\/p>\n<p>3. En la lista de resultados pinche sobre su nombre y podr\u00e1 ver todos los datos bibliom\u00e9tricos asociados a su perfil, entre ellos el \u00cdndice h.<\/p>\n<p style=\"text-align: center;\"><img loading=\"lazy\" decoding=\"async\" src=\"http:\/\/bibliotecas.unileon.es\/ciencias-economicas-empresariales\/files\/2017\/12\/SCOPUS2.jpg\" alt=\"\" width=\"577\" height=\"281\" \/><\/p>\n<p>&nbsp;<\/p>\n<p>El \u00cdndice h de Scopus suele ser ligeramente superior al ofrecido por la Web of Science porque el n\u00famero de revistas indexadas tambi\u00e9n lo es.<\/p>\n<p>M\u00e1s informaci\u00f3n sobre el \u00cdndice h en la web del <a href=\"https:\/\/service.elsevier.com\/app\/answers\/detail\/a_id\/11214\/session\/L3RpbWUvMTUyOTUyNzQ1NC9zaWQvZlVjMEJ1cnZFbFZsc2t4eWNVcXdYcHVHWE1KNlBzJTdFS3NEaXV6Q1dvQWNWTlZNUnJrbG8xZnBhOVlPUUJMeTFJRlhrS3htWm1XWVVicFMzQyU3RTZERGtXVEM0YlVvZWtCeXVzTmlXZ3pPVGk2WXhiTGdaTGJQMHlGUSUyMSUyMQ%3D%3D\/supporthub\/scopus\/\" target=\"_blank\" rel=\"noopener noreferrer\">Support Center de Scopus<\/a><\/p>\n","protected":false},"excerpt":{"rendered":"<p>Si ha publicado art\u00edculos en revistas incluidas en Scopus el sistema genera un informe de citas con el \u00cdndice h a partir de una b\u00fasqueda simple por nombre de autor. Pero ha de tener en cuenta que este informe recoge &hellip; <a href=\"https:\/\/bibliotecas.unileon.es\/ciencias-economicas-empresariales\/calculo-del-indice-h-en-scopus\/\">Sigue leyendo <span class=\"meta-nav\">&rarr;<\/span><\/a><\/p>\n","protected":false},"author":22,"featured_media":0,"parent":0,"menu_order":0,"comment_status":"closed","ping_status":"closed","template":"","meta":{"_bbp_topic_count":0,"_bbp_reply_count":0,"_bbp_total_topic_count":0,"_bbp_total_reply_count":0,"_bbp_voice_count":0,"_bbp_anonymous_reply_count":0,"_bbp_topic_count_hidden":0,"_bbp_reply_count_hidden":0,"_bbp_forum_subforum_count":0,"footnotes":""},"class_list":["post-1563","page","type-page","status-publish","hentry"],"_links":{"self":[{"href":"https:\/\/bibliotecas.unileon.es\/ciencias-economicas-empresariales\/wp-json\/wp\/v2\/pages\/1563","targetHints":{"allow":["GET"]}}],"collection":[{"href":"https:\/\/bibliotecas.unileon.es\/ciencias-economicas-empresariales\/wp-json\/wp\/v2\/pages"}],"about":[{"href":"https:\/\/bibliotecas.unileon.es\/ciencias-economicas-empresariales\/wp-json\/wp\/v2\/types\/page"}],"author":[{"embeddable":true,"href":"https:\/\/bibliotecas.unileon.es\/ciencias-economicas-empresariales\/wp-json\/wp\/v2\/users\/22"}],"replies":[{"embeddable":true,"href":"https:\/\/bibliotecas.unileon.es\/ciencias-economicas-empresariales\/wp-json\/wp\/v2\/comments?post=1563"}],"version-history":[{"count":1,"href":"https:\/\/bibliotecas.unileon.es\/ciencias-economicas-empresariales\/wp-json\/wp\/v2\/pages\/1563\/revisions"}],"predecessor-version":[{"id":1831,"href":"https:\/\/bibliotecas.unileon.es\/ciencias-economicas-empresariales\/wp-json\/wp\/v2\/pages\/1563\/revisions\/1831"}],"wp:attachment":[{"href":"https:\/\/bibliotecas.unileon.es\/ciencias-economicas-empresariales\/wp-json\/wp\/v2\/media?parent=1563"}],"curies":[{"name":"wp","href":"https:\/\/api.w.org\/{rel}","templated":true}]}}