{"id":1565,"date":"2017-12-04T11:36:24","date_gmt":"2017-12-04T10:36:24","guid":{"rendered":"http:\/\/bibliotecas.unileon.es\/ciencias-economicas-empresariales\/?page_id=1565"},"modified":"2022-06-13T15:06:58","modified_gmt":"2022-06-13T13:06:58","slug":"1565-2","status":"publish","type":"page","link":"https:\/\/bibliotecas.unileon.es\/ciencias-economicas-empresariales\/1565-2\/","title":{"rendered":"Buscar el \u00cdndice h en Google Acad\u00e9mico"},"content":{"rendered":"<p><span style=\"color: #ff6600;\">\u00bfPor qu\u00e9 crear un perfil en Google Acad\u00e9mico?<\/span><\/p>\n<p style=\"text-align: justify;\">Si a\u00fan no ha creado su perfil en Google Scholar Citations le recomendamos que lo haga cuanto antes. Estos son los argumentos a favor:<\/p>\n<ul style=\"text-align: justify;\">\n<li>Es sencillo y muy f\u00e1cil de mantener. Podr\u00e1 incorporar informaci\u00f3n rastre\u00e1ndola en Google Acad\u00e9mico y el sistema actualizar\u00e1 su perfil con sus nuevos trabajos. Si sus apellidos son muy comunes conviene revisar estas actualizaciones autom\u00e1ticas porque pueden generar errores y asignarle obras que no sean de su autor\u00eda.<\/li>\n<li>Podr\u00e1 conocer la repercusi\u00f3n que tienen sus trabajos a partir de las citas que reciben y detectar las \u00e1reas de mayor inter\u00e9s.<\/li>\n<li>Podr\u00e1 saber de forma inmediata qui\u00e9n le cita y en qu\u00e9 publicaciones aparecen las citas de sus colegas.<\/li>\n<li>Google Acad\u00e9mico le ayudar\u00e1 a hacer m\u00e1s visible su trabajo y la instituci\u00f3n a la que pertenece. Elija que su perfil sea p\u00fablico a la hora de crearlo.<\/li>\n<li>Si sigue el perfil de otros investigadores y suscribe alertas de cita podr\u00e1 saber lo que publican sus colegas y la repercusi\u00f3n que tienen sus trabajos a trav\u00e9s de las citas que reciben.<\/li>\n<\/ul>\n<p style=\"text-align: justify;\">\n<p><span style=\"color: #ff6600;\">C\u00f3mo crear y mantener un perfil en Google Acad\u00e9mico<\/span><\/p>\n<p>Consulte <a href=\"https:\/\/es.slideshare.net\/jalonsoarevalo\/como-crear-perfil-de-investigador-en-google-scholar-citations\" target=\"_blank\" rel=\"noopener\">esta presentaci\u00f3n<\/a> de Julio Alonso Ar\u00e9valo, Bibliotecario de la Universidad de Salamanca para crear su perfil en GA.<\/p>\n<p>O el cap\u00edtulo 9 [\u00abGoogle Scholar Citations: los perfiles acad\u00e9micos en la web\u00bb] incluido en el siguiente libro disponible en la Biblioteca de la Facultad:<\/p>\n<p>Ordu\u00f1a Malea, E., Mart\u00edn Mart\u00edn, A, Ayll\u00f3n, J. M., Delgado L\u00f3pez-Cozar, E. (2016). <a href=\"http:\/\/catoute.unileon.es\/record=b1868922~S1*spi\" target=\"_blank\" rel=\"noopener\">La revoluci\u00f3n Google Scholar: destapando la caja de Pandora acad\u00e9mica<\/a>. Granada: Editorial Universidad de Granada<\/p>\n<p>Para m\u00e1s informaci\u00f3n puede consultar la <a href=\"https:\/\/scholar.google.com\/intl\/en\/scholar\/citations.html#setup\" target=\"_blank\" rel=\"noopener\">Ayuda de Google Acad\u00e9mico<\/a><\/p>\n<p>&nbsp;<\/p>\n<p><span style=\"color: #ff6600;\">El \u00cdndice h en Google Acad\u00e9mico<\/span><\/p>\n<p>Una vez que haya creado su perfil y haya vinculado sus obras el sistema rastrear\u00e1 la red y en funci\u00f3n del n\u00famero de veces que cada una de ellas haya sido citada le mostrar\u00e1\u00a0 el total de citas recibidas, el \u00cdndice h global y el \u00cdndice h a cinco y diez a\u00f1os.<\/p>\n<p>&nbsp;<\/p>\n<p style=\"text-align: center;\"><img loading=\"lazy\" decoding=\"async\" src=\"http:\/\/bibliotecas.unileon.es\/ciencias-economicas-empresariales\/files\/2017\/12\/GOOGLE1.jpg\" alt=\"\" width=\"530\" height=\"337\" \/><\/p>\n<p style=\"text-align: justify;\">La fuente de los datos es Google Acad\u00e9mico cuya cobertura es tres veces mayor que WOS o Scopus, y de cinco a diez veces m\u00e1s en Humanidades y Ciencias Sociales. Por eso, el \u00cdndice h obtenido a partir del perfil personal de Google Acad\u00e9mico es siempre superior al proporcionado por las bases de datos WOS y Scopus.<\/p>\n<p style=\"text-align: justify;\">Por otra parte, no hay que olvidar que las bases de datos comerciales que ofrecen informaci\u00f3n del \u00cdndice h (WOS y Scopus) suponen un cuantioso gasto para el sistema cient\u00edfico espa\u00f1ol asumido por los presupuestos p\u00fablicos mientras que crear y mantener un perfil personal en Google Acad\u00e9mico es gratis y su accesibilidad universal.<\/p>\n<p>&nbsp;<\/p>\n<p>&nbsp;<\/p>\n","protected":false},"excerpt":{"rendered":"<p>\u00bfPor qu\u00e9 crear un perfil en Google Acad\u00e9mico? Si a\u00fan no ha creado su perfil en Google Scholar Citations le recomendamos que lo haga cuanto antes. Estos son los argumentos a favor: Es sencillo y muy f\u00e1cil de mantener. Podr\u00e1 &hellip; <a href=\"https:\/\/bibliotecas.unileon.es\/ciencias-economicas-empresariales\/1565-2\/\">Sigue leyendo <span class=\"meta-nav\">&rarr;<\/span><\/a><\/p>\n","protected":false},"author":22,"featured_media":0,"parent":0,"menu_order":0,"comment_status":"closed","ping_status":"closed","template":"","meta":{"_bbp_topic_count":0,"_bbp_reply_count":0,"_bbp_total_topic_count":0,"_bbp_total_reply_count":0,"_bbp_voice_count":0,"_bbp_anonymous_reply_count":0,"_bbp_topic_count_hidden":0,"_bbp_reply_count_hidden":0,"_bbp_forum_subforum_count":0,"footnotes":""},"class_list":["post-1565","page","type-page","status-publish","hentry"],"_links":{"self":[{"href":"https:\/\/bibliotecas.unileon.es\/ciencias-economicas-empresariales\/wp-json\/wp\/v2\/pages\/1565","targetHints":{"allow":["GET"]}}],"collection":[{"href":"https:\/\/bibliotecas.unileon.es\/ciencias-economicas-empresariales\/wp-json\/wp\/v2\/pages"}],"about":[{"href":"https:\/\/bibliotecas.unileon.es\/ciencias-economicas-empresariales\/wp-json\/wp\/v2\/types\/page"}],"author":[{"embeddable":true,"href":"https:\/\/bibliotecas.unileon.es\/ciencias-economicas-empresariales\/wp-json\/wp\/v2\/users\/22"}],"replies":[{"embeddable":true,"href":"https:\/\/bibliotecas.unileon.es\/ciencias-economicas-empresariales\/wp-json\/wp\/v2\/comments?post=1565"}],"version-history":[{"count":1,"href":"https:\/\/bibliotecas.unileon.es\/ciencias-economicas-empresariales\/wp-json\/wp\/v2\/pages\/1565\/revisions"}],"predecessor-version":[{"id":1606,"href":"https:\/\/bibliotecas.unileon.es\/ciencias-economicas-empresariales\/wp-json\/wp\/v2\/pages\/1565\/revisions\/1606"}],"wp:attachment":[{"href":"https:\/\/bibliotecas.unileon.es\/ciencias-economicas-empresariales\/wp-json\/wp\/v2\/media?parent=1565"}],"curies":[{"name":"wp","href":"https:\/\/api.w.org\/{rel}","templated":true}]}}