{"id":159,"date":"2012-11-28T11:21:12","date_gmt":"2012-11-28T09:21:12","guid":{"rendered":"http:\/\/bibliotecas.unileon.es\/ciencias-economicas-empresariales\/?page_id=159"},"modified":"2025-10-29T09:04:09","modified_gmt":"2025-10-29T08:04:09","slug":"folletos-para-descargar","status":"publish","type":"page","link":"https:\/\/bibliotecas.unileon.es\/ciencias-economicas-empresariales\/folletos-para-descargar\/","title":{"rendered":"Folletos para descargar"},"content":{"rendered":"<p>Todos los folletos est\u00e1n disponibles en el mostrador de la Biblioteca. Desde esta p\u00e1gina puedes imprimir una copia.<\/p>\n<h3><span style=\"color: #ff6600;\"><strong>Gu\u00edas generales<\/strong><\/span><\/h3>\n<p><a href=\"http:\/\/bibliotecas.unileon.es\/ciencias-economicas-empresariales\/files\/2017\/09\/guia-general-nueva-web-color.pdf\" class=\"mtli_attachment mtli_pdf\" target=\"_blank\" rel=\"noopener noreferrer\">Gu\u00eda general de la Biblioteca<\/a>\u00a0con informaci\u00f3n sobre instalaciones, colecciones, servicios y personal.<\/p>\n<p><a href=\"http:\/\/bibliotecas.unileon.es\/ciencias-economicas-empresariales\/files\/2016\/09\/esquema-topografico-color-web.pdf\" class=\"mtli_attachment mtli_pdf\" target=\"_blank\" rel=\"noopener noreferrer\">Esquema topogr\u00e1fico<\/a>\u00a0para conocer la ordenaci\u00f3n de los libros en las estanter\u00edas y el sistema de clasificaci\u00f3n utilizado (C.D.U.)<\/p>\n<p><a href=\"http:\/\/bibliotecas.unileon.es\/ciencias-economicas-empresariales\/files\/2016\/09\/hemeroteca-color.pdf\" class=\"mtli_attachment mtli_pdf\" target=\"_blank\" rel=\"noopener noreferrer\">Gu\u00eda de la Hemeroteca<\/a> con informaci\u00f3n sobre la distribuci\u00f3n de las revistas en Secciones tem\u00e1ticas, Centro de Documentaci\u00f3n estad\u00edstica, Memorias de empresas y bancos y Documentos de trabajo. Informaci\u00f3n sobre acceso a revistas electr\u00f3nicas.<\/p>\n<p>&nbsp;<\/p>\n<h3><span style=\"color: #ff6600;\"><strong>Gu\u00edas de consulta<\/strong><\/span><\/h3>\n<p><a href=\"https:\/\/bibliotecas.unileon.es\/ciencias-economicas-empresariales\/files\/2024\/09\/consulta-discovery-color-web.pdf\" class=\"mtli_attachment mtli_pdf\" target=\"_blank\" rel=\"noopener\">Gu\u00eda de consulta del cat\u00e1logo<\/a> \u00a0con consejos de b\u00fasqueda e informaci\u00f3n sobre su contenido.<\/p>\n<p><a href=\"https:\/\/bibliotecas.unileon.es\/ciencias-economicas-empresariales\/files\/2025\/10\/recursos-electronicos-color.pdf\" class=\"mtli_attachment mtli_pdf\" target=\"_blank\" rel=\"noopener\">Gu\u00eda de recursos electr\u00f3nicos<\/a>, con informaci\u00f3n sobre revistas electr\u00f3nicas y bases de datos suscritas por la Biblioteca Universitaria\u00a0de inter\u00e9s para la econom\u00eda y la gesti\u00f3n.<\/p>\n<p><a href=\"http:\/\/bibliotecas.unileon.es\/ciencias-economicas-empresariales\/files\/2017\/02\/consejos-de-busqueda-en-bdds-color-web.pdf\" class=\"mtli_attachment mtli_pdf\" target=\"_blank\" rel=\"noopener noreferrer\">Gu\u00eda de consulta de bases de datos<\/a> con consejos de b\u00fasqueda en todo tipo de recursos electr\u00f3nicos.<\/p>\n<p>&nbsp;<\/p>\n<h3><span style=\"color: #ff6600;\"><strong>Gu\u00edas de servicios<\/strong><\/span><\/h3>\n<p><a href=\"https:\/\/bibliotecas.unileon.es\/ciencias-economicas-empresariales\/files\/2024\/09\/prestamo-color-web.pdf\" class=\"mtli_attachment mtli_pdf\" target=\"_blank\" rel=\"noopener\">Gu\u00eda de pr\u00e9stamo, renovaciones y reservas <\/a>: N\u00famero m\u00e1ximo de ejemplares en pr\u00e9stamo, duraci\u00f3n del pr\u00e9stamo. Renovaciones y reservas de material prestado.<\/p>\n<p><a href=\"http:\/\/bibliotecas.unileon.es\/ciencias-economicas-empresariales\/files\/2016\/09\/prestamo-port\u00e1tiles-color.pdf\" class=\"mtli_attachment mtli_pdf\" target=\"_blank\" rel=\"noopener noreferrer\">Pr\u00e9stamo de ordenadores port\u00e1tiles<\/a>: Extracto de la normativa de pr\u00e9stamo de dispositivos electr\u00f3nicos.<\/p>\n<p><a href=\"http:\/\/bibliotecas.unileon.es\/ciencias-economicas-empresariales\/files\/2016\/09\/salas-de-trabajo-en-grupo-color.pdf\" class=\"mtli_attachment mtli_pdf\" target=\"_blank\" rel=\"noopener noreferrer\">Salas de trabajo en grupo<\/a> : Instrucciones sobre su uso y reserva.<\/p>\n<p>&nbsp;<\/p>\n<p>&nbsp;<\/p>\n<p>&nbsp;<\/p>\n<p>&nbsp;<\/p>\n","protected":false},"excerpt":{"rendered":"<p>Todos los folletos est\u00e1n disponibles en el mostrador de la Biblioteca. Desde esta p\u00e1gina puedes imprimir una copia. Gu\u00edas generales Gu\u00eda general de la Biblioteca\u00a0con informaci\u00f3n sobre instalaciones, colecciones, servicios y personal. Esquema topogr\u00e1fico\u00a0para conocer la ordenaci\u00f3n de los libros &hellip; <a href=\"https:\/\/bibliotecas.unileon.es\/ciencias-economicas-empresariales\/folletos-para-descargar\/\">Sigue leyendo <span class=\"meta-nav\">&rarr;<\/span><\/a><\/p>\n","protected":false},"author":22,"featured_media":0,"parent":0,"menu_order":0,"comment_status":"open","ping_status":"open","template":"","meta":{"_bbp_topic_count":0,"_bbp_reply_count":0,"_bbp_total_topic_count":0,"_bbp_total_reply_count":0,"_bbp_voice_count":0,"_bbp_anonymous_reply_count":0,"_bbp_topic_count_hidden":0,"_bbp_reply_count_hidden":0,"_bbp_forum_subforum_count":0,"footnotes":""},"class_list":["post-159","page","type-page","status-publish","hentry"],"_links":{"self":[{"href":"https:\/\/bibliotecas.unileon.es\/ciencias-economicas-empresariales\/wp-json\/wp\/v2\/pages\/159","targetHints":{"allow":["GET"]}}],"collection":[{"href":"https:\/\/bibliotecas.unileon.es\/ciencias-economicas-empresariales\/wp-json\/wp\/v2\/pages"}],"about":[{"href":"https:\/\/bibliotecas.unileon.es\/ciencias-economicas-empresariales\/wp-json\/wp\/v2\/types\/page"}],"author":[{"embeddable":true,"href":"https:\/\/bibliotecas.unileon.es\/ciencias-economicas-empresariales\/wp-json\/wp\/v2\/users\/22"}],"replies":[{"embeddable":true,"href":"https:\/\/bibliotecas.unileon.es\/ciencias-economicas-empresariales\/wp-json\/wp\/v2\/comments?post=159"}],"version-history":[{"count":17,"href":"https:\/\/bibliotecas.unileon.es\/ciencias-economicas-empresariales\/wp-json\/wp\/v2\/pages\/159\/revisions"}],"predecessor-version":[{"id":162,"href":"https:\/\/bibliotecas.unileon.es\/ciencias-economicas-empresariales\/wp-json\/wp\/v2\/pages\/159\/revisions\/162"}],"wp:attachment":[{"href":"https:\/\/bibliotecas.unileon.es\/ciencias-economicas-empresariales\/wp-json\/wp\/v2\/media?parent=159"}],"curies":[{"name":"wp","href":"https:\/\/api.w.org\/{rel}","templated":true}]}}