{"id":1643,"date":"2018-06-14T10:40:31","date_gmt":"2018-06-14T08:40:31","guid":{"rendered":"http:\/\/bibliotecas.unileon.es\/ciencias-economicas-empresariales\/?page_id=1643"},"modified":"2023-07-21T10:04:16","modified_gmt":"2023-07-21T08:04:16","slug":"citescore-y-sjr-scopus","status":"publish","type":"page","link":"https:\/\/bibliotecas.unileon.es\/ciencias-economicas-empresariales\/citescore-y-sjr-scopus\/","title":{"rendered":"CiteScore, SJR y otras m\u00e9tricas de Scopus"},"content":{"rendered":"<p>&nbsp;<\/p>\n<p>Las convocatorias de acreditaci\u00f3n y evaluaci\u00f3n admiten como \u00abrelevantes\u00bb las contribuciones publicadas en revistas indexadas en la bases de datos Scopus de Elsevier. A partir del recuento de las citas recibidas se generan diversos indicadores. Algunos de ellos son elaborados por la propia base de datos (CiteScore) y otros (SJR, IPP, SNIP) por grupos de investigaci\u00f3n externos tomando como fuente los art\u00edculos de Scopus y las citas recibidas.<\/p>\n<p>&nbsp;<\/p>\n<h3><span style=\"color: #ff7800;\"><strong>Scimago Journal Rank (Scopus)<\/strong> <\/span>\u00a0 \u00a0 \u00a0 \u00a0 \u00a0 \u00a0\u00a0 <img loading=\"lazy\" decoding=\"async\" class=\"\" title=\"\" src=\"http:\/\/bibliotecas.unileon.es\/ciencias-economicas-empresariales\/files\/2016\/11\/sjr.png\" alt=\"\" width=\"239\" height=\"65\" \/><\/h3>\n<p>&nbsp;<\/p>\n<table style=\"height: 144px;\">\n<tbody>\n<tr style=\"height: 144px;\">\n<td style=\"height: 144px;\"><span style=\"color: #ff7800;\"><strong>Productor<\/strong><\/span>: Grupo de Investigaci\u00f3n Scimago (Scimago LAB) (CSIC y Universidades de Granada, Extremadura, Alcal\u00e1 de Henares y Carlos III de Madrid)<br \/>\n<span style=\"color: #ff7800;\"><strong>Fuente de los datos<\/strong><\/span>: Base de datos Scopus (Elsevier) (Licencia Nacional\u00a0 Fecyt)<br \/>\n<span style=\"color: #ff7800;\"><strong>Cobertura<\/strong><\/span>: Desde 1999<br \/>\n<span style=\"color: #ff7800;\"><strong>Acceso<\/strong><\/span>: Gratuito<br \/>\n<strong><span style=\"color: #ff7800;\">Indicador<\/span><\/strong>: SJR<br \/>\n<a href=\"http:\/\/www.scimagojr.com\/\" target=\"_blank\" rel=\"noopener noreferrer\">Consulta<\/a><\/td>\n<\/tr>\n<\/tbody>\n<\/table>\n<p>&nbsp;<\/p>\n<p>A partir de las citas que reciben los art\u00edculos publicados en las revistas incluidas en Scopus el Grupo de Investigaci\u00f3n Scimago elabora un ranking que ordena las revistas en funci\u00f3n de un indicador que se denomina SJR.<br \/>\nLa consulta de Scimago Journal Rank es gratuita, aunque Scopus, la fuente de la que proceden los datos, no lo sea (Licencia Nacional Fecyt). En el a\u00f1o 2023 Scopus contiene m\u00e1s de 26.000 revistas, la cuarta parte de ellas corresponden a Ciencias Sociales. Su cobertura temporal comienza en 1999.<\/p>\n<p>Seg\u00fan el documento de ANECA <a href=\"https:\/\/www.aneca.es\/documents\/20123\/48615\/210930_Principios+y+directrices.pdf\/cfeeede9-4f47-89db-b377-d474d18ba57c?t=1658212529828\" target=\"_blank\" rel=\"noopener\">Principios y directrices para la actualizaci\u00f3n de criterios de evaluaci\u00f3n de la investigaci\u00f3n<\/a>, el SJR dejar\u00e1 de utilizarse en los procesos de evaluaci\u00f3n y acreditaci\u00f3n a partir de 2023 y en su lugar solo se tendr\u00e1 en cuenta el CiteScore.<\/p>\n<p>&nbsp;<\/p>\n<p><span style=\"color: #ff7800;\"><em><strong>C\u00e1lculo del SJR<\/strong><\/em><\/span><\/p>\n<p>A diferencia del Factor de Impacto, en el c\u00e1lculo del SJR intervienen no s\u00f3lo el n\u00famero de citas sino tambi\u00e9n la influencia de la revista citante por lo que no todas las citas tienen el mismo valor. Si la cita procede de una revista con un SJR alto tiene m\u00e1s valor que si procede de una revista con menor SJR. Por otra parte, en el c\u00e1lculo se utilizan las citas recibidas por los art\u00edculos publicados en los tres \u00faltimos a\u00f1os (dos a\u00f1os para el FI) y siempre se eliminan las autocitas.<\/p>\n<p>&nbsp;<\/p>\n<p><span style=\"color: #ff7800;\"><em><strong>M\u00e1s categor\u00edas y subcategor\u00edas<\/strong><\/em><\/span><\/p>\n<p>Se pueden buscar t\u00edtulos concretos de revistas o rastrear la clasificaci\u00f3n tem\u00e1tica para conocer la posici\u00f3n relativa de un t\u00edtulo dentro de los de su misma categor\u00eda. Como diferencia con JCR, SJR divide cada categor\u00eda tem\u00e1tica en m\u00faltiples subcategor\u00edas lo cual permite hacer b\u00fasquedas m\u00e1s precisas. Por ejemplo, dentro de la categor\u00eda \u201cBusiness, management and accounting\u201d se pueden buscar revistas de las \u00e1reas \u201cAccounting\u201d, \u201cMarketing\u201d \u201cStrategy and management\u201d o \u201cTourism Leisure and Hospitality Management\u201d, entre otras.<\/p>\n<p>&nbsp;<\/p>\n<p><span style=\"color: #ff7800;\"><strong><em>Cuartiles y terciles<\/em><\/strong><\/span><\/p>\n<p>Al igual que en JCR, el listado ordenado por SJR se divide en cuartiles. Las revistas del primer cuartil son las m\u00e1s relevantes dentro de cada \u00e1rea.<\/p>\n<p>M\u00e1s informaci\u00f3n sobre SJR en el <a href=\"https:\/\/service.elsevier.com\/app\/answers\/detail\/a_id\/14883\/supporthub\/scopus\/\" target=\"_blank\" rel=\"noopener noreferrer\">Support Center de Scopus<\/a><\/p>\n<p>&nbsp;<\/p>\n<h3><span style=\"color: #ff7800;\"><strong>CiteScore (Scopus)<\/strong><\/span><\/h3>\n<p>&nbsp;<\/p>\n<table>\n<tbody>\n<tr>\n<td><span style=\"color: #ff7800;\"><strong>Productor<\/strong><\/span>: Elsevier<br \/>\n<span style=\"color: #ff7800;\"><strong>Fuente de los datos<\/strong><\/span>: Revistas indexadas en la Base de datos Scopus (Elsevier) (Licencia Nacional\u00a0 Fecyt)<br \/>\n<span style=\"color: #ff7800;\"><strong>Cobertura<\/strong><\/span>: Desde 2011<br \/>\n<span style=\"color: #ff7800;\"><strong>Acceso<\/strong><\/span>: Gratuito<br \/>\n<strong><span style=\"color: #ff7800;\">Indicador<\/span><\/strong>: CiteScore<br \/>\n<a href=\"https:\/\/www.scopus.com\/sources\" target=\"_blank\" rel=\"noopener noreferrer\">Consulta<\/a><\/td>\n<\/tr>\n<\/tbody>\n<\/table>\n<p>&nbsp;<\/p>\n<p>A partir de 2023 CiteScore sustituir\u00e1 a SJR en los procesos de evaluaci\u00f3n y acreditaci\u00f3n de ANECA.<\/p>\n<p>CiteScore es el indicador elaborado directamente por Elsevier y m\u00e1s pr\u00f3ximo en su metodolog\u00eda al Factor de Impacto de JCR aunque con algunas diferencias:<\/p>\n<p>&nbsp;<\/p>\n<ul>\n<li>Se calcula a partir de las citas recibidas en los cuatro \u00faltimos a\u00f1os (antes de 2018 fueron los tres \u00faltimos a\u00f1os) (dos a\u00f1os para el FI).<\/li>\n<\/ul>\n<p><img loading=\"lazy\" decoding=\"async\" class=\"aligncenter\" src=\"https:\/\/bibliotecas.unileon.es\/ciencias-economicas-empresariales\/files\/2021\/04\/citescore.jpg\" alt=\"\" width=\"517\" height=\"312\" \/><\/p>\n<ul>\n<li>El an\u00e1lisis de citas se hace sobre las recibidas por todos los documentos que integran la base de datos incluyendo reviews, editoriales, cartas, res\u00famenes, erratum, etc., documentos estos \u00abno citables\u00bb en la metodolog\u00eda del c\u00e1lculo del Factor de Impacto de JCR que solo considera las citas recibidas por los art\u00edculos, rese\u00f1as y ponencias de congresos.<\/li>\n<li>La lista de revistas de Scopus es mucho m\u00e1s grande que la lista de revistas indexadas en WOS. M\u00e1s de 38.000 revistas en 2020, 5.000 de ellas de acceso abierto.<\/li>\n<li>Todas las revistas incluidas en Scopus tienen CiteScore. M\u00e1s de 12.000 son exclusivas de Scopus con lo cual tienen CiteScore pero carecen de Factor de impacto al no estar incluidas en Web of Science. Adem\u00e1s, no hay que olvidar que las revistas de Arte y Humanidades, a pesar de estar incluidas en Web of Science, no tienen Factor de Impacto (no hay JCR de Artes y Humanidades). Y las revistas incluidas en la categor\u00eda \u00abEmerging\u00bb de WOS tampoco tienen Factor de Impacto.<\/li>\n<\/ul>\n<p>&nbsp;<\/p>\n<p>Para conocer el CiteScore de cualquier revista incluida en Scopus hay que hacer una b\u00fasqueda por T\u00edtulo, Categor\u00eda tem\u00e1tica, Editor o ISSN en el apartado Sources<\/p>\n<p>&nbsp;<\/p>\n<p><img loading=\"lazy\" decoding=\"async\" class=\"aligncenter\" src=\"https:\/\/bibliotecas.unileon.es\/ciencias-economicas-empresariales\/files\/2021\/04\/sources.jpg\" alt=\"\" width=\"563\" height=\"173\" \/><\/p>\n<p>&nbsp;<\/p>\n<p>Mediante la opci\u00f3n \u00abCompare sources\u00bb es posible comparar hasta 10 revistas en funci\u00f3n de todas sus m\u00e9tricas. M\u00e1s informaci\u00f3n en en <a href=\"https:\/\/service.elsevier.com\/app\/answers\/detail\/a_id\/11216\/supporthub\/scopus\/\" target=\"_blank\" rel=\"noopener noreferrer\">Support Center de Scopus<\/a><\/p>\n<p>&nbsp;<\/p>\n<p><img loading=\"lazy\" decoding=\"async\" class=\"\" src=\"https:\/\/bibliotecas.unileon.es\/ciencias-economicas-empresariales\/files\/2021\/04\/compare-sources.jpg\" alt=\"\" width=\"563\" height=\"176\" \/><\/p>\n<p>M\u00e1s informaci\u00f3n sobre CiteScore:<\/p>\n<ul>\n<li>En la <a href=\"https:\/\/service.elsevier.com\/app\/answers\/detail\/a_id\/14880\/c\/10547\/supporthub\/scopus\/\" target=\"_blank\" rel=\"noopener noreferrer\">web del Support Center de Scopus<\/a><\/li>\n<li>En el siguiente <a href=\"https:\/\/www.elsevier.com\/solutions\/scopus\/how-scopus-works\/metrics?SIS_ID=2503&amp;dgcid=RN_AG_Sourced_300000273&amp;utm_medium=email&amp;utm_source=AC_71&amp;utm_campaign=RN_AG_Sourced_300000273\" target=\"_blank\" rel=\"noopener noreferrer\">v\u00eddeo<\/a> elaborado por Elsevier.<\/li>\n<li>En el folleto titulado <a href=\"https:\/\/www.elsevier.com\/__data\/assets\/pdf_file\/0008\/318284\/ACADRMFSCiteScoremetricsWEB.pdf\" class=\"mtli_attachment mtli_pdf\" target=\"_blank\" rel=\"noopener noreferrer\">CiteScore metrics. Don&#8217;t speculate. Validate<\/a>, elaborado por Elsevier<\/li>\n<\/ul>\n<p>&nbsp;<\/p>\n<h3><span style=\"color: #ff6600;\"><strong>CWTS Journal Indicators<\/strong><\/span><\/h3>\n<p>Un Grupo de investigaci\u00f3n con sede en el Centre for Science and Technology Studies de la Leiden University elabora dos indicadores a partir de las citas en Scopus. Son el\u00a0 <a href=\"https:\/\/www.journalmetrics.com\/ipp.php\" target=\"_blank\" rel=\"noopener noreferrer\">IPP<\/a> (Impacto por Publicaci\u00f3n) y el <a href=\"https:\/\/www.journalmetrics.com\/snip.php\" target=\"_blank\" rel=\"noopener noreferrer\">SNIP<\/a> (Source Normalized Impact per Paper).<\/p>\n<p>M\u00e1s informaci\u00f3n sobre SNIP en el <a href=\"https:\/\/service.elsevier.com\/app\/answers\/detail\/a_id\/14884\/supporthub\/scopus\/\" target=\"_blank\" rel=\"noopener noreferrer\">Support Center de Scopus<\/a><\/p>\n<p>M\u00e1s informaci\u00f3n sobre las m\u00e9tricas de Elsevier en la <a href=\"https:\/\/www.recursoscientificos.fecyt.es\/servicios\/indices-de-impacto\" target=\"_blank\" rel=\"noopener noreferrer\">web de Fecyt<\/a><\/p>\n<p>&nbsp;<\/p>\n","protected":false},"excerpt":{"rendered":"<p>&nbsp; Las convocatorias de acreditaci\u00f3n y evaluaci\u00f3n admiten como \u00abrelevantes\u00bb las contribuciones publicadas en revistas indexadas en la bases de datos Scopus de Elsevier. A partir del recuento de las citas recibidas se generan diversos indicadores. Algunos de ellos son &hellip; <a href=\"https:\/\/bibliotecas.unileon.es\/ciencias-economicas-empresariales\/citescore-y-sjr-scopus\/\">Sigue leyendo <span class=\"meta-nav\">&rarr;<\/span><\/a><\/p>\n","protected":false},"author":22,"featured_media":0,"parent":0,"menu_order":0,"comment_status":"closed","ping_status":"closed","template":"","meta":{"_bbp_topic_count":0,"_bbp_reply_count":0,"_bbp_total_topic_count":0,"_bbp_total_reply_count":0,"_bbp_voice_count":0,"_bbp_anonymous_reply_count":0,"_bbp_topic_count_hidden":0,"_bbp_reply_count_hidden":0,"_bbp_forum_subforum_count":0,"footnotes":""},"class_list":["post-1643","page","type-page","status-publish","hentry"],"_links":{"self":[{"href":"https:\/\/bibliotecas.unileon.es\/ciencias-economicas-empresariales\/wp-json\/wp\/v2\/pages\/1643","targetHints":{"allow":["GET"]}}],"collection":[{"href":"https:\/\/bibliotecas.unileon.es\/ciencias-economicas-empresariales\/wp-json\/wp\/v2\/pages"}],"about":[{"href":"https:\/\/bibliotecas.unileon.es\/ciencias-economicas-empresariales\/wp-json\/wp\/v2\/types\/page"}],"author":[{"embeddable":true,"href":"https:\/\/bibliotecas.unileon.es\/ciencias-economicas-empresariales\/wp-json\/wp\/v2\/users\/22"}],"replies":[{"embeddable":true,"href":"https:\/\/bibliotecas.unileon.es\/ciencias-economicas-empresariales\/wp-json\/wp\/v2\/comments?post=1643"}],"version-history":[{"count":1,"href":"https:\/\/bibliotecas.unileon.es\/ciencias-economicas-empresariales\/wp-json\/wp\/v2\/pages\/1643\/revisions"}],"predecessor-version":[{"id":1645,"href":"https:\/\/bibliotecas.unileon.es\/ciencias-economicas-empresariales\/wp-json\/wp\/v2\/pages\/1643\/revisions\/1645"}],"wp:attachment":[{"href":"https:\/\/bibliotecas.unileon.es\/ciencias-economicas-empresariales\/wp-json\/wp\/v2\/media?parent=1643"}],"curies":[{"name":"wp","href":"https:\/\/api.w.org\/{rel}","templated":true}]}}