{"id":2012,"date":"2021-09-16T13:16:22","date_gmt":"2021-09-16T11:16:22","guid":{"rendered":"https:\/\/bibliotecas.unileon.es\/ciencias-economicas-empresariales\/?page_id=2012"},"modified":"2023-10-11T09:53:09","modified_gmt":"2023-10-11T07:53:09","slug":"catalogo","status":"publish","type":"page","link":"https:\/\/bibliotecas.unileon.es\/ciencias-economicas-empresariales\/catalogo\/","title":{"rendered":"Consulta el cat\u00e1logo bibliogr\u00e1fico"},"content":{"rendered":"<div class=\"s-lg-tab-content\">\n<div id=\"s-lg-guide-main\" class=\"tab-pane active\" tabindex=\"-1\">\n<div class=\"row s-lg-row\">\n<div id=\"s-lg-col-1\" class=\"col-md-12\">\n<div class=\"s-lg-col-boxes\">\n<div id=\"s-lg-box-wrapper-18242605\" class=\"s-lg-box-wrapper-18242605\">\n<div id=\"s-lg-box-15402112-container\" class=\"s-lib-box-container\">\n<div id=\"s-lg-box-15402112\" class=\"s-lib-box s-lib-box-std s-lib-floating-box\">\n<div id=\"s-lg-box-collapse-15402112\">\n<div class=\"s-lib-box-content s-lib-floating-box-content\">\n<div id=\"s-lg-content-33367486\" class=\" clearfix\">\n<p style=\"text-align: center;\"><a href=\"https:\/\/catoute.unileon.es\/discovery\/search?vid=34BUC_ULE:VU1\" target=\"_blank\" rel=\"noopener\"><img loading=\"lazy\" decoding=\"async\" class=\"\" src=\"https:\/\/bibliotecas.unileon.es\/ciencias-economicas-empresariales\/files\/2023\/10\/imagen-catoute.jpg\" alt=\"\" width=\"566\" height=\"246\" \/><\/a><\/p>\n<h6 style=\"text-align: center;\">Pincha sobre la imagen para acceder a Catoute<\/h6>\n<p style=\"text-align: justify;\"><span id=\"page251R_mcid14\" class=\"markedContent\"><span dir=\"ltr\" role=\"presentation\">El cat\u00e1logo bibliogr\u00e1fico Catoute es una herramienta de <\/span><span dir=\"ltr\" role=\"presentation\">descubrimiento <\/span><span dir=\"ltr\" role=\"presentation\">que <\/span><span dir=\"ltr\" role=\"presentation\">permite <\/span><span dir=\"ltr\" role=\"presentation\">localizar <\/span><span dir=\"ltr\" role=\"presentation\">mediante <\/span><span dir=\"ltr\" role=\"presentation\">una <\/span><span dir=\"ltr\" role=\"presentation\">\u00fanica <\/span><span dir=\"ltr\" role=\"presentation\">b\u00fasqueda <\/span><span dir=\"ltr\" role=\"presentation\">todos <\/span><span dir=\"ltr\" role=\"presentation\">los <\/span><span dir=\"ltr\" role=\"presentation\">recursos <\/span><span dir=\"ltr\" role=\"presentation\">disponibles <\/span><span dir=\"ltr\" role=\"presentation\">en <\/span><span dir=\"ltr\" role=\"presentation\">la <\/span><span dir=\"ltr\" role=\"presentation\">Biblioteca <\/span><span dir=\"ltr\" role=\"presentation\">de <\/span><span dir=\"ltr\" role=\"presentation\">la <\/span><span dir=\"ltr\" role=\"presentation\">Universidad, <\/span><span dir=\"ltr\" role=\"presentation\">tanto <\/span><span dir=\"ltr\" role=\"presentation\">impresos <\/span><span dir=\"ltr\" role=\"presentation\">como <\/span><span dir=\"ltr\" role=\"presentation\">electr\u00f3nicos.<br \/>\n<\/span><span dir=\"ltr\" role=\"presentation\">Desde un \u00fanico punto de consulta (Discovery) es posible <\/span><span dir=\"ltr\" role=\"presentation\">localizar <\/span><span dir=\"ltr\" role=\"presentation\">y <\/span><span dir=\"ltr\" role=\"presentation\">acceder <\/span><span dir=\"ltr\" role=\"presentation\">al <\/span><span dir=\"ltr\" role=\"presentation\">texto <\/span><span dir=\"ltr\" role=\"presentation\">completo <\/span><span dir=\"ltr\" role=\"presentation\">de <\/span><span dir=\"ltr\" role=\"presentation\">todos <\/span><span dir=\"ltr\" role=\"presentation\">los <\/span><span dir=\"ltr\" role=\"presentation\">documentos incluidos en las revistas electr\u00f3nicas y bases <\/span><span dir=\"ltr\" role=\"presentation\">de <\/span><span dir=\"ltr\" role=\"presentation\">datos <\/span><span dir=\"ltr\" role=\"presentation\">suscritas <\/span><span dir=\"ltr\" role=\"presentation\">por <\/span><span dir=\"ltr\" role=\"presentation\">la <\/span><span dir=\"ltr\" role=\"presentation\">instituci\u00f3n <\/span><span dir=\"ltr\" role=\"presentation\">y <\/span><span dir=\"ltr\" role=\"presentation\">expandir <\/span><span dir=\"ltr\" role=\"presentation\">las <\/span><span dir=\"ltr\" role=\"presentation\">b\u00fasquedas m\u00e1s all\u00e1 de los recursos propios para localizar <\/span><span dir=\"ltr\" role=\"presentation\">otros <\/span><span dir=\"ltr\" role=\"presentation\">documentos <\/span><span dir=\"ltr\" role=\"presentation\">de <\/span><span dir=\"ltr\" role=\"presentation\">inter\u00e9s <\/span><span dir=\"ltr\" role=\"presentation\">seleccionados <\/span><span dir=\"ltr\" role=\"presentation\">por <\/span><span dir=\"ltr\" role=\"presentation\">la <\/span><span dir=\"ltr\" role=\"presentation\">Biblioteca.<br \/>\n<\/span><span dir=\"ltr\" role=\"presentation\">Adem\u00e1s, <\/span><span dir=\"ltr\" role=\"presentation\">la <\/span><span dir=\"ltr\" role=\"presentation\">herramienta <\/span><span dir=\"ltr\" role=\"presentation\">integra <\/span><span dir=\"ltr\" role=\"presentation\">en <\/span><span dir=\"ltr\" role=\"presentation\">las <\/span><span dir=\"ltr\" role=\"presentation\">b\u00fasquedas <\/span><span dir=\"ltr\" role=\"presentation\">documentos <\/span><span dir=\"ltr\" role=\"presentation\">de <\/span><span dir=\"ltr\" role=\"presentation\">producci\u00f3n <\/span><span dir=\"ltr\" role=\"presentation\">propia <\/span><span dir=\"ltr\" role=\"presentation\">incluidos <\/span><span dir=\"ltr\" role=\"presentation\">en <\/span><span dir=\"ltr\" role=\"presentation\">el <\/span><\/span><a href=\"https:\/\/buleria.unileon.es\/\" target=\"_blank\" rel=\"noopener\"><span id=\"page251R_mcid15\" class=\"markedContent\"><span dir=\"ltr\" role=\"presentation\">Repositorio <\/span><span dir=\"ltr\" role=\"presentation\">Institucional <\/span><span dir=\"ltr\" role=\"presentation\">BULERIA<\/span><\/span><\/a><span id=\"page251R_mcid16\" class=\"markedContent\"> <span dir=\"ltr\" role=\"presentation\">y <\/span><span dir=\"ltr\" role=\"presentation\">en <\/span><span dir=\"ltr\" role=\"presentation\">el <\/span><\/span><a href=\"http:\/\/revpubli.unileon.es\/\" target=\"_blank\" rel=\"noopener\"><span id=\"page251R_mcid17\" class=\"markedContent\"><span dir=\"ltr\" role=\"presentation\">Portal <\/span><span dir=\"ltr\" role=\"presentation\">de <\/span><span dir=\"ltr\" role=\"presentation\">revistas cient\u00edficas<\/span><\/span><span id=\"page251R_mcid18\" class=\"markedContent\"><span dir=\"ltr\" role=\"presentation\"> de la Universidad. <\/span><\/span><\/a><\/p>\n<p>&nbsp;<\/p>\n<p>Para m\u00e1s informaci\u00f3n consulta el folleto titulado \u00ab<a href=\"https:\/\/bibliotecas.unileon.es\/ciencias-economicas-empresariales\/files\/2021\/09\/consulta-discovery-color-web.pdf\" class=\"mtli_attachment mtli_pdf\" target=\"_blank\" rel=\"noopener\">Consulta del cat\u00e1logo. Contenido y consejos de b\u00fasqueda<\/a>\u00bb elaborado por la Biblioteca de la Facultad o la <a href=\"https:\/\/biblioteca.unileon.es\/catalogobib\" target=\"_blank\" rel=\"noopener\">Gu\u00eda tem\u00e1tica<\/a> disponible en la web de la Biblioteca Universitaria con <a href=\"https:\/\/biblioteca.unileon.es\/catalogobib\/videos\" target=\"_blank\" rel=\"noopener\">v\u00eddeos<\/a> sobre c\u00f3mo hacer b\u00fasquedas, renovaciones y reservas de pr\u00e9stamos, etc.<\/p>\n<p>&nbsp;<\/p>\n<\/div>\n<\/div>\n<\/div>\n<\/div>\n<\/div>\n<\/div>\n<\/div>\n<\/div>\n<\/div>\n<\/div>\n<\/div>\n","protected":false},"excerpt":{"rendered":"<p>Pincha sobre la imagen para acceder a Catoute El cat\u00e1logo bibliogr\u00e1fico Catoute es una herramienta de descubrimiento que permite localizar mediante una \u00fanica b\u00fasqueda todos los recursos disponibles en la Biblioteca de la Universidad, tanto impresos como electr\u00f3nicos. Desde un &hellip; <a href=\"https:\/\/bibliotecas.unileon.es\/ciencias-economicas-empresariales\/catalogo\/\">Sigue leyendo <span class=\"meta-nav\">&rarr;<\/span><\/a><\/p>\n","protected":false},"author":22,"featured_media":0,"parent":0,"menu_order":0,"comment_status":"closed","ping_status":"closed","template":"","meta":{"_bbp_topic_count":0,"_bbp_reply_count":0,"_bbp_total_topic_count":0,"_bbp_total_reply_count":0,"_bbp_voice_count":0,"_bbp_anonymous_reply_count":0,"_bbp_topic_count_hidden":0,"_bbp_reply_count_hidden":0,"_bbp_forum_subforum_count":0,"footnotes":""},"class_list":["post-2012","page","type-page","status-publish","hentry"],"_links":{"self":[{"href":"https:\/\/bibliotecas.unileon.es\/ciencias-economicas-empresariales\/wp-json\/wp\/v2\/pages\/2012","targetHints":{"allow":["GET"]}}],"collection":[{"href":"https:\/\/bibliotecas.unileon.es\/ciencias-economicas-empresariales\/wp-json\/wp\/v2\/pages"}],"about":[{"href":"https:\/\/bibliotecas.unileon.es\/ciencias-economicas-empresariales\/wp-json\/wp\/v2\/types\/page"}],"author":[{"embeddable":true,"href":"https:\/\/bibliotecas.unileon.es\/ciencias-economicas-empresariales\/wp-json\/wp\/v2\/users\/22"}],"replies":[{"embeddable":true,"href":"https:\/\/bibliotecas.unileon.es\/ciencias-economicas-empresariales\/wp-json\/wp\/v2\/comments?post=2012"}],"version-history":[{"count":1,"href":"https:\/\/bibliotecas.unileon.es\/ciencias-economicas-empresariales\/wp-json\/wp\/v2\/pages\/2012\/revisions"}],"predecessor-version":[{"id":2014,"href":"https:\/\/bibliotecas.unileon.es\/ciencias-economicas-empresariales\/wp-json\/wp\/v2\/pages\/2012\/revisions\/2014"}],"wp:attachment":[{"href":"https:\/\/bibliotecas.unileon.es\/ciencias-economicas-empresariales\/wp-json\/wp\/v2\/media?parent=2012"}],"curies":[{"name":"wp","href":"https:\/\/api.w.org\/{rel}","templated":true}]}}