{"id":2054,"date":"2021-10-08T13:09:00","date_gmt":"2021-10-08T11:09:00","guid":{"rendered":"https:\/\/bibliotecas.unileon.es\/ciencias-economicas-empresariales\/?page_id=2054"},"modified":"2025-09-11T10:44:13","modified_gmt":"2025-09-11T08:44:13","slug":"bibliografia-recomendada","status":"publish","type":"page","link":"https:\/\/bibliotecas.unileon.es\/ciencias-economicas-empresariales\/bibliografia-recomendada\/","title":{"rendered":"Bibliograf\u00eda recomendada"},"content":{"rendered":"<p style=\"text-align: justify;\">La Biblioteca adquiere el compromiso de poner a disposici\u00f3n de los alumnos la bibliograf\u00eda recomendada en todas las asignaturas que se imparten en los distintos Grados. Para ello, cada a\u00f1o revisamos las Gu\u00edas docentes, actualizamos las ediciones y compramos los libros no disponibles.<\/p>\n<p style=\"text-align: justify;\">Para conocer\u00a0 los materiales (libros, art\u00edculos de revistas, sitios web, etc.) que recomiendan los profesores en la <a href=\"https:\/\/www.unileon.es\/estudiantes\/oferta-academica\/grados\" target=\"_blank\" rel=\"noopener\">Gu\u00eda docente<\/a> de cada asignatura disponemos de la herrmienta Leganto.<\/p>\n<p style=\"text-align: justify;\">Accede a Leganto desde el Cat\u00e1logo de la Biblioteca, en la opci\u00f3n del men\u00fa <a href=\"https:\/\/catoute.unileon.es\/discovery\/search?vid=34BUC_ULE:VU1&amp;lang=es\" target=\"_blank\" rel=\"noopener\">\u00abLeganto. Listas de lecturas<\/a>\u00ab. Puedes hacer b\u00fasquedas por el nombre de la asignatura o por el nombre del profesor. Ver\u00e1s todos los materiales recomendados y podr\u00e1s conocer su ubicaci\u00f3n y disponibilidad en la Biblioteca, o acceder al texto completo si es un recurso electr\u00f3nico.<\/p>\n<p style=\"text-align: center;\"><img loading=\"lazy\" decoding=\"async\" class=\"\" src=\"https:\/\/bibliotecas.unileon.es\/ciencias-economicas-empresariales\/files\/2024\/09\/LEGANTO-CATALOGO-NUEVO.jpg\" alt=\"\" width=\"603\" height=\"66\" \/><\/p>\n<p>&nbsp;<\/p>\n<p>En la <a href=\"https:\/\/bibliotecas.unileon.es\/ciencias-economicas-empresariales\/guia-rapida-para-alumnos-de-primer-curso\/\" target=\"_blank\" rel=\"noopener\">Gu\u00eda tem\u00e1tica de tu Grado,<\/a> en la pesta\u00f1a \u00abBibliograf\u00eda recomendada\u00bb, puedes ver un ejemplo sobre c\u00f3mo buscar en Leganto las lecturas recomendadas en una de tus asignaturas.<\/p>\n<p style=\"text-align: justify;\">Para m\u00e1s informaci\u00f3n consulta la Gu\u00eda tem\u00e1tica de Leganto disponible\u00a0en la p\u00e1gina web de la Biblioteca Universitaria en el apartado <a href=\"https:\/\/biblioteca.unileon.es\/leganto\" target=\"_blank\" rel=\"noopener\">\u00abEncuentra\/Leganto\u00bb<\/a>.<\/p>\n","protected":false},"excerpt":{"rendered":"<p>La Biblioteca adquiere el compromiso de poner a disposici\u00f3n de los alumnos la bibliograf\u00eda recomendada en todas las asignaturas que se imparten en los distintos Grados. Para ello, cada a\u00f1o revisamos las Gu\u00edas docentes, actualizamos las ediciones y compramos los &hellip; <a href=\"https:\/\/bibliotecas.unileon.es\/ciencias-economicas-empresariales\/bibliografia-recomendada\/\">Sigue leyendo <span class=\"meta-nav\">&rarr;<\/span><\/a><\/p>\n","protected":false},"author":22,"featured_media":0,"parent":0,"menu_order":0,"comment_status":"closed","ping_status":"closed","template":"","meta":{"_bbp_topic_count":0,"_bbp_reply_count":0,"_bbp_total_topic_count":0,"_bbp_total_reply_count":0,"_bbp_voice_count":0,"_bbp_anonymous_reply_count":0,"_bbp_topic_count_hidden":0,"_bbp_reply_count_hidden":0,"_bbp_forum_subforum_count":0,"footnotes":""},"class_list":["post-2054","page","type-page","status-publish","hentry"],"_links":{"self":[{"href":"https:\/\/bibliotecas.unileon.es\/ciencias-economicas-empresariales\/wp-json\/wp\/v2\/pages\/2054","targetHints":{"allow":["GET"]}}],"collection":[{"href":"https:\/\/bibliotecas.unileon.es\/ciencias-economicas-empresariales\/wp-json\/wp\/v2\/pages"}],"about":[{"href":"https:\/\/bibliotecas.unileon.es\/ciencias-economicas-empresariales\/wp-json\/wp\/v2\/types\/page"}],"author":[{"embeddable":true,"href":"https:\/\/bibliotecas.unileon.es\/ciencias-economicas-empresariales\/wp-json\/wp\/v2\/users\/22"}],"replies":[{"embeddable":true,"href":"https:\/\/bibliotecas.unileon.es\/ciencias-economicas-empresariales\/wp-json\/wp\/v2\/comments?post=2054"}],"version-history":[{"count":1,"href":"https:\/\/bibliotecas.unileon.es\/ciencias-economicas-empresariales\/wp-json\/wp\/v2\/pages\/2054\/revisions"}],"predecessor-version":[{"id":2056,"href":"https:\/\/bibliotecas.unileon.es\/ciencias-economicas-empresariales\/wp-json\/wp\/v2\/pages\/2054\/revisions\/2056"}],"wp:attachment":[{"href":"https:\/\/bibliotecas.unileon.es\/ciencias-economicas-empresariales\/wp-json\/wp\/v2\/media?parent=2054"}],"curies":[{"name":"wp","href":"https:\/\/api.w.org\/{rel}","templated":true}]}}