{"id":2212,"date":"2022-10-30T01:04:22","date_gmt":"2022-10-29T23:04:22","guid":{"rendered":"https:\/\/bibliotecas.unileon.es\/ciencias-economicas-empresariales\/?page_id=2212"},"modified":"2025-11-05T14:36:44","modified_gmt":"2025-11-05T13:36:44","slug":"mendeley-reference-manager","status":"publish","type":"page","link":"https:\/\/bibliotecas.unileon.es\/ciencias-economicas-empresariales\/mendeley-reference-manager\/","title":{"rendered":"Mendeley Reference Manager"},"content":{"rendered":"<p>&nbsp;<\/p>\n<h3 style=\"text-align: center;\">Consulta la <a href=\"https:\/\/biblioteca.unileon.es\/mendeley-reference-manager\" target=\"_blank\" rel=\"noopener\">GUIA TEM\u00c1TICA SOBRE MENDELEY REFERENCE MANAGER<\/a><\/h3>\n<p>&nbsp;<\/p>\n<p style=\"text-align: center;\"><span style=\"color: #000000;\"><strong>Utilizar Mendeley es muy recomendable pero no es sin\u00f3nimo de \u00e9xito seguro. Ten en cuenta que Mendeley es s\u00f3lo una herramienta cuyo buen uso depende de ti. Si no revisas las referencias, la bibliograf\u00eda de tu trabajo puede contener errores<\/strong><\/span><\/p>\n<p>&nbsp;<\/p>\n<p><span style=\"color: #ff6600;\"><strong>\u00bfQu\u00e9 es Mendeley Reference Manager?<\/strong><\/span><\/p>\n<ul>\n<li style=\"text-align: justify;\">Una herramienta inform\u00e1tica que captura referencias bibliogr\u00e1ficas de bases de datos como Dialnet, Scopus, ABI\/Inform, Google Acad\u00e9mico, etc., o de p\u00e1ginas web en general. Y las almacena en tu biblioteca personal de referencias.<\/li>\n<li style=\"text-align: justify;\">Tambi\u00e9n permite generar referencias a partir de documentos PDF guardados en tu ordenador personal. El texto completo del documento se guarda junto con la referencia. As\u00ed evitas tener que imprimirlos y est\u00e1n para siempre disponibles en la nube.<\/li>\n<li style=\"text-align: justify;\">Puedes utilizar la informaci\u00f3n almacenada para insertar citas a medida que escribes un trabajo y generar la lista final de referencias en formato APA 7th.<\/li>\n<\/ul>\n<p>&nbsp;<\/p>\n<p><strong><span style=\"color: #ff6600;\">C\u00f3mo crear una cuenta en Mendeley<\/span><br \/>\n<\/strong><\/p>\n<p>Para crear una cuenta pincha sobre el logo de acceso a Mendeley y sigue las instrucciones que encontrar\u00e1s en <a href=\"https:\/\/bibliotecas.unileon.es\/ciencias-economicas-empresariales\/files\/2022\/11\/INSTRU1.pdf\" class=\"mtli_attachment mtli_pdf\" target=\"_blank\" rel=\"noopener noreferrer\">este documento,<\/a> o en la <a href=\"https:\/\/biblioteca.unileon.es\/mendeley-reference-manager\" target=\"_blank\" rel=\"noopener\">Gu\u00eda tem\u00e1tica<\/a><\/p>\n<h6><a href=\"https:\/\/www.mendeley.com\/\" target=\"_blank\" rel=\"noopener noreferrer\"><img loading=\"lazy\" decoding=\"async\" class=\"aligncenter\" src=\"http:\/\/bibliotecas.unileon.es\/ciencias-economicas-empresariales\/files\/2016\/03\/logo-mendeley.png\" alt=\"\" width=\"212\" height=\"169\" \/><\/a><\/h6>\n<h6 style=\"text-align: left;\"><em><strong>Pincha sobre el logo acceder a Mendeley Web<br \/>\n<\/strong><\/em><\/h6>\n<p>&nbsp;<\/p>\n<p style=\"text-align: justify;\">Si quieres beneficiarte de las ventajas de la versi\u00f3n institucional (mayor capacidad de almacenamiento para guardar referencias y crear m\u00e1s grupos y m\u00e1s numerosos) <strong>tienes que crear la cuenta desde un ordenador de la red local de la Universidad o a trav\u00e9s de la opci\u00f3n \u00abInicie sesi\u00f3n a trav\u00e9s de su instituci\u00f3n\u00bb.<\/strong><\/p>\n<table border=\"1\">\n<tbody>\n<tr>\n<td>Todas las cuentas gratuitas creadas desde un\u00a0 ordenador de la ULE o identific\u00e1ndose con un correo de la ULE son cuentas institucionales (Mendeley Institutional Edition)<\/p>\n<p style=\"text-align: justify;\">Si creas tu cuenta desde casa estar\u00e1s creando una cuenta s\u00f3lo gratuita (Mendeley Free). Para convertir tu cuenta gratuita en institucional en el momento de acceso a a Mendeley elige la opci\u00f3n \u00abInicie sesi\u00f3n a trav\u00e9s de su instituci\u00f3n\u00bb<\/p>\n<\/td>\n<\/tr>\n<\/tbody>\n<\/table>\n<p>&nbsp;<\/p>\n<p><span style=\"color: #ff6600;\"><strong>No dejes de acudir a nuestras sesiones de formaci\u00f3n<\/strong><\/span><\/p>\n<p style=\"text-align: justify;\">La Biblioteca de la Facultad incluye Mendeley en el programa de\u00a0 formaci\u00f3n desde marzo de 2016 y se organizan cursos extraordinarios para alumnos que preparan su Trabajo de Fin de Grado.<br \/>\nSi quieres acudir a cualquiera de nuestras formaciones puedes consultar las fechas y horarios en el apartado<a href=\"http:\/\/bibliotecas.unileon.es\/ciencias-economicas-empresariales\/formacion\/\" target=\"_blank\" rel=\"noopener noreferrer\"><em> \u00abFormaci\u00f3n y ayuda \/ calendario de formaciones\u00bb<\/em><\/a> de esta web.<\/p>\n<p style=\"text-align: justify;\"><span style=\"color: #ff6600;\"><strong>En tu ordenador personal no olvides<\/strong><\/span><\/p>\n<ul>\n<li style=\"text-align: justify;\"><a href=\"https:\/\/www.mendeley.com\/reference-management\/mendeley-desktop\" target=\"_blank\" rel=\"noopener noreferrer\">Descargar la versi\u00f3n de escritorio<\/a> de Mendeley Reference Manager.<\/li>\n<li style=\"text-align: justify;\"><a href=\"https:\/\/www.mendeley.com\/import\/\" target=\"_blank\" rel=\"noopener noreferrer\">Instalar el plugin \u00abWeb importer\u00bb<\/a> para capturar referencias.<\/li>\n<li style=\"text-align: justify;\">Instalar el complemento <a href=\"https:\/\/biblioteca.unileon.es\/mendeley-reference-manager\/citasybibliografias\/instalar-mendeley-cite-escoger-formato-e-idioma\" target=\"_blank\" rel=\"noopener\">Mendeley Cite<\/a> de Word para insertar citas y hacer la lista final de referencias (funciona s\u00f3lo con Word 2016 o superior)<\/li>\n<li style=\"text-align: justify;\">Si acudes a una de nuestras formaciones con tu port\u00e1til personal te aconsejamos que configures antes el navegador <a href=\"https:\/\/bibliotecas.unileon.es\/ciencias-economicas-empresariales\/files\/2020\/11\/configurar-firefox-para-la-formacion-de-Mendeley.pdf\" class=\"mtli_attachment mtli_pdf\" target=\"_blank\" rel=\"noopener noreferrer\">siguiendo las instrucciones que hemos preparado<\/a>. Utilizamos Firefox. Una vez terminada la formaci\u00f3n puedes usar el navegador que prefieras, Mendeley funciona con todos.<\/li>\n<\/ul>\n","protected":false},"excerpt":{"rendered":"<p>&nbsp; Consulta la GUIA TEM\u00c1TICA SOBRE MENDELEY REFERENCE MANAGER &nbsp; Utilizar Mendeley es muy recomendable pero no es sin\u00f3nimo de \u00e9xito seguro. Ten en cuenta que Mendeley es s\u00f3lo una herramienta cuyo buen uso depende de ti. Si no revisas &hellip; <a href=\"https:\/\/bibliotecas.unileon.es\/ciencias-economicas-empresariales\/mendeley-reference-manager\/\">Sigue leyendo <span class=\"meta-nav\">&rarr;<\/span><\/a><\/p>\n","protected":false},"author":22,"featured_media":0,"parent":0,"menu_order":0,"comment_status":"closed","ping_status":"closed","template":"","meta":{"_bbp_topic_count":0,"_bbp_reply_count":0,"_bbp_total_topic_count":0,"_bbp_total_reply_count":0,"_bbp_voice_count":0,"_bbp_anonymous_reply_count":0,"_bbp_topic_count_hidden":0,"_bbp_reply_count_hidden":0,"_bbp_forum_subforum_count":0,"footnotes":""},"class_list":["post-2212","page","type-page","status-publish","hentry"],"_links":{"self":[{"href":"https:\/\/bibliotecas.unileon.es\/ciencias-economicas-empresariales\/wp-json\/wp\/v2\/pages\/2212","targetHints":{"allow":["GET"]}}],"collection":[{"href":"https:\/\/bibliotecas.unileon.es\/ciencias-economicas-empresariales\/wp-json\/wp\/v2\/pages"}],"about":[{"href":"https:\/\/bibliotecas.unileon.es\/ciencias-economicas-empresariales\/wp-json\/wp\/v2\/types\/page"}],"author":[{"embeddable":true,"href":"https:\/\/bibliotecas.unileon.es\/ciencias-economicas-empresariales\/wp-json\/wp\/v2\/users\/22"}],"replies":[{"embeddable":true,"href":"https:\/\/bibliotecas.unileon.es\/ciencias-economicas-empresariales\/wp-json\/wp\/v2\/comments?post=2212"}],"version-history":[{"count":1,"href":"https:\/\/bibliotecas.unileon.es\/ciencias-economicas-empresariales\/wp-json\/wp\/v2\/pages\/2212\/revisions"}],"predecessor-version":[{"id":2214,"href":"https:\/\/bibliotecas.unileon.es\/ciencias-economicas-empresariales\/wp-json\/wp\/v2\/pages\/2212\/revisions\/2214"}],"wp:attachment":[{"href":"https:\/\/bibliotecas.unileon.es\/ciencias-economicas-empresariales\/wp-json\/wp\/v2\/media?parent=2212"}],"curies":[{"name":"wp","href":"https:\/\/api.w.org\/{rel}","templated":true}]}}