{"id":2222,"date":"2022-12-05T10:57:58","date_gmt":"2022-12-05T09:57:58","guid":{"rendered":"https:\/\/bibliotecas.unileon.es\/ciencias-economicas-empresariales\/?page_id=2222"},"modified":"2022-12-05T12:30:08","modified_gmt":"2022-12-05T11:30:08","slug":"buscar-citas-en-citationchaser","status":"publish","type":"page","link":"https:\/\/bibliotecas.unileon.es\/ciencias-economicas-empresariales\/buscar-citas-en-citationchaser\/","title":{"rendered":"Buscar citas con CitationChaser"},"content":{"rendered":"<table style=\"border-collapse: collapse; width: 94.5313%;\">\n<tbody>\n<tr>\n<td style=\"width: 23.7369%;\"><a href=\"https:\/\/alterbiblio.com\/la-busqueda-de-citas-o-citation-chasing\/\" target=\"_blank\" rel=\"noopener\"><img loading=\"lazy\" decoding=\"async\" class=\"alignleft\" src=\"https:\/\/bibliotecas.unileon.es\/ciencias-economicas-empresariales\/files\/2022\/12\/citationchaser-logo.png\" alt=\"\" width=\"122\" height=\"141\" \/><\/a><\/td>\n<td style=\"width: 74.5806%; text-align: justify;\">&nbsp;<\/p>\n<p><a href=\"https:\/\/estech.shinyapps.io\/citationchaser\/\" target=\"_blank\" rel=\"noopener\"><strong><span style=\"color: #ff6600;\">CitationChaser<\/span><\/strong><\/a> es una herramienta que permite conocer la red de citas de un trabajo.<\/p>\n<ul>\n<li>Por un lado, proporciona el listado de todas las obras citadas por un art\u00edculo (References &#8211; Backward citation)<\/li>\n<li>Y por otro recopila la relaci\u00f3n de todas las obras que han citado ese mismo art\u00edculo (Citations -Forward citations)<\/li>\n<\/ul>\n<p>Esta aplicaci\u00f3n funciona sobre datos de <a href=\"https:\/\/www.lens.org\/\" target=\"_blank\" rel=\"noreferrer noopener\">Lens.org<\/a> y recopila citas de <a href=\"https:\/\/pubmed.ncbi.nlm.nih.gov\/\" target=\"_blank\" rel=\"noreferrer noopener\">PubMed<\/a>, <a href=\"https:\/\/www.ncbi.nlm.nih.gov\/pmc\/\" target=\"_blank\" rel=\"noreferrer noopener\">PMC<\/a>, <a href=\"https:\/\/www.crossref.org\/\" target=\"_blank\" rel=\"noreferrer noopener\">CrossRef<\/a>, <a href=\"https:\/\/www.microsoft.com\/en-us\/research\/project\/microsoft-academic-graph\/\" target=\"_blank\" rel=\"noreferrer noopener\">Microsoft Academic Graph<\/a> y <a href=\"https:\/\/core.ac.uk\/\" target=\"_blank\" rel=\"noreferrer noopener\">CORE<\/a>.<\/p>\n<p>&nbsp;<\/td>\n<\/tr>\n<\/tbody>\n<\/table>\n<p>&nbsp;<\/p>\n<p style=\"text-align: justify;\">Para buscar las citas recibidas por su art\u00edculo con CitationChaser siga los siguientes pasos:<\/p>\n<p style=\"text-align: justify;\">&#8211; En el apartado <span style=\"color: #ff6600;\"><strong><em>Article input<\/em><\/strong><\/span> hay que introducir los datos del art\u00edculo. Es posible a\u00f1adir distintos identificadores, el m\u00e1s habitual DOI. Si el art\u00edculo no tiene identificadores normalizados, puede subir los datos del art\u00edculo en formato RIS (utilice por ejemplo Mendeley para exportar una referencia en RIS), o CSV. Para finalizar piche en <span style=\"color: #ff6600;\"><em><strong>Load my input articles<\/strong><\/em><\/span><\/p>\n<p>&nbsp;<\/p>\n<p><img loading=\"lazy\" decoding=\"async\" class=\"\" src=\"https:\/\/bibliotecas.unileon.es\/ciencias-economicas-empresariales\/files\/2022\/12\/article-input.jpg\" alt=\"\" width=\"628\" height=\"294\" \/><\/p>\n<p style=\"text-align: justify;\">&#8211; Una vez localizado el art\u00edculo vaya al apartado <span style=\"color: #ff6600;\"><strong><em>References<\/em><\/strong><\/span> para localizar la lista de obras que usted cit\u00f3 en su trabajo.<\/p>\n<p style=\"text-align: justify;\">&#8211; En el apartado <em><strong><span style=\"color: #ff6600;\">Citations<\/span><\/strong><\/em> ver\u00e1 la lista de todos los trabajos que citan al suyo pinchando en <span style=\"color: #ff6600;\"><em><strong>Search for all citing articles in Lens.org <\/strong><\/em><\/span><\/p>\n<p style=\"text-align: justify;\">En ambos apartados puede descargar el conjunto en formato RIS para , por ejemplo, llevar las referencias a Mendeley.<\/p>\n<p><img loading=\"lazy\" decoding=\"async\" class=\"\" src=\"https:\/\/bibliotecas.unileon.es\/ciencias-economicas-empresariales\/files\/2022\/12\/Citations.jpg\" alt=\"\" width=\"598\" height=\"414\" \/><\/p>\n<p>&#8211; <strong><span style=\"color: #ff6600;\">Network: Visualizaci\u00f3n de resultados<\/span><\/strong><\/p>\n<p>Se muestran los distintos nodos (art\u00edculo fuente, art\u00edculos citados y art\u00edculos citantes) y la relaci\u00f3n entre ellos. La identificaci\u00f3n de cada nodo se hace a trav\u00e9s del LensID, que es la fuente de los datos<\/p>\n","protected":false},"excerpt":{"rendered":"<p>&nbsp; CitationChaser es una herramienta que permite conocer la red de citas de un trabajo. Por un lado, proporciona el listado de todas las obras citadas por un art\u00edculo (References &#8211; Backward citation) Y por otro recopila la relaci\u00f3n de &hellip; <a href=\"https:\/\/bibliotecas.unileon.es\/ciencias-economicas-empresariales\/buscar-citas-en-citationchaser\/\">Sigue leyendo <span class=\"meta-nav\">&rarr;<\/span><\/a><\/p>\n","protected":false},"author":22,"featured_media":0,"parent":0,"menu_order":0,"comment_status":"closed","ping_status":"closed","template":"","meta":{"_bbp_topic_count":0,"_bbp_reply_count":0,"_bbp_total_topic_count":0,"_bbp_total_reply_count":0,"_bbp_voice_count":0,"_bbp_anonymous_reply_count":0,"_bbp_topic_count_hidden":0,"_bbp_reply_count_hidden":0,"_bbp_forum_subforum_count":0,"footnotes":""},"class_list":["post-2222","page","type-page","status-publish","hentry"],"_links":{"self":[{"href":"https:\/\/bibliotecas.unileon.es\/ciencias-economicas-empresariales\/wp-json\/wp\/v2\/pages\/2222","targetHints":{"allow":["GET"]}}],"collection":[{"href":"https:\/\/bibliotecas.unileon.es\/ciencias-economicas-empresariales\/wp-json\/wp\/v2\/pages"}],"about":[{"href":"https:\/\/bibliotecas.unileon.es\/ciencias-economicas-empresariales\/wp-json\/wp\/v2\/types\/page"}],"author":[{"embeddable":true,"href":"https:\/\/bibliotecas.unileon.es\/ciencias-economicas-empresariales\/wp-json\/wp\/v2\/users\/22"}],"replies":[{"embeddable":true,"href":"https:\/\/bibliotecas.unileon.es\/ciencias-economicas-empresariales\/wp-json\/wp\/v2\/comments?post=2222"}],"version-history":[{"count":1,"href":"https:\/\/bibliotecas.unileon.es\/ciencias-economicas-empresariales\/wp-json\/wp\/v2\/pages\/2222\/revisions"}],"predecessor-version":[{"id":2224,"href":"https:\/\/bibliotecas.unileon.es\/ciencias-economicas-empresariales\/wp-json\/wp\/v2\/pages\/2222\/revisions\/2224"}],"wp:attachment":[{"href":"https:\/\/bibliotecas.unileon.es\/ciencias-economicas-empresariales\/wp-json\/wp\/v2\/media?parent=2222"}],"curies":[{"name":"wp","href":"https:\/\/api.w.org\/{rel}","templated":true}]}}